{"id":30665,"date":"2025-01-23T13:12:07","date_gmt":"2025-01-23T12:12:07","guid":{"rendered":"https:\/\/libwomenstore.com\/?post_type=product&#038;p=30665"},"modified":"2025-04-28T01:03:07","modified_gmt":"2025-04-27T23:03:07","slug":"love-to-love-kisscool-clitoral-vibrator","status":"publish","type":"product","link":"https:\/\/libwomenstore.com\/en\/product\/gift-card-lib-personalized-experience-coupon\/love-to-love-kisscool-clitoral-vibrator\/","title":{"rendered":"LOVE TO LOVE Kisscool"},"content":{"rendered":"<p style=\"text-align: center;\">Kisscool, for a good mood, play with it alone or with your partner, as the finger vibrator design is perfect for shared pleasure! Ergonomic design and powerful motor, as well as the revolutionary tapping movement, were all developed for you! <\/p>\n<p style=\"text-align: center;\">The Kisscool is an external vibrator, specifically designed to pamper erogenous zones, whether it&#8217;s the clitoris, nipples, or testicles, it will find its way onto any part of your body!<\/p>\n<p style=\"text-align: center;\"><strong>Tip<\/strong><\/p>\n<p style=\"text-align: center;\">Don&#8217;t hesitate, take Kisscool with you on vacation, it can easily be slipped into your toiletry bag!<\/p>\n<p style=\"text-align: center;\"><strong>Features<\/strong><\/p>\n<p style=\"text-align: center;\">10 tapping mode<\/p>\n<p style=\"text-align: center;\">Material: body-safe silicone and ABS<\/p>\n<p style=\"text-align: center;\">It cannot be inserted, it can only be used externally!<\/p>\n<p style=\"text-align: center;\">USB charger<\/p>\n<p style=\"text-align: center;\">Charging time: 1h<\/p>\n<p style=\"text-align: center;\">Play time: 1h30<\/p>\n<p style=\"text-align: center;\"><strong>Usage &amp; Cleaning<\/strong><\/p>\n<p style=\"text-align: center;\">The product can be disinfected with lukewarm soapy water or cleaning agents developed for this purpose. Clean only with lint-free material. <\/p>\n<p style=\"text-align: center;\">Use only with water-based lubricants! It is not recommended for use by pregnant women.<\/p>\n<p style=\"text-align: center;\">\n","protected":false},"excerpt":{"rendered":"<p>Adorable toy! Slide the Kisscool onto your index finger and point it wherever you want! Don&#8217;t be fooled by its cute design, it&#8217;s packed with power! Thanks to its tapping technology, it guarantees intense pleasure!   <\/p>\n","protected":false},"featured_media":30658,"comment_status":"closed","ping_status":"closed","template":"","meta":{"_et_pb_use_builder":"","_et_pb_old_content":"","_et_gb_content_width":""},"product_brand":[],"product_cat":[15],"product_tag":[],"class_list":{"0":"post-30665","1":"product","2":"type-product","3":"status-publish","4":"has-post-thumbnail","6":"product_cat-ajandek-kartya-lib-womens-store","8":"first","9":"outofstock","10":"sale","11":"taxable","12":"shipping-taxable","13":"purchasable","14":"product-type-simple"},"yoast_head":"<!-- This site is optimized with the Yoast SEO Premium plugin v27.4 (Yoast SEO v27.4) - https:\/\/yoast.com\/product\/yoast-seo-premium-wordpress\/ -->\n<title>LOVE TO LOVE Kisscool - Lib Women&#039;s Store<\/title>\n<meta name=\"description\" content=\"Try this unique clitoral stimulating vibrator, which will enchant you with a whole new experience thanks to its tapping technology!\" \/>\n<meta name=\"robots\" content=\"index, follow, max-snippet:-1, max-image-preview:large, max-video-preview:-1\" \/>\n<link rel=\"canonical\" href=\"https:\/\/libwomenstore.com\/en\/product\/gift-card-lib-personalized-experience-coupon\/love-to-love-kisscool-clitoral-vibrator\/\" \/>\n<meta property=\"og:locale\" content=\"en_US\" \/>\n<meta property=\"og:type\" content=\"article\" \/>\n<meta property=\"og:title\" content=\"LOVE TO LOVE Kisscool\" \/>\n<meta property=\"og:description\" content=\"Try this unique clitoral stimulating vibrator, which will enchant you with a whole new experience thanks to its tapping technology!\" \/>\n<meta property=\"og:url\" content=\"https:\/\/libwomenstore.com\/en\/product\/gift-card-lib-personalized-experience-coupon\/love-to-love-kisscool-clitoral-vibrator\/\" \/>\n<meta property=\"og:site_name\" content=\"Lib Women&#039;s Store\" \/>\n<meta property=\"article:publisher\" content=\"https:\/\/www.facebook.com\/libwomenstore\" \/>\n<meta property=\"article:modified_time\" content=\"2025-04-27T23:03:07+00:00\" \/>\n<meta property=\"og:image\" content=\"https:\/\/libwomenstore.com\/wp-content\/uploads\/2025\/01\/12384-scaled.webp\" \/>\n\t<meta property=\"og:image:width\" content=\"2560\" \/>\n\t<meta property=\"og:image:height\" content=\"2560\" \/>\n\t<meta property=\"og:image:type\" content=\"image\/webp\" \/>\n<meta name=\"twitter:card\" content=\"summary_large_image\" \/>\n<meta name=\"twitter:label1\" content=\"Price\" \/>\n\t<meta name=\"twitter:data1\" content=\"18.750&#070;&#116;\" \/>\n\t<meta name=\"twitter:label2\" content=\"Availability\" \/>\n\t<meta name=\"twitter:data2\" content=\"Out of stock\" \/>\n<script type=\"application\/ld+json\" class=\"yoast-schema-graph\">{\"@context\":\"https:\\\/\\\/schema.org\",\"@graph\":[{\"@type\":[\"WebPage\",\"ItemPage\"],\"@id\":\"https:\\\/\\\/libwomenstore.com\\\/en\\\/product\\\/gift-card-lib-personalized-experience-coupon\\\/love-to-love-kisscool-clitoral-vibrator\\\/\",\"url\":\"https:\\\/\\\/libwomenstore.com\\\/en\\\/product\\\/gift-card-lib-personalized-experience-coupon\\\/love-to-love-kisscool-clitoral-vibrator\\\/\",\"name\":\"LOVE TO LOVE Kisscool - Lib Women&#039;s Store\",\"isPartOf\":{\"@id\":\"https:\\\/\\\/libwomenstore.com\\\/en\\\/#website\"},\"primaryImageOfPage\":{\"@id\":\"https:\\\/\\\/libwomenstore.com\\\/en\\\/product\\\/gift-card-lib-personalized-experience-coupon\\\/love-to-love-kisscool-clitoral-vibrator\\\/#primaryimage\"},\"image\":{\"@id\":\"https:\\\/\\\/libwomenstore.com\\\/en\\\/product\\\/gift-card-lib-personalized-experience-coupon\\\/love-to-love-kisscool-clitoral-vibrator\\\/#primaryimage\"},\"thumbnailUrl\":\"https:\\\/\\\/libwomenstore.com\\\/wp-content\\\/uploads\\\/2025\\\/01\\\/12384-scaled.webp\",\"datePublished\":\"2025-01-23T12:12:07+00:00\",\"dateModified\":\"2025-04-27T23:03:07+00:00\",\"description\":\"Try this unique clitoral stimulating vibrator, which will enchant you with a whole new experience thanks to its tapping technology!\",\"breadcrumb\":{\"@id\":\"https:\\\/\\\/libwomenstore.com\\\/en\\\/product\\\/gift-card-lib-personalized-experience-coupon\\\/love-to-love-kisscool-clitoral-vibrator\\\/#breadcrumb\"},\"inLanguage\":\"en-US\",\"potentialAction\":[{\"@type\":\"ReadAction\",\"target\":[\"https:\\\/\\\/libwomenstore.com\\\/en\\\/product\\\/gift-card-lib-personalized-experience-coupon\\\/love-to-love-kisscool-clitoral-vibrator\\\/\"]}]},{\"@type\":\"ImageObject\",\"inLanguage\":\"en-US\",\"@id\":\"https:\\\/\\\/libwomenstore.com\\\/en\\\/product\\\/gift-card-lib-personalized-experience-coupon\\\/love-to-love-kisscool-clitoral-vibrator\\\/#primaryimage\",\"url\":\"https:\\\/\\\/libwomenstore.com\\\/wp-content\\\/uploads\\\/2025\\\/01\\\/12384-scaled.webp\",\"contentUrl\":\"https:\\\/\\\/libwomenstore.com\\\/wp-content\\\/uploads\\\/2025\\\/01\\\/12384-scaled.webp\",\"width\":2560,\"height\":2560},{\"@type\":\"BreadcrumbList\",\"@id\":\"https:\\\/\\\/libwomenstore.com\\\/en\\\/product\\\/gift-card-lib-personalized-experience-coupon\\\/love-to-love-kisscool-clitoral-vibrator\\\/#breadcrumb\",\"itemListElement\":[{\"@type\":\"ListItem\",\"position\":1,\"name\":\"Kezd\u0151lap\",\"item\":\"https:\\\/\\\/libwomenstore.com\\\/en\\\/\"},{\"@type\":\"ListItem\",\"position\":2,\"name\":\"Shop Home Page &#8211; Product categories\",\"item\":\"https:\\\/\\\/libwomenstore.com\\\/shop-kezdolap-termek-kategoriak\\\/?lang=en\"},{\"@type\":\"ListItem\",\"position\":3,\"name\":\"LOVE TO LOVE Kisscool\"}]},{\"@type\":\"WebSite\",\"@id\":\"https:\\\/\\\/libwomenstore.com\\\/en\\\/#website\",\"url\":\"https:\\\/\\\/libwomenstore.com\\\/en\\\/\",\"name\":\"Lib Women Store\",\"description\":\"Magyarorsz\u00e1g els\u0151 n\u0151kre f\u00f3kusz\u00e1l\u00f3 szexshopja, ahol az eg\u00e9szs\u00e9g ugyanolyan fontos, mint az \u00e9lvezetek.\",\"publisher\":{\"@id\":\"https:\\\/\\\/libwomenstore.com\\\/en\\\/#organization\"},\"alternateName\":\"Lib\",\"potentialAction\":[{\"@type\":\"SearchAction\",\"target\":{\"@type\":\"EntryPoint\",\"urlTemplate\":\"https:\\\/\\\/libwomenstore.com\\\/en\\\/?s={search_term_string}\"},\"query-input\":{\"@type\":\"PropertyValueSpecification\",\"valueRequired\":true,\"valueName\":\"search_term_string\"}}],\"inLanguage\":\"en-US\"},{\"@type\":\"Organization\",\"@id\":\"https:\\\/\\\/libwomenstore.com\\\/en\\\/#organization\",\"name\":\"Lib Women Store\",\"url\":\"https:\\\/\\\/libwomenstore.com\\\/en\\\/\",\"logo\":{\"@type\":\"ImageObject\",\"inLanguage\":\"en-US\",\"@id\":\"https:\\\/\\\/libwomenstore.com\\\/en\\\/#\\\/schema\\\/logo\\\/image\\\/\",\"url\":\"https:\\\/\\\/libwomenstore.com\\\/wp-content\\\/uploads\\\/2024\\\/05\\\/cropped-LIB-logo-A.png\",\"contentUrl\":\"https:\\\/\\\/libwomenstore.com\\\/wp-content\\\/uploads\\\/2024\\\/05\\\/cropped-LIB-logo-A.png\",\"width\":512,\"height\":512,\"caption\":\"Lib Women Store\"},\"image\":{\"@id\":\"https:\\\/\\\/libwomenstore.com\\\/en\\\/#\\\/schema\\\/logo\\\/image\\\/\"},\"sameAs\":[\"https:\\\/\\\/www.facebook.com\\\/libwomenstore\"]}]}<\/script>\n<meta property=\"product:price:amount\" content=\"18750\" \/>\n<meta property=\"product:price:currency\" content=\"HUF\" \/>\n<meta property=\"og:availability\" content=\"out of stock\" \/>\n<meta property=\"product:availability\" content=\"out of stock\" \/>\n<meta property=\"product:condition\" content=\"new\" \/>\n<!-- \/ Yoast SEO Premium plugin. -->","yoast_head_json":{"title":"LOVE TO LOVE Kisscool - Lib Women&#039;s Store","description":"Try this unique clitoral stimulating vibrator, which will enchant you with a whole new experience thanks to its tapping technology!","robots":{"index":"index","follow":"follow","max-snippet":"max-snippet:-1","max-image-preview":"max-image-preview:large","max-video-preview":"max-video-preview:-1"},"canonical":"https:\/\/libwomenstore.com\/en\/product\/gift-card-lib-personalized-experience-coupon\/love-to-love-kisscool-clitoral-vibrator\/","og_locale":"en_US","og_type":"article","og_title":"LOVE TO LOVE Kisscool","og_description":"Try this unique clitoral stimulating vibrator, which will enchant you with a whole new experience thanks to its tapping technology!","og_url":"https:\/\/libwomenstore.com\/en\/product\/gift-card-lib-personalized-experience-coupon\/love-to-love-kisscool-clitoral-vibrator\/","og_site_name":"Lib Women&#039;s Store","article_publisher":"https:\/\/www.facebook.com\/libwomenstore","article_modified_time":"2025-04-27T23:03:07+00:00","og_image":[{"width":2560,"height":2560,"url":"https:\/\/libwomenstore.com\/wp-content\/uploads\/2025\/01\/12384-scaled.webp","type":"image\/webp"}],"twitter_card":"summary_large_image","twitter_misc":{"Price":"18.750&#70;&#116;","Availability":"Out of stock"},"schema":{"@context":"https:\/\/schema.org","@graph":[{"@type":["WebPage","ItemPage"],"@id":"https:\/\/libwomenstore.com\/en\/product\/gift-card-lib-personalized-experience-coupon\/love-to-love-kisscool-clitoral-vibrator\/","url":"https:\/\/libwomenstore.com\/en\/product\/gift-card-lib-personalized-experience-coupon\/love-to-love-kisscool-clitoral-vibrator\/","name":"LOVE TO LOVE Kisscool - Lib Women&#039;s Store","isPartOf":{"@id":"https:\/\/libwomenstore.com\/en\/#website"},"primaryImageOfPage":{"@id":"https:\/\/libwomenstore.com\/en\/product\/gift-card-lib-personalized-experience-coupon\/love-to-love-kisscool-clitoral-vibrator\/#primaryimage"},"image":{"@id":"https:\/\/libwomenstore.com\/en\/product\/gift-card-lib-personalized-experience-coupon\/love-to-love-kisscool-clitoral-vibrator\/#primaryimage"},"thumbnailUrl":"https:\/\/libwomenstore.com\/wp-content\/uploads\/2025\/01\/12384-scaled.webp","datePublished":"2025-01-23T12:12:07+00:00","dateModified":"2025-04-27T23:03:07+00:00","description":"Try this unique clitoral stimulating vibrator, which will enchant you with a whole new experience thanks to its tapping technology!","breadcrumb":{"@id":"https:\/\/libwomenstore.com\/en\/product\/gift-card-lib-personalized-experience-coupon\/love-to-love-kisscool-clitoral-vibrator\/#breadcrumb"},"inLanguage":"en-US","potentialAction":[{"@type":"ReadAction","target":["https:\/\/libwomenstore.com\/en\/product\/gift-card-lib-personalized-experience-coupon\/love-to-love-kisscool-clitoral-vibrator\/"]}]},{"@type":"ImageObject","inLanguage":"en-US","@id":"https:\/\/libwomenstore.com\/en\/product\/gift-card-lib-personalized-experience-coupon\/love-to-love-kisscool-clitoral-vibrator\/#primaryimage","url":"https:\/\/libwomenstore.com\/wp-content\/uploads\/2025\/01\/12384-scaled.webp","contentUrl":"https:\/\/libwomenstore.com\/wp-content\/uploads\/2025\/01\/12384-scaled.webp","width":2560,"height":2560},{"@type":"BreadcrumbList","@id":"https:\/\/libwomenstore.com\/en\/product\/gift-card-lib-personalized-experience-coupon\/love-to-love-kisscool-clitoral-vibrator\/#breadcrumb","itemListElement":[{"@type":"ListItem","position":1,"name":"Kezd\u0151lap","item":"https:\/\/libwomenstore.com\/en\/"},{"@type":"ListItem","position":2,"name":"Shop Home Page &#8211; Product categories","item":"https:\/\/libwomenstore.com\/shop-kezdolap-termek-kategoriak\/?lang=en"},{"@type":"ListItem","position":3,"name":"LOVE TO LOVE Kisscool"}]},{"@type":"WebSite","@id":"https:\/\/libwomenstore.com\/en\/#website","url":"https:\/\/libwomenstore.com\/en\/","name":"Lib Women Store","description":"Magyarorsz\u00e1g els\u0151 n\u0151kre f\u00f3kusz\u00e1l\u00f3 szexshopja, ahol az eg\u00e9szs\u00e9g ugyanolyan fontos, mint az \u00e9lvezetek.","publisher":{"@id":"https:\/\/libwomenstore.com\/en\/#organization"},"alternateName":"Lib","potentialAction":[{"@type":"SearchAction","target":{"@type":"EntryPoint","urlTemplate":"https:\/\/libwomenstore.com\/en\/?s={search_term_string}"},"query-input":{"@type":"PropertyValueSpecification","valueRequired":true,"valueName":"search_term_string"}}],"inLanguage":"en-US"},{"@type":"Organization","@id":"https:\/\/libwomenstore.com\/en\/#organization","name":"Lib Women Store","url":"https:\/\/libwomenstore.com\/en\/","logo":{"@type":"ImageObject","inLanguage":"en-US","@id":"https:\/\/libwomenstore.com\/en\/#\/schema\/logo\/image\/","url":"https:\/\/libwomenstore.com\/wp-content\/uploads\/2024\/05\/cropped-LIB-logo-A.png","contentUrl":"https:\/\/libwomenstore.com\/wp-content\/uploads\/2024\/05\/cropped-LIB-logo-A.png","width":512,"height":512,"caption":"Lib Women Store"},"image":{"@id":"https:\/\/libwomenstore.com\/en\/#\/schema\/logo\/image\/"},"sameAs":["https:\/\/www.facebook.com\/libwomenstore"]}]},"product_price_amount":"18750","product_price_currency":"HUF","og_availability":"out of stock","product_availability":"out of stock","product_condition":"new"},"_links":{"self":[{"href":"https:\/\/libwomenstore.com\/en\/wp-json\/wp\/v2\/product\/30665","targetHints":{"allow":["GET"]}}],"collection":[{"href":"https:\/\/libwomenstore.com\/en\/wp-json\/wp\/v2\/product"}],"about":[{"href":"https:\/\/libwomenstore.com\/en\/wp-json\/wp\/v2\/types\/product"}],"replies":[{"embeddable":true,"href":"https:\/\/libwomenstore.com\/en\/wp-json\/wp\/v2\/comments?post=30665"}],"wp:featuredmedia":[{"embeddable":true,"href":"https:\/\/libwomenstore.com\/en\/wp-json\/wp\/v2\/media\/30658"}],"wp:attachment":[{"href":"https:\/\/libwomenstore.com\/en\/wp-json\/wp\/v2\/media?parent=30665"}],"wp:term":[{"taxonomy":"product_brand","embeddable":true,"href":"https:\/\/libwomenstore.com\/en\/wp-json\/wp\/v2\/product_brand?post=30665"},{"taxonomy":"product_cat","embeddable":true,"href":"https:\/\/libwomenstore.com\/en\/wp-json\/wp\/v2\/product_cat?post=30665"},{"taxonomy":"product_tag","embeddable":true,"href":"https:\/\/libwomenstore.com\/en\/wp-json\/wp\/v2\/product_tag?post=30665"}],"curies":[{"name":"wp","href":"https:\/\/api.w.org\/{rel}","templated":true}]}}