{"id":30982,"date":"2025-02-18T17:34:57","date_gmt":"2025-02-18T16:34:57","guid":{"rendered":"https:\/\/libwomenstore.com\/?post_type=product&#038;p=30982"},"modified":"2025-02-18T18:53:06","modified_gmt":"2025-02-18T17:53:06","slug":"bliss-double-ended-dildos-masolat","status":"publish","type":"product","link":"https:\/\/libwomenstore.com\/en\/product\/dildos\/bliss-double-ended-dildos-masolat\/","title":{"rendered":"BLISS G-spot Dildo"},"content":{"rendered":"<p style=\"text-align: center;\">Glass toys have a long tradition and are still popular on the market today. Glass is a natural, non-porous material that has many advantages. You can use glass toys with any of your favorite lubricants, be it silicone-based, oil-based or water-based. You can heat and cool the glass to add a little extra excitement to the game. Glass toys are very durable, they do not break during play. Glass dildos offer a completely different experience than vibrators. A real introversion, where you get in tune with the vibrations of your body, which guide you in the right direction during an intense, immersive experience.<\/p>\n<p style=\"text-align: center;\">The design of these games allows you to use both sides of the game, depending on what you feel like doing!<\/p>\n<p>&nbsp;<\/p>\n<p style=\"text-align: center;\"><strong>*Intimacy, Reimagined.*<\/strong><\/p>\n<p style=\"text-align: center;\">Bliss is a brand that redefines intimacy. Its unique, hand-crafted glass sex toys are not only aesthetically pleasing, but also bring a new dimension to exploration and pleasure. Their products are about quality, creative design and functionality. Objects that are as beautiful as they are useful.<br \/>\nIts members believe that intimacy is not a taboo, but a natural and important part of life. Their mission is to bring this topic closer to everyone, talking about it openly and honestly.<\/p>\n<p>&nbsp;<\/p>\n<p style=\"text-align: center;\"><strong>Tip<\/strong><\/p>\n<p style=\"text-align: center;\">Try putting them under the tap and warming in lukewarm water to body temperature to make the playtime even more exciting!<\/p>\n<p style=\"text-align: center;\">All toys are waterproof, made of body-safe Kugler glass. Each piece is completely unique and handmade.<\/p>\n<p style=\"text-align: center;\"><strong>Usage &amp; Cleaning<\/strong><\/p>\n<p style=\"text-align: center;\">Glass is a natural material, so you can use it with any of your favorite lubricants, whether silicone-based, oil-based, or water-based!<\/p>\n<p style=\"text-align: center;\">These carefully crafted pieces have all stood the test of time, so they can&#8217;t harm you, but be careful not to store two toys in one holder, so they don&#8217;t bump into each other, and protect them from falling. If you pay attention to these and keep them in their respective storage when not in use, you&#8217;ve chosen a toy that will last a lifetime!<\/p>\n<p style=\"text-align: center;\">Glass is a non-porous, hypoallergenic material that is very easy to keep clean. Just wash it with warm soapy water before and after each play session and let it air dry, or wipe it with a lint-free cloth.<\/p>\n<p style=\"text-align: center;\">Be careful not to expose it to large temperature changes (DO NOT put it from the fridge to the microwave or into hot water!)<\/p>\n<p style=\"text-align: center;\">Not for anal use!<\/p>\n<p>&nbsp;<\/p>\n<p style=\"text-align: center;\">\n","protected":false},"excerpt":{"rendered":"<p>*Fire, glass, precision.*<\/p>\n<p>Bliss\u2019 creators shape each piece by hand, with the perfect balance of heat and expertise, and the delicate curves and unique colors are brought to life with Kugler glass powders.<br \/>\n<!-- -->Glass is not only aesthetic, but also sustainable and easy to clean. And its ability to retain heat allows for an exciting hot-cold game, creating a completely new experience.<\/p>\n<p>Size:<br \/>\n*As each piece is individually made by hand, their dimensions vary slightly.<br \/>\nBlue: 21cm x 4cm<br \/>\nRed tipped: 19cm x 3,5cm<\/p>\n","protected":false},"featured_media":30932,"comment_status":"closed","ping_status":"closed","template":"","meta":{"_et_pb_use_builder":"on","_et_pb_old_content":"","_et_gb_content_width":""},"product_brand":[],"product_cat":[340],"product_tag":[549,556],"class_list":{"0":"post-30982","1":"product","2":"type-product","3":"status-publish","4":"has-post-thumbnail","6":"product_cat-dildos","7":"product_tag-bliss-en","8":"product_tag-glass-en","10":"first","11":"instock","12":"taxable","13":"shipping-taxable","14":"purchasable","15":"product-type-variable"},"yoast_head":"<!-- This site is optimized with the Yoast SEO Premium plugin v27.4 (Yoast SEO v27.4) - https:\/\/yoast.com\/product\/yoast-seo-premium-wordpress\/ -->\n<title>BLISS G-spot Dildo - Lib Women&#039;s Store<\/title>\n<meta name=\"description\" content=\"Bliss is a Hungarian luxury brand that makes handmade glass dildos. Choose Bliss products if you want high-quality, natural pieces!\" \/>\n<meta name=\"robots\" content=\"index, follow, max-snippet:-1, max-image-preview:large, max-video-preview:-1\" \/>\n<link rel=\"canonical\" href=\"https:\/\/libwomenstore.com\/en\/product\/dildos\/bliss-double-ended-dildos-masolat\/\" \/>\n<meta property=\"og:locale\" content=\"en_US\" \/>\n<meta property=\"og:type\" content=\"article\" \/>\n<meta property=\"og:title\" content=\"BLISS G-spot Dildo\" \/>\n<meta property=\"og:description\" content=\"Bliss is a Hungarian luxury brand that makes handmade glass dildos. Choose Bliss products if you want high-quality, natural pieces!\" \/>\n<meta property=\"og:url\" content=\"https:\/\/libwomenstore.com\/en\/product\/dildos\/bliss-double-ended-dildos-masolat\/\" \/>\n<meta property=\"og:site_name\" content=\"Lib Women&#039;s Store\" \/>\n<meta property=\"article:publisher\" content=\"https:\/\/www.facebook.com\/libwomenstore\" \/>\n<meta property=\"article:modified_time\" content=\"2025-02-18T17:53:06+00:00\" \/>\n<meta property=\"og:image\" content=\"https:\/\/libwomenstore.com\/wp-content\/uploads\/2025\/02\/bliss_dildok-2-1-scaled.jpg\" \/>\n\t<meta property=\"og:image:width\" content=\"2560\" \/>\n\t<meta property=\"og:image:height\" content=\"2560\" \/>\n\t<meta property=\"og:image:type\" content=\"image\/jpeg\" \/>\n<meta name=\"twitter:card\" content=\"summary_large_image\" \/>\n<meta name=\"twitter:label1\" content=\"Availability\" \/>\n\t<meta name=\"twitter:data1\" content=\"In stock\" \/>\n<script type=\"application\/ld+json\" class=\"yoast-schema-graph\">{\"@context\":\"https:\\\/\\\/schema.org\",\"@graph\":[{\"@type\":[\"WebPage\",\"ItemPage\"],\"@id\":\"https:\\\/\\\/libwomenstore.com\\\/en\\\/product\\\/dildos\\\/bliss-double-ended-dildos-masolat\\\/\",\"url\":\"https:\\\/\\\/libwomenstore.com\\\/en\\\/product\\\/dildos\\\/bliss-double-ended-dildos-masolat\\\/\",\"name\":\"BLISS G-spot Dildo - Lib Women&#039;s Store\",\"isPartOf\":{\"@id\":\"https:\\\/\\\/libwomenstore.com\\\/en\\\/#website\"},\"primaryImageOfPage\":{\"@id\":\"https:\\\/\\\/libwomenstore.com\\\/en\\\/product\\\/dildos\\\/bliss-double-ended-dildos-masolat\\\/#primaryimage\"},\"image\":{\"@id\":\"https:\\\/\\\/libwomenstore.com\\\/en\\\/product\\\/dildos\\\/bliss-double-ended-dildos-masolat\\\/#primaryimage\"},\"thumbnailUrl\":\"https:\\\/\\\/libwomenstore.com\\\/wp-content\\\/uploads\\\/2025\\\/02\\\/bliss_dildok-1-1-scaled.jpg\",\"datePublished\":\"2025-02-18T16:34:57+00:00\",\"dateModified\":\"2025-02-18T17:53:06+00:00\",\"description\":\"Bliss is a Hungarian luxury brand that makes handmade glass dildos. Choose Bliss products if you want high-quality, natural pieces!\",\"breadcrumb\":{\"@id\":\"https:\\\/\\\/libwomenstore.com\\\/en\\\/product\\\/dildos\\\/bliss-double-ended-dildos-masolat\\\/#breadcrumb\"},\"inLanguage\":\"en-US\",\"potentialAction\":[{\"@type\":\"ReadAction\",\"target\":[\"https:\\\/\\\/libwomenstore.com\\\/en\\\/product\\\/dildos\\\/bliss-double-ended-dildos-masolat\\\/\"]}]},{\"@type\":\"ImageObject\",\"inLanguage\":\"en-US\",\"@id\":\"https:\\\/\\\/libwomenstore.com\\\/en\\\/product\\\/dildos\\\/bliss-double-ended-dildos-masolat\\\/#primaryimage\",\"url\":\"https:\\\/\\\/libwomenstore.com\\\/wp-content\\\/uploads\\\/2025\\\/02\\\/bliss_dildok-1-1-scaled.jpg\",\"contentUrl\":\"https:\\\/\\\/libwomenstore.com\\\/wp-content\\\/uploads\\\/2025\\\/02\\\/bliss_dildok-1-1-scaled.jpg\",\"width\":2560,\"height\":2560,\"caption\":\"Bliss dupla v\u00e9g\u0171 \u00fcveg dild\u00f3 k\u00e9k\"},{\"@type\":\"BreadcrumbList\",\"@id\":\"https:\\\/\\\/libwomenstore.com\\\/en\\\/product\\\/dildos\\\/bliss-double-ended-dildos-masolat\\\/#breadcrumb\",\"itemListElement\":[{\"@type\":\"ListItem\",\"position\":1,\"name\":\"Kezd\u0151lap\",\"item\":\"https:\\\/\\\/libwomenstore.com\\\/en\\\/\"},{\"@type\":\"ListItem\",\"position\":2,\"name\":\"Shop Home Page &#8211; Product categories\",\"item\":\"https:\\\/\\\/libwomenstore.com\\\/shop-kezdolap-termek-kategoriak\\\/?lang=en\"},{\"@type\":\"ListItem\",\"position\":3,\"name\":\"BLISS G-spot Dildo\"}]},{\"@type\":\"WebSite\",\"@id\":\"https:\\\/\\\/libwomenstore.com\\\/en\\\/#website\",\"url\":\"https:\\\/\\\/libwomenstore.com\\\/en\\\/\",\"name\":\"Lib Women Store\",\"description\":\"Magyarorsz\u00e1g els\u0151 n\u0151kre f\u00f3kusz\u00e1l\u00f3 szexshopja, ahol az eg\u00e9szs\u00e9g ugyanolyan fontos, mint az \u00e9lvezetek.\",\"publisher\":{\"@id\":\"https:\\\/\\\/libwomenstore.com\\\/en\\\/#organization\"},\"alternateName\":\"Lib\",\"potentialAction\":[{\"@type\":\"SearchAction\",\"target\":{\"@type\":\"EntryPoint\",\"urlTemplate\":\"https:\\\/\\\/libwomenstore.com\\\/en\\\/?s={search_term_string}\"},\"query-input\":{\"@type\":\"PropertyValueSpecification\",\"valueRequired\":true,\"valueName\":\"search_term_string\"}}],\"inLanguage\":\"en-US\"},{\"@type\":\"Organization\",\"@id\":\"https:\\\/\\\/libwomenstore.com\\\/en\\\/#organization\",\"name\":\"Lib Women Store\",\"url\":\"https:\\\/\\\/libwomenstore.com\\\/en\\\/\",\"logo\":{\"@type\":\"ImageObject\",\"inLanguage\":\"en-US\",\"@id\":\"https:\\\/\\\/libwomenstore.com\\\/en\\\/#\\\/schema\\\/logo\\\/image\\\/\",\"url\":\"https:\\\/\\\/libwomenstore.com\\\/wp-content\\\/uploads\\\/2024\\\/05\\\/cropped-LIB-logo-A.png\",\"contentUrl\":\"https:\\\/\\\/libwomenstore.com\\\/wp-content\\\/uploads\\\/2024\\\/05\\\/cropped-LIB-logo-A.png\",\"width\":512,\"height\":512,\"caption\":\"Lib Women Store\"},\"image\":{\"@id\":\"https:\\\/\\\/libwomenstore.com\\\/en\\\/#\\\/schema\\\/logo\\\/image\\\/\"},\"sameAs\":[\"https:\\\/\\\/www.facebook.com\\\/libwomenstore\"]}]}<\/script>\n<meta property=\"og:availability\" content=\"instock\" \/>\n<meta property=\"product:availability\" content=\"instock\" \/>\n<meta property=\"product:condition\" content=\"new\" \/>\n<!-- \/ Yoast SEO Premium plugin. -->","yoast_head_json":{"title":"BLISS G-spot Dildo - Lib Women&#039;s Store","description":"Bliss is a Hungarian luxury brand that makes handmade glass dildos. Choose Bliss products if you want high-quality, natural pieces!","robots":{"index":"index","follow":"follow","max-snippet":"max-snippet:-1","max-image-preview":"max-image-preview:large","max-video-preview":"max-video-preview:-1"},"canonical":"https:\/\/libwomenstore.com\/en\/product\/dildos\/bliss-double-ended-dildos-masolat\/","og_locale":"en_US","og_type":"article","og_title":"BLISS G-spot Dildo","og_description":"Bliss is a Hungarian luxury brand that makes handmade glass dildos. Choose Bliss products if you want high-quality, natural pieces!","og_url":"https:\/\/libwomenstore.com\/en\/product\/dildos\/bliss-double-ended-dildos-masolat\/","og_site_name":"Lib Women&#039;s Store","article_publisher":"https:\/\/www.facebook.com\/libwomenstore","article_modified_time":"2025-02-18T17:53:06+00:00","og_image":[{"width":2560,"height":2560,"url":"https:\/\/libwomenstore.com\/wp-content\/uploads\/2025\/02\/bliss_dildok-2-1-scaled.jpg","type":"image\/jpeg"}],"twitter_card":"summary_large_image","twitter_misc":{"Availability":"In stock"},"schema":{"@context":"https:\/\/schema.org","@graph":[{"@type":["WebPage","ItemPage"],"@id":"https:\/\/libwomenstore.com\/en\/product\/dildos\/bliss-double-ended-dildos-masolat\/","url":"https:\/\/libwomenstore.com\/en\/product\/dildos\/bliss-double-ended-dildos-masolat\/","name":"BLISS G-spot Dildo - Lib Women&#039;s Store","isPartOf":{"@id":"https:\/\/libwomenstore.com\/en\/#website"},"primaryImageOfPage":{"@id":"https:\/\/libwomenstore.com\/en\/product\/dildos\/bliss-double-ended-dildos-masolat\/#primaryimage"},"image":{"@id":"https:\/\/libwomenstore.com\/en\/product\/dildos\/bliss-double-ended-dildos-masolat\/#primaryimage"},"thumbnailUrl":"https:\/\/libwomenstore.com\/wp-content\/uploads\/2025\/02\/bliss_dildok-1-1-scaled.jpg","datePublished":"2025-02-18T16:34:57+00:00","dateModified":"2025-02-18T17:53:06+00:00","description":"Bliss is a Hungarian luxury brand that makes handmade glass dildos. Choose Bliss products if you want high-quality, natural pieces!","breadcrumb":{"@id":"https:\/\/libwomenstore.com\/en\/product\/dildos\/bliss-double-ended-dildos-masolat\/#breadcrumb"},"inLanguage":"en-US","potentialAction":[{"@type":"ReadAction","target":["https:\/\/libwomenstore.com\/en\/product\/dildos\/bliss-double-ended-dildos-masolat\/"]}]},{"@type":"ImageObject","inLanguage":"en-US","@id":"https:\/\/libwomenstore.com\/en\/product\/dildos\/bliss-double-ended-dildos-masolat\/#primaryimage","url":"https:\/\/libwomenstore.com\/wp-content\/uploads\/2025\/02\/bliss_dildok-1-1-scaled.jpg","contentUrl":"https:\/\/libwomenstore.com\/wp-content\/uploads\/2025\/02\/bliss_dildok-1-1-scaled.jpg","width":2560,"height":2560,"caption":"Bliss dupla v\u00e9g\u0171 \u00fcveg dild\u00f3 k\u00e9k"},{"@type":"BreadcrumbList","@id":"https:\/\/libwomenstore.com\/en\/product\/dildos\/bliss-double-ended-dildos-masolat\/#breadcrumb","itemListElement":[{"@type":"ListItem","position":1,"name":"Kezd\u0151lap","item":"https:\/\/libwomenstore.com\/en\/"},{"@type":"ListItem","position":2,"name":"Shop Home Page &#8211; Product categories","item":"https:\/\/libwomenstore.com\/shop-kezdolap-termek-kategoriak\/?lang=en"},{"@type":"ListItem","position":3,"name":"BLISS G-spot Dildo"}]},{"@type":"WebSite","@id":"https:\/\/libwomenstore.com\/en\/#website","url":"https:\/\/libwomenstore.com\/en\/","name":"Lib Women Store","description":"Magyarorsz\u00e1g els\u0151 n\u0151kre f\u00f3kusz\u00e1l\u00f3 szexshopja, ahol az eg\u00e9szs\u00e9g ugyanolyan fontos, mint az \u00e9lvezetek.","publisher":{"@id":"https:\/\/libwomenstore.com\/en\/#organization"},"alternateName":"Lib","potentialAction":[{"@type":"SearchAction","target":{"@type":"EntryPoint","urlTemplate":"https:\/\/libwomenstore.com\/en\/?s={search_term_string}"},"query-input":{"@type":"PropertyValueSpecification","valueRequired":true,"valueName":"search_term_string"}}],"inLanguage":"en-US"},{"@type":"Organization","@id":"https:\/\/libwomenstore.com\/en\/#organization","name":"Lib Women Store","url":"https:\/\/libwomenstore.com\/en\/","logo":{"@type":"ImageObject","inLanguage":"en-US","@id":"https:\/\/libwomenstore.com\/en\/#\/schema\/logo\/image\/","url":"https:\/\/libwomenstore.com\/wp-content\/uploads\/2024\/05\/cropped-LIB-logo-A.png","contentUrl":"https:\/\/libwomenstore.com\/wp-content\/uploads\/2024\/05\/cropped-LIB-logo-A.png","width":512,"height":512,"caption":"Lib Women Store"},"image":{"@id":"https:\/\/libwomenstore.com\/en\/#\/schema\/logo\/image\/"},"sameAs":["https:\/\/www.facebook.com\/libwomenstore"]}]},"og_availability":"instock","product_availability":"instock","product_condition":"new"},"_links":{"self":[{"href":"https:\/\/libwomenstore.com\/en\/wp-json\/wp\/v2\/product\/30982","targetHints":{"allow":["GET"]}}],"collection":[{"href":"https:\/\/libwomenstore.com\/en\/wp-json\/wp\/v2\/product"}],"about":[{"href":"https:\/\/libwomenstore.com\/en\/wp-json\/wp\/v2\/types\/product"}],"replies":[{"embeddable":true,"href":"https:\/\/libwomenstore.com\/en\/wp-json\/wp\/v2\/comments?post=30982"}],"wp:featuredmedia":[{"embeddable":true,"href":"https:\/\/libwomenstore.com\/en\/wp-json\/wp\/v2\/media\/30932"}],"wp:attachment":[{"href":"https:\/\/libwomenstore.com\/en\/wp-json\/wp\/v2\/media?parent=30982"}],"wp:term":[{"taxonomy":"product_brand","embeddable":true,"href":"https:\/\/libwomenstore.com\/en\/wp-json\/wp\/v2\/product_brand?post=30982"},{"taxonomy":"product_cat","embeddable":true,"href":"https:\/\/libwomenstore.com\/en\/wp-json\/wp\/v2\/product_cat?post=30982"},{"taxonomy":"product_tag","embeddable":true,"href":"https:\/\/libwomenstore.com\/en\/wp-json\/wp\/v2\/product_tag?post=30982"}],"curies":[{"name":"wp","href":"https:\/\/api.w.org\/{rel}","templated":true}]}}