{"id":31105,"date":"2025-03-13T12:07:11","date_gmt":"2025-03-13T11:07:11","guid":{"rendered":"https:\/\/libwomenstore.com\/?post_type=product&#038;p=31105"},"modified":"2025-03-13T12:11:57","modified_gmt":"2025-03-13T11:11:57","slug":"svakom-chika-heatable-bunny-vibrator","status":"publish","type":"product","link":"https:\/\/libwomenstore.com\/en\/product\/vibrators\/bunnies\/svakom-chika-heatable-bunny-vibrator\/","title":{"rendered":"SVAKOM Chika"},"content":{"rendered":"<p style=\"text-align: center;\">Chika features a cushioned head shaped to press against your G-spot and an independent clitoral stimulator, all made from soft-touch liquid silicone. Preset vibration modes and intensities are designed to encourage pleasure inside and out, while the heating function increases comfort, relaxation and sexual arousal. To access more settings, including customization, long-distance control and partner play, use Chika with the SVAKOM App on a Bluetooth-enabled smartphone.<\/p>\n<p style=\"text-align: center;\"><strong>Tipp<\/strong><\/p>\n<p style=\"text-align: center;\">Chika is a great choice for begginer or those who start again!<\/p>\n<p style=\"text-align: center;\"><strong>Features<\/strong><\/p>\n<p style=\"text-align: center;\">material: silicone and ABS, phthalate and latex free<\/p>\n<p style=\"text-align: center;\">5 vibration modes 5 vibration intensities can be selected on the device<\/p>\n<p style=\"text-align: center;\">Head can be heated to 38 degrees<\/p>\n<p style=\"text-align: center;\">Intelligent mode that imitates the natural rhythm of sex<\/p>\n<p style=\"text-align: center;\">Vibration can be controlled in the SVAKOM App to music, finger drawing or environmental sounds<\/p>\n<p style=\"text-align: center;\">memory function &#8211; remembers your last setting<\/p>\n<p style=\"text-align: center;\">travel lock<\/p>\n<p style=\"text-align: center;\">waterproof<\/p>\n<p style=\"text-align: center;\"><b>Sizes:<\/b><\/p>\n<p style=\"text-align: center;\">length: 17.8 cm<\/p>\n<p style=\"text-align: center;\">width: 3.1 cm<\/p>\n<p style=\"text-align: center;\">insertable length: 11.3 cm<\/p>\n<p style=\"text-align: center;\">operating time: 1 hour<\/p>\n<p style=\"text-align: center;\">charging time: 2 hours<\/p>\n<p style=\"text-align: center;\"><strong>Use &amp; Cleaning<\/strong><\/p>\n<p style=\"text-align: center;\">The product can be disinfected with lukewarm soapy water or with cleaning agents designed for this purpose. Clean only with a lint-free cloth.<\/p>\n<p style=\"text-align: center;\">Use only with water-based lubricant!<\/p>\n","protected":false},"excerpt":{"rendered":"<p>App-Controlled Interactive Rabbit Vibrator<br \/>\nLet your intimate pleasure take a new form each time with Chika, SVAKOM\u2019s app-controlled flexible rabbit vibrator. Explore what makes you unique. Climax your way with Chika.<\/p>\n","protected":false},"featured_media":31104,"comment_status":"closed","ping_status":"closed","template":"","meta":{"_et_pb_use_builder":"","_et_pb_old_content":"","_et_gb_content_width":""},"product_brand":[],"product_cat":[352,318],"product_tag":[567,518,584],"class_list":{"0":"post-31105","1":"product","2":"type-product","3":"status-publish","4":"has-post-thumbnail","6":"product_cat-bunnies","7":"product_cat-vibrators","8":"product_tag-app-en","9":"product_tag-heatable","10":"product_tag-svakom-en","12":"first","13":"onbackorder","14":"taxable","15":"shipping-taxable","16":"purchasable","17":"product-type-simple"},"yoast_head":"<!-- This site is optimized with the Yoast SEO Premium plugin v27.5 (Yoast SEO v27.5) - https:\/\/yoast.com\/product\/yoast-seo-premium-wordpress\/ -->\n<title>SVAKOM Chika - Lib Women&#039;s Store<\/title>\n<meta name=\"description\" content=\"Try the Svakom Chika bunny vibrator if you need mixed stimulation on the inside and on the clitoris too! The extra heating function is a cherry on the top!\" \/>\n<meta name=\"robots\" content=\"index, follow, max-snippet:-1, max-image-preview:large, max-video-preview:-1\" \/>\n<link rel=\"canonical\" href=\"https:\/\/libwomenstore.com\/en\/product\/vibrators\/bunnies\/svakom-chika-heatable-bunny-vibrator\/\" \/>\n<meta property=\"og:locale\" content=\"en_US\" \/>\n<meta property=\"og:type\" content=\"article\" \/>\n<meta property=\"og:title\" content=\"SVAKOM Chika\" \/>\n<meta property=\"og:description\" content=\"Try the Svakom Chika bunny vibrator if you need mixed stimulation on the inside and on the clitoris too! The extra heating function is a cherry on the top!\" \/>\n<meta property=\"og:url\" content=\"https:\/\/libwomenstore.com\/en\/product\/vibrators\/bunnies\/svakom-chika-heatable-bunny-vibrator\/\" \/>\n<meta property=\"og:site_name\" content=\"Lib Women&#039;s Store\" \/>\n<meta property=\"article:publisher\" content=\"https:\/\/www.facebook.com\/libwomenstore\" \/>\n<meta property=\"article:modified_time\" content=\"2025-03-13T11:11:57+00:00\" \/>\n<meta property=\"og:image\" content=\"https:\/\/libwomenstore.com\/wp-content\/uploads\/2025\/03\/chika5.jpeg\" \/>\n\t<meta property=\"og:image:width\" content=\"1080\" \/>\n\t<meta property=\"og:image:height\" content=\"1080\" \/>\n\t<meta property=\"og:image:type\" content=\"image\/jpeg\" \/>\n<meta name=\"twitter:card\" content=\"summary_large_image\" \/>\n<meta name=\"twitter:label1\" content=\"Price\" \/>\n\t<meta name=\"twitter:data1\" content=\"32.000&#070;&#116;\" \/>\n\t<meta name=\"twitter:label2\" content=\"Availability\" \/>\n\t<meta name=\"twitter:data2\" content=\"On backorder\" \/>\n<script type=\"application\/ld+json\" class=\"yoast-schema-graph\">{\"@context\":\"https:\\\/\\\/schema.org\",\"@graph\":[{\"@type\":[\"WebPage\",\"ItemPage\"],\"@id\":\"https:\\\/\\\/libwomenstore.com\\\/en\\\/product\\\/vibrators\\\/bunnies\\\/svakom-chika-heatable-bunny-vibrator\\\/\",\"url\":\"https:\\\/\\\/libwomenstore.com\\\/en\\\/product\\\/vibrators\\\/bunnies\\\/svakom-chika-heatable-bunny-vibrator\\\/\",\"name\":\"SVAKOM Chika - Lib Women&#039;s Store\",\"isPartOf\":{\"@id\":\"https:\\\/\\\/libwomenstore.com\\\/en\\\/#website\"},\"primaryImageOfPage\":{\"@id\":\"https:\\\/\\\/libwomenstore.com\\\/en\\\/product\\\/vibrators\\\/bunnies\\\/svakom-chika-heatable-bunny-vibrator\\\/#primaryimage\"},\"image\":{\"@id\":\"https:\\\/\\\/libwomenstore.com\\\/en\\\/product\\\/vibrators\\\/bunnies\\\/svakom-chika-heatable-bunny-vibrator\\\/#primaryimage\"},\"thumbnailUrl\":\"https:\\\/\\\/libwomenstore.com\\\/wp-content\\\/uploads\\\/2025\\\/03\\\/chika5.jpeg\",\"datePublished\":\"2025-03-13T11:07:11+00:00\",\"dateModified\":\"2025-03-13T11:11:57+00:00\",\"description\":\"Try the Svakom Chika bunny vibrator if you need mixed stimulation on the inside and on the clitoris too! The extra heating function is a cherry on the top!\",\"breadcrumb\":{\"@id\":\"https:\\\/\\\/libwomenstore.com\\\/en\\\/product\\\/vibrators\\\/bunnies\\\/svakom-chika-heatable-bunny-vibrator\\\/#breadcrumb\"},\"inLanguage\":\"en-US\",\"potentialAction\":[{\"@type\":\"ReadAction\",\"target\":[\"https:\\\/\\\/libwomenstore.com\\\/en\\\/product\\\/vibrators\\\/bunnies\\\/svakom-chika-heatable-bunny-vibrator\\\/\"]}]},{\"@type\":\"ImageObject\",\"inLanguage\":\"en-US\",\"@id\":\"https:\\\/\\\/libwomenstore.com\\\/en\\\/product\\\/vibrators\\\/bunnies\\\/svakom-chika-heatable-bunny-vibrator\\\/#primaryimage\",\"url\":\"https:\\\/\\\/libwomenstore.com\\\/wp-content\\\/uploads\\\/2025\\\/03\\\/chika5.jpeg\",\"contentUrl\":\"https:\\\/\\\/libwomenstore.com\\\/wp-content\\\/uploads\\\/2025\\\/03\\\/chika5.jpeg\",\"width\":1080,\"height\":1080,\"caption\":\"Svakom Chika Nyuszi vibr\u00e1tor meleg\u00edt\u0151 funkci\u00f3val\"},{\"@type\":\"BreadcrumbList\",\"@id\":\"https:\\\/\\\/libwomenstore.com\\\/en\\\/product\\\/vibrators\\\/bunnies\\\/svakom-chika-heatable-bunny-vibrator\\\/#breadcrumb\",\"itemListElement\":[{\"@type\":\"ListItem\",\"position\":1,\"name\":\"Kezd\u0151lap\",\"item\":\"https:\\\/\\\/libwomenstore.com\\\/en\\\/\"},{\"@type\":\"ListItem\",\"position\":2,\"name\":\"Shop Home Page &#8211; Product categories\",\"item\":\"https:\\\/\\\/libwomenstore.com\\\/shop-kezdolap-termek-kategoriak\\\/?lang=en\"},{\"@type\":\"ListItem\",\"position\":3,\"name\":\"SVAKOM Chika\"}]},{\"@type\":\"WebSite\",\"@id\":\"https:\\\/\\\/libwomenstore.com\\\/en\\\/#website\",\"url\":\"https:\\\/\\\/libwomenstore.com\\\/en\\\/\",\"name\":\"Lib Women Store\",\"description\":\"Magyarorsz\u00e1g els\u0151 n\u0151kre f\u00f3kusz\u00e1l\u00f3 szexshopja, ahol az eg\u00e9szs\u00e9g ugyanolyan fontos, mint az \u00e9lvezetek.\",\"publisher\":{\"@id\":\"https:\\\/\\\/libwomenstore.com\\\/en\\\/#organization\"},\"alternateName\":\"Lib\",\"potentialAction\":[{\"@type\":\"SearchAction\",\"target\":{\"@type\":\"EntryPoint\",\"urlTemplate\":\"https:\\\/\\\/libwomenstore.com\\\/en\\\/?s={search_term_string}\"},\"query-input\":{\"@type\":\"PropertyValueSpecification\",\"valueRequired\":true,\"valueName\":\"search_term_string\"}}],\"inLanguage\":\"en-US\"},{\"@type\":\"Organization\",\"@id\":\"https:\\\/\\\/libwomenstore.com\\\/en\\\/#organization\",\"name\":\"Lib Women Store\",\"url\":\"https:\\\/\\\/libwomenstore.com\\\/en\\\/\",\"logo\":{\"@type\":\"ImageObject\",\"inLanguage\":\"en-US\",\"@id\":\"https:\\\/\\\/libwomenstore.com\\\/en\\\/#\\\/schema\\\/logo\\\/image\\\/\",\"url\":\"https:\\\/\\\/libwomenstore.com\\\/wp-content\\\/uploads\\\/2024\\\/05\\\/cropped-LIB-logo-A.png\",\"contentUrl\":\"https:\\\/\\\/libwomenstore.com\\\/wp-content\\\/uploads\\\/2024\\\/05\\\/cropped-LIB-logo-A.png\",\"width\":512,\"height\":512,\"caption\":\"Lib Women Store\"},\"image\":{\"@id\":\"https:\\\/\\\/libwomenstore.com\\\/en\\\/#\\\/schema\\\/logo\\\/image\\\/\"},\"sameAs\":[\"https:\\\/\\\/www.facebook.com\\\/libwomenstore\"]}]}<\/script>\n<meta property=\"product:price:amount\" content=\"32000\" \/>\n<meta property=\"product:price:currency\" content=\"HUF\" \/>\n<meta property=\"og:availability\" content=\"backorder\" \/>\n<meta property=\"product:availability\" content=\"available for order\" \/>\n<meta property=\"product:condition\" content=\"new\" \/>\n<!-- \/ Yoast SEO Premium plugin. -->","yoast_head_json":{"title":"SVAKOM Chika - Lib Women&#039;s Store","description":"Try the Svakom Chika bunny vibrator if you need mixed stimulation on the inside and on the clitoris too! The extra heating function is a cherry on the top!","robots":{"index":"index","follow":"follow","max-snippet":"max-snippet:-1","max-image-preview":"max-image-preview:large","max-video-preview":"max-video-preview:-1"},"canonical":"https:\/\/libwomenstore.com\/en\/product\/vibrators\/bunnies\/svakom-chika-heatable-bunny-vibrator\/","og_locale":"en_US","og_type":"article","og_title":"SVAKOM Chika","og_description":"Try the Svakom Chika bunny vibrator if you need mixed stimulation on the inside and on the clitoris too! The extra heating function is a cherry on the top!","og_url":"https:\/\/libwomenstore.com\/en\/product\/vibrators\/bunnies\/svakom-chika-heatable-bunny-vibrator\/","og_site_name":"Lib Women&#039;s Store","article_publisher":"https:\/\/www.facebook.com\/libwomenstore","article_modified_time":"2025-03-13T11:11:57+00:00","og_image":[{"width":1080,"height":1080,"url":"https:\/\/libwomenstore.com\/wp-content\/uploads\/2025\/03\/chika5.jpeg","type":"image\/jpeg"}],"twitter_card":"summary_large_image","twitter_misc":{"Price":"32.000&#70;&#116;","Availability":"On backorder"},"schema":{"@context":"https:\/\/schema.org","@graph":[{"@type":["WebPage","ItemPage"],"@id":"https:\/\/libwomenstore.com\/en\/product\/vibrators\/bunnies\/svakom-chika-heatable-bunny-vibrator\/","url":"https:\/\/libwomenstore.com\/en\/product\/vibrators\/bunnies\/svakom-chika-heatable-bunny-vibrator\/","name":"SVAKOM Chika - Lib Women&#039;s Store","isPartOf":{"@id":"https:\/\/libwomenstore.com\/en\/#website"},"primaryImageOfPage":{"@id":"https:\/\/libwomenstore.com\/en\/product\/vibrators\/bunnies\/svakom-chika-heatable-bunny-vibrator\/#primaryimage"},"image":{"@id":"https:\/\/libwomenstore.com\/en\/product\/vibrators\/bunnies\/svakom-chika-heatable-bunny-vibrator\/#primaryimage"},"thumbnailUrl":"https:\/\/libwomenstore.com\/wp-content\/uploads\/2025\/03\/chika5.jpeg","datePublished":"2025-03-13T11:07:11+00:00","dateModified":"2025-03-13T11:11:57+00:00","description":"Try the Svakom Chika bunny vibrator if you need mixed stimulation on the inside and on the clitoris too! The extra heating function is a cherry on the top!","breadcrumb":{"@id":"https:\/\/libwomenstore.com\/en\/product\/vibrators\/bunnies\/svakom-chika-heatable-bunny-vibrator\/#breadcrumb"},"inLanguage":"en-US","potentialAction":[{"@type":"ReadAction","target":["https:\/\/libwomenstore.com\/en\/product\/vibrators\/bunnies\/svakom-chika-heatable-bunny-vibrator\/"]}]},{"@type":"ImageObject","inLanguage":"en-US","@id":"https:\/\/libwomenstore.com\/en\/product\/vibrators\/bunnies\/svakom-chika-heatable-bunny-vibrator\/#primaryimage","url":"https:\/\/libwomenstore.com\/wp-content\/uploads\/2025\/03\/chika5.jpeg","contentUrl":"https:\/\/libwomenstore.com\/wp-content\/uploads\/2025\/03\/chika5.jpeg","width":1080,"height":1080,"caption":"Svakom Chika Nyuszi vibr\u00e1tor meleg\u00edt\u0151 funkci\u00f3val"},{"@type":"BreadcrumbList","@id":"https:\/\/libwomenstore.com\/en\/product\/vibrators\/bunnies\/svakom-chika-heatable-bunny-vibrator\/#breadcrumb","itemListElement":[{"@type":"ListItem","position":1,"name":"Kezd\u0151lap","item":"https:\/\/libwomenstore.com\/en\/"},{"@type":"ListItem","position":2,"name":"Shop Home Page &#8211; Product categories","item":"https:\/\/libwomenstore.com\/shop-kezdolap-termek-kategoriak\/?lang=en"},{"@type":"ListItem","position":3,"name":"SVAKOM Chika"}]},{"@type":"WebSite","@id":"https:\/\/libwomenstore.com\/en\/#website","url":"https:\/\/libwomenstore.com\/en\/","name":"Lib Women Store","description":"Magyarorsz\u00e1g els\u0151 n\u0151kre f\u00f3kusz\u00e1l\u00f3 szexshopja, ahol az eg\u00e9szs\u00e9g ugyanolyan fontos, mint az \u00e9lvezetek.","publisher":{"@id":"https:\/\/libwomenstore.com\/en\/#organization"},"alternateName":"Lib","potentialAction":[{"@type":"SearchAction","target":{"@type":"EntryPoint","urlTemplate":"https:\/\/libwomenstore.com\/en\/?s={search_term_string}"},"query-input":{"@type":"PropertyValueSpecification","valueRequired":true,"valueName":"search_term_string"}}],"inLanguage":"en-US"},{"@type":"Organization","@id":"https:\/\/libwomenstore.com\/en\/#organization","name":"Lib Women Store","url":"https:\/\/libwomenstore.com\/en\/","logo":{"@type":"ImageObject","inLanguage":"en-US","@id":"https:\/\/libwomenstore.com\/en\/#\/schema\/logo\/image\/","url":"https:\/\/libwomenstore.com\/wp-content\/uploads\/2024\/05\/cropped-LIB-logo-A.png","contentUrl":"https:\/\/libwomenstore.com\/wp-content\/uploads\/2024\/05\/cropped-LIB-logo-A.png","width":512,"height":512,"caption":"Lib Women Store"},"image":{"@id":"https:\/\/libwomenstore.com\/en\/#\/schema\/logo\/image\/"},"sameAs":["https:\/\/www.facebook.com\/libwomenstore"]}]},"product_price_amount":"32000","product_price_currency":"HUF","og_availability":"backorder","product_availability":"available for order","product_condition":"new"},"_links":{"self":[{"href":"https:\/\/libwomenstore.com\/en\/wp-json\/wp\/v2\/product\/31105","targetHints":{"allow":["GET"]}}],"collection":[{"href":"https:\/\/libwomenstore.com\/en\/wp-json\/wp\/v2\/product"}],"about":[{"href":"https:\/\/libwomenstore.com\/en\/wp-json\/wp\/v2\/types\/product"}],"replies":[{"embeddable":true,"href":"https:\/\/libwomenstore.com\/en\/wp-json\/wp\/v2\/comments?post=31105"}],"wp:featuredmedia":[{"embeddable":true,"href":"https:\/\/libwomenstore.com\/en\/wp-json\/wp\/v2\/media\/31104"}],"wp:attachment":[{"href":"https:\/\/libwomenstore.com\/en\/wp-json\/wp\/v2\/media?parent=31105"}],"wp:term":[{"taxonomy":"product_brand","embeddable":true,"href":"https:\/\/libwomenstore.com\/en\/wp-json\/wp\/v2\/product_brand?post=31105"},{"taxonomy":"product_cat","embeddable":true,"href":"https:\/\/libwomenstore.com\/en\/wp-json\/wp\/v2\/product_cat?post=31105"},{"taxonomy":"product_tag","embeddable":true,"href":"https:\/\/libwomenstore.com\/en\/wp-json\/wp\/v2\/product_tag?post=31105"}],"curies":[{"name":"wp","href":"https:\/\/api.w.org\/{rel}","templated":true}]}}