{"id":31234,"date":"2025-04-02T16:25:16","date_gmt":"2025-04-02T14:25:16","guid":{"rendered":"https:\/\/libwomenstore.com\/?post_type=product&#038;p=31234"},"modified":"2025-04-02T16:43:03","modified_gmt":"2025-04-02T14:43:03","slug":"eye-of-love-morning-glow-pheromone-parfum-for-women","status":"publish","type":"product","link":"https:\/\/libwomenstore.com\/en\/product\/enhancers\/eye-of-love-morning-glow-pheromone-parfum-for-women\/","title":{"rendered":"EYE OF LOVE Morning Glow Pheromone Parfum for Women"},"content":{"rendered":"<p style=\"text-align: center;\"><strong>Purpose:<\/strong>\u00a0Perfect for mornings and daytime wear. Add this perfume to your morning routine to become the most confident version of yourself. This perfume wearer is a girl boss living a self care lifestyle\u2014charming, magnetic, and unstoppable.<\/p>\n<p style=\"text-align: center;\"><strong>Scent Profile:<\/strong>\u00a0This fragrance is a fresh bouquet of ylang-ylang, sensual jasmine, citrusy apple blossoms, freesia, and deep purple violets, with undertones of soft white musk that will keep him mesmerized from morning to night.<\/p>\n<p style=\"text-align: center;\"><strong>Benefits:<\/strong>\u00a0Wearing pheromones boosts your confidence and magnetic appeal. Start your day feeling energized and ready to conquer anything that comes your way.<\/p>\n<p style=\"text-align: center;\"><strong>What are pheromones?<\/strong><br \/>\nPheromones are natural chemical signals that trigger social responses in others. They are often linked to attraction, confidence, and emotional connection, influencing how we interact with those around us.<\/p>\n<p style=\"text-align: center;\"><strong>How do pheromone fragrances work?<\/strong><br \/>\nOur pheromone-infused fragrances are carefully crafted to enhance your natural appeal. By amplifying your body\u2019s signals, these scents subtly influence mood and perception, creating a magnetic aura of confidence and allure.<\/p>\n<p style=\"text-align: center;\"><strong>Who can use pheromone fragrances?<\/strong><br \/>\nPheromone fragrances are for anyone looking to feel more confident, attractive, or connected\u2014whether it\u2019s at work, on a date, or during everyday interactions.<\/p>\n<p dir=\"ltr\" style=\"text-align: center;\"><strong>Tip<\/strong><\/p>\n<p style=\"text-align: center;\"><b>\u00a0<\/b><\/p>\n<p dir=\"ltr\" style=\"text-align: center;\">Try it before a date, the effect will be noticeable!<\/p>\n<p style=\"text-align: center;\"><b>\u00a0<\/b><\/p>\n<p dir=\"ltr\" style=\"text-align: center;\"><strong>Features<\/strong><\/p>\n<p style=\"text-align: center;\"><b>\u00a0<\/b><\/p>\n<p dir=\"ltr\" style=\"text-align: center;\">Eye of Love pheromone products bring magic to the scent game! Infused with vegan pheromones, they boost your attractiveness and confidence, piquing the interest of admirers.<\/p>\n<p style=\"text-align: center;\"><b>\u00a0<\/b><\/p>\n<p style=\"text-align: center;\">Peta certified &#8211; cruelty free product<\/p>\n<p style=\"text-align: center;\">Vegan &#8211; pure, plant-based pheromones<\/p>\n<p style=\"text-align: center;\">high quality product<\/p>\n<p style=\"text-align: center;\">4-8 hour effects<\/p>\n<p style=\"text-align: center;\">made from yam root extract<\/p>\n<p style=\"text-align: center;\">Ingredients: Ethanol. Aqua. Fragrance. Castor Oil. Disodium dihydrogenethylenediaminetetraacetate. 5-chloro-2-methyl-2H-Isothiazol-3-one. Methylisothiazolinone. Estratetraenol.<\/p>\n<p style=\"text-align: center;\"><b>\u00a0<\/b><\/p>\n<p style=\"text-align: center;\"><strong>Usage<\/strong><\/p>\n<p style=\"text-align: center;\">\n<p style=\"text-align: center;\">Apply 2-3 drops to your neck and wrists, rub in and enjoy!<\/p>\n<p>&nbsp;<\/p>\n","protected":false},"excerpt":{"rendered":"<p style=\"text-align: left;\">A pheromone perfume that captivates not only him, but you too, with its fresh, clean scent!<\/p>\n","protected":false},"featured_media":32344,"comment_status":"open","ping_status":"closed","template":"","meta":{"_et_pb_use_builder":"","_et_pb_old_content":"","_et_gb_content_width":""},"product_brand":[],"product_cat":[327,362],"product_tag":[587,586],"class_list":{"0":"post-31234","1":"product","2":"type-product","3":"status-publish","4":"has-post-thumbnail","6":"product_cat-bdsm-accessories","7":"product_cat-enhancers","8":"product_tag-eye-of-love-en","9":"product_tag-parfum-en","11":"first","12":"outofstock","13":"taxable","14":"shipping-taxable","15":"purchasable","16":"product-type-simple"},"yoast_head":"<!-- This site is optimized with the Yoast SEO Premium plugin v27.5 (Yoast SEO v27.5) - https:\/\/yoast.com\/product\/yoast-seo-premium-wordpress\/ -->\n<title>EYE OF LOVE Morning Glow Pheromone Parfum for Women - Lib Women&#039;s Store<\/title>\n<meta name=\"description\" content=\"A pheromone perfume that captivates not only him, but you too! Pheromones highligt your natural scent and make you more desireable!\" \/>\n<meta name=\"robots\" content=\"index, follow, max-snippet:-1, max-image-preview:large, max-video-preview:-1\" \/>\n<link rel=\"canonical\" href=\"https:\/\/libwomenstore.com\/en\/product\/enhancers\/eye-of-love-morning-glow-pheromone-parfum-for-women\/\" \/>\n<meta property=\"og:locale\" content=\"en_US\" \/>\n<meta property=\"og:type\" content=\"article\" \/>\n<meta property=\"og:title\" content=\"EYE OF LOVE Morning Glow Pheromone Parfum for Women\" \/>\n<meta property=\"og:description\" content=\"A pheromone perfume that captivates not only him, but you too! Pheromones highligt your natural scent and make you more desireable!\" \/>\n<meta property=\"og:url\" content=\"https:\/\/libwomenstore.com\/en\/product\/enhancers\/eye-of-love-morning-glow-pheromone-parfum-for-women\/\" \/>\n<meta property=\"og:site_name\" content=\"Lib Women&#039;s Store\" \/>\n<meta property=\"article:publisher\" content=\"https:\/\/www.facebook.com\/libwomenstore\" \/>\n<meta property=\"article:modified_time\" content=\"2025-04-02T14:43:03+00:00\" \/>\n<meta property=\"og:image\" content=\"https:\/\/libwomenstore.com\/wp-content\/uploads\/2025\/04\/1-2.png\" \/>\n\t<meta property=\"og:image:width\" content=\"1080\" \/>\n\t<meta property=\"og:image:height\" content=\"1080\" \/>\n\t<meta property=\"og:image:type\" content=\"image\/png\" \/>\n<meta name=\"twitter:card\" content=\"summary_large_image\" \/>\n<meta name=\"twitter:label1\" content=\"Price\" \/>\n\t<meta name=\"twitter:data1\" content=\"14.000&#070;&#116;\" \/>\n\t<meta name=\"twitter:label2\" content=\"Availability\" \/>\n\t<meta name=\"twitter:data2\" content=\"Out of stock\" \/>\n<script type=\"application\/ld+json\" class=\"yoast-schema-graph\">{\"@context\":\"https:\\\/\\\/schema.org\",\"@graph\":[{\"@type\":[\"WebPage\",\"ItemPage\"],\"@id\":\"https:\\\/\\\/libwomenstore.com\\\/en\\\/product\\\/enhancers\\\/eye-of-love-morning-glow-pheromone-parfum-for-women\\\/\",\"url\":\"https:\\\/\\\/libwomenstore.com\\\/en\\\/product\\\/enhancers\\\/eye-of-love-morning-glow-pheromone-parfum-for-women\\\/\",\"name\":\"EYE OF LOVE Morning Glow Pheromone Parfum for Women - Lib Women&#039;s Store\",\"isPartOf\":{\"@id\":\"https:\\\/\\\/libwomenstore.com\\\/en\\\/#website\"},\"primaryImageOfPage\":{\"@id\":\"https:\\\/\\\/libwomenstore.com\\\/en\\\/product\\\/enhancers\\\/eye-of-love-morning-glow-pheromone-parfum-for-women\\\/#primaryimage\"},\"image\":{\"@id\":\"https:\\\/\\\/libwomenstore.com\\\/en\\\/product\\\/enhancers\\\/eye-of-love-morning-glow-pheromone-parfum-for-women\\\/#primaryimage\"},\"thumbnailUrl\":\"https:\\\/\\\/libwomenstore.com\\\/wp-content\\\/uploads\\\/2025\\\/04\\\/eye_of_love_morning_glow_feromonos_parfum.jpg\",\"datePublished\":\"2025-04-02T14:25:16+00:00\",\"dateModified\":\"2025-04-02T14:43:03+00:00\",\"description\":\"A pheromone perfume that captivates not only him, but you too! Pheromones highligt your natural scent and make you more desireable!\",\"breadcrumb\":{\"@id\":\"https:\\\/\\\/libwomenstore.com\\\/en\\\/product\\\/enhancers\\\/eye-of-love-morning-glow-pheromone-parfum-for-women\\\/#breadcrumb\"},\"inLanguage\":\"en-US\",\"potentialAction\":[{\"@type\":\"ReadAction\",\"target\":[\"https:\\\/\\\/libwomenstore.com\\\/en\\\/product\\\/enhancers\\\/eye-of-love-morning-glow-pheromone-parfum-for-women\\\/\"]}]},{\"@type\":\"ImageObject\",\"inLanguage\":\"en-US\",\"@id\":\"https:\\\/\\\/libwomenstore.com\\\/en\\\/product\\\/enhancers\\\/eye-of-love-morning-glow-pheromone-parfum-for-women\\\/#primaryimage\",\"url\":\"https:\\\/\\\/libwomenstore.com\\\/wp-content\\\/uploads\\\/2025\\\/04\\\/eye_of_love_morning_glow_feromonos_parfum.jpg\",\"contentUrl\":\"https:\\\/\\\/libwomenstore.com\\\/wp-content\\\/uploads\\\/2025\\\/04\\\/eye_of_love_morning_glow_feromonos_parfum.jpg\",\"width\":600,\"height\":600,\"caption\":\"Eye of Love Morning Glow n\u0151i feromonos parf\u00fcm\"},{\"@type\":\"BreadcrumbList\",\"@id\":\"https:\\\/\\\/libwomenstore.com\\\/en\\\/product\\\/enhancers\\\/eye-of-love-morning-glow-pheromone-parfum-for-women\\\/#breadcrumb\",\"itemListElement\":[{\"@type\":\"ListItem\",\"position\":1,\"name\":\"Kezd\u0151lap\",\"item\":\"https:\\\/\\\/libwomenstore.com\\\/en\\\/\"},{\"@type\":\"ListItem\",\"position\":2,\"name\":\"Shop Home Page &#8211; Product categories\",\"item\":\"https:\\\/\\\/libwomenstore.com\\\/shop-kezdolap-termek-kategoriak\\\/?lang=en\"},{\"@type\":\"ListItem\",\"position\":3,\"name\":\"EYE OF LOVE Morning Glow Pheromone Parfum for Women\"}]},{\"@type\":\"WebSite\",\"@id\":\"https:\\\/\\\/libwomenstore.com\\\/en\\\/#website\",\"url\":\"https:\\\/\\\/libwomenstore.com\\\/en\\\/\",\"name\":\"Lib Women Store\",\"description\":\"Magyarorsz\u00e1g els\u0151 n\u0151kre f\u00f3kusz\u00e1l\u00f3 szexshopja, ahol az eg\u00e9szs\u00e9g ugyanolyan fontos, mint az \u00e9lvezetek.\",\"publisher\":{\"@id\":\"https:\\\/\\\/libwomenstore.com\\\/en\\\/#organization\"},\"alternateName\":\"Lib\",\"potentialAction\":[{\"@type\":\"SearchAction\",\"target\":{\"@type\":\"EntryPoint\",\"urlTemplate\":\"https:\\\/\\\/libwomenstore.com\\\/en\\\/?s={search_term_string}\"},\"query-input\":{\"@type\":\"PropertyValueSpecification\",\"valueRequired\":true,\"valueName\":\"search_term_string\"}}],\"inLanguage\":\"en-US\"},{\"@type\":\"Organization\",\"@id\":\"https:\\\/\\\/libwomenstore.com\\\/en\\\/#organization\",\"name\":\"Lib Women Store\",\"url\":\"https:\\\/\\\/libwomenstore.com\\\/en\\\/\",\"logo\":{\"@type\":\"ImageObject\",\"inLanguage\":\"en-US\",\"@id\":\"https:\\\/\\\/libwomenstore.com\\\/en\\\/#\\\/schema\\\/logo\\\/image\\\/\",\"url\":\"https:\\\/\\\/libwomenstore.com\\\/wp-content\\\/uploads\\\/2024\\\/05\\\/cropped-LIB-logo-A.png\",\"contentUrl\":\"https:\\\/\\\/libwomenstore.com\\\/wp-content\\\/uploads\\\/2024\\\/05\\\/cropped-LIB-logo-A.png\",\"width\":512,\"height\":512,\"caption\":\"Lib Women Store\"},\"image\":{\"@id\":\"https:\\\/\\\/libwomenstore.com\\\/en\\\/#\\\/schema\\\/logo\\\/image\\\/\"},\"sameAs\":[\"https:\\\/\\\/www.facebook.com\\\/libwomenstore\"]}]}<\/script>\n<meta property=\"product:price:amount\" content=\"14000\" \/>\n<meta property=\"product:price:currency\" content=\"HUF\" \/>\n<meta property=\"og:availability\" content=\"out of stock\" \/>\n<meta property=\"product:availability\" content=\"out of stock\" \/>\n<meta property=\"product:retailer_item_id\" content=\"LIB-EL002-1\" \/>\n<meta property=\"product:condition\" content=\"new\" \/>\n<!-- \/ Yoast SEO Premium plugin. -->","yoast_head_json":{"title":"EYE OF LOVE Morning Glow Pheromone Parfum for Women - Lib Women&#039;s Store","description":"A pheromone perfume that captivates not only him, but you too! Pheromones highligt your natural scent and make you more desireable!","robots":{"index":"index","follow":"follow","max-snippet":"max-snippet:-1","max-image-preview":"max-image-preview:large","max-video-preview":"max-video-preview:-1"},"canonical":"https:\/\/libwomenstore.com\/en\/product\/enhancers\/eye-of-love-morning-glow-pheromone-parfum-for-women\/","og_locale":"en_US","og_type":"article","og_title":"EYE OF LOVE Morning Glow Pheromone Parfum for Women","og_description":"A pheromone perfume that captivates not only him, but you too! Pheromones highligt your natural scent and make you more desireable!","og_url":"https:\/\/libwomenstore.com\/en\/product\/enhancers\/eye-of-love-morning-glow-pheromone-parfum-for-women\/","og_site_name":"Lib Women&#039;s Store","article_publisher":"https:\/\/www.facebook.com\/libwomenstore","article_modified_time":"2025-04-02T14:43:03+00:00","og_image":[{"width":1080,"height":1080,"url":"https:\/\/libwomenstore.com\/wp-content\/uploads\/2025\/04\/1-2.png","type":"image\/png"}],"twitter_card":"summary_large_image","twitter_misc":{"Price":"14.000&#70;&#116;","Availability":"Out of stock"},"schema":{"@context":"https:\/\/schema.org","@graph":[{"@type":["WebPage","ItemPage"],"@id":"https:\/\/libwomenstore.com\/en\/product\/enhancers\/eye-of-love-morning-glow-pheromone-parfum-for-women\/","url":"https:\/\/libwomenstore.com\/en\/product\/enhancers\/eye-of-love-morning-glow-pheromone-parfum-for-women\/","name":"EYE OF LOVE Morning Glow Pheromone Parfum for Women - Lib Women&#039;s Store","isPartOf":{"@id":"https:\/\/libwomenstore.com\/en\/#website"},"primaryImageOfPage":{"@id":"https:\/\/libwomenstore.com\/en\/product\/enhancers\/eye-of-love-morning-glow-pheromone-parfum-for-women\/#primaryimage"},"image":{"@id":"https:\/\/libwomenstore.com\/en\/product\/enhancers\/eye-of-love-morning-glow-pheromone-parfum-for-women\/#primaryimage"},"thumbnailUrl":"https:\/\/libwomenstore.com\/wp-content\/uploads\/2025\/04\/eye_of_love_morning_glow_feromonos_parfum.jpg","datePublished":"2025-04-02T14:25:16+00:00","dateModified":"2025-04-02T14:43:03+00:00","description":"A pheromone perfume that captivates not only him, but you too! Pheromones highligt your natural scent and make you more desireable!","breadcrumb":{"@id":"https:\/\/libwomenstore.com\/en\/product\/enhancers\/eye-of-love-morning-glow-pheromone-parfum-for-women\/#breadcrumb"},"inLanguage":"en-US","potentialAction":[{"@type":"ReadAction","target":["https:\/\/libwomenstore.com\/en\/product\/enhancers\/eye-of-love-morning-glow-pheromone-parfum-for-women\/"]}]},{"@type":"ImageObject","inLanguage":"en-US","@id":"https:\/\/libwomenstore.com\/en\/product\/enhancers\/eye-of-love-morning-glow-pheromone-parfum-for-women\/#primaryimage","url":"https:\/\/libwomenstore.com\/wp-content\/uploads\/2025\/04\/eye_of_love_morning_glow_feromonos_parfum.jpg","contentUrl":"https:\/\/libwomenstore.com\/wp-content\/uploads\/2025\/04\/eye_of_love_morning_glow_feromonos_parfum.jpg","width":600,"height":600,"caption":"Eye of Love Morning Glow n\u0151i feromonos parf\u00fcm"},{"@type":"BreadcrumbList","@id":"https:\/\/libwomenstore.com\/en\/product\/enhancers\/eye-of-love-morning-glow-pheromone-parfum-for-women\/#breadcrumb","itemListElement":[{"@type":"ListItem","position":1,"name":"Kezd\u0151lap","item":"https:\/\/libwomenstore.com\/en\/"},{"@type":"ListItem","position":2,"name":"Shop Home Page &#8211; Product categories","item":"https:\/\/libwomenstore.com\/shop-kezdolap-termek-kategoriak\/?lang=en"},{"@type":"ListItem","position":3,"name":"EYE OF LOVE Morning Glow Pheromone Parfum for Women"}]},{"@type":"WebSite","@id":"https:\/\/libwomenstore.com\/en\/#website","url":"https:\/\/libwomenstore.com\/en\/","name":"Lib Women Store","description":"Magyarorsz\u00e1g els\u0151 n\u0151kre f\u00f3kusz\u00e1l\u00f3 szexshopja, ahol az eg\u00e9szs\u00e9g ugyanolyan fontos, mint az \u00e9lvezetek.","publisher":{"@id":"https:\/\/libwomenstore.com\/en\/#organization"},"alternateName":"Lib","potentialAction":[{"@type":"SearchAction","target":{"@type":"EntryPoint","urlTemplate":"https:\/\/libwomenstore.com\/en\/?s={search_term_string}"},"query-input":{"@type":"PropertyValueSpecification","valueRequired":true,"valueName":"search_term_string"}}],"inLanguage":"en-US"},{"@type":"Organization","@id":"https:\/\/libwomenstore.com\/en\/#organization","name":"Lib Women Store","url":"https:\/\/libwomenstore.com\/en\/","logo":{"@type":"ImageObject","inLanguage":"en-US","@id":"https:\/\/libwomenstore.com\/en\/#\/schema\/logo\/image\/","url":"https:\/\/libwomenstore.com\/wp-content\/uploads\/2024\/05\/cropped-LIB-logo-A.png","contentUrl":"https:\/\/libwomenstore.com\/wp-content\/uploads\/2024\/05\/cropped-LIB-logo-A.png","width":512,"height":512,"caption":"Lib Women Store"},"image":{"@id":"https:\/\/libwomenstore.com\/en\/#\/schema\/logo\/image\/"},"sameAs":["https:\/\/www.facebook.com\/libwomenstore"]}]},"product_price_amount":"14000","product_price_currency":"HUF","og_availability":"out of stock","product_availability":"out of stock","product_retailer_item_id":"LIB-EL002-1","product_condition":"new"},"_links":{"self":[{"href":"https:\/\/libwomenstore.com\/en\/wp-json\/wp\/v2\/product\/31234","targetHints":{"allow":["GET"]}}],"collection":[{"href":"https:\/\/libwomenstore.com\/en\/wp-json\/wp\/v2\/product"}],"about":[{"href":"https:\/\/libwomenstore.com\/en\/wp-json\/wp\/v2\/types\/product"}],"replies":[{"embeddable":true,"href":"https:\/\/libwomenstore.com\/en\/wp-json\/wp\/v2\/comments?post=31234"}],"wp:featuredmedia":[{"embeddable":true,"href":"https:\/\/libwomenstore.com\/en\/wp-json\/wp\/v2\/media\/32344"}],"wp:attachment":[{"href":"https:\/\/libwomenstore.com\/en\/wp-json\/wp\/v2\/media?parent=31234"}],"wp:term":[{"taxonomy":"product_brand","embeddable":true,"href":"https:\/\/libwomenstore.com\/en\/wp-json\/wp\/v2\/product_brand?post=31234"},{"taxonomy":"product_cat","embeddable":true,"href":"https:\/\/libwomenstore.com\/en\/wp-json\/wp\/v2\/product_cat?post=31234"},{"taxonomy":"product_tag","embeddable":true,"href":"https:\/\/libwomenstore.com\/en\/wp-json\/wp\/v2\/product_tag?post=31234"}],"curies":[{"name":"wp","href":"https:\/\/api.w.org\/{rel}","templated":true}]}}