{"id":31723,"date":"2025-05-20T18:50:25","date_gmt":"2025-05-20T16:50:25","guid":{"rendered":"https:\/\/libwomenstore.com\/?post_type=product&#038;p=31723"},"modified":"2025-05-28T17:12:16","modified_gmt":"2025-05-28T15:12:16","slug":"honey-play-box-pomi-wand-vibrator","status":"publish","type":"product","link":"https:\/\/libwomenstore.com\/en\/product\/vibrators\/honey-play-box-pomi-wand-vibrator\/","title":{"rendered":"HONEY PLAY BOX Pomi Wand"},"content":{"rendered":"<p style=\"text-align: center;\"><strong>Specialty<\/strong><\/p>\n<p style=\"text-align: center;\">Despite its small size, the Pomi Hitachi wand massage vibrator doesn&#8217;t compromise on power. We&#8217;ve taken the next level of vibration power and transformed this vibrating wand into a powerful pleasure-focused tool, an all-round wand vibrator.<br \/>\nWith the Pomi Hitachi wand, you can stimulate every part of your body, including your clitoris, nipples, neck, thighs and waist. This wand doubles as a body massager, helping to relieve tension for total relaxation and the happiest ending. With its discreet, understated and cute design, you can leave the Pomi out on your nightstand and no one will think it&#8217;s designed for sexual pleasure!<\/p>\n<p style=\"text-align: center;\">A WELL-CREATED ADULT MASSAGER<\/p>\n<p style=\"text-align: center;\">The Pomi Hitachi wand is designed for pleasure, with all its power concentrated in the stimulating head. That&#8217;s why you&#8217;ll never feel any vibration or tremors in the handle while you&#8217;re holding it, it only vibrates in the right places. With its unmatched power and timeless, always-fashionable design, the Pomi Wand will become your new favorite massager!<\/p>\n<p style=\"text-align: center;\"><strong>Tip<\/strong><\/p>\n<p style=\"text-align: center;\">It&#8217;s no coincidence that wands are the most successful vibrators on the market, try the Pomi and immerse yourself in pleasure!<\/p>\n<p style=\"text-align: center;\"><strong>Features<\/strong><\/p>\n<p style=\"text-align: center;\">Unparalleled power<br \/>\nLightweight and small size<br \/>\n10 vibration modes<br \/>\nBody-friendly silicone<br \/>\nWaterproof design<\/p>\n<p style=\"text-align: center;\">Material: Silicone+ABS<br \/>\nSize: 17.5 cm * 4.8 cm * 4.8 cm<br \/>\nWeight: 158.7 g<br \/>\nNoise level: &lt;50 dB<br \/>\nCharging time: 2 hours<br \/>\nUsage time: 1 hour<br \/>\nModes: 10 vibration modes<br \/>\nBattery type: Rechargeable lithium-ion<br \/>\nWater resistance: IPX6<\/p>\n<p style=\"text-align: center;\"><strong>Use &amp; Cleaning<\/strong><\/p>\n<p style=\"text-align: center;\">We recommend using a special, body-friendly toy cleaner. These sprays are specifically designed to clean sex toys before and after use, ensuring your health and the durability of your toy, as they do not contain ingredients that can corrode or damage plastic or silicone.<\/p>\n<p style=\"text-align: center;\">If you don\u2019t have one on hand, you can also clean your toy with a fragrance-free, dye-free soap and lukewarm water before and after each use!<\/p>\n<p style=\"text-align: center;\">Use only with water-based lubricant, do not use oils or silicone-based lubricants!<\/p>\n","protected":false},"excerpt":{"rendered":"<p>Mini size, huge power, behind the innocent look of the Pomi Wand lies an amazing power! Try it and find out why wands are the most successful vibrators!<\/p>\n","protected":false},"featured_media":31669,"comment_status":"closed","ping_status":"closed","template":"","meta":{"_et_pb_use_builder":"","_et_pb_old_content":"","_et_gb_content_width":""},"product_brand":[],"product_cat":[322,318,350],"product_tag":[634,514,633],"class_list":{"0":"post-31723","1":"product","2":"type-product","3":"status-publish","4":"has-post-thumbnail","6":"product_cat-clitoral-vibrators","7":"product_cat-vibrators","8":"product_cat-wand-massagers","9":"product_tag-honey-play-box-en","10":"product_tag-massager-en","11":"product_tag-wand-en","13":"first","14":"outofstock","15":"taxable","16":"shipping-taxable","17":"purchasable","18":"product-type-simple"},"yoast_head":"<!-- This site is optimized with the Yoast SEO Premium plugin v27.5 (Yoast SEO v27.5) - https:\/\/yoast.com\/product\/yoast-seo-premium-wordpress\/ -->\n<title>HONEY PLAY BOX Pomi Wand - Lib Women&#039;s Store<\/title>\n<meta name=\"description\" content=\"The Honey Play Box Pomi wand is a very powerful little vibrator! Try the most successful vibrator type, it won&#039;t disappoint!\" \/>\n<meta name=\"robots\" content=\"index, follow, max-snippet:-1, max-image-preview:large, max-video-preview:-1\" \/>\n<link rel=\"canonical\" href=\"https:\/\/libwomenstore.com\/en\/product\/vibrators\/honey-play-box-pomi-wand-vibrator\/\" \/>\n<meta property=\"og:locale\" content=\"en_US\" \/>\n<meta property=\"og:type\" content=\"article\" \/>\n<meta property=\"og:title\" content=\"HONEY PLAY BOX Pomi Wand\" \/>\n<meta property=\"og:description\" content=\"The Honey Play Box Pomi wand is a very powerful little vibrator! Try the most successful vibrator type, it won&#039;t disappoint!\" \/>\n<meta property=\"og:url\" content=\"https:\/\/libwomenstore.com\/en\/product\/vibrators\/honey-play-box-pomi-wand-vibrator\/\" \/>\n<meta property=\"og:site_name\" content=\"Lib Women&#039;s Store\" \/>\n<meta property=\"article:publisher\" content=\"https:\/\/www.facebook.com\/libwomenstore\" \/>\n<meta property=\"article:modified_time\" content=\"2025-05-28T15:12:16+00:00\" \/>\n<meta property=\"og:image\" content=\"https:\/\/libwomenstore.com\/wp-content\/uploads\/2025\/05\/honey-play-box-pomi-wand-vibrator.jpg\" \/>\n\t<meta property=\"og:image:width\" content=\"1500\" \/>\n\t<meta property=\"og:image:height\" content=\"1500\" \/>\n\t<meta property=\"og:image:type\" content=\"image\/jpeg\" \/>\n<meta name=\"twitter:card\" content=\"summary_large_image\" \/>\n<meta name=\"twitter:label1\" content=\"Price\" \/>\n\t<meta name=\"twitter:data1\" content=\"26.500&#070;&#116;\" \/>\n\t<meta name=\"twitter:label2\" content=\"Availability\" \/>\n\t<meta name=\"twitter:data2\" content=\"Out of stock\" \/>\n<script type=\"application\/ld+json\" class=\"yoast-schema-graph\">{\"@context\":\"https:\\\/\\\/schema.org\",\"@graph\":[{\"@type\":[\"WebPage\",\"ItemPage\"],\"@id\":\"https:\\\/\\\/libwomenstore.com\\\/en\\\/product\\\/vibrators\\\/honey-play-box-pomi-wand-vibrator\\\/\",\"url\":\"https:\\\/\\\/libwomenstore.com\\\/en\\\/product\\\/vibrators\\\/honey-play-box-pomi-wand-vibrator\\\/\",\"name\":\"HONEY PLAY BOX Pomi Wand - Lib Women&#039;s Store\",\"isPartOf\":{\"@id\":\"https:\\\/\\\/libwomenstore.com\\\/en\\\/#website\"},\"primaryImageOfPage\":{\"@id\":\"https:\\\/\\\/libwomenstore.com\\\/en\\\/product\\\/vibrators\\\/honey-play-box-pomi-wand-vibrator\\\/#primaryimage\"},\"image\":{\"@id\":\"https:\\\/\\\/libwomenstore.com\\\/en\\\/product\\\/vibrators\\\/honey-play-box-pomi-wand-vibrator\\\/#primaryimage\"},\"thumbnailUrl\":\"https:\\\/\\\/libwomenstore.com\\\/wp-content\\\/uploads\\\/2025\\\/05\\\/honey-play-box-pomi-wand-vibrator.jpg\",\"datePublished\":\"2025-05-20T16:50:25+00:00\",\"dateModified\":\"2025-05-28T15:12:16+00:00\",\"description\":\"The Honey Play Box Pomi wand is a very powerful little vibrator! Try the most successful vibrator type, it won't disappoint!\",\"breadcrumb\":{\"@id\":\"https:\\\/\\\/libwomenstore.com\\\/en\\\/product\\\/vibrators\\\/honey-play-box-pomi-wand-vibrator\\\/#breadcrumb\"},\"inLanguage\":\"en-US\",\"potentialAction\":[{\"@type\":\"ReadAction\",\"target\":[\"https:\\\/\\\/libwomenstore.com\\\/en\\\/product\\\/vibrators\\\/honey-play-box-pomi-wand-vibrator\\\/\"]}]},{\"@type\":\"ImageObject\",\"inLanguage\":\"en-US\",\"@id\":\"https:\\\/\\\/libwomenstore.com\\\/en\\\/product\\\/vibrators\\\/honey-play-box-pomi-wand-vibrator\\\/#primaryimage\",\"url\":\"https:\\\/\\\/libwomenstore.com\\\/wp-content\\\/uploads\\\/2025\\\/05\\\/honey-play-box-pomi-wand-vibrator.jpg\",\"contentUrl\":\"https:\\\/\\\/libwomenstore.com\\\/wp-content\\\/uploads\\\/2025\\\/05\\\/honey-play-box-pomi-wand-vibrator.jpg\",\"width\":1500,\"height\":1500,\"caption\":\"Honey Play Box Pomi wand nagy erej\u0171 massz\u00edroz\u00f3 \u00e9s csikl\u00f3 vibr\u00e1tor\"},{\"@type\":\"BreadcrumbList\",\"@id\":\"https:\\\/\\\/libwomenstore.com\\\/en\\\/product\\\/vibrators\\\/honey-play-box-pomi-wand-vibrator\\\/#breadcrumb\",\"itemListElement\":[{\"@type\":\"ListItem\",\"position\":1,\"name\":\"Kezd\u0151lap\",\"item\":\"https:\\\/\\\/libwomenstore.com\\\/en\\\/\"},{\"@type\":\"ListItem\",\"position\":2,\"name\":\"Shop Home Page &#8211; Product categories\",\"item\":\"https:\\\/\\\/libwomenstore.com\\\/shop-kezdolap-termek-kategoriak\\\/?lang=en\"},{\"@type\":\"ListItem\",\"position\":3,\"name\":\"HONEY PLAY BOX Pomi Wand\"}]},{\"@type\":\"WebSite\",\"@id\":\"https:\\\/\\\/libwomenstore.com\\\/en\\\/#website\",\"url\":\"https:\\\/\\\/libwomenstore.com\\\/en\\\/\",\"name\":\"Lib Women Store\",\"description\":\"Magyarorsz\u00e1g els\u0151 n\u0151kre f\u00f3kusz\u00e1l\u00f3 szexshopja, ahol az eg\u00e9szs\u00e9g ugyanolyan fontos, mint az \u00e9lvezetek.\",\"publisher\":{\"@id\":\"https:\\\/\\\/libwomenstore.com\\\/en\\\/#organization\"},\"alternateName\":\"Lib\",\"potentialAction\":[{\"@type\":\"SearchAction\",\"target\":{\"@type\":\"EntryPoint\",\"urlTemplate\":\"https:\\\/\\\/libwomenstore.com\\\/en\\\/?s={search_term_string}\"},\"query-input\":{\"@type\":\"PropertyValueSpecification\",\"valueRequired\":true,\"valueName\":\"search_term_string\"}}],\"inLanguage\":\"en-US\"},{\"@type\":\"Organization\",\"@id\":\"https:\\\/\\\/libwomenstore.com\\\/en\\\/#organization\",\"name\":\"Lib Women Store\",\"url\":\"https:\\\/\\\/libwomenstore.com\\\/en\\\/\",\"logo\":{\"@type\":\"ImageObject\",\"inLanguage\":\"en-US\",\"@id\":\"https:\\\/\\\/libwomenstore.com\\\/en\\\/#\\\/schema\\\/logo\\\/image\\\/\",\"url\":\"https:\\\/\\\/libwomenstore.com\\\/wp-content\\\/uploads\\\/2024\\\/05\\\/cropped-LIB-logo-A.png\",\"contentUrl\":\"https:\\\/\\\/libwomenstore.com\\\/wp-content\\\/uploads\\\/2024\\\/05\\\/cropped-LIB-logo-A.png\",\"width\":512,\"height\":512,\"caption\":\"Lib Women Store\"},\"image\":{\"@id\":\"https:\\\/\\\/libwomenstore.com\\\/en\\\/#\\\/schema\\\/logo\\\/image\\\/\"},\"sameAs\":[\"https:\\\/\\\/www.facebook.com\\\/libwomenstore\"]}]}<\/script>\n<meta property=\"product:price:amount\" content=\"26500\" \/>\n<meta property=\"product:price:currency\" content=\"HUF\" \/>\n<meta property=\"og:availability\" content=\"out of stock\" \/>\n<meta property=\"product:availability\" content=\"out of stock\" \/>\n<meta property=\"product:condition\" content=\"new\" \/>\n<!-- \/ Yoast SEO Premium plugin. -->","yoast_head_json":{"title":"HONEY PLAY BOX Pomi Wand - Lib Women&#039;s Store","description":"The Honey Play Box Pomi wand is a very powerful little vibrator! Try the most successful vibrator type, it won't disappoint!","robots":{"index":"index","follow":"follow","max-snippet":"max-snippet:-1","max-image-preview":"max-image-preview:large","max-video-preview":"max-video-preview:-1"},"canonical":"https:\/\/libwomenstore.com\/en\/product\/vibrators\/honey-play-box-pomi-wand-vibrator\/","og_locale":"en_US","og_type":"article","og_title":"HONEY PLAY BOX Pomi Wand","og_description":"The Honey Play Box Pomi wand is a very powerful little vibrator! Try the most successful vibrator type, it won't disappoint!","og_url":"https:\/\/libwomenstore.com\/en\/product\/vibrators\/honey-play-box-pomi-wand-vibrator\/","og_site_name":"Lib Women&#039;s Store","article_publisher":"https:\/\/www.facebook.com\/libwomenstore","article_modified_time":"2025-05-28T15:12:16+00:00","og_image":[{"width":1500,"height":1500,"url":"https:\/\/libwomenstore.com\/wp-content\/uploads\/2025\/05\/honey-play-box-pomi-wand-vibrator.jpg","type":"image\/jpeg"}],"twitter_card":"summary_large_image","twitter_misc":{"Price":"26.500&#70;&#116;","Availability":"Out of stock"},"schema":{"@context":"https:\/\/schema.org","@graph":[{"@type":["WebPage","ItemPage"],"@id":"https:\/\/libwomenstore.com\/en\/product\/vibrators\/honey-play-box-pomi-wand-vibrator\/","url":"https:\/\/libwomenstore.com\/en\/product\/vibrators\/honey-play-box-pomi-wand-vibrator\/","name":"HONEY PLAY BOX Pomi Wand - Lib Women&#039;s Store","isPartOf":{"@id":"https:\/\/libwomenstore.com\/en\/#website"},"primaryImageOfPage":{"@id":"https:\/\/libwomenstore.com\/en\/product\/vibrators\/honey-play-box-pomi-wand-vibrator\/#primaryimage"},"image":{"@id":"https:\/\/libwomenstore.com\/en\/product\/vibrators\/honey-play-box-pomi-wand-vibrator\/#primaryimage"},"thumbnailUrl":"https:\/\/libwomenstore.com\/wp-content\/uploads\/2025\/05\/honey-play-box-pomi-wand-vibrator.jpg","datePublished":"2025-05-20T16:50:25+00:00","dateModified":"2025-05-28T15:12:16+00:00","description":"The Honey Play Box Pomi wand is a very powerful little vibrator! Try the most successful vibrator type, it won't disappoint!","breadcrumb":{"@id":"https:\/\/libwomenstore.com\/en\/product\/vibrators\/honey-play-box-pomi-wand-vibrator\/#breadcrumb"},"inLanguage":"en-US","potentialAction":[{"@type":"ReadAction","target":["https:\/\/libwomenstore.com\/en\/product\/vibrators\/honey-play-box-pomi-wand-vibrator\/"]}]},{"@type":"ImageObject","inLanguage":"en-US","@id":"https:\/\/libwomenstore.com\/en\/product\/vibrators\/honey-play-box-pomi-wand-vibrator\/#primaryimage","url":"https:\/\/libwomenstore.com\/wp-content\/uploads\/2025\/05\/honey-play-box-pomi-wand-vibrator.jpg","contentUrl":"https:\/\/libwomenstore.com\/wp-content\/uploads\/2025\/05\/honey-play-box-pomi-wand-vibrator.jpg","width":1500,"height":1500,"caption":"Honey Play Box Pomi wand nagy erej\u0171 massz\u00edroz\u00f3 \u00e9s csikl\u00f3 vibr\u00e1tor"},{"@type":"BreadcrumbList","@id":"https:\/\/libwomenstore.com\/en\/product\/vibrators\/honey-play-box-pomi-wand-vibrator\/#breadcrumb","itemListElement":[{"@type":"ListItem","position":1,"name":"Kezd\u0151lap","item":"https:\/\/libwomenstore.com\/en\/"},{"@type":"ListItem","position":2,"name":"Shop Home Page &#8211; Product categories","item":"https:\/\/libwomenstore.com\/shop-kezdolap-termek-kategoriak\/?lang=en"},{"@type":"ListItem","position":3,"name":"HONEY PLAY BOX Pomi Wand"}]},{"@type":"WebSite","@id":"https:\/\/libwomenstore.com\/en\/#website","url":"https:\/\/libwomenstore.com\/en\/","name":"Lib Women Store","description":"Magyarorsz\u00e1g els\u0151 n\u0151kre f\u00f3kusz\u00e1l\u00f3 szexshopja, ahol az eg\u00e9szs\u00e9g ugyanolyan fontos, mint az \u00e9lvezetek.","publisher":{"@id":"https:\/\/libwomenstore.com\/en\/#organization"},"alternateName":"Lib","potentialAction":[{"@type":"SearchAction","target":{"@type":"EntryPoint","urlTemplate":"https:\/\/libwomenstore.com\/en\/?s={search_term_string}"},"query-input":{"@type":"PropertyValueSpecification","valueRequired":true,"valueName":"search_term_string"}}],"inLanguage":"en-US"},{"@type":"Organization","@id":"https:\/\/libwomenstore.com\/en\/#organization","name":"Lib Women Store","url":"https:\/\/libwomenstore.com\/en\/","logo":{"@type":"ImageObject","inLanguage":"en-US","@id":"https:\/\/libwomenstore.com\/en\/#\/schema\/logo\/image\/","url":"https:\/\/libwomenstore.com\/wp-content\/uploads\/2024\/05\/cropped-LIB-logo-A.png","contentUrl":"https:\/\/libwomenstore.com\/wp-content\/uploads\/2024\/05\/cropped-LIB-logo-A.png","width":512,"height":512,"caption":"Lib Women Store"},"image":{"@id":"https:\/\/libwomenstore.com\/en\/#\/schema\/logo\/image\/"},"sameAs":["https:\/\/www.facebook.com\/libwomenstore"]}]},"product_price_amount":"26500","product_price_currency":"HUF","og_availability":"out of stock","product_availability":"out of stock","product_condition":"new"},"_links":{"self":[{"href":"https:\/\/libwomenstore.com\/en\/wp-json\/wp\/v2\/product\/31723","targetHints":{"allow":["GET"]}}],"collection":[{"href":"https:\/\/libwomenstore.com\/en\/wp-json\/wp\/v2\/product"}],"about":[{"href":"https:\/\/libwomenstore.com\/en\/wp-json\/wp\/v2\/types\/product"}],"replies":[{"embeddable":true,"href":"https:\/\/libwomenstore.com\/en\/wp-json\/wp\/v2\/comments?post=31723"}],"wp:featuredmedia":[{"embeddable":true,"href":"https:\/\/libwomenstore.com\/en\/wp-json\/wp\/v2\/media\/31669"}],"wp:attachment":[{"href":"https:\/\/libwomenstore.com\/en\/wp-json\/wp\/v2\/media?parent=31723"}],"wp:term":[{"taxonomy":"product_brand","embeddable":true,"href":"https:\/\/libwomenstore.com\/en\/wp-json\/wp\/v2\/product_brand?post=31723"},{"taxonomy":"product_cat","embeddable":true,"href":"https:\/\/libwomenstore.com\/en\/wp-json\/wp\/v2\/product_cat?post=31723"},{"taxonomy":"product_tag","embeddable":true,"href":"https:\/\/libwomenstore.com\/en\/wp-json\/wp\/v2\/product_tag?post=31723"}],"curies":[{"name":"wp","href":"https:\/\/api.w.org\/{rel}","templated":true}]}}