{"id":31725,"date":"2025-05-20T18:27:57","date_gmt":"2025-05-20T16:27:57","guid":{"rendered":"https:\/\/libwomenstore.com\/?post_type=product&#038;p=31725"},"modified":"2025-05-28T17:18:18","modified_gmt":"2025-05-28T15:18:18","slug":"honey-play-box-terri-bunny-vibrator","status":"publish","type":"product","link":"https:\/\/libwomenstore.com\/en\/product\/vibrators\/honey-play-box-terri-bunny-vibrator\/","title":{"rendered":"HONEY PLAY BOX Terri"},"content":{"rendered":"<p style=\"text-align: center;\"><strong>Specialty<\/strong><\/p>\n<p style=\"text-align: center;\">A flexible, external vibrating arm fits comfortably around your body and focuses on your clitoris, following your every move. The Terri adapts well to your unique anatomy and provides perfect stimulation.<\/p>\n<p style=\"text-align: center;\">PATENTED G-SPOT SENSING FINGER<\/p>\n<p style=\"text-align: center;\">The Kinky Finger delivers powerful, precise back-and-forth strokes to your G-spot, creating an unearthly sensation. The 30 tiny bumps on its tip provide extra excitement and lead you to the ultimate triple orgasm.<\/p>\n<p style=\"text-align: center;\">Up to 1000 taps\/minute!!<\/p>\n<p style=\"text-align: center;\">ENJOY THE FULLNESS!<\/p>\n<p style=\"text-align: center;\">The unique split-design interior provides just the right amount of outward pressure, while two built-in vibrating motors massage your A-spot, allowing you to immerse yourself in the thrills you\u2019ve only dreamed of!<\/p>\n<p style=\"text-align: center;\">INTELLIGENT TEMPERATURE INFO<\/p>\n<p style=\"text-align: center;\">The Terri tracks your vaginal temperature during use to help predict ovulation and your next menstrual cycle \u2013 plan your intimate moments with ease! (*You must be connected to the app and log your period for optimal accuracy.)<\/p>\n<p style=\"text-align: center;\">The HoneyPlayBox app allows you to control the movement of your toy with simple voice commands, freeing up your hands so you can fully immerse yourself in the game and focus on pleasure.<\/p>\n<p style=\"text-align: center;\"><strong>Tip<\/strong><\/p>\n<p style=\"text-align: center;\">For something truly special and intense, try Terri&#8217;s kinky finger technology!<\/p>\n<p style=\"text-align: center;\"><strong>Features<\/strong><\/p>\n<p style=\"text-align: center;\">Patented kinky finger design Unique split shaft App-compatible vibrator 9 unique vibration and feel patterns Vaginal temperature measurement<\/p>\n<p style=\"text-align: center;\">Material: Silicone, ABS Size: 23.4 cm * 13.9 cm * 4.7 cm * 4.6 cm Net weight: 217.7 g Noise level \u2264 60 dB Battery type: Li-ion, rechargeable Charging time: 1.5 hours Usage time: 1 hour Modes: 9 vibration and tapping modes Water resistance: IPX7<\/p>\n<p style=\"text-align: center;\"><strong>Use &amp; Cleaning<\/strong><\/p>\n<p style=\"text-align: center;\">We recommend using a special, body-friendly toy cleaner. These sprays are specifically designed to clean sex toys before and after use, ensuring your health and the durability of the toy, as they do not contain ingredients that can corrode or damage plastic or silicone.<\/p>\n<p style=\"text-align: center;\">If you don&#8217;t have any at hand, you can also clean your toy with a fragrance-free and dye-free soap and lukewarm water before and after each use!<\/p>\n<p style=\"text-align: center;\">Use only with water-based lubricant, do not use oils or silicone-based lubricants!<\/p>\n","protected":false},"excerpt":{"rendered":"<p>Terri, the triple bunny vibrator, offers 3-point stimulation targeting two internal points and the clitoris, with an intense mix of throbbing and vibration that will leave you with an overwhelming orgasm!<\/p>\n<p>&nbsp;<\/p>\n","protected":false},"featured_media":31660,"comment_status":"closed","ping_status":"closed","template":"","meta":{"_et_pb_use_builder":"","_et_pb_old_content":"","_et_gb_content_width":""},"product_brand":[],"product_cat":[352,318],"product_tag":[567,634],"class_list":{"0":"post-31725","1":"product","2":"type-product","3":"status-publish","4":"has-post-thumbnail","6":"product_cat-bunnies","7":"product_cat-vibrators","8":"product_tag-app-en","9":"product_tag-honey-play-box-en","11":"first","12":"outofstock","13":"taxable","14":"shipping-taxable","15":"purchasable","16":"product-type-simple"},"yoast_head":"<!-- This site is optimized with the Yoast SEO Premium plugin v27.4 (Yoast SEO v27.4) - https:\/\/yoast.com\/product\/yoast-seo-premium-wordpress\/ -->\n<title>HONEY PLAY BOX Terri - Lib Women&#039;s Store<\/title>\n<meta name=\"description\" content=\"Terri is an amazing bunny offering 3 point stimulation. 2 internal and a clitoral stimulation for your most intense orgasm!\" \/>\n<meta name=\"robots\" content=\"index, follow, max-snippet:-1, max-image-preview:large, max-video-preview:-1\" \/>\n<link rel=\"canonical\" href=\"https:\/\/libwomenstore.com\/en\/product\/vibrators\/honey-play-box-terri-bunny-vibrator\/\" \/>\n<meta property=\"og:locale\" content=\"en_US\" \/>\n<meta property=\"og:type\" content=\"article\" \/>\n<meta property=\"og:title\" content=\"HONEY PLAY BOX Terri\" \/>\n<meta property=\"og:description\" content=\"Terri is an amazing bunny offering 3 point stimulation. 2 internal and a clitoral stimulation for your most intense orgasm!\" \/>\n<meta property=\"og:url\" content=\"https:\/\/libwomenstore.com\/en\/product\/vibrators\/honey-play-box-terri-bunny-vibrator\/\" \/>\n<meta property=\"og:site_name\" content=\"Lib Women&#039;s Store\" \/>\n<meta property=\"article:publisher\" content=\"https:\/\/www.facebook.com\/libwomenstore\" \/>\n<meta property=\"article:modified_time\" content=\"2025-05-28T15:18:18+00:00\" \/>\n<meta property=\"og:image\" content=\"https:\/\/libwomenstore.com\/wp-content\/uploads\/2025\/05\/honey-play-box-terri-3-az-egyben-nyuszi.jpg\" \/>\n\t<meta property=\"og:image:width\" content=\"500\" \/>\n\t<meta property=\"og:image:height\" content=\"500\" \/>\n\t<meta property=\"og:image:type\" content=\"image\/jpeg\" \/>\n<meta name=\"twitter:card\" content=\"summary_large_image\" \/>\n<meta name=\"twitter:label1\" content=\"Price\" \/>\n\t<meta name=\"twitter:data1\" content=\"36.500&#070;&#116;\" \/>\n\t<meta name=\"twitter:label2\" content=\"Availability\" \/>\n\t<meta name=\"twitter:data2\" content=\"Out of stock\" \/>\n<script type=\"application\/ld+json\" class=\"yoast-schema-graph\">{\"@context\":\"https:\\\/\\\/schema.org\",\"@graph\":[{\"@type\":[\"WebPage\",\"ItemPage\"],\"@id\":\"https:\\\/\\\/libwomenstore.com\\\/en\\\/product\\\/vibrators\\\/honey-play-box-terri-bunny-vibrator\\\/\",\"url\":\"https:\\\/\\\/libwomenstore.com\\\/en\\\/product\\\/vibrators\\\/honey-play-box-terri-bunny-vibrator\\\/\",\"name\":\"HONEY PLAY BOX Terri - Lib Women&#039;s Store\",\"isPartOf\":{\"@id\":\"https:\\\/\\\/libwomenstore.com\\\/en\\\/#website\"},\"primaryImageOfPage\":{\"@id\":\"https:\\\/\\\/libwomenstore.com\\\/en\\\/product\\\/vibrators\\\/honey-play-box-terri-bunny-vibrator\\\/#primaryimage\"},\"image\":{\"@id\":\"https:\\\/\\\/libwomenstore.com\\\/en\\\/product\\\/vibrators\\\/honey-play-box-terri-bunny-vibrator\\\/#primaryimage\"},\"thumbnailUrl\":\"https:\\\/\\\/libwomenstore.com\\\/wp-content\\\/uploads\\\/2025\\\/05\\\/honey-play-box-terri-3-az-egyben-nyuszi.jpg\",\"datePublished\":\"2025-05-20T16:27:57+00:00\",\"dateModified\":\"2025-05-28T15:18:18+00:00\",\"description\":\"Terri is an amazing bunny offering 3 point stimulation. 2 internal and a clitoral stimulation for your most intense orgasm!\",\"breadcrumb\":{\"@id\":\"https:\\\/\\\/libwomenstore.com\\\/en\\\/product\\\/vibrators\\\/honey-play-box-terri-bunny-vibrator\\\/#breadcrumb\"},\"inLanguage\":\"en-US\",\"potentialAction\":[{\"@type\":\"ReadAction\",\"target\":[\"https:\\\/\\\/libwomenstore.com\\\/en\\\/product\\\/vibrators\\\/honey-play-box-terri-bunny-vibrator\\\/\"]}]},{\"@type\":\"ImageObject\",\"inLanguage\":\"en-US\",\"@id\":\"https:\\\/\\\/libwomenstore.com\\\/en\\\/product\\\/vibrators\\\/honey-play-box-terri-bunny-vibrator\\\/#primaryimage\",\"url\":\"https:\\\/\\\/libwomenstore.com\\\/wp-content\\\/uploads\\\/2025\\\/05\\\/honey-play-box-terri-3-az-egyben-nyuszi.jpg\",\"contentUrl\":\"https:\\\/\\\/libwomenstore.com\\\/wp-content\\\/uploads\\\/2025\\\/05\\\/honey-play-box-terri-3-az-egyben-nyuszi.jpg\",\"width\":500,\"height\":500,\"caption\":\"Honey Play Box Terri Nyuszi vibr\u00e1tor egyed\u00fcl\u00e1ll\u00f3 \u00fct\u00f6get\u0151 ujjal\"},{\"@type\":\"BreadcrumbList\",\"@id\":\"https:\\\/\\\/libwomenstore.com\\\/en\\\/product\\\/vibrators\\\/honey-play-box-terri-bunny-vibrator\\\/#breadcrumb\",\"itemListElement\":[{\"@type\":\"ListItem\",\"position\":1,\"name\":\"Kezd\u0151lap\",\"item\":\"https:\\\/\\\/libwomenstore.com\\\/en\\\/\"},{\"@type\":\"ListItem\",\"position\":2,\"name\":\"Shop Home Page &#8211; Product categories\",\"item\":\"https:\\\/\\\/libwomenstore.com\\\/shop-kezdolap-termek-kategoriak\\\/?lang=en\"},{\"@type\":\"ListItem\",\"position\":3,\"name\":\"HONEY PLAY BOX Terri\"}]},{\"@type\":\"WebSite\",\"@id\":\"https:\\\/\\\/libwomenstore.com\\\/en\\\/#website\",\"url\":\"https:\\\/\\\/libwomenstore.com\\\/en\\\/\",\"name\":\"Lib Women Store\",\"description\":\"Magyarorsz\u00e1g els\u0151 n\u0151kre f\u00f3kusz\u00e1l\u00f3 szexshopja, ahol az eg\u00e9szs\u00e9g ugyanolyan fontos, mint az \u00e9lvezetek.\",\"publisher\":{\"@id\":\"https:\\\/\\\/libwomenstore.com\\\/en\\\/#organization\"},\"alternateName\":\"Lib\",\"potentialAction\":[{\"@type\":\"SearchAction\",\"target\":{\"@type\":\"EntryPoint\",\"urlTemplate\":\"https:\\\/\\\/libwomenstore.com\\\/en\\\/?s={search_term_string}\"},\"query-input\":{\"@type\":\"PropertyValueSpecification\",\"valueRequired\":true,\"valueName\":\"search_term_string\"}}],\"inLanguage\":\"en-US\"},{\"@type\":\"Organization\",\"@id\":\"https:\\\/\\\/libwomenstore.com\\\/en\\\/#organization\",\"name\":\"Lib Women Store\",\"url\":\"https:\\\/\\\/libwomenstore.com\\\/en\\\/\",\"logo\":{\"@type\":\"ImageObject\",\"inLanguage\":\"en-US\",\"@id\":\"https:\\\/\\\/libwomenstore.com\\\/en\\\/#\\\/schema\\\/logo\\\/image\\\/\",\"url\":\"https:\\\/\\\/libwomenstore.com\\\/wp-content\\\/uploads\\\/2024\\\/05\\\/cropped-LIB-logo-A.png\",\"contentUrl\":\"https:\\\/\\\/libwomenstore.com\\\/wp-content\\\/uploads\\\/2024\\\/05\\\/cropped-LIB-logo-A.png\",\"width\":512,\"height\":512,\"caption\":\"Lib Women Store\"},\"image\":{\"@id\":\"https:\\\/\\\/libwomenstore.com\\\/en\\\/#\\\/schema\\\/logo\\\/image\\\/\"},\"sameAs\":[\"https:\\\/\\\/www.facebook.com\\\/libwomenstore\"]}]}<\/script>\n<meta property=\"product:price:amount\" content=\"36500\" \/>\n<meta property=\"product:price:currency\" content=\"HUF\" \/>\n<meta property=\"og:availability\" content=\"out of stock\" \/>\n<meta property=\"product:availability\" content=\"out of stock\" \/>\n<meta property=\"product:condition\" content=\"new\" \/>\n<!-- \/ Yoast SEO Premium plugin. -->","yoast_head_json":{"title":"HONEY PLAY BOX Terri - Lib Women&#039;s Store","description":"Terri is an amazing bunny offering 3 point stimulation. 2 internal and a clitoral stimulation for your most intense orgasm!","robots":{"index":"index","follow":"follow","max-snippet":"max-snippet:-1","max-image-preview":"max-image-preview:large","max-video-preview":"max-video-preview:-1"},"canonical":"https:\/\/libwomenstore.com\/en\/product\/vibrators\/honey-play-box-terri-bunny-vibrator\/","og_locale":"en_US","og_type":"article","og_title":"HONEY PLAY BOX Terri","og_description":"Terri is an amazing bunny offering 3 point stimulation. 2 internal and a clitoral stimulation for your most intense orgasm!","og_url":"https:\/\/libwomenstore.com\/en\/product\/vibrators\/honey-play-box-terri-bunny-vibrator\/","og_site_name":"Lib Women&#039;s Store","article_publisher":"https:\/\/www.facebook.com\/libwomenstore","article_modified_time":"2025-05-28T15:18:18+00:00","og_image":[{"width":500,"height":500,"url":"https:\/\/libwomenstore.com\/wp-content\/uploads\/2025\/05\/honey-play-box-terri-3-az-egyben-nyuszi.jpg","type":"image\/jpeg"}],"twitter_card":"summary_large_image","twitter_misc":{"Price":"36.500&#70;&#116;","Availability":"Out of stock"},"schema":{"@context":"https:\/\/schema.org","@graph":[{"@type":["WebPage","ItemPage"],"@id":"https:\/\/libwomenstore.com\/en\/product\/vibrators\/honey-play-box-terri-bunny-vibrator\/","url":"https:\/\/libwomenstore.com\/en\/product\/vibrators\/honey-play-box-terri-bunny-vibrator\/","name":"HONEY PLAY BOX Terri - Lib Women&#039;s Store","isPartOf":{"@id":"https:\/\/libwomenstore.com\/en\/#website"},"primaryImageOfPage":{"@id":"https:\/\/libwomenstore.com\/en\/product\/vibrators\/honey-play-box-terri-bunny-vibrator\/#primaryimage"},"image":{"@id":"https:\/\/libwomenstore.com\/en\/product\/vibrators\/honey-play-box-terri-bunny-vibrator\/#primaryimage"},"thumbnailUrl":"https:\/\/libwomenstore.com\/wp-content\/uploads\/2025\/05\/honey-play-box-terri-3-az-egyben-nyuszi.jpg","datePublished":"2025-05-20T16:27:57+00:00","dateModified":"2025-05-28T15:18:18+00:00","description":"Terri is an amazing bunny offering 3 point stimulation. 2 internal and a clitoral stimulation for your most intense orgasm!","breadcrumb":{"@id":"https:\/\/libwomenstore.com\/en\/product\/vibrators\/honey-play-box-terri-bunny-vibrator\/#breadcrumb"},"inLanguage":"en-US","potentialAction":[{"@type":"ReadAction","target":["https:\/\/libwomenstore.com\/en\/product\/vibrators\/honey-play-box-terri-bunny-vibrator\/"]}]},{"@type":"ImageObject","inLanguage":"en-US","@id":"https:\/\/libwomenstore.com\/en\/product\/vibrators\/honey-play-box-terri-bunny-vibrator\/#primaryimage","url":"https:\/\/libwomenstore.com\/wp-content\/uploads\/2025\/05\/honey-play-box-terri-3-az-egyben-nyuszi.jpg","contentUrl":"https:\/\/libwomenstore.com\/wp-content\/uploads\/2025\/05\/honey-play-box-terri-3-az-egyben-nyuszi.jpg","width":500,"height":500,"caption":"Honey Play Box Terri Nyuszi vibr\u00e1tor egyed\u00fcl\u00e1ll\u00f3 \u00fct\u00f6get\u0151 ujjal"},{"@type":"BreadcrumbList","@id":"https:\/\/libwomenstore.com\/en\/product\/vibrators\/honey-play-box-terri-bunny-vibrator\/#breadcrumb","itemListElement":[{"@type":"ListItem","position":1,"name":"Kezd\u0151lap","item":"https:\/\/libwomenstore.com\/en\/"},{"@type":"ListItem","position":2,"name":"Shop Home Page &#8211; Product categories","item":"https:\/\/libwomenstore.com\/shop-kezdolap-termek-kategoriak\/?lang=en"},{"@type":"ListItem","position":3,"name":"HONEY PLAY BOX Terri"}]},{"@type":"WebSite","@id":"https:\/\/libwomenstore.com\/en\/#website","url":"https:\/\/libwomenstore.com\/en\/","name":"Lib Women Store","description":"Magyarorsz\u00e1g els\u0151 n\u0151kre f\u00f3kusz\u00e1l\u00f3 szexshopja, ahol az eg\u00e9szs\u00e9g ugyanolyan fontos, mint az \u00e9lvezetek.","publisher":{"@id":"https:\/\/libwomenstore.com\/en\/#organization"},"alternateName":"Lib","potentialAction":[{"@type":"SearchAction","target":{"@type":"EntryPoint","urlTemplate":"https:\/\/libwomenstore.com\/en\/?s={search_term_string}"},"query-input":{"@type":"PropertyValueSpecification","valueRequired":true,"valueName":"search_term_string"}}],"inLanguage":"en-US"},{"@type":"Organization","@id":"https:\/\/libwomenstore.com\/en\/#organization","name":"Lib Women Store","url":"https:\/\/libwomenstore.com\/en\/","logo":{"@type":"ImageObject","inLanguage":"en-US","@id":"https:\/\/libwomenstore.com\/en\/#\/schema\/logo\/image\/","url":"https:\/\/libwomenstore.com\/wp-content\/uploads\/2024\/05\/cropped-LIB-logo-A.png","contentUrl":"https:\/\/libwomenstore.com\/wp-content\/uploads\/2024\/05\/cropped-LIB-logo-A.png","width":512,"height":512,"caption":"Lib Women Store"},"image":{"@id":"https:\/\/libwomenstore.com\/en\/#\/schema\/logo\/image\/"},"sameAs":["https:\/\/www.facebook.com\/libwomenstore"]}]},"product_price_amount":"36500","product_price_currency":"HUF","og_availability":"out of stock","product_availability":"out of stock","product_condition":"new"},"_links":{"self":[{"href":"https:\/\/libwomenstore.com\/en\/wp-json\/wp\/v2\/product\/31725","targetHints":{"allow":["GET"]}}],"collection":[{"href":"https:\/\/libwomenstore.com\/en\/wp-json\/wp\/v2\/product"}],"about":[{"href":"https:\/\/libwomenstore.com\/en\/wp-json\/wp\/v2\/types\/product"}],"replies":[{"embeddable":true,"href":"https:\/\/libwomenstore.com\/en\/wp-json\/wp\/v2\/comments?post=31725"}],"wp:featuredmedia":[{"embeddable":true,"href":"https:\/\/libwomenstore.com\/en\/wp-json\/wp\/v2\/media\/31660"}],"wp:attachment":[{"href":"https:\/\/libwomenstore.com\/en\/wp-json\/wp\/v2\/media?parent=31725"}],"wp:term":[{"taxonomy":"product_brand","embeddable":true,"href":"https:\/\/libwomenstore.com\/en\/wp-json\/wp\/v2\/product_brand?post=31725"},{"taxonomy":"product_cat","embeddable":true,"href":"https:\/\/libwomenstore.com\/en\/wp-json\/wp\/v2\/product_cat?post=31725"},{"taxonomy":"product_tag","embeddable":true,"href":"https:\/\/libwomenstore.com\/en\/wp-json\/wp\/v2\/product_tag?post=31725"}],"curies":[{"name":"wp","href":"https:\/\/api.w.org\/{rel}","templated":true}]}}