{"id":31727,"date":"2025-05-20T18:09:57","date_gmt":"2025-05-20T16:09:57","guid":{"rendered":"https:\/\/libwomenstore.com\/?post_type=product&#038;p=31727"},"modified":"2025-05-28T17:22:02","modified_gmt":"2025-05-28T15:22:02","slug":"honey-play-boy-the-naughty-collection-vibrators","status":"publish","type":"product","link":"https:\/\/libwomenstore.com\/en\/product\/g-spot\/honey-play-boy-the-naughty-collection-vibrators\/","title":{"rendered":"HONEY PLAY BOX The Naughty Collection"},"content":{"rendered":"<p style=\"text-align: center;\"><strong>Specialty<\/strong><\/p>\n<p style=\"text-align: center;\">5 Vibration Patterns: With 5 vibration modes, this interchangeable head vibrator allows you to personalize your pleasure. Each mode creates seductive sensations in your clitoris or G-spot, leading to an extraordinary orgasm, every time!<\/p>\n<p style=\"text-align: center;\">3 Adjustable Strengths: With 3 adjustable vibration intensities, this versatile vibrator allows you to control the strength of each pattern, for an even more personalized experience that suits your mood and desires. Whether you want a gentle pampering or a more intense sensation, it&#8217;s a good choice for every occasion!<\/p>\n<p style=\"text-align: center;\">Silky smooth and soft silicone: Made of body-friendly silicone, all accessories have a soft and velvety touch, ensuring comfort during use and easy cleaning.<\/p>\n<p style=\"text-align: center;\">Waterproof: These vibrators are also waterproof, so you can use them worry-free in the shower, bathtub or pool without the risk of damage.<\/p>\n<p style=\"text-align: center;\">Wireless USB Charging: Charging these vibrators is a breeze, simply detach the base and plug it into a wall outlet, laptop, portable charger or computer. This user-friendly design provides endless pleasure while also being an eco-friendly choice.<\/p>\n<p style=\"text-align: center;\">Change the mood, change the pleasure!<\/p>\n<p style=\"text-align: center;\">Switch to a different accessory for your clitoris or G-spot and enhance the pleasure at any time! Experience two types of pleasure at once!<\/p>\n<p style=\"text-align: center;\">This package includes a rabbit-shaped head for clitoral stimulation and a curved head for G-spot massage. Its tiny body is travel-friendly and perfect for bringing pleasure during any business trip!<\/p>\n<p style=\"text-align: center;\"><strong>Tip<\/strong><\/p>\n<p style=\"text-align: center;\">These little companions are perfect for a holiday or business trips, so you can easily take them with you.<\/p>\n<p style=\"text-align: center;\"><strong>Feature<\/strong><\/p>\n<p style=\"text-align: center;\">Interchangeable heads<br \/>\nWireless charging<br \/>\nDiscreet design<br \/>\nHigh quality, body-friendly material<br \/>\nWaterproof design<\/p>\n<p style=\"text-align: center;\">Material: ABS, Silicone, Aluminum alloy<br \/>\nSize: Device: 15.1 cm * 2.7 cm; Detachable: 11.7 cm * 2.7 cm<\/p>\n<p style=\"text-align: center;\">Net weight: Device: 81.6 g<\/p>\n<p style=\"text-align: center;\">Noise level: \u226450 dB<br \/>\nCharging time: 2 hours<br \/>\nUsage time: 1 hour<br \/>\nModes: 5 vibration patterns, 3 intensity levels<br \/>\nBattery type: Rechargeable lithium-ion<br \/>\nWater resistance: IPX6<\/p>\n<p style=\"text-align: center;\"><strong>Use &amp; Cleaning<\/strong><\/p>\n<p style=\"text-align: center;\">We recommend using a special, body-friendly toy cleaner. These sprays are specifically designed to clean sex toys before and after use, ensuring your health and the durability of your toy, as they do not contain ingredients that can corrode or damage plastic or silicone.<\/p>\n<p style=\"text-align: center;\">If you don&#8217;t have any on hand, you can also clean your toy with unscented and dye-free soap and lukewarm water before and after each use!<\/p>\n<p style=\"text-align: center;\">Use only with water-based lubricant, do not use oils or silicone-based lubricants!<\/p>\n<p>&nbsp;<\/p>\n","protected":false},"excerpt":{"rendered":"<p>Two in one! These vibrators with interchangeable heads will satisfy your every desire! Each package includes two separate, interchangeable heads that offer sensational experiences and endless play possibilities<\/p>\n","protected":false},"featured_media":31653,"comment_status":"closed","ping_status":"closed","template":"","meta":{"_et_pb_use_builder":"","_et_pb_old_content":"","_et_gb_content_width":""},"product_brand":[],"product_cat":[322,342,318],"product_tag":[634],"class_list":{"0":"post-31727","1":"product","2":"type-product","3":"status-publish","4":"has-post-thumbnail","6":"product_cat-clitoral-vibrators","7":"product_cat-g-spot","8":"product_cat-vibrators","9":"product_tag-honey-play-box-en","11":"first","12":"outofstock","13":"taxable","14":"shipping-taxable","15":"purchasable","16":"product-type-simple"},"yoast_head":"<!-- This site is optimized with the Yoast SEO Premium plugin v27.4 (Yoast SEO v27.4) - https:\/\/yoast.com\/product\/yoast-seo-premium-wordpress\/ -->\n<title>HONEY PLAY BOX The Naughty Collection - Lib Women&#039;s Store<\/title>\n<meta name=\"description\" content=\"Choose this vibrator pack with 2 interchangeable heads to have the right companion for every situation! With clitoral and G-spot stimulating heads!\" \/>\n<meta name=\"robots\" content=\"index, follow, max-snippet:-1, max-image-preview:large, max-video-preview:-1\" \/>\n<link rel=\"canonical\" href=\"https:\/\/libwomenstore.com\/en\/product\/g-spot\/honey-play-boy-the-naughty-collection-vibrators\/\" \/>\n<meta property=\"og:locale\" content=\"en_US\" \/>\n<meta property=\"og:type\" content=\"article\" \/>\n<meta property=\"og:title\" content=\"HONEY PLAY BOX The Naughty Collection\" \/>\n<meta property=\"og:description\" content=\"Choose this vibrator pack with 2 interchangeable heads to have the right companion for every situation! With clitoral and G-spot stimulating heads!\" \/>\n<meta property=\"og:url\" content=\"https:\/\/libwomenstore.com\/en\/product\/g-spot\/honey-play-boy-the-naughty-collection-vibrators\/\" \/>\n<meta property=\"og:site_name\" content=\"Lib Women&#039;s Store\" \/>\n<meta property=\"article:publisher\" content=\"https:\/\/www.facebook.com\/libwomenstore\" \/>\n<meta property=\"article:modified_time\" content=\"2025-05-28T15:22:02+00:00\" \/>\n<meta property=\"og:image\" content=\"https:\/\/libwomenstore.com\/wp-content\/uploads\/2025\/05\/honey-play-box-the-naughty-collection-csomag.jpg\" \/>\n\t<meta property=\"og:image:width\" content=\"1500\" \/>\n\t<meta property=\"og:image:height\" content=\"1500\" \/>\n\t<meta property=\"og:image:type\" content=\"image\/jpeg\" \/>\n<meta name=\"twitter:card\" content=\"summary_large_image\" \/>\n<meta name=\"twitter:label1\" content=\"Price\" \/>\n\t<meta name=\"twitter:data1\" content=\"24.500&#070;&#116;\" \/>\n\t<meta name=\"twitter:label2\" content=\"Availability\" \/>\n\t<meta name=\"twitter:data2\" content=\"Out of stock\" \/>\n<script type=\"application\/ld+json\" class=\"yoast-schema-graph\">{\"@context\":\"https:\\\/\\\/schema.org\",\"@graph\":[{\"@type\":[\"WebPage\",\"ItemPage\"],\"@id\":\"https:\\\/\\\/libwomenstore.com\\\/en\\\/product\\\/g-spot\\\/honey-play-boy-the-naughty-collection-vibrators\\\/\",\"url\":\"https:\\\/\\\/libwomenstore.com\\\/en\\\/product\\\/g-spot\\\/honey-play-boy-the-naughty-collection-vibrators\\\/\",\"name\":\"HONEY PLAY BOX The Naughty Collection - Lib Women&#039;s Store\",\"isPartOf\":{\"@id\":\"https:\\\/\\\/libwomenstore.com\\\/en\\\/#website\"},\"primaryImageOfPage\":{\"@id\":\"https:\\\/\\\/libwomenstore.com\\\/en\\\/product\\\/g-spot\\\/honey-play-boy-the-naughty-collection-vibrators\\\/#primaryimage\"},\"image\":{\"@id\":\"https:\\\/\\\/libwomenstore.com\\\/en\\\/product\\\/g-spot\\\/honey-play-boy-the-naughty-collection-vibrators\\\/#primaryimage\"},\"thumbnailUrl\":\"https:\\\/\\\/libwomenstore.com\\\/wp-content\\\/uploads\\\/2025\\\/05\\\/honey-play-box-the-naughty-collection-csomag.jpg\",\"datePublished\":\"2025-05-20T16:09:57+00:00\",\"dateModified\":\"2025-05-28T15:22:02+00:00\",\"description\":\"Choose this vibrator pack with 2 interchangeable heads to have the right companion for every situation! With clitoral and G-spot stimulating heads!\",\"breadcrumb\":{\"@id\":\"https:\\\/\\\/libwomenstore.com\\\/en\\\/product\\\/g-spot\\\/honey-play-boy-the-naughty-collection-vibrators\\\/#breadcrumb\"},\"inLanguage\":\"en-US\",\"potentialAction\":[{\"@type\":\"ReadAction\",\"target\":[\"https:\\\/\\\/libwomenstore.com\\\/en\\\/product\\\/g-spot\\\/honey-play-boy-the-naughty-collection-vibrators\\\/\"]}]},{\"@type\":\"ImageObject\",\"inLanguage\":\"en-US\",\"@id\":\"https:\\\/\\\/libwomenstore.com\\\/en\\\/product\\\/g-spot\\\/honey-play-boy-the-naughty-collection-vibrators\\\/#primaryimage\",\"url\":\"https:\\\/\\\/libwomenstore.com\\\/wp-content\\\/uploads\\\/2025\\\/05\\\/honey-play-box-the-naughty-collection-csomag.jpg\",\"contentUrl\":\"https:\\\/\\\/libwomenstore.com\\\/wp-content\\\/uploads\\\/2025\\\/05\\\/honey-play-box-the-naughty-collection-csomag.jpg\",\"width\":1500,\"height\":1500,\"caption\":\"Honey Play Box The Naughty Collection k\u00e9t cser\u00e9lhet\u0151 fejjel a k\u00fcls\u0151 \u00e9s bels\u0151 k\u00e9nyeztet\u00e9s\u00e9rt\"},{\"@type\":\"BreadcrumbList\",\"@id\":\"https:\\\/\\\/libwomenstore.com\\\/en\\\/product\\\/g-spot\\\/honey-play-boy-the-naughty-collection-vibrators\\\/#breadcrumb\",\"itemListElement\":[{\"@type\":\"ListItem\",\"position\":1,\"name\":\"Kezd\u0151lap\",\"item\":\"https:\\\/\\\/libwomenstore.com\\\/en\\\/\"},{\"@type\":\"ListItem\",\"position\":2,\"name\":\"Shop Home Page &#8211; Product categories\",\"item\":\"https:\\\/\\\/libwomenstore.com\\\/shop-kezdolap-termek-kategoriak\\\/?lang=en\"},{\"@type\":\"ListItem\",\"position\":3,\"name\":\"HONEY PLAY BOX The Naughty Collection\"}]},{\"@type\":\"WebSite\",\"@id\":\"https:\\\/\\\/libwomenstore.com\\\/en\\\/#website\",\"url\":\"https:\\\/\\\/libwomenstore.com\\\/en\\\/\",\"name\":\"Lib Women Store\",\"description\":\"Magyarorsz\u00e1g els\u0151 n\u0151kre f\u00f3kusz\u00e1l\u00f3 szexshopja, ahol az eg\u00e9szs\u00e9g ugyanolyan fontos, mint az \u00e9lvezetek.\",\"publisher\":{\"@id\":\"https:\\\/\\\/libwomenstore.com\\\/en\\\/#organization\"},\"alternateName\":\"Lib\",\"potentialAction\":[{\"@type\":\"SearchAction\",\"target\":{\"@type\":\"EntryPoint\",\"urlTemplate\":\"https:\\\/\\\/libwomenstore.com\\\/en\\\/?s={search_term_string}\"},\"query-input\":{\"@type\":\"PropertyValueSpecification\",\"valueRequired\":true,\"valueName\":\"search_term_string\"}}],\"inLanguage\":\"en-US\"},{\"@type\":\"Organization\",\"@id\":\"https:\\\/\\\/libwomenstore.com\\\/en\\\/#organization\",\"name\":\"Lib Women Store\",\"url\":\"https:\\\/\\\/libwomenstore.com\\\/en\\\/\",\"logo\":{\"@type\":\"ImageObject\",\"inLanguage\":\"en-US\",\"@id\":\"https:\\\/\\\/libwomenstore.com\\\/en\\\/#\\\/schema\\\/logo\\\/image\\\/\",\"url\":\"https:\\\/\\\/libwomenstore.com\\\/wp-content\\\/uploads\\\/2024\\\/05\\\/cropped-LIB-logo-A.png\",\"contentUrl\":\"https:\\\/\\\/libwomenstore.com\\\/wp-content\\\/uploads\\\/2024\\\/05\\\/cropped-LIB-logo-A.png\",\"width\":512,\"height\":512,\"caption\":\"Lib Women Store\"},\"image\":{\"@id\":\"https:\\\/\\\/libwomenstore.com\\\/en\\\/#\\\/schema\\\/logo\\\/image\\\/\"},\"sameAs\":[\"https:\\\/\\\/www.facebook.com\\\/libwomenstore\"]}]}<\/script>\n<meta property=\"product:price:amount\" content=\"24500\" \/>\n<meta property=\"product:price:currency\" content=\"HUF\" \/>\n<meta property=\"og:availability\" content=\"out of stock\" \/>\n<meta property=\"product:availability\" content=\"out of stock\" \/>\n<meta property=\"product:condition\" content=\"new\" \/>\n<!-- \/ Yoast SEO Premium plugin. -->","yoast_head_json":{"title":"HONEY PLAY BOX The Naughty Collection - Lib Women&#039;s Store","description":"Choose this vibrator pack with 2 interchangeable heads to have the right companion for every situation! With clitoral and G-spot stimulating heads!","robots":{"index":"index","follow":"follow","max-snippet":"max-snippet:-1","max-image-preview":"max-image-preview:large","max-video-preview":"max-video-preview:-1"},"canonical":"https:\/\/libwomenstore.com\/en\/product\/g-spot\/honey-play-boy-the-naughty-collection-vibrators\/","og_locale":"en_US","og_type":"article","og_title":"HONEY PLAY BOX The Naughty Collection","og_description":"Choose this vibrator pack with 2 interchangeable heads to have the right companion for every situation! With clitoral and G-spot stimulating heads!","og_url":"https:\/\/libwomenstore.com\/en\/product\/g-spot\/honey-play-boy-the-naughty-collection-vibrators\/","og_site_name":"Lib Women&#039;s Store","article_publisher":"https:\/\/www.facebook.com\/libwomenstore","article_modified_time":"2025-05-28T15:22:02+00:00","og_image":[{"width":1500,"height":1500,"url":"https:\/\/libwomenstore.com\/wp-content\/uploads\/2025\/05\/honey-play-box-the-naughty-collection-csomag.jpg","type":"image\/jpeg"}],"twitter_card":"summary_large_image","twitter_misc":{"Price":"24.500&#70;&#116;","Availability":"Out of stock"},"schema":{"@context":"https:\/\/schema.org","@graph":[{"@type":["WebPage","ItemPage"],"@id":"https:\/\/libwomenstore.com\/en\/product\/g-spot\/honey-play-boy-the-naughty-collection-vibrators\/","url":"https:\/\/libwomenstore.com\/en\/product\/g-spot\/honey-play-boy-the-naughty-collection-vibrators\/","name":"HONEY PLAY BOX The Naughty Collection - Lib Women&#039;s Store","isPartOf":{"@id":"https:\/\/libwomenstore.com\/en\/#website"},"primaryImageOfPage":{"@id":"https:\/\/libwomenstore.com\/en\/product\/g-spot\/honey-play-boy-the-naughty-collection-vibrators\/#primaryimage"},"image":{"@id":"https:\/\/libwomenstore.com\/en\/product\/g-spot\/honey-play-boy-the-naughty-collection-vibrators\/#primaryimage"},"thumbnailUrl":"https:\/\/libwomenstore.com\/wp-content\/uploads\/2025\/05\/honey-play-box-the-naughty-collection-csomag.jpg","datePublished":"2025-05-20T16:09:57+00:00","dateModified":"2025-05-28T15:22:02+00:00","description":"Choose this vibrator pack with 2 interchangeable heads to have the right companion for every situation! With clitoral and G-spot stimulating heads!","breadcrumb":{"@id":"https:\/\/libwomenstore.com\/en\/product\/g-spot\/honey-play-boy-the-naughty-collection-vibrators\/#breadcrumb"},"inLanguage":"en-US","potentialAction":[{"@type":"ReadAction","target":["https:\/\/libwomenstore.com\/en\/product\/g-spot\/honey-play-boy-the-naughty-collection-vibrators\/"]}]},{"@type":"ImageObject","inLanguage":"en-US","@id":"https:\/\/libwomenstore.com\/en\/product\/g-spot\/honey-play-boy-the-naughty-collection-vibrators\/#primaryimage","url":"https:\/\/libwomenstore.com\/wp-content\/uploads\/2025\/05\/honey-play-box-the-naughty-collection-csomag.jpg","contentUrl":"https:\/\/libwomenstore.com\/wp-content\/uploads\/2025\/05\/honey-play-box-the-naughty-collection-csomag.jpg","width":1500,"height":1500,"caption":"Honey Play Box The Naughty Collection k\u00e9t cser\u00e9lhet\u0151 fejjel a k\u00fcls\u0151 \u00e9s bels\u0151 k\u00e9nyeztet\u00e9s\u00e9rt"},{"@type":"BreadcrumbList","@id":"https:\/\/libwomenstore.com\/en\/product\/g-spot\/honey-play-boy-the-naughty-collection-vibrators\/#breadcrumb","itemListElement":[{"@type":"ListItem","position":1,"name":"Kezd\u0151lap","item":"https:\/\/libwomenstore.com\/en\/"},{"@type":"ListItem","position":2,"name":"Shop Home Page &#8211; Product categories","item":"https:\/\/libwomenstore.com\/shop-kezdolap-termek-kategoriak\/?lang=en"},{"@type":"ListItem","position":3,"name":"HONEY PLAY BOX The Naughty Collection"}]},{"@type":"WebSite","@id":"https:\/\/libwomenstore.com\/en\/#website","url":"https:\/\/libwomenstore.com\/en\/","name":"Lib Women Store","description":"Magyarorsz\u00e1g els\u0151 n\u0151kre f\u00f3kusz\u00e1l\u00f3 szexshopja, ahol az eg\u00e9szs\u00e9g ugyanolyan fontos, mint az \u00e9lvezetek.","publisher":{"@id":"https:\/\/libwomenstore.com\/en\/#organization"},"alternateName":"Lib","potentialAction":[{"@type":"SearchAction","target":{"@type":"EntryPoint","urlTemplate":"https:\/\/libwomenstore.com\/en\/?s={search_term_string}"},"query-input":{"@type":"PropertyValueSpecification","valueRequired":true,"valueName":"search_term_string"}}],"inLanguage":"en-US"},{"@type":"Organization","@id":"https:\/\/libwomenstore.com\/en\/#organization","name":"Lib Women Store","url":"https:\/\/libwomenstore.com\/en\/","logo":{"@type":"ImageObject","inLanguage":"en-US","@id":"https:\/\/libwomenstore.com\/en\/#\/schema\/logo\/image\/","url":"https:\/\/libwomenstore.com\/wp-content\/uploads\/2024\/05\/cropped-LIB-logo-A.png","contentUrl":"https:\/\/libwomenstore.com\/wp-content\/uploads\/2024\/05\/cropped-LIB-logo-A.png","width":512,"height":512,"caption":"Lib Women Store"},"image":{"@id":"https:\/\/libwomenstore.com\/en\/#\/schema\/logo\/image\/"},"sameAs":["https:\/\/www.facebook.com\/libwomenstore"]}]},"product_price_amount":"24500","product_price_currency":"HUF","og_availability":"out of stock","product_availability":"out of stock","product_condition":"new"},"_links":{"self":[{"href":"https:\/\/libwomenstore.com\/en\/wp-json\/wp\/v2\/product\/31727","targetHints":{"allow":["GET"]}}],"collection":[{"href":"https:\/\/libwomenstore.com\/en\/wp-json\/wp\/v2\/product"}],"about":[{"href":"https:\/\/libwomenstore.com\/en\/wp-json\/wp\/v2\/types\/product"}],"replies":[{"embeddable":true,"href":"https:\/\/libwomenstore.com\/en\/wp-json\/wp\/v2\/comments?post=31727"}],"wp:featuredmedia":[{"embeddable":true,"href":"https:\/\/libwomenstore.com\/en\/wp-json\/wp\/v2\/media\/31653"}],"wp:attachment":[{"href":"https:\/\/libwomenstore.com\/en\/wp-json\/wp\/v2\/media?parent=31727"}],"wp:term":[{"taxonomy":"product_brand","embeddable":true,"href":"https:\/\/libwomenstore.com\/en\/wp-json\/wp\/v2\/product_brand?post=31727"},{"taxonomy":"product_cat","embeddable":true,"href":"https:\/\/libwomenstore.com\/en\/wp-json\/wp\/v2\/product_cat?post=31727"},{"taxonomy":"product_tag","embeddable":true,"href":"https:\/\/libwomenstore.com\/en\/wp-json\/wp\/v2\/product_tag?post=31727"}],"curies":[{"name":"wp","href":"https:\/\/api.w.org\/{rel}","templated":true}]}}