{"id":31729,"date":"2025-05-20T17:32:04","date_gmt":"2025-05-20T15:32:04","guid":{"rendered":"https:\/\/libwomenstore.com\/termek\/uncategorized\/honey-play-box-trill\/"},"modified":"2025-06-26T12:29:49","modified_gmt":"2025-06-26T10:29:49","slug":"honey-play-box-trill","status":"publish","type":"product","link":"https:\/\/libwomenstore.com\/en\/product\/g-spot\/honey-play-box-trill\/","title":{"rendered":"HONEY PLAY BOX Trill"},"content":{"rendered":"<p style=\"text-align: center;\">Trill&#8217;s innovative design hides amazing textures and vibrations, precisely targeting your G-spot and clitoris!<\/p>\n<p style=\"text-align: center;\"><strong>Speciality<\/strong><\/p>\n<p style=\"text-align: center;\">Take control of every sound!<\/p>\n<p style=\"text-align: center;\">Due to the Trill&#8217;s extra quiet design, the only sound you need to listen to is your moans!<\/p>\n<p style=\"text-align: center;\">Trill hypnotizes the G-spot with 9 vibration modes. Feel your pleasure intensify again and again and enjoy every moment from soft caresses to powerful movements!<\/p>\n<p style=\"text-align: center;\">Pressure for pleasure<\/p>\n<p style=\"text-align: center;\">Squeeze Trill&#8217;s ball and your vaginal muscles will go into ecstasy. Dance to its vibrations with every move. The more pressure, the better the orgasm!<\/p>\n<p style=\"text-align: center;\">The ergonomic, curved base massages the clitoris with wonderful vibrations, allowing even first-time users to experience amazing orgasms!<\/p>\n<p style=\"text-align: center;\">Discover the next generation of pleasure!<\/p>\n<p style=\"text-align: center;\">Welcome to the future with the HoneyPlayBox app! Discover endless personalized control, long-distance interaction, and innovative features like pressure sensing and voice commands, all just a click away!<\/p>\n<p>&nbsp;<\/p>\n<p style=\"text-align: center;\"><strong>Tip<\/strong><\/p>\n<p style=\"text-align: center;\">Take it with you on solo and couple trips, it won&#8217;t let you down in any situation!<\/p>\n<p>&nbsp;<\/p>\n<p style=\"text-align: center;\"><strong>Features<\/strong><\/p>\n<p style=\"text-align: center;\">Pressure sensor that responds to muscle contractions<br \/>\nComfortable to wear<br \/>\nHoney Play Box app compatible<br \/>\nG-spot and clitoral mixed pleasure<br \/>\nExtra quiet yet powerful vibrations<\/p>\n<p style=\"text-align: center;\">Material: Liquid Silicone + ABS<br \/>\nDimension: 117.8 mm * 85 mm * 41.9 mm<br \/>\nWeight: 99.9 g<br \/>\nNoise Level &lt;50 dB<br \/>\nBattery type: Rechargeable lithium-ion<br \/>\nCharging time: 1.5 hours<br \/>\nPlaytime: 55 minutes<br \/>\nModes: 9 vibration modes<br \/>\nWater resistance: IPX7<\/p>\n<p style=\"text-align: center;\"><strong>Usage &amp; Cleaning<\/strong><\/p>\n<p style=\"text-align: center;\">We recommend using a special, body-friendly toy cleaner. These sprays are specifically designed to clean sex toys before and after use, ensuring your health and the durability of your toy, as they do not contain ingredients that can corrode or damage plastic or silicone.<\/p>\n<p style=\"text-align: center;\">If you don&#8217;t have it on hand, you can also clean the toy with fragrance-free and dye-free soap and lukewarm water before and after each use!<\/p>\n<p style=\"text-align: center;\">Use only with water-based lubricant, do not use oils or silicone-based lubricants!<\/p>\n","protected":false},"excerpt":{"rendered":"<p>Wear Trill and take the rumbling fun outdoors with you! Enjoy discreet orgasms and the thrill of secret public play!<\/p>\n","protected":false},"featured_media":31639,"comment_status":"closed","ping_status":"closed","template":"","meta":{"_et_pb_use_builder":"","_et_pb_old_content":"","_et_gb_content_width":""},"product_brand":[],"product_cat":[352,322,355,342,318,343],"product_tag":[567,495,634,639],"class_list":{"0":"post-31729","1":"product","2":"type-product","3":"status-publish","4":"has-post-thumbnail","6":"product_cat-bunnies","7":"product_cat-clitoral-vibrators","8":"product_cat-couple","9":"product_cat-g-spot","10":"product_cat-vibrators","11":"product_cat-wearable","12":"product_tag-app-en","13":"product_tag-couples","14":"product_tag-honey-play-box-en","15":"product_tag-pressure-sensor","17":"first","18":"outofstock","19":"taxable","20":"shipping-taxable","21":"purchasable","22":"product-type-simple"},"yoast_head":"<!-- This site is optimized with the Yoast SEO Premium plugin v27.5 (Yoast SEO v27.5) - https:\/\/yoast.com\/product\/yoast-seo-premium-wordpress\/ -->\n<title>HONEY PLAY BOX Trill - Lib Women&#039;s Store<\/title>\n<meta name=\"description\" content=\"Try the smart Trill if you want both external and internal stimulation at the same time! That&#039;s not all, Trill goes with you anywhere, thanks to its wearable design!\" \/>\n<meta name=\"robots\" content=\"index, follow, max-snippet:-1, max-image-preview:large, max-video-preview:-1\" \/>\n<link rel=\"canonical\" href=\"https:\/\/libwomenstore.com\/en\/product\/g-spot\/honey-play-box-trill\/\" \/>\n<meta property=\"og:locale\" content=\"en_US\" \/>\n<meta property=\"og:type\" content=\"article\" \/>\n<meta property=\"og:title\" content=\"HONEY PLAY BOX Trill\" \/>\n<meta property=\"og:description\" content=\"Try the smart Trill if you want both external and internal stimulation at the same time! That&#039;s not all, Trill goes with you anywhere, thanks to its wearable design!\" \/>\n<meta property=\"og:url\" content=\"https:\/\/libwomenstore.com\/en\/product\/g-spot\/honey-play-box-trill\/\" \/>\n<meta property=\"og:site_name\" content=\"Lib Women&#039;s Store\" \/>\n<meta property=\"article:publisher\" content=\"https:\/\/www.facebook.com\/libwomenstore\" \/>\n<meta property=\"article:modified_time\" content=\"2025-06-26T10:29:49+00:00\" \/>\n<meta property=\"og:image\" content=\"https:\/\/libwomenstore.com\/wp-content\/uploads\/2025\/05\/honey-play-box-trill.jpg\" \/>\n\t<meta property=\"og:image:width\" content=\"1500\" \/>\n\t<meta property=\"og:image:height\" content=\"1500\" \/>\n\t<meta property=\"og:image:type\" content=\"image\/jpeg\" \/>\n<meta name=\"twitter:card\" content=\"summary_large_image\" \/>\n<meta name=\"twitter:label1\" content=\"Price\" \/>\n\t<meta name=\"twitter:data1\" content=\"36.500&#070;&#116;\" \/>\n\t<meta name=\"twitter:label2\" content=\"Availability\" \/>\n\t<meta name=\"twitter:data2\" content=\"Out of stock\" \/>\n<script type=\"application\/ld+json\" class=\"yoast-schema-graph\">{\"@context\":\"https:\\\/\\\/schema.org\",\"@graph\":[{\"@type\":[\"WebPage\",\"ItemPage\"],\"@id\":\"https:\\\/\\\/libwomenstore.com\\\/en\\\/product\\\/g-spot\\\/honey-play-box-trill\\\/\",\"url\":\"https:\\\/\\\/libwomenstore.com\\\/en\\\/product\\\/g-spot\\\/honey-play-box-trill\\\/\",\"name\":\"HONEY PLAY BOX Trill - Lib Women&#039;s Store\",\"isPartOf\":{\"@id\":\"https:\\\/\\\/libwomenstore.com\\\/en\\\/#website\"},\"primaryImageOfPage\":{\"@id\":\"https:\\\/\\\/libwomenstore.com\\\/en\\\/product\\\/g-spot\\\/honey-play-box-trill\\\/#primaryimage\"},\"image\":{\"@id\":\"https:\\\/\\\/libwomenstore.com\\\/en\\\/product\\\/g-spot\\\/honey-play-box-trill\\\/#primaryimage\"},\"thumbnailUrl\":\"https:\\\/\\\/libwomenstore.com\\\/wp-content\\\/uploads\\\/2025\\\/05\\\/honey-play-box-trill.jpg\",\"datePublished\":\"2025-05-20T15:32:04+00:00\",\"dateModified\":\"2025-06-26T10:29:49+00:00\",\"description\":\"Try the smart Trill if you want both external and internal stimulation at the same time! That's not all, Trill goes with you anywhere, thanks to its wearable design!\",\"breadcrumb\":{\"@id\":\"https:\\\/\\\/libwomenstore.com\\\/en\\\/product\\\/g-spot\\\/honey-play-box-trill\\\/#breadcrumb\"},\"inLanguage\":\"en-US\",\"potentialAction\":[{\"@type\":\"ReadAction\",\"target\":[\"https:\\\/\\\/libwomenstore.com\\\/en\\\/product\\\/g-spot\\\/honey-play-box-trill\\\/\"]}]},{\"@type\":\"ImageObject\",\"inLanguage\":\"en-US\",\"@id\":\"https:\\\/\\\/libwomenstore.com\\\/en\\\/product\\\/g-spot\\\/honey-play-box-trill\\\/#primaryimage\",\"url\":\"https:\\\/\\\/libwomenstore.com\\\/wp-content\\\/uploads\\\/2025\\\/05\\\/honey-play-box-trill.jpg\",\"contentUrl\":\"https:\\\/\\\/libwomenstore.com\\\/wp-content\\\/uploads\\\/2025\\\/05\\\/honey-play-box-trill.jpg\",\"width\":1500,\"height\":1500,\"caption\":\"Honey Play Box Trill hordhat\u00f3 vibr\u00e1tor k\u00fcls\u0151 \u00e9s bels\u0151 stimul\u00e1l\u00e1sra\"},{\"@type\":\"BreadcrumbList\",\"@id\":\"https:\\\/\\\/libwomenstore.com\\\/en\\\/product\\\/g-spot\\\/honey-play-box-trill\\\/#breadcrumb\",\"itemListElement\":[{\"@type\":\"ListItem\",\"position\":1,\"name\":\"Kezd\u0151lap\",\"item\":\"https:\\\/\\\/libwomenstore.com\\\/en\\\/\"},{\"@type\":\"ListItem\",\"position\":2,\"name\":\"Shop Home Page &#8211; Product categories\",\"item\":\"https:\\\/\\\/libwomenstore.com\\\/shop-kezdolap-termek-kategoriak\\\/?lang=en\"},{\"@type\":\"ListItem\",\"position\":3,\"name\":\"HONEY PLAY BOX Trill\"}]},{\"@type\":\"WebSite\",\"@id\":\"https:\\\/\\\/libwomenstore.com\\\/en\\\/#website\",\"url\":\"https:\\\/\\\/libwomenstore.com\\\/en\\\/\",\"name\":\"Lib Women Store\",\"description\":\"Magyarorsz\u00e1g els\u0151 n\u0151kre f\u00f3kusz\u00e1l\u00f3 szexshopja, ahol az eg\u00e9szs\u00e9g ugyanolyan fontos, mint az \u00e9lvezetek.\",\"publisher\":{\"@id\":\"https:\\\/\\\/libwomenstore.com\\\/en\\\/#organization\"},\"alternateName\":\"Lib\",\"potentialAction\":[{\"@type\":\"SearchAction\",\"target\":{\"@type\":\"EntryPoint\",\"urlTemplate\":\"https:\\\/\\\/libwomenstore.com\\\/en\\\/?s={search_term_string}\"},\"query-input\":{\"@type\":\"PropertyValueSpecification\",\"valueRequired\":true,\"valueName\":\"search_term_string\"}}],\"inLanguage\":\"en-US\"},{\"@type\":\"Organization\",\"@id\":\"https:\\\/\\\/libwomenstore.com\\\/en\\\/#organization\",\"name\":\"Lib Women Store\",\"url\":\"https:\\\/\\\/libwomenstore.com\\\/en\\\/\",\"logo\":{\"@type\":\"ImageObject\",\"inLanguage\":\"en-US\",\"@id\":\"https:\\\/\\\/libwomenstore.com\\\/en\\\/#\\\/schema\\\/logo\\\/image\\\/\",\"url\":\"https:\\\/\\\/libwomenstore.com\\\/wp-content\\\/uploads\\\/2024\\\/05\\\/cropped-LIB-logo-A.png\",\"contentUrl\":\"https:\\\/\\\/libwomenstore.com\\\/wp-content\\\/uploads\\\/2024\\\/05\\\/cropped-LIB-logo-A.png\",\"width\":512,\"height\":512,\"caption\":\"Lib Women Store\"},\"image\":{\"@id\":\"https:\\\/\\\/libwomenstore.com\\\/en\\\/#\\\/schema\\\/logo\\\/image\\\/\"},\"sameAs\":[\"https:\\\/\\\/www.facebook.com\\\/libwomenstore\"]}]}<\/script>\n<meta property=\"product:price:amount\" content=\"36500\" \/>\n<meta property=\"product:price:currency\" content=\"HUF\" \/>\n<meta property=\"og:availability\" content=\"out of stock\" \/>\n<meta property=\"product:availability\" content=\"out of stock\" \/>\n<meta property=\"product:condition\" content=\"new\" \/>\n<!-- \/ Yoast SEO Premium plugin. -->","yoast_head_json":{"title":"HONEY PLAY BOX Trill - Lib Women&#039;s Store","description":"Try the smart Trill if you want both external and internal stimulation at the same time! That's not all, Trill goes with you anywhere, thanks to its wearable design!","robots":{"index":"index","follow":"follow","max-snippet":"max-snippet:-1","max-image-preview":"max-image-preview:large","max-video-preview":"max-video-preview:-1"},"canonical":"https:\/\/libwomenstore.com\/en\/product\/g-spot\/honey-play-box-trill\/","og_locale":"en_US","og_type":"article","og_title":"HONEY PLAY BOX Trill","og_description":"Try the smart Trill if you want both external and internal stimulation at the same time! That's not all, Trill goes with you anywhere, thanks to its wearable design!","og_url":"https:\/\/libwomenstore.com\/en\/product\/g-spot\/honey-play-box-trill\/","og_site_name":"Lib Women&#039;s Store","article_publisher":"https:\/\/www.facebook.com\/libwomenstore","article_modified_time":"2025-06-26T10:29:49+00:00","og_image":[{"width":1500,"height":1500,"url":"https:\/\/libwomenstore.com\/wp-content\/uploads\/2025\/05\/honey-play-box-trill.jpg","type":"image\/jpeg"}],"twitter_card":"summary_large_image","twitter_misc":{"Price":"36.500&#70;&#116;","Availability":"Out of stock"},"schema":{"@context":"https:\/\/schema.org","@graph":[{"@type":["WebPage","ItemPage"],"@id":"https:\/\/libwomenstore.com\/en\/product\/g-spot\/honey-play-box-trill\/","url":"https:\/\/libwomenstore.com\/en\/product\/g-spot\/honey-play-box-trill\/","name":"HONEY PLAY BOX Trill - Lib Women&#039;s Store","isPartOf":{"@id":"https:\/\/libwomenstore.com\/en\/#website"},"primaryImageOfPage":{"@id":"https:\/\/libwomenstore.com\/en\/product\/g-spot\/honey-play-box-trill\/#primaryimage"},"image":{"@id":"https:\/\/libwomenstore.com\/en\/product\/g-spot\/honey-play-box-trill\/#primaryimage"},"thumbnailUrl":"https:\/\/libwomenstore.com\/wp-content\/uploads\/2025\/05\/honey-play-box-trill.jpg","datePublished":"2025-05-20T15:32:04+00:00","dateModified":"2025-06-26T10:29:49+00:00","description":"Try the smart Trill if you want both external and internal stimulation at the same time! That's not all, Trill goes with you anywhere, thanks to its wearable design!","breadcrumb":{"@id":"https:\/\/libwomenstore.com\/en\/product\/g-spot\/honey-play-box-trill\/#breadcrumb"},"inLanguage":"en-US","potentialAction":[{"@type":"ReadAction","target":["https:\/\/libwomenstore.com\/en\/product\/g-spot\/honey-play-box-trill\/"]}]},{"@type":"ImageObject","inLanguage":"en-US","@id":"https:\/\/libwomenstore.com\/en\/product\/g-spot\/honey-play-box-trill\/#primaryimage","url":"https:\/\/libwomenstore.com\/wp-content\/uploads\/2025\/05\/honey-play-box-trill.jpg","contentUrl":"https:\/\/libwomenstore.com\/wp-content\/uploads\/2025\/05\/honey-play-box-trill.jpg","width":1500,"height":1500,"caption":"Honey Play Box Trill hordhat\u00f3 vibr\u00e1tor k\u00fcls\u0151 \u00e9s bels\u0151 stimul\u00e1l\u00e1sra"},{"@type":"BreadcrumbList","@id":"https:\/\/libwomenstore.com\/en\/product\/g-spot\/honey-play-box-trill\/#breadcrumb","itemListElement":[{"@type":"ListItem","position":1,"name":"Kezd\u0151lap","item":"https:\/\/libwomenstore.com\/en\/"},{"@type":"ListItem","position":2,"name":"Shop Home Page &#8211; Product categories","item":"https:\/\/libwomenstore.com\/shop-kezdolap-termek-kategoriak\/?lang=en"},{"@type":"ListItem","position":3,"name":"HONEY PLAY BOX Trill"}]},{"@type":"WebSite","@id":"https:\/\/libwomenstore.com\/en\/#website","url":"https:\/\/libwomenstore.com\/en\/","name":"Lib Women Store","description":"Magyarorsz\u00e1g els\u0151 n\u0151kre f\u00f3kusz\u00e1l\u00f3 szexshopja, ahol az eg\u00e9szs\u00e9g ugyanolyan fontos, mint az \u00e9lvezetek.","publisher":{"@id":"https:\/\/libwomenstore.com\/en\/#organization"},"alternateName":"Lib","potentialAction":[{"@type":"SearchAction","target":{"@type":"EntryPoint","urlTemplate":"https:\/\/libwomenstore.com\/en\/?s={search_term_string}"},"query-input":{"@type":"PropertyValueSpecification","valueRequired":true,"valueName":"search_term_string"}}],"inLanguage":"en-US"},{"@type":"Organization","@id":"https:\/\/libwomenstore.com\/en\/#organization","name":"Lib Women Store","url":"https:\/\/libwomenstore.com\/en\/","logo":{"@type":"ImageObject","inLanguage":"en-US","@id":"https:\/\/libwomenstore.com\/en\/#\/schema\/logo\/image\/","url":"https:\/\/libwomenstore.com\/wp-content\/uploads\/2024\/05\/cropped-LIB-logo-A.png","contentUrl":"https:\/\/libwomenstore.com\/wp-content\/uploads\/2024\/05\/cropped-LIB-logo-A.png","width":512,"height":512,"caption":"Lib Women Store"},"image":{"@id":"https:\/\/libwomenstore.com\/en\/#\/schema\/logo\/image\/"},"sameAs":["https:\/\/www.facebook.com\/libwomenstore"]}]},"product_price_amount":"36500","product_price_currency":"HUF","og_availability":"out of stock","product_availability":"out of stock","product_condition":"new"},"_links":{"self":[{"href":"https:\/\/libwomenstore.com\/en\/wp-json\/wp\/v2\/product\/31729","targetHints":{"allow":["GET"]}}],"collection":[{"href":"https:\/\/libwomenstore.com\/en\/wp-json\/wp\/v2\/product"}],"about":[{"href":"https:\/\/libwomenstore.com\/en\/wp-json\/wp\/v2\/types\/product"}],"replies":[{"embeddable":true,"href":"https:\/\/libwomenstore.com\/en\/wp-json\/wp\/v2\/comments?post=31729"}],"wp:featuredmedia":[{"embeddable":true,"href":"https:\/\/libwomenstore.com\/en\/wp-json\/wp\/v2\/media\/31639"}],"wp:attachment":[{"href":"https:\/\/libwomenstore.com\/en\/wp-json\/wp\/v2\/media?parent=31729"}],"wp:term":[{"taxonomy":"product_brand","embeddable":true,"href":"https:\/\/libwomenstore.com\/en\/wp-json\/wp\/v2\/product_brand?post=31729"},{"taxonomy":"product_cat","embeddable":true,"href":"https:\/\/libwomenstore.com\/en\/wp-json\/wp\/v2\/product_cat?post=31729"},{"taxonomy":"product_tag","embeddable":true,"href":"https:\/\/libwomenstore.com\/en\/wp-json\/wp\/v2\/product_tag?post=31729"}],"curies":[{"name":"wp","href":"https:\/\/api.w.org\/{rel}","templated":true}]}}