{"id":32623,"date":"2025-06-18T16:08:40","date_gmt":"2025-06-18T14:08:40","guid":{"rendered":"https:\/\/libwomenstore.com\/?post_type=product&#038;p=32623"},"modified":"2025-12-12T19:20:26","modified_gmt":"2025-12-12T18:20:26","slug":"honey-play-box-aira-kegel-trainer","status":"publish","type":"product","link":"https:\/\/libwomenstore.com\/en\/product\/kegel-en\/honey-play-box-aira-kegel-trainer\/","title":{"rendered":"HONEY PLAY BOX Aira"},"content":{"rendered":"<p style=\"text-align: center;\"><strong>Specialty<\/strong><\/p>\n<p style=\"text-align: center;\">FAST AND ACCURATE ASSESSMENT<\/p>\n<p style=\"text-align: center;\">Easy-to-use app and smart pressure sensing technology make it stress-free for anyone, especially new moms, to accurately assess their pelvic floor strength and start the journey to better pelvic health.<\/p>\n<p style=\"text-align: center;\">ASSESS. UNDERSTAND. STRENGTHEN.<\/p>\n<p style=\"text-align: center;\">Connect to the app, insert Aira, and measure your pelvic floor muscle strength in 2 minutes! And with just 15 minutes of inflatable training a day, your muscles will strengthen so you can do what you love with more control!<\/p>\n<p style=\"text-align: center;\">YOUR PERSONAL PELVIC MUSCLE TRAINER<\/p>\n<p style=\"text-align: center;\">Aira lets you visualize your pelvic floor muscles and target specific muscles with inflatable workouts. Discreetly train at home, on the go, or wherever life takes you \u2013 zero appointments, zero embarrassment!<\/p>\n<p style=\"text-align: center;\">ERGONOMIC &amp; BODY-SAFE<\/p>\n<p style=\"text-align: center;\">Encased in silky, silicone, Aira is designed for total comfort and body-safety. The adjustable stem fits the test lines, making it easy and comfortable to wear in any position.<\/p>\n<p style=\"text-align: center;\">Featuring pressure-sensing technology that tracks your pelvic floor health on a scale from D to A, as well as inflatable training, Air is a clear and simple path to better health.<\/p>\n<p style=\"text-align: center;\">If you\u2019re wondering how important pelvic floor muscle strength is to your overall health, it\u2019s because these muscles are responsible for supporting the uterus, bladder, and small intestine, and play an important role in sexual function. Imagine that! Therefore, strengthening this muscle is essential to prevent urinary incontinence, improve sexual sensation, and prevent prolapse!<\/p>\n<p style=\"text-align: center;\"><strong>Features<\/strong><\/p>\n<p style=\"text-align: center;\">Precise pelvic floor muscle strength assessment<br \/>\nExpert-guided app-based training programs<br \/>\nAdjustable memory-flex shaft<br \/>\nMedical-grade silicone<br \/>\nSmart visualized training<\/p>\n<p style=\"text-align: center;\">Material: Silicone<br \/>\nLength: 23.4 cm<br \/>\nInsertionable length: 9.1 cm<br \/>\nDiameter when uninflated: 3.8 cm Maximum inflated: 4.7 cm<br \/>\nNet weight: 149.7 g<br \/>\nBattery type: Li-ion rechargeable<br \/>\nCharging time: 2 hours<br \/>\nUsage time: 55 minutes<br \/>\nModes: 4 inflation modes, 9 vibration modes<br \/>\nWater resistance: IPX4<\/p>\n<p style=\"text-align: center;\"><strong>Use &amp; Cleaning<\/strong><\/p>\n<p style=\"text-align: center;\">We recommend using a special, test-friendly toy cleaner. These sprays are designed to clean sex toys before and after use, ensuring their durability and longevity, as they do not contain ingredients that can corrode or damage plastic or silicone.<\/p>\n<p style=\"text-align: center;\">If you do not have any on hand, you can clean your toy before and after each use with unscented and dye-free soap and lukewarm water!<\/p>\n<p style=\"text-align: center;\">Use only with water-based lubricants, do not use oils or silicone-based lubricants!<\/p>\n<p style=\"text-align: center;\"><strong>Safety Warnings<\/strong><\/p>\n<p style=\"text-align: center;\">\u2013 Do not use this product if you are menstruating, have heart disease, or are at risk of pelvic infection. Consult a healthcare professional before use if you have any medical conditions.<\/p>\n<p style=\"text-align: center;\">\u2013 If you experience any discomfort or pain, discontinue use immediately and consult a physician.<\/p>\n<p style=\"text-align: center;\">\u2013 Do not use on damaged, irritated, or inflamed areas.<\/p>\n<p style=\"text-align: center;\">\u2013 Avoid using the device within 30 days of an abortion or 3 months after childbirth. For other special conditions or medical situations, consult your healthcare provider before use.<\/p>\n","protected":false},"excerpt":{"rendered":"<p>TAKE CONTROL OF YOUR PELVIC FLOOR MUSCLES!<\/p>\n<p>Don&#8217;t let incontinence, pelvic floor weakness, uterine prolapse, or sexual pain get you down! Meet Aira: a revolutionary inflatable Kegel trainer designed to help you regain your confidence and control!<\/p>\n","protected":false},"featured_media":31646,"comment_status":"open","ping_status":"closed","template":"","meta":{"_et_pb_use_builder":"","_et_pb_old_content":"","_et_gb_content_width":""},"product_brand":[],"product_cat":[345,356],"product_tag":[634,640,395,638,771],"class_list":{"0":"post-32623","1":"product","2":"type-product","3":"status-publish","4":"has-post-thumbnail","6":"product_cat-kegel-en","7":"product_cat-sexual-health","8":"product_tag-honey-play-box-en","9":"product_tag-inflatable","10":"product_tag-kegel-en","11":"product_tag-pelvic-floor","12":"product_tag-sexual-health-en","14":"first","15":"instock","16":"taxable","17":"shipping-taxable","18":"purchasable","19":"product-type-simple"},"yoast_head":"<!-- This site is optimized with the Yoast SEO Premium plugin v27.4 (Yoast SEO v27.4) - https:\/\/yoast.com\/product\/yoast-seo-premium-wordpress\/ -->\n<title>HONEY PLAY BOX Aira - Lib Women&#039;s Store<\/title>\n<meta name=\"description\" content=\"Honey Play Box Aira is an innovative inflatable pelvic floor muscles trainer for everybody. Don&#039;t hesitate, grab one and improve your sexual health now!\" \/>\n<meta name=\"robots\" content=\"index, follow, max-snippet:-1, max-image-preview:large, max-video-preview:-1\" \/>\n<link rel=\"canonical\" href=\"https:\/\/libwomenstore.com\/en\/product\/kegel-en\/honey-play-box-aira-kegel-trainer\/\" \/>\n<meta property=\"og:locale\" content=\"en_US\" \/>\n<meta property=\"og:type\" content=\"article\" \/>\n<meta property=\"og:title\" content=\"HONEY PLAY BOX Aira\" \/>\n<meta property=\"og:description\" content=\"Honey Play Box Aira is an innovative inflatable pelvic floor muscles trainer for everybody. Don&#039;t hesitate, grab one and improve your sexual health now!\" \/>\n<meta property=\"og:url\" content=\"https:\/\/libwomenstore.com\/en\/product\/kegel-en\/honey-play-box-aira-kegel-trainer\/\" \/>\n<meta property=\"og:site_name\" content=\"Lib Women&#039;s Store\" \/>\n<meta property=\"article:publisher\" content=\"https:\/\/www.facebook.com\/libwomenstore\" \/>\n<meta property=\"article:modified_time\" content=\"2025-12-12T18:20:26+00:00\" \/>\n<meta property=\"og:image\" content=\"https:\/\/libwomenstore.com\/wp-content\/uploads\/2025\/05\/honey-play-box-aira-medencefenek-edzes.jpg\" \/>\n\t<meta property=\"og:image:width\" content=\"1500\" \/>\n\t<meta property=\"og:image:height\" content=\"1500\" \/>\n\t<meta property=\"og:image:type\" content=\"image\/jpeg\" \/>\n<meta name=\"twitter:card\" content=\"summary_large_image\" \/>\n<meta name=\"twitter:label1\" content=\"Price\" \/>\n\t<meta name=\"twitter:data1\" content=\"56.500&#070;&#116;\" \/>\n\t<meta name=\"twitter:label2\" content=\"Availability\" \/>\n\t<meta name=\"twitter:data2\" content=\"In stock\" \/>\n<script type=\"application\/ld+json\" class=\"yoast-schema-graph\">{\"@context\":\"https:\\\/\\\/schema.org\",\"@graph\":[{\"@type\":[\"WebPage\",\"ItemPage\"],\"@id\":\"https:\\\/\\\/libwomenstore.com\\\/en\\\/product\\\/kegel-en\\\/honey-play-box-aira-kegel-trainer\\\/\",\"url\":\"https:\\\/\\\/libwomenstore.com\\\/en\\\/product\\\/kegel-en\\\/honey-play-box-aira-kegel-trainer\\\/\",\"name\":\"HONEY PLAY BOX Aira - Lib Women&#039;s Store\",\"isPartOf\":{\"@id\":\"https:\\\/\\\/libwomenstore.com\\\/en\\\/#website\"},\"primaryImageOfPage\":{\"@id\":\"https:\\\/\\\/libwomenstore.com\\\/en\\\/product\\\/kegel-en\\\/honey-play-box-aira-kegel-trainer\\\/#primaryimage\"},\"image\":{\"@id\":\"https:\\\/\\\/libwomenstore.com\\\/en\\\/product\\\/kegel-en\\\/honey-play-box-aira-kegel-trainer\\\/#primaryimage\"},\"thumbnailUrl\":\"https:\\\/\\\/libwomenstore.com\\\/wp-content\\\/uploads\\\/2025\\\/05\\\/honey-play-box-aira-medencefenek-edzes.jpg\",\"datePublished\":\"2025-06-18T14:08:40+00:00\",\"dateModified\":\"2025-12-12T18:20:26+00:00\",\"description\":\"Honey Play Box Aira is an innovative inflatable pelvic floor muscles trainer for everybody. Don't hesitate, grab one and improve your sexual health now!\",\"breadcrumb\":{\"@id\":\"https:\\\/\\\/libwomenstore.com\\\/en\\\/product\\\/kegel-en\\\/honey-play-box-aira-kegel-trainer\\\/#breadcrumb\"},\"inLanguage\":\"en-US\",\"potentialAction\":[{\"@type\":\"ReadAction\",\"target\":[\"https:\\\/\\\/libwomenstore.com\\\/en\\\/product\\\/kegel-en\\\/honey-play-box-aira-kegel-trainer\\\/\"]}]},{\"@type\":\"ImageObject\",\"inLanguage\":\"en-US\",\"@id\":\"https:\\\/\\\/libwomenstore.com\\\/en\\\/product\\\/kegel-en\\\/honey-play-box-aira-kegel-trainer\\\/#primaryimage\",\"url\":\"https:\\\/\\\/libwomenstore.com\\\/wp-content\\\/uploads\\\/2025\\\/05\\\/honey-play-box-aira-medencefenek-edzes.jpg\",\"contentUrl\":\"https:\\\/\\\/libwomenstore.com\\\/wp-content\\\/uploads\\\/2025\\\/05\\\/honey-play-box-aira-medencefenek-edzes.jpg\",\"width\":1500,\"height\":1500,\"caption\":\"Honey Play Box Aira nyom\u00e1s \u00e9rz\u00e9kel\u0151s kegel edz\u0151\"},{\"@type\":\"BreadcrumbList\",\"@id\":\"https:\\\/\\\/libwomenstore.com\\\/en\\\/product\\\/kegel-en\\\/honey-play-box-aira-kegel-trainer\\\/#breadcrumb\",\"itemListElement\":[{\"@type\":\"ListItem\",\"position\":1,\"name\":\"Kezd\u0151lap\",\"item\":\"https:\\\/\\\/libwomenstore.com\\\/en\\\/\"},{\"@type\":\"ListItem\",\"position\":2,\"name\":\"Shop Home Page &#8211; Product categories\",\"item\":\"https:\\\/\\\/libwomenstore.com\\\/shop-kezdolap-termek-kategoriak\\\/?lang=en\"},{\"@type\":\"ListItem\",\"position\":3,\"name\":\"HONEY PLAY BOX Aira\"}]},{\"@type\":\"WebSite\",\"@id\":\"https:\\\/\\\/libwomenstore.com\\\/en\\\/#website\",\"url\":\"https:\\\/\\\/libwomenstore.com\\\/en\\\/\",\"name\":\"Lib Women Store\",\"description\":\"Magyarorsz\u00e1g els\u0151 n\u0151kre f\u00f3kusz\u00e1l\u00f3 szexshopja, ahol az eg\u00e9szs\u00e9g ugyanolyan fontos, mint az \u00e9lvezetek.\",\"publisher\":{\"@id\":\"https:\\\/\\\/libwomenstore.com\\\/en\\\/#organization\"},\"alternateName\":\"Lib\",\"potentialAction\":[{\"@type\":\"SearchAction\",\"target\":{\"@type\":\"EntryPoint\",\"urlTemplate\":\"https:\\\/\\\/libwomenstore.com\\\/en\\\/?s={search_term_string}\"},\"query-input\":{\"@type\":\"PropertyValueSpecification\",\"valueRequired\":true,\"valueName\":\"search_term_string\"}}],\"inLanguage\":\"en-US\"},{\"@type\":\"Organization\",\"@id\":\"https:\\\/\\\/libwomenstore.com\\\/en\\\/#organization\",\"name\":\"Lib Women Store\",\"url\":\"https:\\\/\\\/libwomenstore.com\\\/en\\\/\",\"logo\":{\"@type\":\"ImageObject\",\"inLanguage\":\"en-US\",\"@id\":\"https:\\\/\\\/libwomenstore.com\\\/en\\\/#\\\/schema\\\/logo\\\/image\\\/\",\"url\":\"https:\\\/\\\/libwomenstore.com\\\/wp-content\\\/uploads\\\/2024\\\/05\\\/cropped-LIB-logo-A.png\",\"contentUrl\":\"https:\\\/\\\/libwomenstore.com\\\/wp-content\\\/uploads\\\/2024\\\/05\\\/cropped-LIB-logo-A.png\",\"width\":512,\"height\":512,\"caption\":\"Lib Women Store\"},\"image\":{\"@id\":\"https:\\\/\\\/libwomenstore.com\\\/en\\\/#\\\/schema\\\/logo\\\/image\\\/\"},\"sameAs\":[\"https:\\\/\\\/www.facebook.com\\\/libwomenstore\"]}]}<\/script>\n<meta property=\"product:price:amount\" content=\"56500\" \/>\n<meta property=\"product:price:currency\" content=\"HUF\" \/>\n<meta property=\"og:availability\" content=\"instock\" \/>\n<meta property=\"product:availability\" content=\"instock\" \/>\n<meta property=\"product:condition\" content=\"new\" \/>\n<!-- \/ Yoast SEO Premium plugin. -->","yoast_head_json":{"title":"HONEY PLAY BOX Aira - Lib Women&#039;s Store","description":"Honey Play Box Aira is an innovative inflatable pelvic floor muscles trainer for everybody. Don't hesitate, grab one and improve your sexual health now!","robots":{"index":"index","follow":"follow","max-snippet":"max-snippet:-1","max-image-preview":"max-image-preview:large","max-video-preview":"max-video-preview:-1"},"canonical":"https:\/\/libwomenstore.com\/en\/product\/kegel-en\/honey-play-box-aira-kegel-trainer\/","og_locale":"en_US","og_type":"article","og_title":"HONEY PLAY BOX Aira","og_description":"Honey Play Box Aira is an innovative inflatable pelvic floor muscles trainer for everybody. Don't hesitate, grab one and improve your sexual health now!","og_url":"https:\/\/libwomenstore.com\/en\/product\/kegel-en\/honey-play-box-aira-kegel-trainer\/","og_site_name":"Lib Women&#039;s Store","article_publisher":"https:\/\/www.facebook.com\/libwomenstore","article_modified_time":"2025-12-12T18:20:26+00:00","og_image":[{"width":1500,"height":1500,"url":"https:\/\/libwomenstore.com\/wp-content\/uploads\/2025\/05\/honey-play-box-aira-medencefenek-edzes.jpg","type":"image\/jpeg"}],"twitter_card":"summary_large_image","twitter_misc":{"Price":"56.500&#70;&#116;","Availability":"In stock"},"schema":{"@context":"https:\/\/schema.org","@graph":[{"@type":["WebPage","ItemPage"],"@id":"https:\/\/libwomenstore.com\/en\/product\/kegel-en\/honey-play-box-aira-kegel-trainer\/","url":"https:\/\/libwomenstore.com\/en\/product\/kegel-en\/honey-play-box-aira-kegel-trainer\/","name":"HONEY PLAY BOX Aira - Lib Women&#039;s Store","isPartOf":{"@id":"https:\/\/libwomenstore.com\/en\/#website"},"primaryImageOfPage":{"@id":"https:\/\/libwomenstore.com\/en\/product\/kegel-en\/honey-play-box-aira-kegel-trainer\/#primaryimage"},"image":{"@id":"https:\/\/libwomenstore.com\/en\/product\/kegel-en\/honey-play-box-aira-kegel-trainer\/#primaryimage"},"thumbnailUrl":"https:\/\/libwomenstore.com\/wp-content\/uploads\/2025\/05\/honey-play-box-aira-medencefenek-edzes.jpg","datePublished":"2025-06-18T14:08:40+00:00","dateModified":"2025-12-12T18:20:26+00:00","description":"Honey Play Box Aira is an innovative inflatable pelvic floor muscles trainer for everybody. Don't hesitate, grab one and improve your sexual health now!","breadcrumb":{"@id":"https:\/\/libwomenstore.com\/en\/product\/kegel-en\/honey-play-box-aira-kegel-trainer\/#breadcrumb"},"inLanguage":"en-US","potentialAction":[{"@type":"ReadAction","target":["https:\/\/libwomenstore.com\/en\/product\/kegel-en\/honey-play-box-aira-kegel-trainer\/"]}]},{"@type":"ImageObject","inLanguage":"en-US","@id":"https:\/\/libwomenstore.com\/en\/product\/kegel-en\/honey-play-box-aira-kegel-trainer\/#primaryimage","url":"https:\/\/libwomenstore.com\/wp-content\/uploads\/2025\/05\/honey-play-box-aira-medencefenek-edzes.jpg","contentUrl":"https:\/\/libwomenstore.com\/wp-content\/uploads\/2025\/05\/honey-play-box-aira-medencefenek-edzes.jpg","width":1500,"height":1500,"caption":"Honey Play Box Aira nyom\u00e1s \u00e9rz\u00e9kel\u0151s kegel edz\u0151"},{"@type":"BreadcrumbList","@id":"https:\/\/libwomenstore.com\/en\/product\/kegel-en\/honey-play-box-aira-kegel-trainer\/#breadcrumb","itemListElement":[{"@type":"ListItem","position":1,"name":"Kezd\u0151lap","item":"https:\/\/libwomenstore.com\/en\/"},{"@type":"ListItem","position":2,"name":"Shop Home Page &#8211; Product categories","item":"https:\/\/libwomenstore.com\/shop-kezdolap-termek-kategoriak\/?lang=en"},{"@type":"ListItem","position":3,"name":"HONEY PLAY BOX Aira"}]},{"@type":"WebSite","@id":"https:\/\/libwomenstore.com\/en\/#website","url":"https:\/\/libwomenstore.com\/en\/","name":"Lib Women Store","description":"Magyarorsz\u00e1g els\u0151 n\u0151kre f\u00f3kusz\u00e1l\u00f3 szexshopja, ahol az eg\u00e9szs\u00e9g ugyanolyan fontos, mint az \u00e9lvezetek.","publisher":{"@id":"https:\/\/libwomenstore.com\/en\/#organization"},"alternateName":"Lib","potentialAction":[{"@type":"SearchAction","target":{"@type":"EntryPoint","urlTemplate":"https:\/\/libwomenstore.com\/en\/?s={search_term_string}"},"query-input":{"@type":"PropertyValueSpecification","valueRequired":true,"valueName":"search_term_string"}}],"inLanguage":"en-US"},{"@type":"Organization","@id":"https:\/\/libwomenstore.com\/en\/#organization","name":"Lib Women Store","url":"https:\/\/libwomenstore.com\/en\/","logo":{"@type":"ImageObject","inLanguage":"en-US","@id":"https:\/\/libwomenstore.com\/en\/#\/schema\/logo\/image\/","url":"https:\/\/libwomenstore.com\/wp-content\/uploads\/2024\/05\/cropped-LIB-logo-A.png","contentUrl":"https:\/\/libwomenstore.com\/wp-content\/uploads\/2024\/05\/cropped-LIB-logo-A.png","width":512,"height":512,"caption":"Lib Women Store"},"image":{"@id":"https:\/\/libwomenstore.com\/en\/#\/schema\/logo\/image\/"},"sameAs":["https:\/\/www.facebook.com\/libwomenstore"]}]},"product_price_amount":"56500","product_price_currency":"HUF","og_availability":"instock","product_availability":"instock","product_condition":"new"},"_links":{"self":[{"href":"https:\/\/libwomenstore.com\/en\/wp-json\/wp\/v2\/product\/32623","targetHints":{"allow":["GET"]}}],"collection":[{"href":"https:\/\/libwomenstore.com\/en\/wp-json\/wp\/v2\/product"}],"about":[{"href":"https:\/\/libwomenstore.com\/en\/wp-json\/wp\/v2\/types\/product"}],"replies":[{"embeddable":true,"href":"https:\/\/libwomenstore.com\/en\/wp-json\/wp\/v2\/comments?post=32623"}],"wp:featuredmedia":[{"embeddable":true,"href":"https:\/\/libwomenstore.com\/en\/wp-json\/wp\/v2\/media\/31646"}],"wp:attachment":[{"href":"https:\/\/libwomenstore.com\/en\/wp-json\/wp\/v2\/media?parent=32623"}],"wp:term":[{"taxonomy":"product_brand","embeddable":true,"href":"https:\/\/libwomenstore.com\/en\/wp-json\/wp\/v2\/product_brand?post=32623"},{"taxonomy":"product_cat","embeddable":true,"href":"https:\/\/libwomenstore.com\/en\/wp-json\/wp\/v2\/product_cat?post=32623"},{"taxonomy":"product_tag","embeddable":true,"href":"https:\/\/libwomenstore.com\/en\/wp-json\/wp\/v2\/product_tag?post=32623"}],"curies":[{"name":"wp","href":"https:\/\/api.w.org\/{rel}","templated":true}]}}