{"id":33089,"date":"2025-07-01T17:20:44","date_gmt":"2025-07-01T15:20:44","guid":{"rendered":"https:\/\/libwomenstore.com\/?post_type=product&#038;p=33089"},"modified":"2025-07-01T17:54:45","modified_gmt":"2025-07-01T15:54:45","slug":"lelo-hex-respect-xl-condom-masolat","status":"publish","type":"product","link":"https:\/\/libwomenstore.com\/en\/product\/collabs\/lib-x-bliss-glass-toys-hand-crafted\/lelo-hex-respect-xl-condom-masolat\/","title":{"rendered":"LELO HEX Organic Condom"},"content":{"rendered":"<p style=\"text-align: center;\">It is made from responsibly sourced organic latex and provides a biodegradable, sustainable alternative for those seeking purity and performance. Its innovative hexagonal web of 350 interconnected cells ensures a secure, adaptive fit and brings you closer to your partner with every move. <\/p>\n<p style=\"text-align: center;\"><strong>Why L-arginine?<\/strong><\/p>\n<p style=\"text-align: center;\">LELO HEX\u2122 Organic condom introduces L-arginine &#8211; a naturally occurring amino acid known for boosting blood flow and heightening sensation. It may help relax blood vessels and increase circulation to the genital area, which may lead to firmer, longer-lasting erections and a more responsive experience overall. If you&#8217;re seeking a natural, safe way to enhance your performance, L-arginine might be the answer.  <\/p>\n<p style=\"text-align: center;\"><strong>Organically Sourced Latex<\/strong><\/p>\n<p style=\"text-align: center;\">The organic condom\u2019s nature and eco-conscious production ensure that pleasure doesn\u2019t come at the planet\u2019s expense. Organically sourced latex is used to make LELO HEX\u2122 Organic, harvested through eco-friendly and ethical practices, prioritizing the planet and the people behind the process. No harmful chemicals were used in its production, ensuring a cleaner, purer product for your body. Fully biodegradable, it breaks down naturally over time, minimizing environmental impact.   <\/p>\n<p style=\"text-align: center;\"><strong>Hexagonal structure<\/strong><\/p>\n<p style=\"text-align: center;\">A groundbreaking design made of 350 tiny hexagons\u2014nature&#8217;s ultimate symbol of beauty and resilience. It&#8217;s a revolution in pleasure that allows for a sensitive, close feel and a secure fit. LELO HEX\u2122 Organic condom is a masterpiece of innovation where strength, thinness, and breathtaking sensations come together. Its secret? A groundbreaking design made of 350 tiny hexagons infused with L-arginine\u2014nature&#8217;s ultimate symbol of beauty and resilience, and a go-to shape for maximum support. It&#8217;s a revolution in pleasure that allows for a sensitive, close feel and a secure fit that helps prevent slipping.     <\/p>\n<p style=\"text-align: center;\">\n<p style=\"text-align: center;\"><b>Features<\/b><\/p>\n<p style=\"text-align: center;\"><span style=\"font-weight: 400;\">Vegan, eco-friendly condoms. HEX condoms are free of parabens, glycerin, nonoxynol-9, benzocaine, lidocaine, nitrosamines, casein, and do not contain spermicide. <\/span><\/p>\n<p style=\"text-align: center;\"><span style=\"font-weight: 400;\">Ingredients: Organic latex, L-arginine<\/span><\/p>\n<p style=\"text-align: center;\"><span style=\"font-weight: 400;\">Thickness: 0.055-0.060 mm <\/span><\/p>\n<p style=\"text-align: center;\"><span style=\"font-weight: 400;\">Diameter: 54 mm<\/span><\/p>\n<p style=\"text-align: center;\"><span style=\"font-weight: 400;\">Length: 180 mm<\/span><\/p>\n<p style=\"text-align: center;\"><b>Usage &amp; Cleaning<\/b><\/p>\n<p style=\"text-align: center;\"><span style=\"font-weight: 400;\">Disposable product! <\/span><\/p>\n<p>&nbsp;<\/p>\n","protected":false},"excerpt":{"rendered":"<p style=\"text-align: left;\">The ultra-thin LELO HEX\u2122 Organic condom offers a natural, eco-conscious choice without sacrificing durability during lovemaking. Enriched with L-arginine, an amino acid known to support circulation and arousal, LELO HEX\u2122 Organic may support stronger, more enduring erections and heightened sensation. <\/p>\n","protected":false},"featured_media":33093,"comment_status":"open","ping_status":"closed","template":"","meta":{"_et_pb_use_builder":"","_et_pb_old_content":"","_et_gb_content_width":""},"product_brand":[],"product_cat":[554,356,360],"product_tag":[728,730,731,727,709,729,710],"class_list":{"0":"post-33089","1":"product","2":"type-product","3":"status-publish","4":"has-post-thumbnail","6":"product_cat-lib-x-bliss-glass-toys-hand-crafted","7":"product_cat-sexual-health","8":"product_cat-vegan-condoms","9":"product_tag-condom-en","10":"product_tag-eco-friendly","11":"product_tag-hex-en","12":"product_tag-latex-en","13":"product_tag-lelo-en","14":"product_tag-organic","15":"product_tag-vegan-en","17":"first","18":"instock","19":"taxable","20":"shipping-taxable","21":"purchasable","22":"product-type-variable"},"yoast_head":"<!-- This site is optimized with the Yoast SEO Premium plugin v27.4 (Yoast SEO v27.4) - https:\/\/yoast.com\/product\/yoast-seo-premium-wordpress\/ -->\n<title>LELO HEX Organic Condom - Lib Women&#039;s Store<\/title>\n<meta name=\"description\" content=\"Lelo Hex is a luxury vegan condom with a unique hexagon technology. It&#039;s comfortable, reduces the risk of slipping and tearing, and all made from organic latex!\" \/>\n<meta name=\"robots\" content=\"index, follow, max-snippet:-1, max-image-preview:large, max-video-preview:-1\" \/>\n<link rel=\"canonical\" href=\"https:\/\/libwomenstore.com\/en\/product\/collabs\/lib-x-bliss-glass-toys-hand-crafted\/lelo-hex-respect-xl-condom-masolat\/\" \/>\n<meta property=\"og:locale\" content=\"en_US\" \/>\n<meta property=\"og:type\" content=\"article\" \/>\n<meta property=\"og:title\" content=\"LELO HEX Organic Condom\" \/>\n<meta property=\"og:description\" content=\"Lelo Hex is a luxury vegan condom with a unique hexagon technology. It&#039;s comfortable, reduces the risk of slipping and tearing, and all made from organic latex!\" \/>\n<meta property=\"og:url\" content=\"https:\/\/libwomenstore.com\/en\/product\/collabs\/lib-x-bliss-glass-toys-hand-crafted\/lelo-hex-respect-xl-condom-masolat\/\" \/>\n<meta property=\"og:site_name\" content=\"Lib Women&#039;s Store\" \/>\n<meta property=\"article:publisher\" content=\"https:\/\/www.facebook.com\/libwomenstore\" \/>\n<meta property=\"article:modified_time\" content=\"2025-07-01T15:54:45+00:00\" \/>\n<meta property=\"og:image\" content=\"https:\/\/libwomenstore.com\/wp-content\/uploads\/2025\/07\/lelo_hex_organic.jpg\" \/>\n\t<meta property=\"og:image:width\" content=\"1080\" \/>\n\t<meta property=\"og:image:height\" content=\"1080\" \/>\n\t<meta property=\"og:image:type\" content=\"image\/jpeg\" \/>\n<meta name=\"twitter:card\" content=\"summary_large_image\" \/>\n<meta name=\"twitter:label1\" content=\"Availability\" \/>\n\t<meta name=\"twitter:data1\" content=\"In stock\" \/>\n<script type=\"application\/ld+json\" class=\"yoast-schema-graph\">{\"@context\":\"https:\\\/\\\/schema.org\",\"@graph\":[{\"@type\":[\"WebPage\",\"ItemPage\"],\"@id\":\"https:\\\/\\\/libwomenstore.com\\\/en\\\/product\\\/collabs\\\/lib-x-bliss-glass-toys-hand-crafted\\\/lelo-hex-respect-xl-condom-masolat\\\/\",\"url\":\"https:\\\/\\\/libwomenstore.com\\\/en\\\/product\\\/collabs\\\/lib-x-bliss-glass-toys-hand-crafted\\\/lelo-hex-respect-xl-condom-masolat\\\/\",\"name\":\"LELO HEX Organic Condom - Lib Women&#039;s Store\",\"isPartOf\":{\"@id\":\"https:\\\/\\\/libwomenstore.com\\\/en\\\/#website\"},\"primaryImageOfPage\":{\"@id\":\"https:\\\/\\\/libwomenstore.com\\\/en\\\/product\\\/collabs\\\/lib-x-bliss-glass-toys-hand-crafted\\\/lelo-hex-respect-xl-condom-masolat\\\/#primaryimage\"},\"image\":{\"@id\":\"https:\\\/\\\/libwomenstore.com\\\/en\\\/product\\\/collabs\\\/lib-x-bliss-glass-toys-hand-crafted\\\/lelo-hex-respect-xl-condom-masolat\\\/#primaryimage\"},\"thumbnailUrl\":\"https:\\\/\\\/libwomenstore.com\\\/wp-content\\\/uploads\\\/2025\\\/07\\\/lelo_hex_organic.jpg\",\"datePublished\":\"2025-07-01T15:20:44+00:00\",\"dateModified\":\"2025-07-01T15:54:45+00:00\",\"description\":\"Lelo Hex is a luxury vegan condom with a unique hexagon technology. It's comfortable, reduces the risk of slipping and tearing, and all made from organic latex!\",\"breadcrumb\":{\"@id\":\"https:\\\/\\\/libwomenstore.com\\\/en\\\/product\\\/collabs\\\/lib-x-bliss-glass-toys-hand-crafted\\\/lelo-hex-respect-xl-condom-masolat\\\/#breadcrumb\"},\"inLanguage\":\"en-US\",\"potentialAction\":[{\"@type\":\"ReadAction\",\"target\":[\"https:\\\/\\\/libwomenstore.com\\\/en\\\/product\\\/collabs\\\/lib-x-bliss-glass-toys-hand-crafted\\\/lelo-hex-respect-xl-condom-masolat\\\/\"]}]},{\"@type\":\"ImageObject\",\"inLanguage\":\"en-US\",\"@id\":\"https:\\\/\\\/libwomenstore.com\\\/en\\\/product\\\/collabs\\\/lib-x-bliss-glass-toys-hand-crafted\\\/lelo-hex-respect-xl-condom-masolat\\\/#primaryimage\",\"url\":\"https:\\\/\\\/libwomenstore.com\\\/wp-content\\\/uploads\\\/2025\\\/07\\\/lelo_hex_organic.jpg\",\"contentUrl\":\"https:\\\/\\\/libwomenstore.com\\\/wp-content\\\/uploads\\\/2025\\\/07\\\/lelo_hex_organic.jpg\",\"width\":1080,\"height\":1080,\"caption\":\"Lelo Hex Organic serkent\u0151 hat\u00e1s\u00fa \u00f3vszer\"},{\"@type\":\"BreadcrumbList\",\"@id\":\"https:\\\/\\\/libwomenstore.com\\\/en\\\/product\\\/collabs\\\/lib-x-bliss-glass-toys-hand-crafted\\\/lelo-hex-respect-xl-condom-masolat\\\/#breadcrumb\",\"itemListElement\":[{\"@type\":\"ListItem\",\"position\":1,\"name\":\"Kezd\u0151lap\",\"item\":\"https:\\\/\\\/libwomenstore.com\\\/en\\\/\"},{\"@type\":\"ListItem\",\"position\":2,\"name\":\"Shop Home Page &#8211; Product categories\",\"item\":\"https:\\\/\\\/libwomenstore.com\\\/shop-kezdolap-termek-kategoriak\\\/?lang=en\"},{\"@type\":\"ListItem\",\"position\":3,\"name\":\"LELO HEX Organic Condom\"}]},{\"@type\":\"WebSite\",\"@id\":\"https:\\\/\\\/libwomenstore.com\\\/en\\\/#website\",\"url\":\"https:\\\/\\\/libwomenstore.com\\\/en\\\/\",\"name\":\"Lib Women Store\",\"description\":\"Magyarorsz\u00e1g els\u0151 n\u0151kre f\u00f3kusz\u00e1l\u00f3 szexshopja, ahol az eg\u00e9szs\u00e9g ugyanolyan fontos, mint az \u00e9lvezetek.\",\"publisher\":{\"@id\":\"https:\\\/\\\/libwomenstore.com\\\/en\\\/#organization\"},\"alternateName\":\"Lib\",\"potentialAction\":[{\"@type\":\"SearchAction\",\"target\":{\"@type\":\"EntryPoint\",\"urlTemplate\":\"https:\\\/\\\/libwomenstore.com\\\/en\\\/?s={search_term_string}\"},\"query-input\":{\"@type\":\"PropertyValueSpecification\",\"valueRequired\":true,\"valueName\":\"search_term_string\"}}],\"inLanguage\":\"en-US\"},{\"@type\":\"Organization\",\"@id\":\"https:\\\/\\\/libwomenstore.com\\\/en\\\/#organization\",\"name\":\"Lib Women Store\",\"url\":\"https:\\\/\\\/libwomenstore.com\\\/en\\\/\",\"logo\":{\"@type\":\"ImageObject\",\"inLanguage\":\"en-US\",\"@id\":\"https:\\\/\\\/libwomenstore.com\\\/en\\\/#\\\/schema\\\/logo\\\/image\\\/\",\"url\":\"https:\\\/\\\/libwomenstore.com\\\/wp-content\\\/uploads\\\/2024\\\/05\\\/cropped-LIB-logo-A.png\",\"contentUrl\":\"https:\\\/\\\/libwomenstore.com\\\/wp-content\\\/uploads\\\/2024\\\/05\\\/cropped-LIB-logo-A.png\",\"width\":512,\"height\":512,\"caption\":\"Lib Women Store\"},\"image\":{\"@id\":\"https:\\\/\\\/libwomenstore.com\\\/en\\\/#\\\/schema\\\/logo\\\/image\\\/\"},\"sameAs\":[\"https:\\\/\\\/www.facebook.com\\\/libwomenstore\"]}]}<\/script>\n<meta property=\"og:availability\" content=\"instock\" \/>\n<meta property=\"product:availability\" content=\"instock\" \/>\n<meta property=\"product:retailer_item_id\" content=\"LIB-LL004-3\" \/>\n<meta property=\"product:condition\" content=\"new\" \/>\n<!-- \/ Yoast SEO Premium plugin. -->","yoast_head_json":{"title":"LELO HEX Organic Condom - Lib Women&#039;s Store","description":"Lelo Hex is a luxury vegan condom with a unique hexagon technology. It's comfortable, reduces the risk of slipping and tearing, and all made from organic latex!","robots":{"index":"index","follow":"follow","max-snippet":"max-snippet:-1","max-image-preview":"max-image-preview:large","max-video-preview":"max-video-preview:-1"},"canonical":"https:\/\/libwomenstore.com\/en\/product\/collabs\/lib-x-bliss-glass-toys-hand-crafted\/lelo-hex-respect-xl-condom-masolat\/","og_locale":"en_US","og_type":"article","og_title":"LELO HEX Organic Condom","og_description":"Lelo Hex is a luxury vegan condom with a unique hexagon technology. It's comfortable, reduces the risk of slipping and tearing, and all made from organic latex!","og_url":"https:\/\/libwomenstore.com\/en\/product\/collabs\/lib-x-bliss-glass-toys-hand-crafted\/lelo-hex-respect-xl-condom-masolat\/","og_site_name":"Lib Women&#039;s Store","article_publisher":"https:\/\/www.facebook.com\/libwomenstore","article_modified_time":"2025-07-01T15:54:45+00:00","og_image":[{"width":1080,"height":1080,"url":"https:\/\/libwomenstore.com\/wp-content\/uploads\/2025\/07\/lelo_hex_organic.jpg","type":"image\/jpeg"}],"twitter_card":"summary_large_image","twitter_misc":{"Availability":"In stock"},"schema":{"@context":"https:\/\/schema.org","@graph":[{"@type":["WebPage","ItemPage"],"@id":"https:\/\/libwomenstore.com\/en\/product\/collabs\/lib-x-bliss-glass-toys-hand-crafted\/lelo-hex-respect-xl-condom-masolat\/","url":"https:\/\/libwomenstore.com\/en\/product\/collabs\/lib-x-bliss-glass-toys-hand-crafted\/lelo-hex-respect-xl-condom-masolat\/","name":"LELO HEX Organic Condom - Lib Women&#039;s Store","isPartOf":{"@id":"https:\/\/libwomenstore.com\/en\/#website"},"primaryImageOfPage":{"@id":"https:\/\/libwomenstore.com\/en\/product\/collabs\/lib-x-bliss-glass-toys-hand-crafted\/lelo-hex-respect-xl-condom-masolat\/#primaryimage"},"image":{"@id":"https:\/\/libwomenstore.com\/en\/product\/collabs\/lib-x-bliss-glass-toys-hand-crafted\/lelo-hex-respect-xl-condom-masolat\/#primaryimage"},"thumbnailUrl":"https:\/\/libwomenstore.com\/wp-content\/uploads\/2025\/07\/lelo_hex_organic.jpg","datePublished":"2025-07-01T15:20:44+00:00","dateModified":"2025-07-01T15:54:45+00:00","description":"Lelo Hex is a luxury vegan condom with a unique hexagon technology. It's comfortable, reduces the risk of slipping and tearing, and all made from organic latex!","breadcrumb":{"@id":"https:\/\/libwomenstore.com\/en\/product\/collabs\/lib-x-bliss-glass-toys-hand-crafted\/lelo-hex-respect-xl-condom-masolat\/#breadcrumb"},"inLanguage":"en-US","potentialAction":[{"@type":"ReadAction","target":["https:\/\/libwomenstore.com\/en\/product\/collabs\/lib-x-bliss-glass-toys-hand-crafted\/lelo-hex-respect-xl-condom-masolat\/"]}]},{"@type":"ImageObject","inLanguage":"en-US","@id":"https:\/\/libwomenstore.com\/en\/product\/collabs\/lib-x-bliss-glass-toys-hand-crafted\/lelo-hex-respect-xl-condom-masolat\/#primaryimage","url":"https:\/\/libwomenstore.com\/wp-content\/uploads\/2025\/07\/lelo_hex_organic.jpg","contentUrl":"https:\/\/libwomenstore.com\/wp-content\/uploads\/2025\/07\/lelo_hex_organic.jpg","width":1080,"height":1080,"caption":"Lelo Hex Organic serkent\u0151 hat\u00e1s\u00fa \u00f3vszer"},{"@type":"BreadcrumbList","@id":"https:\/\/libwomenstore.com\/en\/product\/collabs\/lib-x-bliss-glass-toys-hand-crafted\/lelo-hex-respect-xl-condom-masolat\/#breadcrumb","itemListElement":[{"@type":"ListItem","position":1,"name":"Kezd\u0151lap","item":"https:\/\/libwomenstore.com\/en\/"},{"@type":"ListItem","position":2,"name":"Shop Home Page &#8211; Product categories","item":"https:\/\/libwomenstore.com\/shop-kezdolap-termek-kategoriak\/?lang=en"},{"@type":"ListItem","position":3,"name":"LELO HEX Organic Condom"}]},{"@type":"WebSite","@id":"https:\/\/libwomenstore.com\/en\/#website","url":"https:\/\/libwomenstore.com\/en\/","name":"Lib Women Store","description":"Magyarorsz\u00e1g els\u0151 n\u0151kre f\u00f3kusz\u00e1l\u00f3 szexshopja, ahol az eg\u00e9szs\u00e9g ugyanolyan fontos, mint az \u00e9lvezetek.","publisher":{"@id":"https:\/\/libwomenstore.com\/en\/#organization"},"alternateName":"Lib","potentialAction":[{"@type":"SearchAction","target":{"@type":"EntryPoint","urlTemplate":"https:\/\/libwomenstore.com\/en\/?s={search_term_string}"},"query-input":{"@type":"PropertyValueSpecification","valueRequired":true,"valueName":"search_term_string"}}],"inLanguage":"en-US"},{"@type":"Organization","@id":"https:\/\/libwomenstore.com\/en\/#organization","name":"Lib Women Store","url":"https:\/\/libwomenstore.com\/en\/","logo":{"@type":"ImageObject","inLanguage":"en-US","@id":"https:\/\/libwomenstore.com\/en\/#\/schema\/logo\/image\/","url":"https:\/\/libwomenstore.com\/wp-content\/uploads\/2024\/05\/cropped-LIB-logo-A.png","contentUrl":"https:\/\/libwomenstore.com\/wp-content\/uploads\/2024\/05\/cropped-LIB-logo-A.png","width":512,"height":512,"caption":"Lib Women Store"},"image":{"@id":"https:\/\/libwomenstore.com\/en\/#\/schema\/logo\/image\/"},"sameAs":["https:\/\/www.facebook.com\/libwomenstore"]}]},"og_availability":"instock","product_availability":"instock","product_retailer_item_id":"LIB-LL004-3","product_condition":"new"},"_links":{"self":[{"href":"https:\/\/libwomenstore.com\/en\/wp-json\/wp\/v2\/product\/33089","targetHints":{"allow":["GET"]}}],"collection":[{"href":"https:\/\/libwomenstore.com\/en\/wp-json\/wp\/v2\/product"}],"about":[{"href":"https:\/\/libwomenstore.com\/en\/wp-json\/wp\/v2\/types\/product"}],"replies":[{"embeddable":true,"href":"https:\/\/libwomenstore.com\/en\/wp-json\/wp\/v2\/comments?post=33089"}],"wp:featuredmedia":[{"embeddable":true,"href":"https:\/\/libwomenstore.com\/en\/wp-json\/wp\/v2\/media\/33093"}],"wp:attachment":[{"href":"https:\/\/libwomenstore.com\/en\/wp-json\/wp\/v2\/media?parent=33089"}],"wp:term":[{"taxonomy":"product_brand","embeddable":true,"href":"https:\/\/libwomenstore.com\/en\/wp-json\/wp\/v2\/product_brand?post=33089"},{"taxonomy":"product_cat","embeddable":true,"href":"https:\/\/libwomenstore.com\/en\/wp-json\/wp\/v2\/product_cat?post=33089"},{"taxonomy":"product_tag","embeddable":true,"href":"https:\/\/libwomenstore.com\/en\/wp-json\/wp\/v2\/product_tag?post=33089"}],"curies":[{"name":"wp","href":"https:\/\/api.w.org\/{rel}","templated":true}]}}