{"id":33194,"date":"2025-07-24T12:39:09","date_gmt":"2025-07-24T10:39:09","guid":{"rendered":"https:\/\/libwomenstore.com\/?post_type=product&#038;p=33194"},"modified":"2025-07-24T12:39:09","modified_gmt":"2025-07-24T10:39:09","slug":"dame-hand-vibe-cleaner-60ml","status":"publish","type":"product","link":"https:\/\/libwomenstore.com\/en\/product\/sexual-health\/dame-hand-vibe-cleaner-60ml\/","title":{"rendered":"DAME Hand + Vibe Cleaner 60ml"},"content":{"rendered":"<h3 style=\"text-align: center\">Come clean, anywhere<\/h3>\n<p>&nbsp;<\/p>\n<p style=\"text-align: center\">Balancing pleasure with safety is essential. Our portable, versatile cleaner can be spritzed on your hands or toys, inside and outside the bedroom. <\/p>\n<p>&nbsp;<\/p>\n<p>&nbsp;<\/p>\n<h3 style=\"text-align: center\">Kind to your body<\/h3>\n<p>&nbsp;<\/p>\n<p style=\"text-align: center\">Our formula is vegan, paraben-free, and glycerin-free. It\u2019s safe for your pleasure products and gentle enough for your most sensitive parts. <\/p>\n<p>&nbsp;<\/p>\n<p>&nbsp;<\/p>\n<h3 style=\"text-align: center\">No water needed<\/h3>\n<p>&nbsp;<\/p>\n<p style=\"text-align: center\">Unlike most vibe cleaners out there, ours doesn&#8217;t need to be washed off. Get sanitized, no water required. <\/p>\n<p>&nbsp;<\/p>\n<h3 style=\"text-align: center\">Ingredients<\/h3>\n<p style=\"text-align: center\">Water*<br \/>\nIsopropyl Alcohol<br \/>\nHamamelis Virginiana (Witch Hazel)*<br \/>\nVitis Vinifera (Grape) Seed Extract*<br \/>\nCitrus Sinensis (Sweet Orange)*<br \/>\nPolysorbate<br \/>\nEssential Oil Blend*<br \/>\nGluconolactone*<br \/>\nSodium Benzoate<br \/>\n<strong>* Naturally derived<\/strong><\/p>\n<p>&nbsp;<\/p>\n<h3 style=\"text-align: center\">Instructions<\/h3>\n<p>&nbsp;<\/p>\n<p style=\"text-align: center\">For hands, spray generously and rub throughly. For vibes, spray on generously and allow to evaporate before use. <\/p>\n<p style=\"text-align: center\"><strong>Shelf Life: 24 months after opening <br \/>Recyclable Packaging <\/strong><\/p>\n","protected":false},"excerpt":{"rendered":"<p>Our gentle yet effective Hand + Vibe Cleaner is a no-water-needed sanitizer. Infused with the scent of sweet orange, a quick spritz leaves you hands and toys refreshed, safe, and ready for pleasure. <\/p>\n","protected":false},"featured_media":33191,"comment_status":"closed","ping_status":"closed","template":"","meta":{"_et_pb_use_builder":"","_et_pb_old_content":"","_et_gb_content_width":""},"product_brand":[],"product_cat":[359,356],"product_tag":[735,581],"class_list":{"0":"post-33194","1":"product","2":"type-product","3":"status-publish","4":"has-post-thumbnail","6":"product_cat-cleaners","7":"product_cat-sexual-health","8":"product_tag-cleaner-en","9":"product_tag-dame-en","11":"first","12":"instock","13":"taxable","14":"shipping-taxable","15":"purchasable","16":"product-type-simple"},"yoast_head":"<!-- This site is optimized with the Yoast SEO Premium plugin v27.4 (Yoast SEO v27.4) - https:\/\/yoast.com\/product\/yoast-seo-premium-wordpress\/ -->\n<title>DAME Hand + Vibe Cleaner 60ml - Lib Women&#039;s Store<\/title>\n<meta name=\"description\" content=\"Keep Dame Vibrator and Hand Sanitizer with you wherever you go. Spray the starter and your favorite vibrator thoroughly, no water needed!\" \/>\n<meta name=\"robots\" content=\"index, follow, max-snippet:-1, max-image-preview:large, max-video-preview:-1\" \/>\n<link rel=\"canonical\" href=\"https:\/\/libwomenstore.com\/en\/product\/sexual-health\/dame-hand-vibe-cleaner-60ml\/\" \/>\n<meta property=\"og:locale\" content=\"en_US\" \/>\n<meta property=\"og:type\" content=\"article\" \/>\n<meta property=\"og:title\" content=\"DAME Hand + Vibe Cleaner 60ml\" \/>\n<meta property=\"og:description\" content=\"Keep Dame Vibrator and Hand Sanitizer with you wherever you go. Spray the starter and your favorite vibrator thoroughly, no water needed!\" \/>\n<meta property=\"og:url\" content=\"https:\/\/libwomenstore.com\/en\/product\/sexual-health\/dame-hand-vibe-cleaner-60ml\/\" \/>\n<meta property=\"og:site_name\" content=\"Lib Women&#039;s Store\" \/>\n<meta property=\"article:publisher\" content=\"https:\/\/www.facebook.com\/libwomenstore\" \/>\n<meta property=\"og:image\" content=\"https:\/\/libwomenstore.com\/wp-content\/uploads\/2025\/07\/dame-sex-toy-cleaner.jpg\" \/>\n\t<meta property=\"og:image:width\" content=\"1080\" \/>\n\t<meta property=\"og:image:height\" content=\"1080\" \/>\n\t<meta property=\"og:image:type\" content=\"image\/jpeg\" \/>\n<meta name=\"twitter:card\" content=\"summary_large_image\" \/>\n<meta name=\"twitter:label1\" content=\"Price\" \/>\n\t<meta name=\"twitter:data1\" content=\"5.800&#070;&#116;\" \/>\n\t<meta name=\"twitter:label2\" content=\"Availability\" \/>\n\t<meta name=\"twitter:data2\" content=\"In stock\" \/>\n<script type=\"application\/ld+json\" class=\"yoast-schema-graph\">{\"@context\":\"https:\\\/\\\/schema.org\",\"@graph\":[{\"@type\":[\"WebPage\",\"ItemPage\"],\"@id\":\"https:\\\/\\\/libwomenstore.com\\\/en\\\/product\\\/sexual-health\\\/dame-hand-vibe-cleaner-60ml\\\/\",\"url\":\"https:\\\/\\\/libwomenstore.com\\\/en\\\/product\\\/sexual-health\\\/dame-hand-vibe-cleaner-60ml\\\/\",\"name\":\"DAME Hand + Vibe Cleaner 60ml - Lib Women&#039;s Store\",\"isPartOf\":{\"@id\":\"https:\\\/\\\/libwomenstore.com\\\/en\\\/#website\"},\"primaryImageOfPage\":{\"@id\":\"https:\\\/\\\/libwomenstore.com\\\/en\\\/product\\\/sexual-health\\\/dame-hand-vibe-cleaner-60ml\\\/#primaryimage\"},\"image\":{\"@id\":\"https:\\\/\\\/libwomenstore.com\\\/en\\\/product\\\/sexual-health\\\/dame-hand-vibe-cleaner-60ml\\\/#primaryimage\"},\"thumbnailUrl\":\"https:\\\/\\\/libwomenstore.com\\\/wp-content\\\/uploads\\\/2025\\\/07\\\/dame-sex-toy-cleaner.jpg\",\"datePublished\":\"2025-07-24T10:39:09+00:00\",\"description\":\"Keep Dame Vibrator and Hand Sanitizer with you wherever you go. Spray the starter and your favorite vibrator thoroughly, no water needed!\",\"breadcrumb\":{\"@id\":\"https:\\\/\\\/libwomenstore.com\\\/en\\\/product\\\/sexual-health\\\/dame-hand-vibe-cleaner-60ml\\\/#breadcrumb\"},\"inLanguage\":\"en-US\",\"potentialAction\":[{\"@type\":\"ReadAction\",\"target\":[\"https:\\\/\\\/libwomenstore.com\\\/en\\\/product\\\/sexual-health\\\/dame-hand-vibe-cleaner-60ml\\\/\"]}]},{\"@type\":\"ImageObject\",\"inLanguage\":\"en-US\",\"@id\":\"https:\\\/\\\/libwomenstore.com\\\/en\\\/product\\\/sexual-health\\\/dame-hand-vibe-cleaner-60ml\\\/#primaryimage\",\"url\":\"https:\\\/\\\/libwomenstore.com\\\/wp-content\\\/uploads\\\/2025\\\/07\\\/dame-sex-toy-cleaner.jpg\",\"contentUrl\":\"https:\\\/\\\/libwomenstore.com\\\/wp-content\\\/uploads\\\/2025\\\/07\\\/dame-sex-toy-cleaner.jpg\",\"width\":1080,\"height\":1080,\"caption\":\"Dame vibr\u00e1tor \u00e9s k\u00e9z tiszt\u00edt\u00f3\"},{\"@type\":\"BreadcrumbList\",\"@id\":\"https:\\\/\\\/libwomenstore.com\\\/en\\\/product\\\/sexual-health\\\/dame-hand-vibe-cleaner-60ml\\\/#breadcrumb\",\"itemListElement\":[{\"@type\":\"ListItem\",\"position\":1,\"name\":\"Kezd\u0151lap\",\"item\":\"https:\\\/\\\/libwomenstore.com\\\/en\\\/\"},{\"@type\":\"ListItem\",\"position\":2,\"name\":\"Shop Home Page &#8211; Product categories\",\"item\":\"https:\\\/\\\/libwomenstore.com\\\/shop-kezdolap-termek-kategoriak\\\/?lang=en\"},{\"@type\":\"ListItem\",\"position\":3,\"name\":\"DAME Hand + Vibe Cleaner 60ml\"}]},{\"@type\":\"WebSite\",\"@id\":\"https:\\\/\\\/libwomenstore.com\\\/en\\\/#website\",\"url\":\"https:\\\/\\\/libwomenstore.com\\\/en\\\/\",\"name\":\"Lib Women Store\",\"description\":\"Magyarorsz\u00e1g els\u0151 n\u0151kre f\u00f3kusz\u00e1l\u00f3 szexshopja, ahol az eg\u00e9szs\u00e9g ugyanolyan fontos, mint az \u00e9lvezetek.\",\"publisher\":{\"@id\":\"https:\\\/\\\/libwomenstore.com\\\/en\\\/#organization\"},\"alternateName\":\"Lib\",\"potentialAction\":[{\"@type\":\"SearchAction\",\"target\":{\"@type\":\"EntryPoint\",\"urlTemplate\":\"https:\\\/\\\/libwomenstore.com\\\/en\\\/?s={search_term_string}\"},\"query-input\":{\"@type\":\"PropertyValueSpecification\",\"valueRequired\":true,\"valueName\":\"search_term_string\"}}],\"inLanguage\":\"en-US\"},{\"@type\":\"Organization\",\"@id\":\"https:\\\/\\\/libwomenstore.com\\\/en\\\/#organization\",\"name\":\"Lib Women Store\",\"url\":\"https:\\\/\\\/libwomenstore.com\\\/en\\\/\",\"logo\":{\"@type\":\"ImageObject\",\"inLanguage\":\"en-US\",\"@id\":\"https:\\\/\\\/libwomenstore.com\\\/en\\\/#\\\/schema\\\/logo\\\/image\\\/\",\"url\":\"https:\\\/\\\/libwomenstore.com\\\/wp-content\\\/uploads\\\/2024\\\/05\\\/cropped-LIB-logo-A.png\",\"contentUrl\":\"https:\\\/\\\/libwomenstore.com\\\/wp-content\\\/uploads\\\/2024\\\/05\\\/cropped-LIB-logo-A.png\",\"width\":512,\"height\":512,\"caption\":\"Lib Women Store\"},\"image\":{\"@id\":\"https:\\\/\\\/libwomenstore.com\\\/en\\\/#\\\/schema\\\/logo\\\/image\\\/\"},\"sameAs\":[\"https:\\\/\\\/www.facebook.com\\\/libwomenstore\"]}]}<\/script>\n<meta property=\"product:price:amount\" content=\"5800\" \/>\n<meta property=\"product:price:currency\" content=\"HUF\" \/>\n<meta property=\"og:availability\" content=\"instock\" \/>\n<meta property=\"product:availability\" content=\"instock\" \/>\n<meta property=\"product:condition\" content=\"new\" \/>\n<!-- \/ Yoast SEO Premium plugin. -->","yoast_head_json":{"title":"DAME Hand + Vibe Cleaner 60ml - Lib Women&#039;s Store","description":"Keep Dame Vibrator and Hand Sanitizer with you wherever you go. Spray the starter and your favorite vibrator thoroughly, no water needed!","robots":{"index":"index","follow":"follow","max-snippet":"max-snippet:-1","max-image-preview":"max-image-preview:large","max-video-preview":"max-video-preview:-1"},"canonical":"https:\/\/libwomenstore.com\/en\/product\/sexual-health\/dame-hand-vibe-cleaner-60ml\/","og_locale":"en_US","og_type":"article","og_title":"DAME Hand + Vibe Cleaner 60ml","og_description":"Keep Dame Vibrator and Hand Sanitizer with you wherever you go. Spray the starter and your favorite vibrator thoroughly, no water needed!","og_url":"https:\/\/libwomenstore.com\/en\/product\/sexual-health\/dame-hand-vibe-cleaner-60ml\/","og_site_name":"Lib Women&#039;s Store","article_publisher":"https:\/\/www.facebook.com\/libwomenstore","og_image":[{"width":1080,"height":1080,"url":"https:\/\/libwomenstore.com\/wp-content\/uploads\/2025\/07\/dame-sex-toy-cleaner.jpg","type":"image\/jpeg"}],"twitter_card":"summary_large_image","twitter_misc":{"Price":"5.800&#70;&#116;","Availability":"In stock"},"schema":{"@context":"https:\/\/schema.org","@graph":[{"@type":["WebPage","ItemPage"],"@id":"https:\/\/libwomenstore.com\/en\/product\/sexual-health\/dame-hand-vibe-cleaner-60ml\/","url":"https:\/\/libwomenstore.com\/en\/product\/sexual-health\/dame-hand-vibe-cleaner-60ml\/","name":"DAME Hand + Vibe Cleaner 60ml - Lib Women&#039;s Store","isPartOf":{"@id":"https:\/\/libwomenstore.com\/en\/#website"},"primaryImageOfPage":{"@id":"https:\/\/libwomenstore.com\/en\/product\/sexual-health\/dame-hand-vibe-cleaner-60ml\/#primaryimage"},"image":{"@id":"https:\/\/libwomenstore.com\/en\/product\/sexual-health\/dame-hand-vibe-cleaner-60ml\/#primaryimage"},"thumbnailUrl":"https:\/\/libwomenstore.com\/wp-content\/uploads\/2025\/07\/dame-sex-toy-cleaner.jpg","datePublished":"2025-07-24T10:39:09+00:00","description":"Keep Dame Vibrator and Hand Sanitizer with you wherever you go. Spray the starter and your favorite vibrator thoroughly, no water needed!","breadcrumb":{"@id":"https:\/\/libwomenstore.com\/en\/product\/sexual-health\/dame-hand-vibe-cleaner-60ml\/#breadcrumb"},"inLanguage":"en-US","potentialAction":[{"@type":"ReadAction","target":["https:\/\/libwomenstore.com\/en\/product\/sexual-health\/dame-hand-vibe-cleaner-60ml\/"]}]},{"@type":"ImageObject","inLanguage":"en-US","@id":"https:\/\/libwomenstore.com\/en\/product\/sexual-health\/dame-hand-vibe-cleaner-60ml\/#primaryimage","url":"https:\/\/libwomenstore.com\/wp-content\/uploads\/2025\/07\/dame-sex-toy-cleaner.jpg","contentUrl":"https:\/\/libwomenstore.com\/wp-content\/uploads\/2025\/07\/dame-sex-toy-cleaner.jpg","width":1080,"height":1080,"caption":"Dame vibr\u00e1tor \u00e9s k\u00e9z tiszt\u00edt\u00f3"},{"@type":"BreadcrumbList","@id":"https:\/\/libwomenstore.com\/en\/product\/sexual-health\/dame-hand-vibe-cleaner-60ml\/#breadcrumb","itemListElement":[{"@type":"ListItem","position":1,"name":"Kezd\u0151lap","item":"https:\/\/libwomenstore.com\/en\/"},{"@type":"ListItem","position":2,"name":"Shop Home Page &#8211; Product categories","item":"https:\/\/libwomenstore.com\/shop-kezdolap-termek-kategoriak\/?lang=en"},{"@type":"ListItem","position":3,"name":"DAME Hand + Vibe Cleaner 60ml"}]},{"@type":"WebSite","@id":"https:\/\/libwomenstore.com\/en\/#website","url":"https:\/\/libwomenstore.com\/en\/","name":"Lib Women Store","description":"Magyarorsz\u00e1g els\u0151 n\u0151kre f\u00f3kusz\u00e1l\u00f3 szexshopja, ahol az eg\u00e9szs\u00e9g ugyanolyan fontos, mint az \u00e9lvezetek.","publisher":{"@id":"https:\/\/libwomenstore.com\/en\/#organization"},"alternateName":"Lib","potentialAction":[{"@type":"SearchAction","target":{"@type":"EntryPoint","urlTemplate":"https:\/\/libwomenstore.com\/en\/?s={search_term_string}"},"query-input":{"@type":"PropertyValueSpecification","valueRequired":true,"valueName":"search_term_string"}}],"inLanguage":"en-US"},{"@type":"Organization","@id":"https:\/\/libwomenstore.com\/en\/#organization","name":"Lib Women Store","url":"https:\/\/libwomenstore.com\/en\/","logo":{"@type":"ImageObject","inLanguage":"en-US","@id":"https:\/\/libwomenstore.com\/en\/#\/schema\/logo\/image\/","url":"https:\/\/libwomenstore.com\/wp-content\/uploads\/2024\/05\/cropped-LIB-logo-A.png","contentUrl":"https:\/\/libwomenstore.com\/wp-content\/uploads\/2024\/05\/cropped-LIB-logo-A.png","width":512,"height":512,"caption":"Lib Women Store"},"image":{"@id":"https:\/\/libwomenstore.com\/en\/#\/schema\/logo\/image\/"},"sameAs":["https:\/\/www.facebook.com\/libwomenstore"]}]},"product_price_amount":"5800","product_price_currency":"HUF","og_availability":"instock","product_availability":"instock","product_condition":"new"},"_links":{"self":[{"href":"https:\/\/libwomenstore.com\/en\/wp-json\/wp\/v2\/product\/33194","targetHints":{"allow":["GET"]}}],"collection":[{"href":"https:\/\/libwomenstore.com\/en\/wp-json\/wp\/v2\/product"}],"about":[{"href":"https:\/\/libwomenstore.com\/en\/wp-json\/wp\/v2\/types\/product"}],"replies":[{"embeddable":true,"href":"https:\/\/libwomenstore.com\/en\/wp-json\/wp\/v2\/comments?post=33194"}],"wp:featuredmedia":[{"embeddable":true,"href":"https:\/\/libwomenstore.com\/en\/wp-json\/wp\/v2\/media\/33191"}],"wp:attachment":[{"href":"https:\/\/libwomenstore.com\/en\/wp-json\/wp\/v2\/media?parent=33194"}],"wp:term":[{"taxonomy":"product_brand","embeddable":true,"href":"https:\/\/libwomenstore.com\/en\/wp-json\/wp\/v2\/product_brand?post=33194"},{"taxonomy":"product_cat","embeddable":true,"href":"https:\/\/libwomenstore.com\/en\/wp-json\/wp\/v2\/product_cat?post=33194"},{"taxonomy":"product_tag","embeddable":true,"href":"https:\/\/libwomenstore.com\/en\/wp-json\/wp\/v2\/product_tag?post=33194"}],"curies":[{"name":"wp","href":"https:\/\/api.w.org\/{rel}","templated":true}]}}