{"id":33195,"date":"2025-07-24T12:39:04","date_gmt":"2025-07-24T10:39:04","guid":{"rendered":"https:\/\/libwomenstore.com\/?post_type=product&#038;p=33195"},"modified":"2026-03-24T17:57:45","modified_gmt":"2026-03-24T16:57:45","slug":"dame-aloe-lube-118ml","status":"publish","type":"product","link":"https:\/\/libwomenstore.com\/en\/product\/lubes-and-massage-gels\/dame-aloe-lube-118ml\/","title":{"rendered":"DAME Aloe Lube 118ml"},"content":{"rendered":"<h3 style=\"text-align: center\">Safe and silky<\/h3>\n<p>&nbsp;<\/p>\n<p style=\"text-align: center\">Aloe Lube is made from organic aloe vera, which means it\u2019s safe for toys and most condoms. <\/p>\n<p>&nbsp;<\/p>\n<h3 style=\"text-align: center\">Nightstand wallflower<\/h3>\n<p>&nbsp;<\/p>\n<p style=\"text-align: center\">Aloe Lube&#8217;s bottle is beautiful and discreet, blending into your nightstand, medicine cabinet, or travel bag. Plus, it\u2019s small enough for single-handed pumping! <\/p>\n<h3 style=\"text-align: center\">Ingredients<\/h3>\n<p>&nbsp;<\/p>\n<p style=\"text-align: center\">Aloe Leaf Juice (natural moisture)<br \/>\nPropanediol (natural solvent)<br \/>\nMushroom Extract (promotes blood flow)<br \/>\nGluconolactone (natural preservative)<br \/>\nSodium Hyaluronate (natural moisture)<br \/>\nQuinoa Seed Extract (reduces inflammation)<br \/>\nHemp Seed Extract (reduces inflammation)<br \/>\nLinseed Extract (natural moisture)<br \/>\nGreen Tea Extract (reduces inflammation)<br \/>\nOat Kernel Extract (natural moisture)<br \/>\nHydroxyethylcellulose (natural thickener)<br \/>\nXanthan Gum (natural stabilizer)<br \/>\nSodium Benzoate (natural moisture)<br \/>\nPotassium Sorbate (natural preservative)<br \/>\nCitric Acid (natural preservative)<\/p>\n<p>&nbsp;<\/p>\n<h3 style=\"text-align: center\">Instructions<\/h3>\n<p>&nbsp;<\/p>\n<p style=\"text-align: center\">Use as a personal lubricant for penile and\/or vaginal application. Apply as desired and where desired. Reapply as needed. Washes away with warm water.   <\/p>\n","protected":false},"excerpt":{"rendered":"<p>Doctor-approved, pH-balanced, and toy-safe, Aloe Vera Lube is formulated with organic plant extracts for silky, long-lasting glide.<\/p>\n","protected":false},"featured_media":33158,"comment_status":"closed","ping_status":"closed","template":"","meta":{"_et_pb_use_builder":"","_et_pb_old_content":"","_et_gb_content_width":""},"product_brand":[],"product_cat":[358,356,364],"product_tag":[737,581,690,736],"class_list":{"0":"post-33195","1":"product","2":"type-product","3":"status-publish","4":"has-post-thumbnail","6":"product_cat-lubes-and-massage-gels","7":"product_cat-sexual-health","8":"product_cat-water-based-lubes","9":"product_tag-aloe-vera-en","10":"product_tag-dame-en","11":"product_tag-lubricant","12":"product_tag-water-based","14":"first","15":"instock","16":"taxable","17":"shipping-taxable","18":"purchasable","19":"product-type-variable"},"yoast_head":"<!-- This site is optimized with the Yoast SEO Premium plugin v27.4 (Yoast SEO v27.4) - https:\/\/yoast.com\/product\/yoast-seo-premium-wordpress\/ -->\n<title>DAME Aloe Lube 118ml - Lib Women&#039;s Store<\/title>\n<meta name=\"description\" content=\"Try the lubricant enriched with natural aloe vera extract. Thanks to the natural ingredients, it is pH friendly and you don&#039;t have to compromise on the smoothness.\" \/>\n<meta name=\"robots\" content=\"index, follow, max-snippet:-1, max-image-preview:large, max-video-preview:-1\" \/>\n<link rel=\"canonical\" href=\"https:\/\/libwomenstore.com\/en\/product\/lubes-and-massage-gels\/dame-aloe-lube-118ml\/\" \/>\n<meta property=\"og:locale\" content=\"en_US\" \/>\n<meta property=\"og:type\" content=\"article\" \/>\n<meta property=\"og:title\" content=\"DAME Aloe Lube 118ml\" \/>\n<meta property=\"og:description\" content=\"Try the lubricant enriched with natural aloe vera extract. Thanks to the natural ingredients, it is pH friendly and you don&#039;t have to compromise on the smoothness.\" \/>\n<meta property=\"og:url\" content=\"https:\/\/libwomenstore.com\/en\/product\/lubes-and-massage-gels\/dame-aloe-lube-118ml\/\" \/>\n<meta property=\"og:site_name\" content=\"Lib Women&#039;s Store\" \/>\n<meta property=\"article:publisher\" content=\"https:\/\/www.facebook.com\/libwomenstore\" \/>\n<meta property=\"article:modified_time\" content=\"2026-03-24T16:57:45+00:00\" \/>\n<meta property=\"og:image\" content=\"https:\/\/libwomenstore.com\/wp-content\/uploads\/2025\/07\/dame_lube.jpg\" \/>\n\t<meta property=\"og:image:width\" content=\"1080\" \/>\n\t<meta property=\"og:image:height\" content=\"1080\" \/>\n\t<meta property=\"og:image:type\" content=\"image\/jpeg\" \/>\n<meta name=\"twitter:card\" content=\"summary_large_image\" \/>\n<meta name=\"twitter:label1\" content=\"Availability\" \/>\n\t<meta name=\"twitter:data1\" content=\"In stock\" \/>\n<script type=\"application\/ld+json\" class=\"yoast-schema-graph\">{\"@context\":\"https:\\\/\\\/schema.org\",\"@graph\":[{\"@type\":[\"WebPage\",\"ItemPage\"],\"@id\":\"https:\\\/\\\/libwomenstore.com\\\/en\\\/product\\\/lubes-and-massage-gels\\\/dame-aloe-lube-118ml\\\/\",\"url\":\"https:\\\/\\\/libwomenstore.com\\\/en\\\/product\\\/lubes-and-massage-gels\\\/dame-aloe-lube-118ml\\\/\",\"name\":\"DAME Aloe Lube 118ml - Lib Women&#039;s Store\",\"isPartOf\":{\"@id\":\"https:\\\/\\\/libwomenstore.com\\\/en\\\/#website\"},\"primaryImageOfPage\":{\"@id\":\"https:\\\/\\\/libwomenstore.com\\\/en\\\/product\\\/lubes-and-massage-gels\\\/dame-aloe-lube-118ml\\\/#primaryimage\"},\"image\":{\"@id\":\"https:\\\/\\\/libwomenstore.com\\\/en\\\/product\\\/lubes-and-massage-gels\\\/dame-aloe-lube-118ml\\\/#primaryimage\"},\"thumbnailUrl\":\"https:\\\/\\\/libwomenstore.com\\\/wp-content\\\/uploads\\\/2025\\\/07\\\/dame_lube.jpg\",\"datePublished\":\"2025-07-24T10:39:04+00:00\",\"dateModified\":\"2026-03-24T16:57:45+00:00\",\"description\":\"Try the lubricant enriched with natural aloe vera extract. Thanks to the natural ingredients, it is pH friendly and you don't have to compromise on the smoothness.\",\"breadcrumb\":{\"@id\":\"https:\\\/\\\/libwomenstore.com\\\/en\\\/product\\\/lubes-and-massage-gels\\\/dame-aloe-lube-118ml\\\/#breadcrumb\"},\"inLanguage\":\"en-US\",\"potentialAction\":[{\"@type\":\"ReadAction\",\"target\":[\"https:\\\/\\\/libwomenstore.com\\\/en\\\/product\\\/lubes-and-massage-gels\\\/dame-aloe-lube-118ml\\\/\"]}]},{\"@type\":\"ImageObject\",\"inLanguage\":\"en-US\",\"@id\":\"https:\\\/\\\/libwomenstore.com\\\/en\\\/product\\\/lubes-and-massage-gels\\\/dame-aloe-lube-118ml\\\/#primaryimage\",\"url\":\"https:\\\/\\\/libwomenstore.com\\\/wp-content\\\/uploads\\\/2025\\\/07\\\/dame_lube.jpg\",\"contentUrl\":\"https:\\\/\\\/libwomenstore.com\\\/wp-content\\\/uploads\\\/2025\\\/07\\\/dame_lube.jpg\",\"width\":1080,\"height\":1080,\"caption\":\"Dame Aloe ver\u00e1s s\u00edkos\u00edt\u00f3\"},{\"@type\":\"BreadcrumbList\",\"@id\":\"https:\\\/\\\/libwomenstore.com\\\/en\\\/product\\\/lubes-and-massage-gels\\\/dame-aloe-lube-118ml\\\/#breadcrumb\",\"itemListElement\":[{\"@type\":\"ListItem\",\"position\":1,\"name\":\"Kezd\u0151lap\",\"item\":\"https:\\\/\\\/libwomenstore.com\\\/en\\\/\"},{\"@type\":\"ListItem\",\"position\":2,\"name\":\"Shop Home Page &#8211; Product categories\",\"item\":\"https:\\\/\\\/libwomenstore.com\\\/shop-kezdolap-termek-kategoriak\\\/?lang=en\"},{\"@type\":\"ListItem\",\"position\":3,\"name\":\"DAME Aloe Lube 118ml\"}]},{\"@type\":\"WebSite\",\"@id\":\"https:\\\/\\\/libwomenstore.com\\\/en\\\/#website\",\"url\":\"https:\\\/\\\/libwomenstore.com\\\/en\\\/\",\"name\":\"Lib Women Store\",\"description\":\"Magyarorsz\u00e1g els\u0151 n\u0151kre f\u00f3kusz\u00e1l\u00f3 szexshopja, ahol az eg\u00e9szs\u00e9g ugyanolyan fontos, mint az \u00e9lvezetek.\",\"publisher\":{\"@id\":\"https:\\\/\\\/libwomenstore.com\\\/en\\\/#organization\"},\"alternateName\":\"Lib\",\"potentialAction\":[{\"@type\":\"SearchAction\",\"target\":{\"@type\":\"EntryPoint\",\"urlTemplate\":\"https:\\\/\\\/libwomenstore.com\\\/en\\\/?s={search_term_string}\"},\"query-input\":{\"@type\":\"PropertyValueSpecification\",\"valueRequired\":true,\"valueName\":\"search_term_string\"}}],\"inLanguage\":\"en-US\"},{\"@type\":\"Organization\",\"@id\":\"https:\\\/\\\/libwomenstore.com\\\/en\\\/#organization\",\"name\":\"Lib Women Store\",\"url\":\"https:\\\/\\\/libwomenstore.com\\\/en\\\/\",\"logo\":{\"@type\":\"ImageObject\",\"inLanguage\":\"en-US\",\"@id\":\"https:\\\/\\\/libwomenstore.com\\\/en\\\/#\\\/schema\\\/logo\\\/image\\\/\",\"url\":\"https:\\\/\\\/libwomenstore.com\\\/wp-content\\\/uploads\\\/2024\\\/05\\\/cropped-LIB-logo-A.png\",\"contentUrl\":\"https:\\\/\\\/libwomenstore.com\\\/wp-content\\\/uploads\\\/2024\\\/05\\\/cropped-LIB-logo-A.png\",\"width\":512,\"height\":512,\"caption\":\"Lib Women Store\"},\"image\":{\"@id\":\"https:\\\/\\\/libwomenstore.com\\\/en\\\/#\\\/schema\\\/logo\\\/image\\\/\"},\"sameAs\":[\"https:\\\/\\\/www.facebook.com\\\/libwomenstore\"]}]}<\/script>\n<meta property=\"og:availability\" content=\"instock\" \/>\n<meta property=\"product:availability\" content=\"instock\" \/>\n<meta property=\"product:condition\" content=\"new\" \/>\n<!-- \/ Yoast SEO Premium plugin. -->","yoast_head_json":{"title":"DAME Aloe Lube 118ml - Lib Women&#039;s Store","description":"Try the lubricant enriched with natural aloe vera extract. Thanks to the natural ingredients, it is pH friendly and you don't have to compromise on the smoothness.","robots":{"index":"index","follow":"follow","max-snippet":"max-snippet:-1","max-image-preview":"max-image-preview:large","max-video-preview":"max-video-preview:-1"},"canonical":"https:\/\/libwomenstore.com\/en\/product\/lubes-and-massage-gels\/dame-aloe-lube-118ml\/","og_locale":"en_US","og_type":"article","og_title":"DAME Aloe Lube 118ml","og_description":"Try the lubricant enriched with natural aloe vera extract. Thanks to the natural ingredients, it is pH friendly and you don't have to compromise on the smoothness.","og_url":"https:\/\/libwomenstore.com\/en\/product\/lubes-and-massage-gels\/dame-aloe-lube-118ml\/","og_site_name":"Lib Women&#039;s Store","article_publisher":"https:\/\/www.facebook.com\/libwomenstore","article_modified_time":"2026-03-24T16:57:45+00:00","og_image":[{"width":1080,"height":1080,"url":"https:\/\/libwomenstore.com\/wp-content\/uploads\/2025\/07\/dame_lube.jpg","type":"image\/jpeg"}],"twitter_card":"summary_large_image","twitter_misc":{"Availability":"In stock"},"schema":{"@context":"https:\/\/schema.org","@graph":[{"@type":["WebPage","ItemPage"],"@id":"https:\/\/libwomenstore.com\/en\/product\/lubes-and-massage-gels\/dame-aloe-lube-118ml\/","url":"https:\/\/libwomenstore.com\/en\/product\/lubes-and-massage-gels\/dame-aloe-lube-118ml\/","name":"DAME Aloe Lube 118ml - Lib Women&#039;s Store","isPartOf":{"@id":"https:\/\/libwomenstore.com\/en\/#website"},"primaryImageOfPage":{"@id":"https:\/\/libwomenstore.com\/en\/product\/lubes-and-massage-gels\/dame-aloe-lube-118ml\/#primaryimage"},"image":{"@id":"https:\/\/libwomenstore.com\/en\/product\/lubes-and-massage-gels\/dame-aloe-lube-118ml\/#primaryimage"},"thumbnailUrl":"https:\/\/libwomenstore.com\/wp-content\/uploads\/2025\/07\/dame_lube.jpg","datePublished":"2025-07-24T10:39:04+00:00","dateModified":"2026-03-24T16:57:45+00:00","description":"Try the lubricant enriched with natural aloe vera extract. Thanks to the natural ingredients, it is pH friendly and you don't have to compromise on the smoothness.","breadcrumb":{"@id":"https:\/\/libwomenstore.com\/en\/product\/lubes-and-massage-gels\/dame-aloe-lube-118ml\/#breadcrumb"},"inLanguage":"en-US","potentialAction":[{"@type":"ReadAction","target":["https:\/\/libwomenstore.com\/en\/product\/lubes-and-massage-gels\/dame-aloe-lube-118ml\/"]}]},{"@type":"ImageObject","inLanguage":"en-US","@id":"https:\/\/libwomenstore.com\/en\/product\/lubes-and-massage-gels\/dame-aloe-lube-118ml\/#primaryimage","url":"https:\/\/libwomenstore.com\/wp-content\/uploads\/2025\/07\/dame_lube.jpg","contentUrl":"https:\/\/libwomenstore.com\/wp-content\/uploads\/2025\/07\/dame_lube.jpg","width":1080,"height":1080,"caption":"Dame Aloe ver\u00e1s s\u00edkos\u00edt\u00f3"},{"@type":"BreadcrumbList","@id":"https:\/\/libwomenstore.com\/en\/product\/lubes-and-massage-gels\/dame-aloe-lube-118ml\/#breadcrumb","itemListElement":[{"@type":"ListItem","position":1,"name":"Kezd\u0151lap","item":"https:\/\/libwomenstore.com\/en\/"},{"@type":"ListItem","position":2,"name":"Shop Home Page &#8211; Product categories","item":"https:\/\/libwomenstore.com\/shop-kezdolap-termek-kategoriak\/?lang=en"},{"@type":"ListItem","position":3,"name":"DAME Aloe Lube 118ml"}]},{"@type":"WebSite","@id":"https:\/\/libwomenstore.com\/en\/#website","url":"https:\/\/libwomenstore.com\/en\/","name":"Lib Women Store","description":"Magyarorsz\u00e1g els\u0151 n\u0151kre f\u00f3kusz\u00e1l\u00f3 szexshopja, ahol az eg\u00e9szs\u00e9g ugyanolyan fontos, mint az \u00e9lvezetek.","publisher":{"@id":"https:\/\/libwomenstore.com\/en\/#organization"},"alternateName":"Lib","potentialAction":[{"@type":"SearchAction","target":{"@type":"EntryPoint","urlTemplate":"https:\/\/libwomenstore.com\/en\/?s={search_term_string}"},"query-input":{"@type":"PropertyValueSpecification","valueRequired":true,"valueName":"search_term_string"}}],"inLanguage":"en-US"},{"@type":"Organization","@id":"https:\/\/libwomenstore.com\/en\/#organization","name":"Lib Women Store","url":"https:\/\/libwomenstore.com\/en\/","logo":{"@type":"ImageObject","inLanguage":"en-US","@id":"https:\/\/libwomenstore.com\/en\/#\/schema\/logo\/image\/","url":"https:\/\/libwomenstore.com\/wp-content\/uploads\/2024\/05\/cropped-LIB-logo-A.png","contentUrl":"https:\/\/libwomenstore.com\/wp-content\/uploads\/2024\/05\/cropped-LIB-logo-A.png","width":512,"height":512,"caption":"Lib Women Store"},"image":{"@id":"https:\/\/libwomenstore.com\/en\/#\/schema\/logo\/image\/"},"sameAs":["https:\/\/www.facebook.com\/libwomenstore"]}]},"og_availability":"instock","product_availability":"instock","product_condition":"new"},"_links":{"self":[{"href":"https:\/\/libwomenstore.com\/en\/wp-json\/wp\/v2\/product\/33195","targetHints":{"allow":["GET"]}}],"collection":[{"href":"https:\/\/libwomenstore.com\/en\/wp-json\/wp\/v2\/product"}],"about":[{"href":"https:\/\/libwomenstore.com\/en\/wp-json\/wp\/v2\/types\/product"}],"replies":[{"embeddable":true,"href":"https:\/\/libwomenstore.com\/en\/wp-json\/wp\/v2\/comments?post=33195"}],"wp:featuredmedia":[{"embeddable":true,"href":"https:\/\/libwomenstore.com\/en\/wp-json\/wp\/v2\/media\/33158"}],"wp:attachment":[{"href":"https:\/\/libwomenstore.com\/en\/wp-json\/wp\/v2\/media?parent=33195"}],"wp:term":[{"taxonomy":"product_brand","embeddable":true,"href":"https:\/\/libwomenstore.com\/en\/wp-json\/wp\/v2\/product_brand?post=33195"},{"taxonomy":"product_cat","embeddable":true,"href":"https:\/\/libwomenstore.com\/en\/wp-json\/wp\/v2\/product_cat?post=33195"},{"taxonomy":"product_tag","embeddable":true,"href":"https:\/\/libwomenstore.com\/en\/wp-json\/wp\/v2\/product_tag?post=33195"}],"curies":[{"name":"wp","href":"https:\/\/api.w.org\/{rel}","templated":true}]}}