{"id":33203,"date":"2025-07-22T18:28:21","date_gmt":"2025-07-22T16:28:21","guid":{"rendered":"https:\/\/libwomenstore.com\/?post_type=product&#038;p=33203"},"modified":"2025-07-22T18:28:21","modified_gmt":"2025-07-22T16:28:21","slug":"the-oh-collective-boo","status":"publish","type":"product","link":"https:\/\/libwomenstore.com\/en\/product\/anal-toys\/the-oh-collective-boo\/","title":{"rendered":"THE OH COLLECTIVE Boo"},"content":{"rendered":"<h3 style=\"text-align: center;\">The perfect starter set<\/h3>\n<p>&nbsp;<\/p>\n<p style=\"text-align: center;\">Boo comes with a remote control and a deck of Anal Academy 101 cards that can guide you smoothly into your first or adventurous anal experience.<\/p>\n<p style=\"text-align: center;\">Take control of your pleasure, solo or shared, and unlock undiscovered sensations with Boo&#8217;s remote-controlled vibrations.<\/p>\n<p>&nbsp;<\/p>\n<h3 style=\"text-align: center;\">A step-by-step guide to anal pleasure!<\/h3>\n<p>&nbsp;<\/p>\n<p style=\"text-align: center;\">1. step<br \/>\nHi, I\u2019m Boo. I bring gentle and gradual introduction into anal play with super soft ergonomic tapered shape that puts your comfort first. <\/p>\n<p style=\"text-align: center;\">2. step<br \/>\nI come with a remote-control for you to unleash pleasure in and outdoors.<\/p>\n<p style=\"text-align: center;\">3. step<br \/>\nTo get you fully prepared for anal play, follow through Anal Academy 101 to get started!<\/p>\n<p style=\"text-align: center;\">4. step<br \/>\nTo get started, click on the \u201cO\u201d button to link the remote control to the Boo<\/p>\n<p style=\"text-align: center;\">5. step<br \/>\nClick on +\/- button to change intensities and O button to change vibrations.<\/p>\n<p style=\"text-align: center;\">6. step<br \/>\nDon&#8217;t forget to use plenty of water-based lubricant!<\/p>\n<p style=\"text-align: center;\">7. step<br \/>\nGradually ease into anal play &lt; &lt;3 Boo is waterproof and super silent.<\/p>\n<p>&nbsp;<\/p>\n<h3 style=\"text-align: center;\">Features<\/h3>\n<p style=\"text-align: center;\">&#8211; 5 speeds and 5 vibrations<br \/>\n&#8211; waterproof<br \/>\n&#8211; 120 minutes play with 180 minutes of charging<br \/>\n&#8211; Noise less than &lt;45 decibel<br \/>\n&#8211; CE, FDA, UKCA, and ISO9001 certified<br \/>\n&#8211; 3 Year Warranty<\/p>\n<p style=\"text-align: center;\">-Body-safe silicone coating<\/p>\n<p style=\"text-align: center;\">Boo length: 12.5 CM<br \/>\nInsert length: 8.5 CM<br \/>\nWidth: 7.3 CM<br \/>\nInsert diameter: 6.4 CM<br \/>\nBoo weight: 111 grams<\/p>\n<p style=\"text-align: center;\">Box Measurements: 19 x 15 x 5 CM<br \/>\nBox Weight: 374 grams<\/p>\n<p>&nbsp;<\/p>\n<h3 style=\"text-align: center;\">Usage &amp; Cleaning<\/h3>\n<p>&nbsp;<\/p>\n<p style=\"text-align: center;\">The product can be disinfected with lukewarm soapy water or with cleaning agents designed for this purpose. Clean only with a lint-free cloth. <\/p>\n<p style=\"text-align: center;\">Use only with water-based lubricant!<\/p>\n<p>&nbsp;<\/p>\n<p>&nbsp;<\/p>\n<p>&nbsp;<\/p>\n","protected":false},"excerpt":{"rendered":"<p>Explore pleasure with BOO: a gentle and gradual introduction into anal play with a super soft ergonomic tapered shape that puts your comfort first.<\/p>\n","protected":false},"featured_media":33200,"comment_status":"closed","ping_status":"closed","template":"","meta":{"_et_pb_use_builder":"","_et_pb_old_content":"","_et_gb_content_width":""},"product_brand":[],"product_cat":[325],"product_tag":[682,742,744,743,492],"class_list":{"0":"post-33203","1":"product","2":"type-product","3":"status-publish","4":"has-post-thumbnail","6":"product_cat-anal-toys","7":"product_tag-anal-en","8":"product_tag-beginner-en","9":"product_tag-remote-control","10":"product_tag-the-oh-collective-en","11":"product_tag-vibrator-en","13":"first","14":"outofstock","15":"taxable","16":"shipping-taxable","17":"purchasable","18":"product-type-simple"},"yoast_head":"<!-- This site is optimized with the Yoast SEO Premium plugin v27.4 (Yoast SEO v27.4) - https:\/\/yoast.com\/product\/yoast-seo-premium-wordpress\/ -->\n<title>THE OH COLLECTIVE Boo - Lib Women&#039;s Store<\/title>\n<meta name=\"description\" content=\"Are you interested in anal sex but don&#039;t know how to get started? Try the Boo anal vibrator and use the included guide to safely explore this world!\" \/>\n<meta name=\"robots\" content=\"index, follow, max-snippet:-1, max-image-preview:large, max-video-preview:-1\" \/>\n<link rel=\"canonical\" href=\"https:\/\/libwomenstore.com\/en\/product\/anal-toys\/the-oh-collective-boo\/\" \/>\n<meta property=\"og:locale\" content=\"en_US\" \/>\n<meta property=\"og:type\" content=\"article\" \/>\n<meta property=\"og:title\" content=\"THE OH COLLECTIVE Boo\" \/>\n<meta property=\"og:description\" content=\"Are you interested in anal sex but don&#039;t know how to get started? Try the Boo anal vibrator and use the included guide to safely explore this world!\" \/>\n<meta property=\"og:url\" content=\"https:\/\/libwomenstore.com\/en\/product\/anal-toys\/the-oh-collective-boo\/\" \/>\n<meta property=\"og:site_name\" content=\"Lib Women&#039;s Store\" \/>\n<meta property=\"article:publisher\" content=\"https:\/\/www.facebook.com\/libwomenstore\" \/>\n<meta property=\"og:image\" content=\"https:\/\/libwomenstore.com\/wp-content\/uploads\/2025\/07\/the-oh-collective-anal-vibrator.jpg\" \/>\n\t<meta property=\"og:image:width\" content=\"1080\" \/>\n\t<meta property=\"og:image:height\" content=\"1080\" \/>\n\t<meta property=\"og:image:type\" content=\"image\/jpeg\" \/>\n<meta name=\"twitter:card\" content=\"summary_large_image\" \/>\n<meta name=\"twitter:label1\" content=\"Price\" \/>\n\t<meta name=\"twitter:data1\" content=\"24.500&#070;&#116;\" \/>\n\t<meta name=\"twitter:label2\" content=\"Availability\" \/>\n\t<meta name=\"twitter:data2\" content=\"Out of stock\" \/>\n<script type=\"application\/ld+json\" class=\"yoast-schema-graph\">{\"@context\":\"https:\\\/\\\/schema.org\",\"@graph\":[{\"@type\":[\"WebPage\",\"ItemPage\"],\"@id\":\"https:\\\/\\\/libwomenstore.com\\\/en\\\/product\\\/anal-toys\\\/the-oh-collective-boo\\\/\",\"url\":\"https:\\\/\\\/libwomenstore.com\\\/en\\\/product\\\/anal-toys\\\/the-oh-collective-boo\\\/\",\"name\":\"THE OH COLLECTIVE Boo - Lib Women&#039;s Store\",\"isPartOf\":{\"@id\":\"https:\\\/\\\/libwomenstore.com\\\/en\\\/#website\"},\"primaryImageOfPage\":{\"@id\":\"https:\\\/\\\/libwomenstore.com\\\/en\\\/product\\\/anal-toys\\\/the-oh-collective-boo\\\/#primaryimage\"},\"image\":{\"@id\":\"https:\\\/\\\/libwomenstore.com\\\/en\\\/product\\\/anal-toys\\\/the-oh-collective-boo\\\/#primaryimage\"},\"thumbnailUrl\":\"https:\\\/\\\/libwomenstore.com\\\/wp-content\\\/uploads\\\/2025\\\/07\\\/the-oh-collective-anal-vibrator.jpg\",\"datePublished\":\"2025-07-22T16:28:21+00:00\",\"description\":\"Are you interested in anal sex but don't know how to get started? Try the Boo anal vibrator and use the included guide to safely explore this world!\",\"breadcrumb\":{\"@id\":\"https:\\\/\\\/libwomenstore.com\\\/en\\\/product\\\/anal-toys\\\/the-oh-collective-boo\\\/#breadcrumb\"},\"inLanguage\":\"en-US\",\"potentialAction\":[{\"@type\":\"ReadAction\",\"target\":[\"https:\\\/\\\/libwomenstore.com\\\/en\\\/product\\\/anal-toys\\\/the-oh-collective-boo\\\/\"]}]},{\"@type\":\"ImageObject\",\"inLanguage\":\"en-US\",\"@id\":\"https:\\\/\\\/libwomenstore.com\\\/en\\\/product\\\/anal-toys\\\/the-oh-collective-boo\\\/#primaryimage\",\"url\":\"https:\\\/\\\/libwomenstore.com\\\/wp-content\\\/uploads\\\/2025\\\/07\\\/the-oh-collective-anal-vibrator.jpg\",\"contentUrl\":\"https:\\\/\\\/libwomenstore.com\\\/wp-content\\\/uploads\\\/2025\\\/07\\\/the-oh-collective-anal-vibrator.jpg\",\"width\":1080,\"height\":1080,\"caption\":\"The Oh Collective Boo an\u00e1l vibr\u00e1tor t\u00e1vir\u00e1ny\u00edt\u00f3val\"},{\"@type\":\"BreadcrumbList\",\"@id\":\"https:\\\/\\\/libwomenstore.com\\\/en\\\/product\\\/anal-toys\\\/the-oh-collective-boo\\\/#breadcrumb\",\"itemListElement\":[{\"@type\":\"ListItem\",\"position\":1,\"name\":\"Kezd\u0151lap\",\"item\":\"https:\\\/\\\/libwomenstore.com\\\/en\\\/\"},{\"@type\":\"ListItem\",\"position\":2,\"name\":\"Shop Home Page &#8211; Product categories\",\"item\":\"https:\\\/\\\/libwomenstore.com\\\/shop-kezdolap-termek-kategoriak\\\/?lang=en\"},{\"@type\":\"ListItem\",\"position\":3,\"name\":\"THE OH COLLECTIVE Boo\"}]},{\"@type\":\"WebSite\",\"@id\":\"https:\\\/\\\/libwomenstore.com\\\/en\\\/#website\",\"url\":\"https:\\\/\\\/libwomenstore.com\\\/en\\\/\",\"name\":\"Lib Women Store\",\"description\":\"Magyarorsz\u00e1g els\u0151 n\u0151kre f\u00f3kusz\u00e1l\u00f3 szexshopja, ahol az eg\u00e9szs\u00e9g ugyanolyan fontos, mint az \u00e9lvezetek.\",\"publisher\":{\"@id\":\"https:\\\/\\\/libwomenstore.com\\\/en\\\/#organization\"},\"alternateName\":\"Lib\",\"potentialAction\":[{\"@type\":\"SearchAction\",\"target\":{\"@type\":\"EntryPoint\",\"urlTemplate\":\"https:\\\/\\\/libwomenstore.com\\\/en\\\/?s={search_term_string}\"},\"query-input\":{\"@type\":\"PropertyValueSpecification\",\"valueRequired\":true,\"valueName\":\"search_term_string\"}}],\"inLanguage\":\"en-US\"},{\"@type\":\"Organization\",\"@id\":\"https:\\\/\\\/libwomenstore.com\\\/en\\\/#organization\",\"name\":\"Lib Women Store\",\"url\":\"https:\\\/\\\/libwomenstore.com\\\/en\\\/\",\"logo\":{\"@type\":\"ImageObject\",\"inLanguage\":\"en-US\",\"@id\":\"https:\\\/\\\/libwomenstore.com\\\/en\\\/#\\\/schema\\\/logo\\\/image\\\/\",\"url\":\"https:\\\/\\\/libwomenstore.com\\\/wp-content\\\/uploads\\\/2024\\\/05\\\/cropped-LIB-logo-A.png\",\"contentUrl\":\"https:\\\/\\\/libwomenstore.com\\\/wp-content\\\/uploads\\\/2024\\\/05\\\/cropped-LIB-logo-A.png\",\"width\":512,\"height\":512,\"caption\":\"Lib Women Store\"},\"image\":{\"@id\":\"https:\\\/\\\/libwomenstore.com\\\/en\\\/#\\\/schema\\\/logo\\\/image\\\/\"},\"sameAs\":[\"https:\\\/\\\/www.facebook.com\\\/libwomenstore\"]}]}<\/script>\n<meta property=\"product:price:amount\" content=\"24500\" \/>\n<meta property=\"product:price:currency\" content=\"HUF\" \/>\n<meta property=\"og:availability\" content=\"out of stock\" \/>\n<meta property=\"product:availability\" content=\"out of stock\" \/>\n<meta property=\"product:condition\" content=\"new\" \/>\n<!-- \/ Yoast SEO Premium plugin. -->","yoast_head_json":{"title":"THE OH COLLECTIVE Boo - Lib Women&#039;s Store","description":"Are you interested in anal sex but don't know how to get started? Try the Boo anal vibrator and use the included guide to safely explore this world!","robots":{"index":"index","follow":"follow","max-snippet":"max-snippet:-1","max-image-preview":"max-image-preview:large","max-video-preview":"max-video-preview:-1"},"canonical":"https:\/\/libwomenstore.com\/en\/product\/anal-toys\/the-oh-collective-boo\/","og_locale":"en_US","og_type":"article","og_title":"THE OH COLLECTIVE Boo","og_description":"Are you interested in anal sex but don't know how to get started? Try the Boo anal vibrator and use the included guide to safely explore this world!","og_url":"https:\/\/libwomenstore.com\/en\/product\/anal-toys\/the-oh-collective-boo\/","og_site_name":"Lib Women&#039;s Store","article_publisher":"https:\/\/www.facebook.com\/libwomenstore","og_image":[{"width":1080,"height":1080,"url":"https:\/\/libwomenstore.com\/wp-content\/uploads\/2025\/07\/the-oh-collective-anal-vibrator.jpg","type":"image\/jpeg"}],"twitter_card":"summary_large_image","twitter_misc":{"Price":"24.500&#70;&#116;","Availability":"Out of stock"},"schema":{"@context":"https:\/\/schema.org","@graph":[{"@type":["WebPage","ItemPage"],"@id":"https:\/\/libwomenstore.com\/en\/product\/anal-toys\/the-oh-collective-boo\/","url":"https:\/\/libwomenstore.com\/en\/product\/anal-toys\/the-oh-collective-boo\/","name":"THE OH COLLECTIVE Boo - Lib Women&#039;s Store","isPartOf":{"@id":"https:\/\/libwomenstore.com\/en\/#website"},"primaryImageOfPage":{"@id":"https:\/\/libwomenstore.com\/en\/product\/anal-toys\/the-oh-collective-boo\/#primaryimage"},"image":{"@id":"https:\/\/libwomenstore.com\/en\/product\/anal-toys\/the-oh-collective-boo\/#primaryimage"},"thumbnailUrl":"https:\/\/libwomenstore.com\/wp-content\/uploads\/2025\/07\/the-oh-collective-anal-vibrator.jpg","datePublished":"2025-07-22T16:28:21+00:00","description":"Are you interested in anal sex but don't know how to get started? Try the Boo anal vibrator and use the included guide to safely explore this world!","breadcrumb":{"@id":"https:\/\/libwomenstore.com\/en\/product\/anal-toys\/the-oh-collective-boo\/#breadcrumb"},"inLanguage":"en-US","potentialAction":[{"@type":"ReadAction","target":["https:\/\/libwomenstore.com\/en\/product\/anal-toys\/the-oh-collective-boo\/"]}]},{"@type":"ImageObject","inLanguage":"en-US","@id":"https:\/\/libwomenstore.com\/en\/product\/anal-toys\/the-oh-collective-boo\/#primaryimage","url":"https:\/\/libwomenstore.com\/wp-content\/uploads\/2025\/07\/the-oh-collective-anal-vibrator.jpg","contentUrl":"https:\/\/libwomenstore.com\/wp-content\/uploads\/2025\/07\/the-oh-collective-anal-vibrator.jpg","width":1080,"height":1080,"caption":"The Oh Collective Boo an\u00e1l vibr\u00e1tor t\u00e1vir\u00e1ny\u00edt\u00f3val"},{"@type":"BreadcrumbList","@id":"https:\/\/libwomenstore.com\/en\/product\/anal-toys\/the-oh-collective-boo\/#breadcrumb","itemListElement":[{"@type":"ListItem","position":1,"name":"Kezd\u0151lap","item":"https:\/\/libwomenstore.com\/en\/"},{"@type":"ListItem","position":2,"name":"Shop Home Page &#8211; Product categories","item":"https:\/\/libwomenstore.com\/shop-kezdolap-termek-kategoriak\/?lang=en"},{"@type":"ListItem","position":3,"name":"THE OH COLLECTIVE Boo"}]},{"@type":"WebSite","@id":"https:\/\/libwomenstore.com\/en\/#website","url":"https:\/\/libwomenstore.com\/en\/","name":"Lib Women Store","description":"Magyarorsz\u00e1g els\u0151 n\u0151kre f\u00f3kusz\u00e1l\u00f3 szexshopja, ahol az eg\u00e9szs\u00e9g ugyanolyan fontos, mint az \u00e9lvezetek.","publisher":{"@id":"https:\/\/libwomenstore.com\/en\/#organization"},"alternateName":"Lib","potentialAction":[{"@type":"SearchAction","target":{"@type":"EntryPoint","urlTemplate":"https:\/\/libwomenstore.com\/en\/?s={search_term_string}"},"query-input":{"@type":"PropertyValueSpecification","valueRequired":true,"valueName":"search_term_string"}}],"inLanguage":"en-US"},{"@type":"Organization","@id":"https:\/\/libwomenstore.com\/en\/#organization","name":"Lib Women Store","url":"https:\/\/libwomenstore.com\/en\/","logo":{"@type":"ImageObject","inLanguage":"en-US","@id":"https:\/\/libwomenstore.com\/en\/#\/schema\/logo\/image\/","url":"https:\/\/libwomenstore.com\/wp-content\/uploads\/2024\/05\/cropped-LIB-logo-A.png","contentUrl":"https:\/\/libwomenstore.com\/wp-content\/uploads\/2024\/05\/cropped-LIB-logo-A.png","width":512,"height":512,"caption":"Lib Women Store"},"image":{"@id":"https:\/\/libwomenstore.com\/en\/#\/schema\/logo\/image\/"},"sameAs":["https:\/\/www.facebook.com\/libwomenstore"]}]},"product_price_amount":"24500","product_price_currency":"HUF","og_availability":"out of stock","product_availability":"out of stock","product_condition":"new"},"_links":{"self":[{"href":"https:\/\/libwomenstore.com\/en\/wp-json\/wp\/v2\/product\/33203","targetHints":{"allow":["GET"]}}],"collection":[{"href":"https:\/\/libwomenstore.com\/en\/wp-json\/wp\/v2\/product"}],"about":[{"href":"https:\/\/libwomenstore.com\/en\/wp-json\/wp\/v2\/types\/product"}],"replies":[{"embeddable":true,"href":"https:\/\/libwomenstore.com\/en\/wp-json\/wp\/v2\/comments?post=33203"}],"wp:featuredmedia":[{"embeddable":true,"href":"https:\/\/libwomenstore.com\/en\/wp-json\/wp\/v2\/media\/33200"}],"wp:attachment":[{"href":"https:\/\/libwomenstore.com\/en\/wp-json\/wp\/v2\/media?parent=33203"}],"wp:term":[{"taxonomy":"product_brand","embeddable":true,"href":"https:\/\/libwomenstore.com\/en\/wp-json\/wp\/v2\/product_brand?post=33203"},{"taxonomy":"product_cat","embeddable":true,"href":"https:\/\/libwomenstore.com\/en\/wp-json\/wp\/v2\/product_cat?post=33203"},{"taxonomy":"product_tag","embeddable":true,"href":"https:\/\/libwomenstore.com\/en\/wp-json\/wp\/v2\/product_tag?post=33203"}],"curies":[{"name":"wp","href":"https:\/\/api.w.org\/{rel}","templated":true}]}}