{"id":33259,"date":"2025-08-12T14:46:37","date_gmt":"2025-08-12T12:46:37","guid":{"rendered":"https:\/\/libwomenstore.com\/?post_type=product&#038;p=33259"},"modified":"2025-08-12T14:46:38","modified_gmt":"2025-08-12T12:46:38","slug":"unbound-flick","status":"publish","type":"product","link":"https:\/\/libwomenstore.com\/en\/product\/wearable\/unbound-flick\/","title":{"rendered":"UNBOUND Flick"},"content":{"rendered":"<p style=\"text-align: center;\">We designed Flick to have four interchangeable bands that cover sizes 4-11. Whether you go up or down in size, we want to ensure Flick is a fit at every point. Flick comes with a charger, storage bag, screwdriver to change bands (we promise, it&#8217;s straightforward!), two additional screws, and an instructional booklet  <\/p>\n<p>&nbsp;<\/p>\n<h3 style=\"text-align: center;\">What is Palladium?<\/h3>\n<p>&nbsp;<\/p>\n<p style=\"text-align: center;\">Palladium is a rare metal that belongs to the platinum group of elements. It is often used in jewelry because it is hypoallergenic, strong, and resistant to corrosion. <\/p>\n<p>&nbsp;<\/p>\n<h3 style=\"text-align: center;\">Let\u2019s change that band, shall we?<\/h3>\n<p style=\"text-align: center;\">Grab your Unbound screwdriver and your desired band size.<\/p>\n<p style=\"text-align: center;\">This will only take a minute&#8230;<\/p>\n<p style=\"text-align: center;\"> &#8211; Use the screwdriver to remove the small screw from the installed band-<\/p>\n<p style=\"text-align: center;\">-Once removed, take your preferred band and align it with the main body of the vibe-<\/p>\n<p style=\"text-align: center;\">-Use the screwdriver to secure it. Give the band a little wiggle once attached to ensure it\u2019s secure- <\/p>\n<p>&nbsp;<\/p>\n<h3 style=\"text-align: center;\">Features<\/h3>\n<p>&nbsp;<\/p>\n<p style=\"text-align: center;\">3 speeds and 2 patterns<\/p>\n<p style=\"text-align: center;\"><strong>Ring sizes<\/strong><\/p>\n<p style=\"text-align: center;\">Flick is designed to fit ring sizes from Size 4 to Size 11. Each Flick comes with the size 6-7 band pre-installed on the ring and four interchangeable bands that you can easily swap out. If specific ring sizing is helpful, the circumferences of the bands are:  <\/p>\n<p style=\"text-align: center;\">Ring Sizes 4-5: Circumference of 46.8 mm &#8211; 49.3 mm or 1.84 in &#8211; 1.94 in.<br \/>\nRing sizes 6-7: Circumference of 51.9 mm &#8211; 54.4 mm or 2 in &#8211; 2.15 in.<br \/>\nRing sizes 8-9: Circumference of 57 mm &#8211; 59.5 mm or 2.25 in &#8211; 2.35 in.<br \/>\nRing sizes 10 -11: Circumference of 62.1 mm &#8211; 64.6 mm or 2.45 in &#8211; 2.55 in.<\/p>\n<p>&nbsp;<\/p>\n<h5 style=\"text-align: center;\">Surface Material<\/h5>\n<p style=\"text-align: center;\">Flick in Silver contains a Zinc alloy and Palladium.<\/p>\n<p style=\"text-align: center;\">Flick in Gold contains a Zinc alloy, Palladium, Titanium, and 24K Gold.<\/p>\n<p style=\"text-align: center;\">Both Flick in Gold and Silver have small, trace amounts of Nickel in the charging pins but not on the actual product itself.<strong> If you have a nickel allergy, we do not recommend purchasing and using Flick.<\/strong> If you have any irritation or reaction, stop using the product immediately and contact a medical professional to seek further guidance.<\/p>\n<p>&nbsp;<\/p>\n<h5 style=\"text-align: center;\">Water Viability<\/h5>\n<p style=\"text-align: center;\">Flick is not fully waterproof, but it is water-resistant.<\/p>\n<p style=\"text-align: center;\">Please do not fully submerge Flick under water at any point, or it will be rendered defective. If you use a small amount of water to clean Flick, it will not harm the product, but limiting water exposure will extend the life and quality of Flick. <\/p>\n<p style=\"text-align: center;\"><strong>Flick should be worn in vibey cocktail bars and dimly lit bedrooms rather than in the bathtub.<\/strong><\/p>\n<p>&nbsp;<\/p>\n<p style=\"text-align: center;\"><strong>Measurements<\/strong><\/p>\n<p style=\"text-align: center;\">The Flick ring itself measures around 8.6&#215;8.4&#215;8.4 cm or 1.37 inch by 1.3 inch in x 1.3 inches.<\/p>\n<p style=\"text-align: center;\">The ring itself weighs 31 grams.<\/p>\n<p style=\"text-align: center;\"><strong>Battery Time<\/strong><\/p>\n<p style=\"text-align: center;\">On the lowest intensity setting, Flick will run for up to 2 hours continuously. On the highest intensity setting, Flick will run for up to 1 hour continuously. <\/p>\n<p style=\"text-align: center;\">For Flick to run with the longest duration possible, we recommend charging your Flick for 2 hours before use.<\/p>\n<p style=\"text-align: center;\">In the box: Flick Vibrator ring, Unbound Universal Charging Cable, three additional ring bands, two extra screws, a screwdriver, instruction booklet, and storage bag for your Flick.<\/p>\n<p>&nbsp;<\/p>\n<h3 style=\"text-align: center;\">Usage &amp; Cleaning<\/h3>\n<p style=\"text-align: center;\"><strong>Turning Flick on<\/strong><br \/>\nSimply press the UN button for 2 seconds, and you should feel the vibrations start.<\/p>\n<p style=\"text-align: center;\"><strong>Changing the intensity or pattern<\/strong><br \/>\nTo change the intensity of Flick\u2019s vibration, simply press the UN button. Flick has 3 speed intensities and 2 patterns. After reaching the second pattern, it will cycle back to the lowest intensity setting.  <\/p>\n<p style=\"text-align: center;\"><strong>How to wear it<\/strong><br \/>\nNaturally, Flick can be worn like any ring you own. You can also use it by putting the ring inside your hand. You may even take the ring off and hold the band while using Flick. If the ring feels comfortable and the vibe is used according to the safety instructions, do whatever feels right. We encourage you to play around with different angles and positions to find what you like.   <\/p>\n<p style=\"text-align: center;\"><strong>Turning the product OFF<\/strong><br \/>\nTo turn the vibe off, hold down the UN button for 2 seconds until the light turns off.<\/p>\n<p style=\"text-align: center;\"><strong>Charging the product<\/strong><\/p>\n<p style=\"text-align: center;\">To charge Flick, connect the universal charging cable to the charging nodes on the side of the vibrator. You\u2019ll feel a click when the charger connects. <\/p>\n<p style=\"text-align: center;\">The light indicators should blink as this product is charging. After the product is fully charged, the light indicators turn solid. <\/p>\n<p style=\"text-align: center;\">Please only use UL Certified USB Power Adapter with a maximum 5V output, and charge on a flat surface like a nightstand or desk. Do not charge Flick on a soft surface like a carpet or a bed, as it may cause the product to overheat. <\/p>\n<p>&nbsp;<\/p>\n<h5 style=\"text-align: center;\">What lubricant did you use with the Flick?<\/h5>\n<p>&nbsp;<\/p>\n<p style=\"text-align: center;\">If you\u2019d like to use lubricant while enjoying Flick, the metal surface is compatible with water-based lubricants. Flick is also compatible with silicone and hybrid lubricants, as well as stimulating gels. Please note that it\u2019s common for the surface of a precious metal to tarnish after repeated and\/or prolonged contact with oil and moisture, so naturally Flick will tarnish over time with normal wear \u2013 but the metal surface is safe to use with lubricant.  <\/p>\n<p>&nbsp;<\/p>\n<p>&nbsp;<\/p>\n<h5 style=\"text-align: center;\">Cleaning<\/h5>\n<p>&nbsp;<\/p>\n<p style=\"text-align: center;\">We recommend cleaning your Flick before and after each use. In order to clean Flick, rinse your ring with warm water and soap. Dry off Flick with a soft cloth until completely dry. Do not boil the product. Please be sure not to use any abrasive cleaners or cleaning pads that contain any small particles that can scratch the surface of your Flick ring.    <\/p>\n<p style=\"text-align: center;\">Flick\u2019s outer surface is finished with precious metals such as Palladium, Titanium, and 24K Gold. Keeping the surface clean and dry (when not in use) will help extend the life and quality of the vibe and surface.  <strong>Over time, some surface discoloration may occur due to exposure to sweat, water, and other elements.<\/strong><\/p>\n<p>&nbsp;<\/p>\n<h5 style=\"text-align: center;\">Warranty<\/h5>\n<p>&nbsp;<\/p>\n<p style=\"text-align: center;\">We offer a one-year warranty on all our motorized products if they are no longer functional and are considered defective. However, the warranty does not cover lost products or any lost parts that came with your Flick. The warranty does not cover scratches that are expected during everyday use (e.g. slight erosion of the surface, small scratches on the metal surface due to wear), improper use, such as completely submerging the Flick in water or repeated exposure to salt and\/or water, or improper storage of the Flick.  <\/p>\n","protected":false},"excerpt":{"rendered":"<p>Flick&#8217;s curved, sculptural form doesn\u2019t just look good\u2014 it\u2019s designed to make you feel good, too.<\/p>\n<p>Flick is a fashion-forward wearable vibrator with three speed intensities and two patterns. It&#8217;s water-resistant and USB rechargeable. <\/p>\n","protected":false},"featured_media":33254,"comment_status":"closed","ping_status":"closed","template":"","meta":{"_et_pb_use_builder":"","_et_pb_old_content":"","_et_gb_content_width":""},"product_brand":[],"product_cat":[322,513,355,323,554,318,343],"product_tag":[752,495,760,762,761,492,763],"class_list":{"0":"post-33259","1":"product","2":"type-product","3":"status-publish","4":"has-post-thumbnail","6":"product_cat-clitoral-vibrators","7":"product_cat-collabs","8":"product_cat-couple","9":"product_cat-lib-offer","10":"product_cat-lib-x-bliss-glass-toys-hand-crafted","11":"product_cat-vibrators","12":"product_cat-wearable","13":"product_tag-clit-vibrator-en-2","14":"product_tag-couples","15":"product_tag-jewel","16":"product_tag-ring","17":"product_tag-unbound-en","18":"product_tag-vibrator-en","19":"product_tag-wearable-en","21":"first","22":"instock","23":"taxable","24":"shipping-taxable","25":"purchasable","26":"product-type-variable"},"yoast_head":"<!-- This site is optimized with the Yoast SEO Premium plugin v27.4 (Yoast SEO v27.4) - https:\/\/yoast.com\/product\/yoast-seo-premium-wordpress\/ -->\n<title>UNBOUND Flick - Lib Women&#039;s Store<\/title>\n<meta name=\"description\" content=\"If you want something truly unique, try the Flick ring vibrator! You can use it alone or with a partner, it will accompany you on every occasion.\" \/>\n<meta name=\"robots\" content=\"index, follow, max-snippet:-1, max-image-preview:large, max-video-preview:-1\" \/>\n<link rel=\"canonical\" href=\"https:\/\/libwomenstore.com\/en\/product\/wearable\/unbound-flick\/\" \/>\n<meta property=\"og:locale\" content=\"en_US\" \/>\n<meta property=\"og:type\" content=\"article\" \/>\n<meta property=\"og:title\" content=\"UNBOUND Flick\" \/>\n<meta property=\"og:description\" content=\"If you want something truly unique, try the Flick ring vibrator! You can use it alone or with a partner, it will accompany you on every occasion.\" \/>\n<meta property=\"og:url\" content=\"https:\/\/libwomenstore.com\/en\/product\/wearable\/unbound-flick\/\" \/>\n<meta property=\"og:site_name\" content=\"Lib Women&#039;s Store\" \/>\n<meta property=\"article:publisher\" content=\"https:\/\/www.facebook.com\/libwomenstore\" \/>\n<meta property=\"article:modified_time\" content=\"2025-08-12T12:46:38+00:00\" \/>\n<meta property=\"og:image\" content=\"https:\/\/libwomenstore.com\/wp-content\/uploads\/2025\/07\/unbound-flick-gond-on-hand-1.jpg\" \/>\n\t<meta property=\"og:image:width\" content=\"1080\" \/>\n\t<meta property=\"og:image:height\" content=\"1080\" \/>\n\t<meta property=\"og:image:type\" content=\"image\/jpeg\" \/>\n<meta name=\"twitter:card\" content=\"summary_large_image\" \/>\n<meta name=\"twitter:label1\" content=\"Availability\" \/>\n\t<meta name=\"twitter:data1\" content=\"In stock\" \/>\n<script type=\"application\/ld+json\" class=\"yoast-schema-graph\">{\"@context\":\"https:\\\/\\\/schema.org\",\"@graph\":[{\"@type\":[\"WebPage\",\"ItemPage\"],\"@id\":\"https:\\\/\\\/libwomenstore.com\\\/en\\\/product\\\/wearable\\\/unbound-flick\\\/\",\"url\":\"https:\\\/\\\/libwomenstore.com\\\/en\\\/product\\\/wearable\\\/unbound-flick\\\/\",\"name\":\"UNBOUND Flick - Lib Women&#039;s Store\",\"isPartOf\":{\"@id\":\"https:\\\/\\\/libwomenstore.com\\\/en\\\/#website\"},\"primaryImageOfPage\":{\"@id\":\"https:\\\/\\\/libwomenstore.com\\\/en\\\/product\\\/wearable\\\/unbound-flick\\\/#primaryimage\"},\"image\":{\"@id\":\"https:\\\/\\\/libwomenstore.com\\\/en\\\/product\\\/wearable\\\/unbound-flick\\\/#primaryimage\"},\"thumbnailUrl\":\"https:\\\/\\\/libwomenstore.com\\\/wp-content\\\/uploads\\\/2025\\\/07\\\/unbound-flick-gond-on-hand-1.jpg\",\"datePublished\":\"2025-08-12T12:46:37+00:00\",\"dateModified\":\"2025-08-12T12:46:38+00:00\",\"description\":\"If you want something truly unique, try the Flick ring vibrator! You can use it alone or with a partner, it will accompany you on every occasion.\",\"breadcrumb\":{\"@id\":\"https:\\\/\\\/libwomenstore.com\\\/en\\\/product\\\/wearable\\\/unbound-flick\\\/#breadcrumb\"},\"inLanguage\":\"en-US\",\"potentialAction\":[{\"@type\":\"ReadAction\",\"target\":[\"https:\\\/\\\/libwomenstore.com\\\/en\\\/product\\\/wearable\\\/unbound-flick\\\/\"]}]},{\"@type\":\"ImageObject\",\"inLanguage\":\"en-US\",\"@id\":\"https:\\\/\\\/libwomenstore.com\\\/en\\\/product\\\/wearable\\\/unbound-flick\\\/#primaryimage\",\"url\":\"https:\\\/\\\/libwomenstore.com\\\/wp-content\\\/uploads\\\/2025\\\/07\\\/unbound-flick-gond-on-hand-1.jpg\",\"contentUrl\":\"https:\\\/\\\/libwomenstore.com\\\/wp-content\\\/uploads\\\/2025\\\/07\\\/unbound-flick-gond-on-hand-1.jpg\",\"width\":1080,\"height\":1080,\"caption\":\"Unbound Flick arany gy\u0171r\u0171 vibr\u00e1tor modellen\"},{\"@type\":\"BreadcrumbList\",\"@id\":\"https:\\\/\\\/libwomenstore.com\\\/en\\\/product\\\/wearable\\\/unbound-flick\\\/#breadcrumb\",\"itemListElement\":[{\"@type\":\"ListItem\",\"position\":1,\"name\":\"Kezd\u0151lap\",\"item\":\"https:\\\/\\\/libwomenstore.com\\\/en\\\/\"},{\"@type\":\"ListItem\",\"position\":2,\"name\":\"Shop Home Page &#8211; Product categories\",\"item\":\"https:\\\/\\\/libwomenstore.com\\\/shop-kezdolap-termek-kategoriak\\\/?lang=en\"},{\"@type\":\"ListItem\",\"position\":3,\"name\":\"UNBOUND Flick\"}]},{\"@type\":\"WebSite\",\"@id\":\"https:\\\/\\\/libwomenstore.com\\\/en\\\/#website\",\"url\":\"https:\\\/\\\/libwomenstore.com\\\/en\\\/\",\"name\":\"Lib Women Store\",\"description\":\"Magyarorsz\u00e1g els\u0151 n\u0151kre f\u00f3kusz\u00e1l\u00f3 szexshopja, ahol az eg\u00e9szs\u00e9g ugyanolyan fontos, mint az \u00e9lvezetek.\",\"publisher\":{\"@id\":\"https:\\\/\\\/libwomenstore.com\\\/en\\\/#organization\"},\"alternateName\":\"Lib\",\"potentialAction\":[{\"@type\":\"SearchAction\",\"target\":{\"@type\":\"EntryPoint\",\"urlTemplate\":\"https:\\\/\\\/libwomenstore.com\\\/en\\\/?s={search_term_string}\"},\"query-input\":{\"@type\":\"PropertyValueSpecification\",\"valueRequired\":true,\"valueName\":\"search_term_string\"}}],\"inLanguage\":\"en-US\"},{\"@type\":\"Organization\",\"@id\":\"https:\\\/\\\/libwomenstore.com\\\/en\\\/#organization\",\"name\":\"Lib Women Store\",\"url\":\"https:\\\/\\\/libwomenstore.com\\\/en\\\/\",\"logo\":{\"@type\":\"ImageObject\",\"inLanguage\":\"en-US\",\"@id\":\"https:\\\/\\\/libwomenstore.com\\\/en\\\/#\\\/schema\\\/logo\\\/image\\\/\",\"url\":\"https:\\\/\\\/libwomenstore.com\\\/wp-content\\\/uploads\\\/2024\\\/05\\\/cropped-LIB-logo-A.png\",\"contentUrl\":\"https:\\\/\\\/libwomenstore.com\\\/wp-content\\\/uploads\\\/2024\\\/05\\\/cropped-LIB-logo-A.png\",\"width\":512,\"height\":512,\"caption\":\"Lib Women Store\"},\"image\":{\"@id\":\"https:\\\/\\\/libwomenstore.com\\\/en\\\/#\\\/schema\\\/logo\\\/image\\\/\"},\"sameAs\":[\"https:\\\/\\\/www.facebook.com\\\/libwomenstore\"]}]}<\/script>\n<meta property=\"og:availability\" content=\"instock\" \/>\n<meta property=\"product:availability\" content=\"instock\" \/>\n<meta property=\"product:condition\" content=\"new\" \/>\n<!-- \/ Yoast SEO Premium plugin. -->","yoast_head_json":{"title":"UNBOUND Flick - Lib Women&#039;s Store","description":"If you want something truly unique, try the Flick ring vibrator! You can use it alone or with a partner, it will accompany you on every occasion.","robots":{"index":"index","follow":"follow","max-snippet":"max-snippet:-1","max-image-preview":"max-image-preview:large","max-video-preview":"max-video-preview:-1"},"canonical":"https:\/\/libwomenstore.com\/en\/product\/wearable\/unbound-flick\/","og_locale":"en_US","og_type":"article","og_title":"UNBOUND Flick","og_description":"If you want something truly unique, try the Flick ring vibrator! You can use it alone or with a partner, it will accompany you on every occasion.","og_url":"https:\/\/libwomenstore.com\/en\/product\/wearable\/unbound-flick\/","og_site_name":"Lib Women&#039;s Store","article_publisher":"https:\/\/www.facebook.com\/libwomenstore","article_modified_time":"2025-08-12T12:46:38+00:00","og_image":[{"width":1080,"height":1080,"url":"https:\/\/libwomenstore.com\/wp-content\/uploads\/2025\/07\/unbound-flick-gond-on-hand-1.jpg","type":"image\/jpeg"}],"twitter_card":"summary_large_image","twitter_misc":{"Availability":"In stock"},"schema":{"@context":"https:\/\/schema.org","@graph":[{"@type":["WebPage","ItemPage"],"@id":"https:\/\/libwomenstore.com\/en\/product\/wearable\/unbound-flick\/","url":"https:\/\/libwomenstore.com\/en\/product\/wearable\/unbound-flick\/","name":"UNBOUND Flick - Lib Women&#039;s Store","isPartOf":{"@id":"https:\/\/libwomenstore.com\/en\/#website"},"primaryImageOfPage":{"@id":"https:\/\/libwomenstore.com\/en\/product\/wearable\/unbound-flick\/#primaryimage"},"image":{"@id":"https:\/\/libwomenstore.com\/en\/product\/wearable\/unbound-flick\/#primaryimage"},"thumbnailUrl":"https:\/\/libwomenstore.com\/wp-content\/uploads\/2025\/07\/unbound-flick-gond-on-hand-1.jpg","datePublished":"2025-08-12T12:46:37+00:00","dateModified":"2025-08-12T12:46:38+00:00","description":"If you want something truly unique, try the Flick ring vibrator! You can use it alone or with a partner, it will accompany you on every occasion.","breadcrumb":{"@id":"https:\/\/libwomenstore.com\/en\/product\/wearable\/unbound-flick\/#breadcrumb"},"inLanguage":"en-US","potentialAction":[{"@type":"ReadAction","target":["https:\/\/libwomenstore.com\/en\/product\/wearable\/unbound-flick\/"]}]},{"@type":"ImageObject","inLanguage":"en-US","@id":"https:\/\/libwomenstore.com\/en\/product\/wearable\/unbound-flick\/#primaryimage","url":"https:\/\/libwomenstore.com\/wp-content\/uploads\/2025\/07\/unbound-flick-gond-on-hand-1.jpg","contentUrl":"https:\/\/libwomenstore.com\/wp-content\/uploads\/2025\/07\/unbound-flick-gond-on-hand-1.jpg","width":1080,"height":1080,"caption":"Unbound Flick arany gy\u0171r\u0171 vibr\u00e1tor modellen"},{"@type":"BreadcrumbList","@id":"https:\/\/libwomenstore.com\/en\/product\/wearable\/unbound-flick\/#breadcrumb","itemListElement":[{"@type":"ListItem","position":1,"name":"Kezd\u0151lap","item":"https:\/\/libwomenstore.com\/en\/"},{"@type":"ListItem","position":2,"name":"Shop Home Page &#8211; Product categories","item":"https:\/\/libwomenstore.com\/shop-kezdolap-termek-kategoriak\/?lang=en"},{"@type":"ListItem","position":3,"name":"UNBOUND Flick"}]},{"@type":"WebSite","@id":"https:\/\/libwomenstore.com\/en\/#website","url":"https:\/\/libwomenstore.com\/en\/","name":"Lib Women Store","description":"Magyarorsz\u00e1g els\u0151 n\u0151kre f\u00f3kusz\u00e1l\u00f3 szexshopja, ahol az eg\u00e9szs\u00e9g ugyanolyan fontos, mint az \u00e9lvezetek.","publisher":{"@id":"https:\/\/libwomenstore.com\/en\/#organization"},"alternateName":"Lib","potentialAction":[{"@type":"SearchAction","target":{"@type":"EntryPoint","urlTemplate":"https:\/\/libwomenstore.com\/en\/?s={search_term_string}"},"query-input":{"@type":"PropertyValueSpecification","valueRequired":true,"valueName":"search_term_string"}}],"inLanguage":"en-US"},{"@type":"Organization","@id":"https:\/\/libwomenstore.com\/en\/#organization","name":"Lib Women Store","url":"https:\/\/libwomenstore.com\/en\/","logo":{"@type":"ImageObject","inLanguage":"en-US","@id":"https:\/\/libwomenstore.com\/en\/#\/schema\/logo\/image\/","url":"https:\/\/libwomenstore.com\/wp-content\/uploads\/2024\/05\/cropped-LIB-logo-A.png","contentUrl":"https:\/\/libwomenstore.com\/wp-content\/uploads\/2024\/05\/cropped-LIB-logo-A.png","width":512,"height":512,"caption":"Lib Women Store"},"image":{"@id":"https:\/\/libwomenstore.com\/en\/#\/schema\/logo\/image\/"},"sameAs":["https:\/\/www.facebook.com\/libwomenstore"]}]},"og_availability":"instock","product_availability":"instock","product_condition":"new"},"_links":{"self":[{"href":"https:\/\/libwomenstore.com\/en\/wp-json\/wp\/v2\/product\/33259","targetHints":{"allow":["GET"]}}],"collection":[{"href":"https:\/\/libwomenstore.com\/en\/wp-json\/wp\/v2\/product"}],"about":[{"href":"https:\/\/libwomenstore.com\/en\/wp-json\/wp\/v2\/types\/product"}],"replies":[{"embeddable":true,"href":"https:\/\/libwomenstore.com\/en\/wp-json\/wp\/v2\/comments?post=33259"}],"wp:featuredmedia":[{"embeddable":true,"href":"https:\/\/libwomenstore.com\/en\/wp-json\/wp\/v2\/media\/33254"}],"wp:attachment":[{"href":"https:\/\/libwomenstore.com\/en\/wp-json\/wp\/v2\/media?parent=33259"}],"wp:term":[{"taxonomy":"product_brand","embeddable":true,"href":"https:\/\/libwomenstore.com\/en\/wp-json\/wp\/v2\/product_brand?post=33259"},{"taxonomy":"product_cat","embeddable":true,"href":"https:\/\/libwomenstore.com\/en\/wp-json\/wp\/v2\/product_cat?post=33259"},{"taxonomy":"product_tag","embeddable":true,"href":"https:\/\/libwomenstore.com\/en\/wp-json\/wp\/v2\/product_tag?post=33259"}],"curies":[{"name":"wp","href":"https:\/\/api.w.org\/{rel}","templated":true}]}}