{"id":33275,"date":"2025-08-12T15:05:01","date_gmt":"2025-08-12T13:05:01","guid":{"rendered":"https:\/\/libwomenstore.com\/?post_type=product&#038;p=33275"},"modified":"2025-08-12T15:05:01","modified_gmt":"2025-08-12T13:05:01","slug":"unbound-clutch","status":"publish","type":"product","link":"https:\/\/libwomenstore.com\/en\/product\/vibrators\/unbound-clutch\/","title":{"rendered":"UNBOUND Clutch"},"content":{"rendered":"<p style=\"text-align: center;\">The flexible, external arm features a strong motor with 7 intensity settings &amp; 5 pattern vibration settings.<\/p>\n<p style=\"text-align: center;\">The internal arm houses a rumble thrusting mechanism that has 5 intensity settings &amp; 5 pattern settings.<br \/>\nTwo separate buttons allow you to control both functions independently so you can take your sweet time exploring all 120 setting combinations or go all-in on thrusting or vibrations.<\/p>\n<p>&nbsp;<\/p>\n<h3 style=\"text-align: center;\">Features<\/h3>\n<p>&nbsp;<\/p>\n<p style=\"text-align: center;\"><strong>Speeds and Patterns<\/strong><\/p>\n<p style=\"text-align: center;\">The external arm: offers 7 intensity settings and 5 pattern settings for a total of 12 settings The internal arm: supports 5 intensity settings and 5 pattern settings, for a total of 10 settings Combined: Clutch offers 120 different setting combinations  <\/p>\n<p style=\"text-align: center;\"><strong>Surface Material<\/strong><br \/>\nSuper smooth body safe silicone<\/p>\n<p style=\"text-align: center;\"><strong>Water Viability<\/strong><br \/>\nWaterproof with IPX7 testing (i.e., the standard test for waterproof products). You can immerse Clutch in water up to 1 meter (3 ft 3 in) depth, for up to 30 min <\/p>\n<p style=\"text-align: center;\"><strong>Dimensions<\/strong><br \/>\nClutch is 7.5 inches long and 4 inches wide taken at the widest parts of the product Internal arm: 4.5 inches long and 1.5 inches wide at the widest section of the internal arm <\/p>\n<p style=\"text-align: center;\">External arm: 2.5 inches long and 1 inch wide at the widest section of external arm<\/p>\n<p style=\"text-align: center;\">Handle opening: 2.25 inches wide and 1.5 inches in length<\/p>\n<p style=\"text-align: center;\"><strong>Battery Time<\/strong><br \/>\nClutch takes 3 hours to fully charge. Once fully charged, Clutch can be used for up to two hours continuously before needed to be recharged with Unbound\u2019s Universal USB charger. <\/p>\n<p>&nbsp;<\/p>\n<h3 style=\"text-align: center;\">Usage &amp; Cleaning<\/h3>\n<p>&nbsp;<\/p>\n<h5 style=\"text-align: center;\">How to use?<\/h5>\n<p style=\"text-align: center;\">Clutch is a vibrator designed for those who want to experience dual stimulation, specifically with a thrusting \/ rumbling component. Clutch is good for beginners and advanced users alike, but because the product features internal stimulation, we highly recommend using a dollop of water-based lubricant, like Unbound\u2019s Jelly, with Clutch for insertion and an overall pleasurable experience using the product. For additional tips on using the product, especially for anyone new to vibrators, we suggest reading on below!  <\/p>\n<p style=\"text-align: center;\">Clutch can also be used without internal stimulation by simply bending the external arm outward and positioning it against your anatomy as preferred. We also recommend using the external arm first, on its own, to heighten arousal and stimulation prior to inserting the internal arm. <\/p>\n<p style=\"text-align: center;\">To use Clutch with insertion, first make sure the internal arm function is completely off. Do not attempt to insert the product while the internal arm\u2019s rumble-thrusting function is on. Next, bend the external arm up and slightly out of the way. As with any insertable toy, we highly recommend using a water-based lubricant for your comfort and safety. To do this, apply a small amount of lube to the internal arm and manually smooth it out to create an even layer. Then, gently guide the internal arm in. Once the internal arm is in your desired position, bend the external arm back in, and position it against your anatomy as preferred.      <\/p>\n<p>&nbsp;<\/p>\n<h5 style=\"text-align: center;\">Cleaning<\/h5>\n<p>&nbsp;<\/p>\n<p style=\"text-align: center;\">We recommend washing your Clutch before and after use with soap and warm water. Make sure you store Clutch in a dry, cool location. <\/p>\n<p>&nbsp;<\/p>\n","protected":false},"excerpt":{"rendered":"<p>We designed this dual-stimulating powerhouse of pleasure to provide an all-encompassing experience combining thrusting and vibrations. The ergonomic triangular handle makes it easy for you or a partner to find the perfect angle. <\/p>\n","protected":false},"featured_media":33266,"comment_status":"closed","ping_status":"closed","template":"","meta":{"_et_pb_use_builder":"","_et_pb_old_content":"","_et_gb_content_width":""},"product_brand":[],"product_cat":[352,513,323,554,318],"product_tag":[749,752,751,766,767,761,492],"class_list":{"0":"post-33275","1":"product","2":"type-product","3":"status-publish","4":"has-post-thumbnail","6":"product_cat-bunnies","7":"product_cat-collabs","8":"product_cat-lib-offer","9":"product_cat-lib-x-bliss-glass-toys-hand-crafted","10":"product_cat-vibrators","11":"product_tag-bunny-en-2","12":"product_tag-clit-vibrator-en-2","13":"product_tag-g-spot","14":"product_tag-thrusting","15":"product_tag-thrusting-en","16":"product_tag-unbound-en","17":"product_tag-vibrator-en","19":"first","20":"instock","21":"taxable","22":"shipping-taxable","23":"purchasable","24":"product-type-variable"},"yoast_head":"<!-- This site is optimized with the Yoast SEO Premium plugin v27.4 (Yoast SEO v27.4) - https:\/\/yoast.com\/product\/yoast-seo-premium-wordpress\/ -->\n<title>UNBOUND Clutch - Lib Women&#039;s Store<\/title>\n<meta name=\"description\" content=\"Try the Clutch bunny vibrator if you want not only vibration but also a thrusting function! With a comfortable grip and attractive colors, this is a real modern bunny.\" \/>\n<meta name=\"robots\" content=\"index, follow, max-snippet:-1, max-image-preview:large, max-video-preview:-1\" \/>\n<link rel=\"canonical\" href=\"https:\/\/libwomenstore.com\/en\/product\/vibrators\/unbound-clutch\/\" \/>\n<meta property=\"og:locale\" content=\"en_US\" \/>\n<meta property=\"og:type\" content=\"article\" \/>\n<meta property=\"og:title\" content=\"UNBOUND Clutch\" \/>\n<meta property=\"og:description\" content=\"Try the Clutch bunny vibrator if you want not only vibration but also a thrusting function! With a comfortable grip and attractive colors, this is a real modern bunny.\" \/>\n<meta property=\"og:url\" content=\"https:\/\/libwomenstore.com\/en\/product\/vibrators\/unbound-clutch\/\" \/>\n<meta property=\"og:site_name\" content=\"Lib Women&#039;s Store\" \/>\n<meta property=\"article:publisher\" content=\"https:\/\/www.facebook.com\/libwomenstore\" \/>\n<meta property=\"og:image\" content=\"https:\/\/libwomenstore.com\/wp-content\/uploads\/2025\/07\/unbound-clutch-bunny.jpg\" \/>\n\t<meta property=\"og:image:width\" content=\"1080\" \/>\n\t<meta property=\"og:image:height\" content=\"1080\" \/>\n\t<meta property=\"og:image:type\" content=\"image\/jpeg\" \/>\n<meta name=\"twitter:card\" content=\"summary_large_image\" \/>\n<meta name=\"twitter:label1\" content=\"Availability\" \/>\n\t<meta name=\"twitter:data1\" content=\"In stock\" \/>\n<script type=\"application\/ld+json\" class=\"yoast-schema-graph\">{\"@context\":\"https:\\\/\\\/schema.org\",\"@graph\":[{\"@type\":[\"WebPage\",\"ItemPage\"],\"@id\":\"https:\\\/\\\/libwomenstore.com\\\/en\\\/product\\\/vibrators\\\/unbound-clutch\\\/\",\"url\":\"https:\\\/\\\/libwomenstore.com\\\/en\\\/product\\\/vibrators\\\/unbound-clutch\\\/\",\"name\":\"UNBOUND Clutch - Lib Women&#039;s Store\",\"isPartOf\":{\"@id\":\"https:\\\/\\\/libwomenstore.com\\\/en\\\/#website\"},\"primaryImageOfPage\":{\"@id\":\"https:\\\/\\\/libwomenstore.com\\\/en\\\/product\\\/vibrators\\\/unbound-clutch\\\/#primaryimage\"},\"image\":{\"@id\":\"https:\\\/\\\/libwomenstore.com\\\/en\\\/product\\\/vibrators\\\/unbound-clutch\\\/#primaryimage\"},\"thumbnailUrl\":\"https:\\\/\\\/libwomenstore.com\\\/wp-content\\\/uploads\\\/2025\\\/07\\\/unbound-clutch-bunny.jpg\",\"datePublished\":\"2025-08-12T13:05:01+00:00\",\"description\":\"Try the Clutch bunny vibrator if you want not only vibration but also a thrusting function! With a comfortable grip and attractive colors, this is a real modern bunny.\",\"breadcrumb\":{\"@id\":\"https:\\\/\\\/libwomenstore.com\\\/en\\\/product\\\/vibrators\\\/unbound-clutch\\\/#breadcrumb\"},\"inLanguage\":\"en-US\",\"potentialAction\":[{\"@type\":\"ReadAction\",\"target\":[\"https:\\\/\\\/libwomenstore.com\\\/en\\\/product\\\/vibrators\\\/unbound-clutch\\\/\"]}]},{\"@type\":\"ImageObject\",\"inLanguage\":\"en-US\",\"@id\":\"https:\\\/\\\/libwomenstore.com\\\/en\\\/product\\\/vibrators\\\/unbound-clutch\\\/#primaryimage\",\"url\":\"https:\\\/\\\/libwomenstore.com\\\/wp-content\\\/uploads\\\/2025\\\/07\\\/unbound-clutch-bunny.jpg\",\"contentUrl\":\"https:\\\/\\\/libwomenstore.com\\\/wp-content\\\/uploads\\\/2025\\\/07\\\/unbound-clutch-bunny.jpg\",\"width\":1080,\"height\":1080,\"caption\":\"Unbound Clutch nyuszi vibr\u00e1tor\"},{\"@type\":\"BreadcrumbList\",\"@id\":\"https:\\\/\\\/libwomenstore.com\\\/en\\\/product\\\/vibrators\\\/unbound-clutch\\\/#breadcrumb\",\"itemListElement\":[{\"@type\":\"ListItem\",\"position\":1,\"name\":\"Kezd\u0151lap\",\"item\":\"https:\\\/\\\/libwomenstore.com\\\/en\\\/\"},{\"@type\":\"ListItem\",\"position\":2,\"name\":\"Shop Home Page &#8211; Product categories\",\"item\":\"https:\\\/\\\/libwomenstore.com\\\/shop-kezdolap-termek-kategoriak\\\/?lang=en\"},{\"@type\":\"ListItem\",\"position\":3,\"name\":\"UNBOUND Clutch\"}]},{\"@type\":\"WebSite\",\"@id\":\"https:\\\/\\\/libwomenstore.com\\\/en\\\/#website\",\"url\":\"https:\\\/\\\/libwomenstore.com\\\/en\\\/\",\"name\":\"Lib Women Store\",\"description\":\"Magyarorsz\u00e1g els\u0151 n\u0151kre f\u00f3kusz\u00e1l\u00f3 szexshopja, ahol az eg\u00e9szs\u00e9g ugyanolyan fontos, mint az \u00e9lvezetek.\",\"publisher\":{\"@id\":\"https:\\\/\\\/libwomenstore.com\\\/en\\\/#organization\"},\"alternateName\":\"Lib\",\"potentialAction\":[{\"@type\":\"SearchAction\",\"target\":{\"@type\":\"EntryPoint\",\"urlTemplate\":\"https:\\\/\\\/libwomenstore.com\\\/en\\\/?s={search_term_string}\"},\"query-input\":{\"@type\":\"PropertyValueSpecification\",\"valueRequired\":true,\"valueName\":\"search_term_string\"}}],\"inLanguage\":\"en-US\"},{\"@type\":\"Organization\",\"@id\":\"https:\\\/\\\/libwomenstore.com\\\/en\\\/#organization\",\"name\":\"Lib Women Store\",\"url\":\"https:\\\/\\\/libwomenstore.com\\\/en\\\/\",\"logo\":{\"@type\":\"ImageObject\",\"inLanguage\":\"en-US\",\"@id\":\"https:\\\/\\\/libwomenstore.com\\\/en\\\/#\\\/schema\\\/logo\\\/image\\\/\",\"url\":\"https:\\\/\\\/libwomenstore.com\\\/wp-content\\\/uploads\\\/2024\\\/05\\\/cropped-LIB-logo-A.png\",\"contentUrl\":\"https:\\\/\\\/libwomenstore.com\\\/wp-content\\\/uploads\\\/2024\\\/05\\\/cropped-LIB-logo-A.png\",\"width\":512,\"height\":512,\"caption\":\"Lib Women Store\"},\"image\":{\"@id\":\"https:\\\/\\\/libwomenstore.com\\\/en\\\/#\\\/schema\\\/logo\\\/image\\\/\"},\"sameAs\":[\"https:\\\/\\\/www.facebook.com\\\/libwomenstore\"]}]}<\/script>\n<meta property=\"og:availability\" content=\"instock\" \/>\n<meta property=\"product:availability\" content=\"instock\" \/>\n<meta property=\"product:condition\" content=\"new\" \/>\n<!-- \/ Yoast SEO Premium plugin. -->","yoast_head_json":{"title":"UNBOUND Clutch - Lib Women&#039;s Store","description":"Try the Clutch bunny vibrator if you want not only vibration but also a thrusting function! With a comfortable grip and attractive colors, this is a real modern bunny.","robots":{"index":"index","follow":"follow","max-snippet":"max-snippet:-1","max-image-preview":"max-image-preview:large","max-video-preview":"max-video-preview:-1"},"canonical":"https:\/\/libwomenstore.com\/en\/product\/vibrators\/unbound-clutch\/","og_locale":"en_US","og_type":"article","og_title":"UNBOUND Clutch","og_description":"Try the Clutch bunny vibrator if you want not only vibration but also a thrusting function! With a comfortable grip and attractive colors, this is a real modern bunny.","og_url":"https:\/\/libwomenstore.com\/en\/product\/vibrators\/unbound-clutch\/","og_site_name":"Lib Women&#039;s Store","article_publisher":"https:\/\/www.facebook.com\/libwomenstore","og_image":[{"width":1080,"height":1080,"url":"https:\/\/libwomenstore.com\/wp-content\/uploads\/2025\/07\/unbound-clutch-bunny.jpg","type":"image\/jpeg"}],"twitter_card":"summary_large_image","twitter_misc":{"Availability":"In stock"},"schema":{"@context":"https:\/\/schema.org","@graph":[{"@type":["WebPage","ItemPage"],"@id":"https:\/\/libwomenstore.com\/en\/product\/vibrators\/unbound-clutch\/","url":"https:\/\/libwomenstore.com\/en\/product\/vibrators\/unbound-clutch\/","name":"UNBOUND Clutch - Lib Women&#039;s Store","isPartOf":{"@id":"https:\/\/libwomenstore.com\/en\/#website"},"primaryImageOfPage":{"@id":"https:\/\/libwomenstore.com\/en\/product\/vibrators\/unbound-clutch\/#primaryimage"},"image":{"@id":"https:\/\/libwomenstore.com\/en\/product\/vibrators\/unbound-clutch\/#primaryimage"},"thumbnailUrl":"https:\/\/libwomenstore.com\/wp-content\/uploads\/2025\/07\/unbound-clutch-bunny.jpg","datePublished":"2025-08-12T13:05:01+00:00","description":"Try the Clutch bunny vibrator if you want not only vibration but also a thrusting function! With a comfortable grip and attractive colors, this is a real modern bunny.","breadcrumb":{"@id":"https:\/\/libwomenstore.com\/en\/product\/vibrators\/unbound-clutch\/#breadcrumb"},"inLanguage":"en-US","potentialAction":[{"@type":"ReadAction","target":["https:\/\/libwomenstore.com\/en\/product\/vibrators\/unbound-clutch\/"]}]},{"@type":"ImageObject","inLanguage":"en-US","@id":"https:\/\/libwomenstore.com\/en\/product\/vibrators\/unbound-clutch\/#primaryimage","url":"https:\/\/libwomenstore.com\/wp-content\/uploads\/2025\/07\/unbound-clutch-bunny.jpg","contentUrl":"https:\/\/libwomenstore.com\/wp-content\/uploads\/2025\/07\/unbound-clutch-bunny.jpg","width":1080,"height":1080,"caption":"Unbound Clutch nyuszi vibr\u00e1tor"},{"@type":"BreadcrumbList","@id":"https:\/\/libwomenstore.com\/en\/product\/vibrators\/unbound-clutch\/#breadcrumb","itemListElement":[{"@type":"ListItem","position":1,"name":"Kezd\u0151lap","item":"https:\/\/libwomenstore.com\/en\/"},{"@type":"ListItem","position":2,"name":"Shop Home Page &#8211; Product categories","item":"https:\/\/libwomenstore.com\/shop-kezdolap-termek-kategoriak\/?lang=en"},{"@type":"ListItem","position":3,"name":"UNBOUND Clutch"}]},{"@type":"WebSite","@id":"https:\/\/libwomenstore.com\/en\/#website","url":"https:\/\/libwomenstore.com\/en\/","name":"Lib Women Store","description":"Magyarorsz\u00e1g els\u0151 n\u0151kre f\u00f3kusz\u00e1l\u00f3 szexshopja, ahol az eg\u00e9szs\u00e9g ugyanolyan fontos, mint az \u00e9lvezetek.","publisher":{"@id":"https:\/\/libwomenstore.com\/en\/#organization"},"alternateName":"Lib","potentialAction":[{"@type":"SearchAction","target":{"@type":"EntryPoint","urlTemplate":"https:\/\/libwomenstore.com\/en\/?s={search_term_string}"},"query-input":{"@type":"PropertyValueSpecification","valueRequired":true,"valueName":"search_term_string"}}],"inLanguage":"en-US"},{"@type":"Organization","@id":"https:\/\/libwomenstore.com\/en\/#organization","name":"Lib Women Store","url":"https:\/\/libwomenstore.com\/en\/","logo":{"@type":"ImageObject","inLanguage":"en-US","@id":"https:\/\/libwomenstore.com\/en\/#\/schema\/logo\/image\/","url":"https:\/\/libwomenstore.com\/wp-content\/uploads\/2024\/05\/cropped-LIB-logo-A.png","contentUrl":"https:\/\/libwomenstore.com\/wp-content\/uploads\/2024\/05\/cropped-LIB-logo-A.png","width":512,"height":512,"caption":"Lib Women Store"},"image":{"@id":"https:\/\/libwomenstore.com\/en\/#\/schema\/logo\/image\/"},"sameAs":["https:\/\/www.facebook.com\/libwomenstore"]}]},"og_availability":"instock","product_availability":"instock","product_condition":"new"},"_links":{"self":[{"href":"https:\/\/libwomenstore.com\/en\/wp-json\/wp\/v2\/product\/33275","targetHints":{"allow":["GET"]}}],"collection":[{"href":"https:\/\/libwomenstore.com\/en\/wp-json\/wp\/v2\/product"}],"about":[{"href":"https:\/\/libwomenstore.com\/en\/wp-json\/wp\/v2\/types\/product"}],"replies":[{"embeddable":true,"href":"https:\/\/libwomenstore.com\/en\/wp-json\/wp\/v2\/comments?post=33275"}],"wp:featuredmedia":[{"embeddable":true,"href":"https:\/\/libwomenstore.com\/en\/wp-json\/wp\/v2\/media\/33266"}],"wp:attachment":[{"href":"https:\/\/libwomenstore.com\/en\/wp-json\/wp\/v2\/media?parent=33275"}],"wp:term":[{"taxonomy":"product_brand","embeddable":true,"href":"https:\/\/libwomenstore.com\/en\/wp-json\/wp\/v2\/product_brand?post=33275"},{"taxonomy":"product_cat","embeddable":true,"href":"https:\/\/libwomenstore.com\/en\/wp-json\/wp\/v2\/product_cat?post=33275"},{"taxonomy":"product_tag","embeddable":true,"href":"https:\/\/libwomenstore.com\/en\/wp-json\/wp\/v2\/product_tag?post=33275"}],"curies":[{"name":"wp","href":"https:\/\/api.w.org\/{rel}","templated":true}]}}