{"id":33285,"date":"2025-08-12T14:58:55","date_gmt":"2025-08-12T12:58:55","guid":{"rendered":"https:\/\/libwomenstore.com\/?post_type=product&#038;p=33285"},"modified":"2025-08-12T14:58:55","modified_gmt":"2025-08-12T12:58:55","slug":"unbound-shimmy","status":"publish","type":"product","link":"https:\/\/libwomenstore.com\/en\/product\/anal-toys\/unbound-shimmy\/","title":{"rendered":"UNBOUND Shimmy"},"content":{"rendered":"<p style=\"text-align: center;\">Featuring 5 speeds and 5 patterns, Shimmy is fully waterproof and USB rechargeable. The smooth silicone surface and circular handle make Shimmy a breeze to enjoy whether solo or with a partner. <\/p>\n<p>&nbsp;<\/p>\n<h3 style=\"text-align: center;\">Features<\/h3>\n<p>&nbsp;<\/p>\n<p style=\"text-align: center;\"><strong>Speeds and Patterns<\/strong><br \/>\n5 speeds and 5 patterns<\/p>\n<p style=\"text-align: center;\"><strong>Surface Material<\/strong><br \/>\nSuper smooth body safe silicone<\/p>\n<p style=\"text-align: center;\"><strong>Water Viability<\/strong><br \/>\nFully waterproof, submersible up to 3 feet for 30 minutes<\/p>\n<p style=\"text-align: center;\"><strong>Dimensions<\/strong><br \/>\nShimmy builds to 1.5-inch (3.8 cm) diameter at it\u2019s widest; it has 4.25 inches of insertable length. 6 inches including the handle <\/p>\n<p style=\"text-align: center;\"><strong>Battery Time<\/strong><br \/>\nShimmy reaches a full charge in one hour, which should last for two hours depending on use.<\/p>\n<p>&nbsp;<\/p>\n<h3 style=\"text-align: center;\">Usage &amp; Cleaning<\/h3>\n<p>&nbsp;<\/p>\n<h5 style=\"text-align: center;\">How to use?<\/h5>\n<p>&nbsp;<\/p>\n<p style=\"text-align: center;\">To turn it on, hold down the power button on the outside of the circular handle for three seconds.<\/p>\n<p style=\"text-align: center;\">We recommend waiting until Shimmy is inserted to begin the vibration.<\/p>\n<p style=\"text-align: center;\">Shimmy offers ten vibration settings which include five speeds and five patterns.<br \/>\nOnce Shimmy is turned on, simply press the power to level up.<\/p>\n<p style=\"text-align: center;\">To turn it off, hold down the power button on the outside of the circular handle for three seconds.<\/p>\n<p style=\"text-align: center;\">We recommend turning the vibration off before removing the plug.<\/p>\n<p>&nbsp;<\/p>\n<h5 style=\"text-align: center;\">Can I wear Shimmy during sex with a partner?<\/h5>\n<p style=\"text-align: center;\">Of course! When you wear Shimmy during other types of genital play (like vaginal or oral sex), it provides a static pressure and added vibrations that activates the pelvic floor muscle contractions that occur during orgasm. <\/p>\n<h5 style=\"text-align: center;\">Can I use Shimmy vaginally?<\/h5>\n<p style=\"text-align: center;\">Shimmy was designed and developed for anal use. While it technically could be used exclusively for vaginal stimulation, if you have used it for anal stimulation &#8211; do not revert to using it vaginally. <\/p>\n<p>&nbsp;<\/p>\n<h5 style=\"text-align: center;\">What are the benefits of using a plug?<\/h5>\n<p style=\"text-align: center;\">Many people assume that plugs are only used to get that bum ready for anal sex with a partner, but they can also be a seriously amazing way to intensify pleasure during oral sex, penetrative vaginal sex, or while you&#8217;re masturbating.<\/p>\n<p>&nbsp;<\/p>\n<h5 style=\"text-align: center;\">Cleaning<\/h5>\n<p style=\"text-align: center;\">Wash before and after each use with lukewarm soapy water or a specially formulated cleaner. Allow to air dry or wipe with a lint-free cloth. <\/p>\n","protected":false},"excerpt":{"rendered":"<p>Shimmy is a medium-size vibrating butt plug that allows for hands-free anal stimulation.<\/p>\n","protected":false},"featured_media":33280,"comment_status":"closed","ping_status":"closed","template":"","meta":{"_et_pb_use_builder":"","_et_pb_old_content":"","_et_gb_content_width":""},"product_brand":[],"product_cat":[325],"product_tag":[682,495,761,492],"class_list":{"0":"post-33285","1":"product","2":"type-product","3":"status-publish","4":"has-post-thumbnail","6":"product_cat-anal-toys","7":"product_tag-anal-en","8":"product_tag-couples","9":"product_tag-unbound-en","10":"product_tag-vibrator-en","12":"first","13":"outofstock","14":"taxable","15":"shipping-taxable","16":"purchasable","17":"product-type-simple"},"yoast_head":"<!-- This site is optimized with the Yoast SEO Premium plugin v27.4 (Yoast SEO v27.4) - https:\/\/yoast.com\/product\/yoast-seo-premium-wordpress\/ -->\n<title>UNBOUND Shimmy - Lib Women&#039;s Store<\/title>\n<meta name=\"description\" content=\"Try Shimmy in any situation! This anal vibrator provides extra pleasure for masturbation or during intercourse with your partner.\" \/>\n<meta name=\"robots\" content=\"index, follow, max-snippet:-1, max-image-preview:large, max-video-preview:-1\" \/>\n<link rel=\"canonical\" href=\"https:\/\/libwomenstore.com\/en\/product\/anal-toys\/unbound-shimmy\/\" \/>\n<meta property=\"og:locale\" content=\"en_US\" \/>\n<meta property=\"og:type\" content=\"article\" \/>\n<meta property=\"og:title\" content=\"UNBOUND Shimmy\" \/>\n<meta property=\"og:description\" content=\"Try Shimmy in any situation! This anal vibrator provides extra pleasure for masturbation or during intercourse with your partner.\" \/>\n<meta property=\"og:url\" content=\"https:\/\/libwomenstore.com\/en\/product\/anal-toys\/unbound-shimmy\/\" \/>\n<meta property=\"og:site_name\" content=\"Lib Women&#039;s Store\" \/>\n<meta property=\"article:publisher\" content=\"https:\/\/www.facebook.com\/libwomenstore\" \/>\n<meta property=\"og:image\" content=\"https:\/\/libwomenstore.com\/wp-content\/uploads\/2025\/07\/unbound-shimmy-anal-vibrator.jpg\" \/>\n\t<meta property=\"og:image:width\" content=\"1080\" \/>\n\t<meta property=\"og:image:height\" content=\"1080\" \/>\n\t<meta property=\"og:image:type\" content=\"image\/jpeg\" \/>\n<meta name=\"twitter:card\" content=\"summary_large_image\" \/>\n<meta name=\"twitter:label1\" content=\"Price\" \/>\n\t<meta name=\"twitter:data1\" content=\"25.000&#070;&#116;\" \/>\n\t<meta name=\"twitter:label2\" content=\"Availability\" \/>\n\t<meta name=\"twitter:data2\" content=\"Out of stock\" \/>\n<script type=\"application\/ld+json\" class=\"yoast-schema-graph\">{\"@context\":\"https:\\\/\\\/schema.org\",\"@graph\":[{\"@type\":[\"WebPage\",\"ItemPage\"],\"@id\":\"https:\\\/\\\/libwomenstore.com\\\/en\\\/product\\\/anal-toys\\\/unbound-shimmy\\\/\",\"url\":\"https:\\\/\\\/libwomenstore.com\\\/en\\\/product\\\/anal-toys\\\/unbound-shimmy\\\/\",\"name\":\"UNBOUND Shimmy - Lib Women&#039;s Store\",\"isPartOf\":{\"@id\":\"https:\\\/\\\/libwomenstore.com\\\/en\\\/#website\"},\"primaryImageOfPage\":{\"@id\":\"https:\\\/\\\/libwomenstore.com\\\/en\\\/product\\\/anal-toys\\\/unbound-shimmy\\\/#primaryimage\"},\"image\":{\"@id\":\"https:\\\/\\\/libwomenstore.com\\\/en\\\/product\\\/anal-toys\\\/unbound-shimmy\\\/#primaryimage\"},\"thumbnailUrl\":\"https:\\\/\\\/libwomenstore.com\\\/wp-content\\\/uploads\\\/2025\\\/07\\\/unbound-shimmy-anal-vibrator.jpg\",\"datePublished\":\"2025-08-12T12:58:55+00:00\",\"description\":\"Try Shimmy in any situation! This anal vibrator provides extra pleasure for masturbation or during intercourse with your partner.\",\"breadcrumb\":{\"@id\":\"https:\\\/\\\/libwomenstore.com\\\/en\\\/product\\\/anal-toys\\\/unbound-shimmy\\\/#breadcrumb\"},\"inLanguage\":\"en-US\",\"potentialAction\":[{\"@type\":\"ReadAction\",\"target\":[\"https:\\\/\\\/libwomenstore.com\\\/en\\\/product\\\/anal-toys\\\/unbound-shimmy\\\/\"]}]},{\"@type\":\"ImageObject\",\"inLanguage\":\"en-US\",\"@id\":\"https:\\\/\\\/libwomenstore.com\\\/en\\\/product\\\/anal-toys\\\/unbound-shimmy\\\/#primaryimage\",\"url\":\"https:\\\/\\\/libwomenstore.com\\\/wp-content\\\/uploads\\\/2025\\\/07\\\/unbound-shimmy-anal-vibrator.jpg\",\"contentUrl\":\"https:\\\/\\\/libwomenstore.com\\\/wp-content\\\/uploads\\\/2025\\\/07\\\/unbound-shimmy-anal-vibrator.jpg\",\"width\":1080,\"height\":1080,\"caption\":\"Unbound Shimmy an\u00e1l vibr\u00e1tor fog\u00f3val\"},{\"@type\":\"BreadcrumbList\",\"@id\":\"https:\\\/\\\/libwomenstore.com\\\/en\\\/product\\\/anal-toys\\\/unbound-shimmy\\\/#breadcrumb\",\"itemListElement\":[{\"@type\":\"ListItem\",\"position\":1,\"name\":\"Kezd\u0151lap\",\"item\":\"https:\\\/\\\/libwomenstore.com\\\/en\\\/\"},{\"@type\":\"ListItem\",\"position\":2,\"name\":\"Shop Home Page &#8211; Product categories\",\"item\":\"https:\\\/\\\/libwomenstore.com\\\/shop-kezdolap-termek-kategoriak\\\/?lang=en\"},{\"@type\":\"ListItem\",\"position\":3,\"name\":\"UNBOUND Shimmy\"}]},{\"@type\":\"WebSite\",\"@id\":\"https:\\\/\\\/libwomenstore.com\\\/en\\\/#website\",\"url\":\"https:\\\/\\\/libwomenstore.com\\\/en\\\/\",\"name\":\"Lib Women Store\",\"description\":\"Magyarorsz\u00e1g els\u0151 n\u0151kre f\u00f3kusz\u00e1l\u00f3 szexshopja, ahol az eg\u00e9szs\u00e9g ugyanolyan fontos, mint az \u00e9lvezetek.\",\"publisher\":{\"@id\":\"https:\\\/\\\/libwomenstore.com\\\/en\\\/#organization\"},\"alternateName\":\"Lib\",\"potentialAction\":[{\"@type\":\"SearchAction\",\"target\":{\"@type\":\"EntryPoint\",\"urlTemplate\":\"https:\\\/\\\/libwomenstore.com\\\/en\\\/?s={search_term_string}\"},\"query-input\":{\"@type\":\"PropertyValueSpecification\",\"valueRequired\":true,\"valueName\":\"search_term_string\"}}],\"inLanguage\":\"en-US\"},{\"@type\":\"Organization\",\"@id\":\"https:\\\/\\\/libwomenstore.com\\\/en\\\/#organization\",\"name\":\"Lib Women Store\",\"url\":\"https:\\\/\\\/libwomenstore.com\\\/en\\\/\",\"logo\":{\"@type\":\"ImageObject\",\"inLanguage\":\"en-US\",\"@id\":\"https:\\\/\\\/libwomenstore.com\\\/en\\\/#\\\/schema\\\/logo\\\/image\\\/\",\"url\":\"https:\\\/\\\/libwomenstore.com\\\/wp-content\\\/uploads\\\/2024\\\/05\\\/cropped-LIB-logo-A.png\",\"contentUrl\":\"https:\\\/\\\/libwomenstore.com\\\/wp-content\\\/uploads\\\/2024\\\/05\\\/cropped-LIB-logo-A.png\",\"width\":512,\"height\":512,\"caption\":\"Lib Women Store\"},\"image\":{\"@id\":\"https:\\\/\\\/libwomenstore.com\\\/en\\\/#\\\/schema\\\/logo\\\/image\\\/\"},\"sameAs\":[\"https:\\\/\\\/www.facebook.com\\\/libwomenstore\"]}]}<\/script>\n<meta property=\"product:price:amount\" content=\"25000\" \/>\n<meta property=\"product:price:currency\" content=\"HUF\" \/>\n<meta property=\"og:availability\" content=\"out of stock\" \/>\n<meta property=\"product:availability\" content=\"out of stock\" \/>\n<meta property=\"product:condition\" content=\"new\" \/>\n<!-- \/ Yoast SEO Premium plugin. -->","yoast_head_json":{"title":"UNBOUND Shimmy - Lib Women&#039;s Store","description":"Try Shimmy in any situation! This anal vibrator provides extra pleasure for masturbation or during intercourse with your partner.","robots":{"index":"index","follow":"follow","max-snippet":"max-snippet:-1","max-image-preview":"max-image-preview:large","max-video-preview":"max-video-preview:-1"},"canonical":"https:\/\/libwomenstore.com\/en\/product\/anal-toys\/unbound-shimmy\/","og_locale":"en_US","og_type":"article","og_title":"UNBOUND Shimmy","og_description":"Try Shimmy in any situation! This anal vibrator provides extra pleasure for masturbation or during intercourse with your partner.","og_url":"https:\/\/libwomenstore.com\/en\/product\/anal-toys\/unbound-shimmy\/","og_site_name":"Lib Women&#039;s Store","article_publisher":"https:\/\/www.facebook.com\/libwomenstore","og_image":[{"width":1080,"height":1080,"url":"https:\/\/libwomenstore.com\/wp-content\/uploads\/2025\/07\/unbound-shimmy-anal-vibrator.jpg","type":"image\/jpeg"}],"twitter_card":"summary_large_image","twitter_misc":{"Price":"25.000&#70;&#116;","Availability":"Out of stock"},"schema":{"@context":"https:\/\/schema.org","@graph":[{"@type":["WebPage","ItemPage"],"@id":"https:\/\/libwomenstore.com\/en\/product\/anal-toys\/unbound-shimmy\/","url":"https:\/\/libwomenstore.com\/en\/product\/anal-toys\/unbound-shimmy\/","name":"UNBOUND Shimmy - Lib Women&#039;s Store","isPartOf":{"@id":"https:\/\/libwomenstore.com\/en\/#website"},"primaryImageOfPage":{"@id":"https:\/\/libwomenstore.com\/en\/product\/anal-toys\/unbound-shimmy\/#primaryimage"},"image":{"@id":"https:\/\/libwomenstore.com\/en\/product\/anal-toys\/unbound-shimmy\/#primaryimage"},"thumbnailUrl":"https:\/\/libwomenstore.com\/wp-content\/uploads\/2025\/07\/unbound-shimmy-anal-vibrator.jpg","datePublished":"2025-08-12T12:58:55+00:00","description":"Try Shimmy in any situation! This anal vibrator provides extra pleasure for masturbation or during intercourse with your partner.","breadcrumb":{"@id":"https:\/\/libwomenstore.com\/en\/product\/anal-toys\/unbound-shimmy\/#breadcrumb"},"inLanguage":"en-US","potentialAction":[{"@type":"ReadAction","target":["https:\/\/libwomenstore.com\/en\/product\/anal-toys\/unbound-shimmy\/"]}]},{"@type":"ImageObject","inLanguage":"en-US","@id":"https:\/\/libwomenstore.com\/en\/product\/anal-toys\/unbound-shimmy\/#primaryimage","url":"https:\/\/libwomenstore.com\/wp-content\/uploads\/2025\/07\/unbound-shimmy-anal-vibrator.jpg","contentUrl":"https:\/\/libwomenstore.com\/wp-content\/uploads\/2025\/07\/unbound-shimmy-anal-vibrator.jpg","width":1080,"height":1080,"caption":"Unbound Shimmy an\u00e1l vibr\u00e1tor fog\u00f3val"},{"@type":"BreadcrumbList","@id":"https:\/\/libwomenstore.com\/en\/product\/anal-toys\/unbound-shimmy\/#breadcrumb","itemListElement":[{"@type":"ListItem","position":1,"name":"Kezd\u0151lap","item":"https:\/\/libwomenstore.com\/en\/"},{"@type":"ListItem","position":2,"name":"Shop Home Page &#8211; Product categories","item":"https:\/\/libwomenstore.com\/shop-kezdolap-termek-kategoriak\/?lang=en"},{"@type":"ListItem","position":3,"name":"UNBOUND Shimmy"}]},{"@type":"WebSite","@id":"https:\/\/libwomenstore.com\/en\/#website","url":"https:\/\/libwomenstore.com\/en\/","name":"Lib Women Store","description":"Magyarorsz\u00e1g els\u0151 n\u0151kre f\u00f3kusz\u00e1l\u00f3 szexshopja, ahol az eg\u00e9szs\u00e9g ugyanolyan fontos, mint az \u00e9lvezetek.","publisher":{"@id":"https:\/\/libwomenstore.com\/en\/#organization"},"alternateName":"Lib","potentialAction":[{"@type":"SearchAction","target":{"@type":"EntryPoint","urlTemplate":"https:\/\/libwomenstore.com\/en\/?s={search_term_string}"},"query-input":{"@type":"PropertyValueSpecification","valueRequired":true,"valueName":"search_term_string"}}],"inLanguage":"en-US"},{"@type":"Organization","@id":"https:\/\/libwomenstore.com\/en\/#organization","name":"Lib Women Store","url":"https:\/\/libwomenstore.com\/en\/","logo":{"@type":"ImageObject","inLanguage":"en-US","@id":"https:\/\/libwomenstore.com\/en\/#\/schema\/logo\/image\/","url":"https:\/\/libwomenstore.com\/wp-content\/uploads\/2024\/05\/cropped-LIB-logo-A.png","contentUrl":"https:\/\/libwomenstore.com\/wp-content\/uploads\/2024\/05\/cropped-LIB-logo-A.png","width":512,"height":512,"caption":"Lib Women Store"},"image":{"@id":"https:\/\/libwomenstore.com\/en\/#\/schema\/logo\/image\/"},"sameAs":["https:\/\/www.facebook.com\/libwomenstore"]}]},"product_price_amount":"25000","product_price_currency":"HUF","og_availability":"out of stock","product_availability":"out of stock","product_condition":"new"},"_links":{"self":[{"href":"https:\/\/libwomenstore.com\/en\/wp-json\/wp\/v2\/product\/33285","targetHints":{"allow":["GET"]}}],"collection":[{"href":"https:\/\/libwomenstore.com\/en\/wp-json\/wp\/v2\/product"}],"about":[{"href":"https:\/\/libwomenstore.com\/en\/wp-json\/wp\/v2\/types\/product"}],"replies":[{"embeddable":true,"href":"https:\/\/libwomenstore.com\/en\/wp-json\/wp\/v2\/comments?post=33285"}],"wp:featuredmedia":[{"embeddable":true,"href":"https:\/\/libwomenstore.com\/en\/wp-json\/wp\/v2\/media\/33280"}],"wp:attachment":[{"href":"https:\/\/libwomenstore.com\/en\/wp-json\/wp\/v2\/media?parent=33285"}],"wp:term":[{"taxonomy":"product_brand","embeddable":true,"href":"https:\/\/libwomenstore.com\/en\/wp-json\/wp\/v2\/product_brand?post=33285"},{"taxonomy":"product_cat","embeddable":true,"href":"https:\/\/libwomenstore.com\/en\/wp-json\/wp\/v2\/product_cat?post=33285"},{"taxonomy":"product_tag","embeddable":true,"href":"https:\/\/libwomenstore.com\/en\/wp-json\/wp\/v2\/product_tag?post=33285"}],"curies":[{"name":"wp","href":"https:\/\/api.w.org\/{rel}","templated":true}]}}