{"id":33376,"date":"2025-08-07T17:31:08","date_gmt":"2025-08-07T15:31:08","guid":{"rendered":"https:\/\/libwomenstore.com\/termek\/uncategorized\/lustiq-lab\/"},"modified":"2025-08-07T17:31:08","modified_gmt":"2025-08-07T15:31:08","slug":"lustiq-lab","status":"publish","type":"product","link":"https:\/\/libwomenstore.com\/en\/product\/events\/lustiq-lab\/","title":{"rendered":"Lustiq Lab"},"content":{"rendered":"<div class=\"col col-lg-7 order-2 order-md-1\">\n<div class=\"content_wrap\">\n<div class=\"section_heading m-0\">\n<h3 class=\"heading_text\">What do you get as a Lustiq Lab member?<\/h3>\n<ul class=\"unordered_list_block info_list\">\n<li>\n<div class=\"info_list text-start bulletpoint_item my-1 py-0\"><i class=\"fas fa-square\"><\/i><\/p>\n<div>\n<h5>Renowned experts<\/h5>\n<p>Experienced psychologists, therapists and trainers guide you through the important issues.<\/p>\n<\/div>\n<\/div>\n<\/li>\n<li>\n<div class=\"info_list text-start bulletpoint_item my-1 py-0\"><i class=\"fas fa-square\"><\/i><\/p>\n<div>\n<h5>Supporting artificial intelligence<\/h5>\n<p>Your voice-based, expert-trained AI coach provides practical suggestions for both courses and daily situations. It&#8217;s like having a personal advisor by your side. <\/p>\n<\/div>\n<\/div>\n<\/li>\n<li>\n<div class=\"info_list text-start bulletpoint_item my-1 py-0\"><i class=\"fas fa-square\"><\/i><\/p>\n<div>\n<h5>Practical knowledge<\/h5>\n<p>Experienced experts will help you step by step. You can practice on specific tasks based on real situations. You can use what you learn right away.  <\/p>\n<\/div>\n<\/div>\n<\/li>\n<li>\n<div class=\"info_list text-start bulletpoint_item my-1 py-0\"><i class=\"fas fa-square\"><\/i><\/p>\n<div>\n<h5>Complete discretion, safe learning<\/h5>\n<p>You don&#8217;t have to share anything publicly. You can progress at your own pace, in a closed environment, with the option to ask questions anonymously. <\/p>\n<\/div>\n<\/div>\n<\/li>\n<li>\n<div class=\"info_list text-start bulletpoint_item my-1 py-0\"><i class=\"fas fa-square\"><\/i><\/p>\n<div>\n<h5>A non-judgmental environment<\/h5>\n<p>If you want, you can share your experiences with others. This is not mandatory, but it helps many people to know that they are not alone. <\/p>\n<h5>Subscribe at <a href=\"https:\/\/lustiqlab.com\/hu#se\"><strong>lustiqlab.com<\/strong><\/a> !<\/h5>\n<\/div>\n<\/div>\n<\/li>\n<\/ul>\n<\/div>\n<\/div>\n<\/div>\n","protected":false},"excerpt":{"rendered":"<p class=\"banner_big_title m-0 mb-2\">Your path to a liberated, satisfying sex life<\/p>\n<p class=\"banner_big_title m-0 mb-2\">The Lustiq Lab subscription offers practical self-improvement in the areas of desire, intimacy, and communication.<\/p>\n<p class=\" my-1\"><i class=\"fas fa-check\"><\/i>Courses from <b>renowned experts<\/b> help you speak clearly and without taboos about even the most sensitive topics.<\/p>\n<p class=\" my-1\"><i class=\"fas fa-check\"><\/i><b>Your voice-based AI-coach<\/b> is like talking to a personal advisor. You can ask questions, they will give you feedback and guide you through your progress. <\/p>\n<p class=\" my-1\"><i class=\"fas fa-check\"><\/i><b>Interactive Emotion Diary<\/b>, also available exclusively from us. It logs your daily experiences and provides personalized recommendations for improvement based on patterns. <\/p>\n<p class=\" mt-3 fw-bold\">Go at your own pace, in a safe space, and achieve real change!<\/p>\n<h5>You can now subscribe with a 10% discount with the coupon code <strong>Libstore25! <\/strong><\/h5>\n","protected":false},"featured_media":33369,"comment_status":"closed","ping_status":"closed","template":"","meta":{"_et_pb_use_builder":"","_et_pb_old_content":"","_et_gb_content_width":""},"product_brand":[],"product_cat":[317],"product_tag":[769,772,771,770,616],"class_list":{"0":"post-33376","1":"product","2":"type-product","3":"status-publish","4":"has-post-thumbnail","6":"product_cat-events","7":"product_tag-lustiq-en","8":"product_tag-sexeducation","9":"product_tag-sexual-health-en","10":"product_tag-sexual-psychology","11":"product_tag-sexuality","13":"first","14":"instock","15":"taxable","16":"shipping-taxable","17":"product-type-simple"},"yoast_head":"<!-- This site is optimized with the Yoast SEO Premium plugin v27.4 (Yoast SEO v27.4) - https:\/\/yoast.com\/product\/yoast-seo-premium-wordpress\/ -->\n<title>Lustiq Lab - Lib Women&#039;s Store<\/title>\n<meta name=\"description\" content=\"Your path to a liberated, fulfilling sex life. The Lustiq Lab subscription offers practical self-improvement in desire, intimacy, and communication.\" \/>\n<meta name=\"robots\" content=\"index, follow, max-snippet:-1, max-image-preview:large, max-video-preview:-1\" \/>\n<link rel=\"canonical\" href=\"https:\/\/libwomenstore.com\/en\/product\/events\/lustiq-lab\/\" \/>\n<meta property=\"og:locale\" content=\"en_US\" \/>\n<meta property=\"og:type\" content=\"article\" \/>\n<meta property=\"og:title\" content=\"Lustiq Lab\" \/>\n<meta property=\"og:description\" content=\"Your path to a liberated, fulfilling sex life. The Lustiq Lab subscription offers practical self-improvement in desire, intimacy, and communication.\" \/>\n<meta property=\"og:url\" content=\"https:\/\/libwomenstore.com\/en\/product\/events\/lustiq-lab\/\" \/>\n<meta property=\"og:site_name\" content=\"Lib Women&#039;s Store\" \/>\n<meta property=\"article:publisher\" content=\"https:\/\/www.facebook.com\/libwomenstore\" \/>\n<meta property=\"og:image\" content=\"https:\/\/libwomenstore.com\/wp-content\/uploads\/2025\/08\/lustiq-lab.png\" \/>\n\t<meta property=\"og:image:width\" content=\"1080\" \/>\n\t<meta property=\"og:image:height\" content=\"1080\" \/>\n\t<meta property=\"og:image:type\" content=\"image\/png\" \/>\n<meta name=\"twitter:card\" content=\"summary_large_image\" \/>\n<meta name=\"twitter:label1\" content=\"Price\" \/>\n\t<meta name=\"twitter:data1\" content=\"\" \/>\n\t<meta name=\"twitter:label2\" content=\"Availability\" \/>\n\t<meta name=\"twitter:data2\" content=\"In stock\" \/>\n<script type=\"application\/ld+json\" class=\"yoast-schema-graph\">{\"@context\":\"https:\\\/\\\/schema.org\",\"@graph\":[{\"@type\":[\"WebPage\",\"ItemPage\"],\"@id\":\"https:\\\/\\\/libwomenstore.com\\\/en\\\/product\\\/events\\\/lustiq-lab\\\/\",\"url\":\"https:\\\/\\\/libwomenstore.com\\\/en\\\/product\\\/events\\\/lustiq-lab\\\/\",\"name\":\"Lustiq Lab - Lib Women&#039;s Store\",\"isPartOf\":{\"@id\":\"https:\\\/\\\/libwomenstore.com\\\/en\\\/#website\"},\"primaryImageOfPage\":{\"@id\":\"https:\\\/\\\/libwomenstore.com\\\/en\\\/product\\\/events\\\/lustiq-lab\\\/#primaryimage\"},\"image\":{\"@id\":\"https:\\\/\\\/libwomenstore.com\\\/en\\\/product\\\/events\\\/lustiq-lab\\\/#primaryimage\"},\"thumbnailUrl\":\"https:\\\/\\\/libwomenstore.com\\\/wp-content\\\/uploads\\\/2025\\\/08\\\/lustiq-lab.png\",\"datePublished\":\"2025-08-07T15:31:08+00:00\",\"description\":\"Your path to a liberated, fulfilling sex life. The Lustiq Lab subscription offers practical self-improvement in desire, intimacy, and communication.\",\"breadcrumb\":{\"@id\":\"https:\\\/\\\/libwomenstore.com\\\/en\\\/product\\\/events\\\/lustiq-lab\\\/#breadcrumb\"},\"inLanguage\":\"en-US\",\"potentialAction\":[{\"@type\":\"ReadAction\",\"target\":[\"https:\\\/\\\/libwomenstore.com\\\/en\\\/product\\\/events\\\/lustiq-lab\\\/\"]}]},{\"@type\":\"ImageObject\",\"inLanguage\":\"en-US\",\"@id\":\"https:\\\/\\\/libwomenstore.com\\\/en\\\/product\\\/events\\\/lustiq-lab\\\/#primaryimage\",\"url\":\"https:\\\/\\\/libwomenstore.com\\\/wp-content\\\/uploads\\\/2025\\\/08\\\/lustiq-lab.png\",\"contentUrl\":\"https:\\\/\\\/libwomenstore.com\\\/wp-content\\\/uploads\\\/2025\\\/08\\\/lustiq-lab.png\",\"width\":1080,\"height\":1080,\"caption\":\"Lustiq Lab\"},{\"@type\":\"BreadcrumbList\",\"@id\":\"https:\\\/\\\/libwomenstore.com\\\/en\\\/product\\\/events\\\/lustiq-lab\\\/#breadcrumb\",\"itemListElement\":[{\"@type\":\"ListItem\",\"position\":1,\"name\":\"Kezd\u0151lap\",\"item\":\"https:\\\/\\\/libwomenstore.com\\\/en\\\/\"},{\"@type\":\"ListItem\",\"position\":2,\"name\":\"Shop Home Page &#8211; Product categories\",\"item\":\"https:\\\/\\\/libwomenstore.com\\\/shop-kezdolap-termek-kategoriak\\\/?lang=en\"},{\"@type\":\"ListItem\",\"position\":3,\"name\":\"Lustiq Lab\"}]},{\"@type\":\"WebSite\",\"@id\":\"https:\\\/\\\/libwomenstore.com\\\/en\\\/#website\",\"url\":\"https:\\\/\\\/libwomenstore.com\\\/en\\\/\",\"name\":\"Lib Women Store\",\"description\":\"Magyarorsz\u00e1g els\u0151 n\u0151kre f\u00f3kusz\u00e1l\u00f3 szexshopja, ahol az eg\u00e9szs\u00e9g ugyanolyan fontos, mint az \u00e9lvezetek.\",\"publisher\":{\"@id\":\"https:\\\/\\\/libwomenstore.com\\\/en\\\/#organization\"},\"alternateName\":\"Lib\",\"potentialAction\":[{\"@type\":\"SearchAction\",\"target\":{\"@type\":\"EntryPoint\",\"urlTemplate\":\"https:\\\/\\\/libwomenstore.com\\\/en\\\/?s={search_term_string}\"},\"query-input\":{\"@type\":\"PropertyValueSpecification\",\"valueRequired\":true,\"valueName\":\"search_term_string\"}}],\"inLanguage\":\"en-US\"},{\"@type\":\"Organization\",\"@id\":\"https:\\\/\\\/libwomenstore.com\\\/en\\\/#organization\",\"name\":\"Lib Women Store\",\"url\":\"https:\\\/\\\/libwomenstore.com\\\/en\\\/\",\"logo\":{\"@type\":\"ImageObject\",\"inLanguage\":\"en-US\",\"@id\":\"https:\\\/\\\/libwomenstore.com\\\/en\\\/#\\\/schema\\\/logo\\\/image\\\/\",\"url\":\"https:\\\/\\\/libwomenstore.com\\\/wp-content\\\/uploads\\\/2024\\\/05\\\/cropped-LIB-logo-A.png\",\"contentUrl\":\"https:\\\/\\\/libwomenstore.com\\\/wp-content\\\/uploads\\\/2024\\\/05\\\/cropped-LIB-logo-A.png\",\"width\":512,\"height\":512,\"caption\":\"Lib Women Store\"},\"image\":{\"@id\":\"https:\\\/\\\/libwomenstore.com\\\/en\\\/#\\\/schema\\\/logo\\\/image\\\/\"},\"sameAs\":[\"https:\\\/\\\/www.facebook.com\\\/libwomenstore\"]}]}<\/script>\n<meta property=\"product:price:currency\" content=\"HUF\" \/>\n<meta property=\"og:availability\" content=\"instock\" \/>\n<meta property=\"product:availability\" content=\"instock\" \/>\n<meta property=\"product:condition\" content=\"new\" \/>\n<!-- \/ Yoast SEO Premium plugin. -->","yoast_head_json":{"title":"Lustiq Lab - Lib Women&#039;s Store","description":"Your path to a liberated, fulfilling sex life. The Lustiq Lab subscription offers practical self-improvement in desire, intimacy, and communication.","robots":{"index":"index","follow":"follow","max-snippet":"max-snippet:-1","max-image-preview":"max-image-preview:large","max-video-preview":"max-video-preview:-1"},"canonical":"https:\/\/libwomenstore.com\/en\/product\/events\/lustiq-lab\/","og_locale":"en_US","og_type":"article","og_title":"Lustiq Lab","og_description":"Your path to a liberated, fulfilling sex life. The Lustiq Lab subscription offers practical self-improvement in desire, intimacy, and communication.","og_url":"https:\/\/libwomenstore.com\/en\/product\/events\/lustiq-lab\/","og_site_name":"Lib Women&#039;s Store","article_publisher":"https:\/\/www.facebook.com\/libwomenstore","og_image":[{"width":1080,"height":1080,"url":"https:\/\/libwomenstore.com\/wp-content\/uploads\/2025\/08\/lustiq-lab.png","type":"image\/png"}],"twitter_card":"summary_large_image","twitter_misc":{"Price":"","Availability":"In stock"},"schema":{"@context":"https:\/\/schema.org","@graph":[{"@type":["WebPage","ItemPage"],"@id":"https:\/\/libwomenstore.com\/en\/product\/events\/lustiq-lab\/","url":"https:\/\/libwomenstore.com\/en\/product\/events\/lustiq-lab\/","name":"Lustiq Lab - Lib Women&#039;s Store","isPartOf":{"@id":"https:\/\/libwomenstore.com\/en\/#website"},"primaryImageOfPage":{"@id":"https:\/\/libwomenstore.com\/en\/product\/events\/lustiq-lab\/#primaryimage"},"image":{"@id":"https:\/\/libwomenstore.com\/en\/product\/events\/lustiq-lab\/#primaryimage"},"thumbnailUrl":"https:\/\/libwomenstore.com\/wp-content\/uploads\/2025\/08\/lustiq-lab.png","datePublished":"2025-08-07T15:31:08+00:00","description":"Your path to a liberated, fulfilling sex life. The Lustiq Lab subscription offers practical self-improvement in desire, intimacy, and communication.","breadcrumb":{"@id":"https:\/\/libwomenstore.com\/en\/product\/events\/lustiq-lab\/#breadcrumb"},"inLanguage":"en-US","potentialAction":[{"@type":"ReadAction","target":["https:\/\/libwomenstore.com\/en\/product\/events\/lustiq-lab\/"]}]},{"@type":"ImageObject","inLanguage":"en-US","@id":"https:\/\/libwomenstore.com\/en\/product\/events\/lustiq-lab\/#primaryimage","url":"https:\/\/libwomenstore.com\/wp-content\/uploads\/2025\/08\/lustiq-lab.png","contentUrl":"https:\/\/libwomenstore.com\/wp-content\/uploads\/2025\/08\/lustiq-lab.png","width":1080,"height":1080,"caption":"Lustiq Lab"},{"@type":"BreadcrumbList","@id":"https:\/\/libwomenstore.com\/en\/product\/events\/lustiq-lab\/#breadcrumb","itemListElement":[{"@type":"ListItem","position":1,"name":"Kezd\u0151lap","item":"https:\/\/libwomenstore.com\/en\/"},{"@type":"ListItem","position":2,"name":"Shop Home Page &#8211; Product categories","item":"https:\/\/libwomenstore.com\/shop-kezdolap-termek-kategoriak\/?lang=en"},{"@type":"ListItem","position":3,"name":"Lustiq Lab"}]},{"@type":"WebSite","@id":"https:\/\/libwomenstore.com\/en\/#website","url":"https:\/\/libwomenstore.com\/en\/","name":"Lib Women Store","description":"Magyarorsz\u00e1g els\u0151 n\u0151kre f\u00f3kusz\u00e1l\u00f3 szexshopja, ahol az eg\u00e9szs\u00e9g ugyanolyan fontos, mint az \u00e9lvezetek.","publisher":{"@id":"https:\/\/libwomenstore.com\/en\/#organization"},"alternateName":"Lib","potentialAction":[{"@type":"SearchAction","target":{"@type":"EntryPoint","urlTemplate":"https:\/\/libwomenstore.com\/en\/?s={search_term_string}"},"query-input":{"@type":"PropertyValueSpecification","valueRequired":true,"valueName":"search_term_string"}}],"inLanguage":"en-US"},{"@type":"Organization","@id":"https:\/\/libwomenstore.com\/en\/#organization","name":"Lib Women Store","url":"https:\/\/libwomenstore.com\/en\/","logo":{"@type":"ImageObject","inLanguage":"en-US","@id":"https:\/\/libwomenstore.com\/en\/#\/schema\/logo\/image\/","url":"https:\/\/libwomenstore.com\/wp-content\/uploads\/2024\/05\/cropped-LIB-logo-A.png","contentUrl":"https:\/\/libwomenstore.com\/wp-content\/uploads\/2024\/05\/cropped-LIB-logo-A.png","width":512,"height":512,"caption":"Lib Women Store"},"image":{"@id":"https:\/\/libwomenstore.com\/en\/#\/schema\/logo\/image\/"},"sameAs":["https:\/\/www.facebook.com\/libwomenstore"]}]},"product_price_currency":"HUF","og_availability":"instock","product_availability":"instock","product_condition":"new"},"_links":{"self":[{"href":"https:\/\/libwomenstore.com\/en\/wp-json\/wp\/v2\/product\/33376","targetHints":{"allow":["GET"]}}],"collection":[{"href":"https:\/\/libwomenstore.com\/en\/wp-json\/wp\/v2\/product"}],"about":[{"href":"https:\/\/libwomenstore.com\/en\/wp-json\/wp\/v2\/types\/product"}],"replies":[{"embeddable":true,"href":"https:\/\/libwomenstore.com\/en\/wp-json\/wp\/v2\/comments?post=33376"}],"wp:featuredmedia":[{"embeddable":true,"href":"https:\/\/libwomenstore.com\/en\/wp-json\/wp\/v2\/media\/33369"}],"wp:attachment":[{"href":"https:\/\/libwomenstore.com\/en\/wp-json\/wp\/v2\/media?parent=33376"}],"wp:term":[{"taxonomy":"product_brand","embeddable":true,"href":"https:\/\/libwomenstore.com\/en\/wp-json\/wp\/v2\/product_brand?post=33376"},{"taxonomy":"product_cat","embeddable":true,"href":"https:\/\/libwomenstore.com\/en\/wp-json\/wp\/v2\/product_cat?post=33376"},{"taxonomy":"product_tag","embeddable":true,"href":"https:\/\/libwomenstore.com\/en\/wp-json\/wp\/v2\/product_tag?post=33376"}],"curies":[{"name":"wp","href":"https:\/\/api.w.org\/{rel}","templated":true}]}}