{"id":33490,"date":"2025-08-15T11:37:56","date_gmt":"2025-08-15T09:37:56","guid":{"rendered":"https:\/\/libwomenstore.com\/termek\/uncategorized\/mystra-scent-parfum\/"},"modified":"2025-08-15T11:37:56","modified_gmt":"2025-08-15T09:37:56","slug":"mystra-scent-parfum","status":"publish","type":"product","link":"https:\/\/libwomenstore.com\/en\/product\/bdsm-accessories\/mystra-scent-parfum\/","title":{"rendered":"MYSTRA Scent Parfum"},"content":{"rendered":"<p style=\"text-align: center;\" data-start=\"135\" data-end=\"198\"><strong data-start=\"135\" data-end=\"198\">Mystra Scent \u2013 A scent that feels uniquely yours<\/strong><\/p>\n<p style=\"text-align: center;\" data-start=\"200\" data-end=\"554\">As hours pass, Mystra Scent reveals its deeper side: a sensual base of exquisite resins, creamy sandalwood, copal, and ceremonial tobacco. This lingering essence creates a second-skin effect, a scent meant for those close enough to truly experience its depth.  <\/p>\n<p style=\"text-align: center;\" data-start=\"556\" data-end=\"890\">Inspired by Mystra&#8217;s philosophy, this fragrance is a celebration of empowerment, elegance, and self-expression. Feminine at heart but effortlessly genderless, Mystra Scent is for those who embrace their true essence. It\u2019s a fragrance you wear not just to be noticed, but to revel in your own presence\u2014a pleasure for your nose and a statement for your soul.  <\/p>\n<p style=\"text-align: center;\" data-start=\"141\" data-end=\"259\">The <strong data-start=\"143\" data-end=\"159\">Mystra Scent<\/strong> is the result of a collaboration between two visionaries, combining creativity, expertise, and craftsmanship.<\/p>\n<p style=\"text-align: center;\" data-start=\"261\" data-end=\"743\"><strong data-start=\"261\" data-end=\"280\">Nadjib Achaibou<\/strong>, a masterful perfumer with experience at the renowned Symrise fragrance house, brought his expertise in multisensory creations to Mystra Scent. From crafting scents for theaters and concerts to virtual realities, Nadjib\u2019s work is a celebration of the emotional depth that fragrances can evoke. With a degree in chemistry from the University of Montpellier II and a master\u2019s in formulation and perfumery from ISIPCA in Versailles, his compositions blend technical mastery with creative innovation.  <\/p>\n<p style=\"text-align: center;\" data-start=\"745\" data-end=\"1032\"><strong data-start=\"745\" data-end=\"754\">Fanni<\/strong>, the CEO and founder of Mystra, is a passionate entrepreneur and educator in Human Sexuality. Her commitment to empowerment and self-expression inspired the creation of Mystra Scent as a celebration of sensuality and authenticity. <\/p>\n<p style=\"text-align: center;\" data-start=\"1034\" data-end=\"1225\">Together, they crafted <strong data-start=\"1063\" data-end=\"1081\">Mystra Scentet<\/strong> as a reflection of Mystra\u2019s philosophy, a niche fragrance that embodies uniqueness and empowerment.<\/p>\n<p style=\"text-align: center;\" data-start=\"1264\" data-end=\"1444\">Hand-poured in Mexico with a high percentage of natural ingredients and essential oils, <strong data-start=\"1266\" data-end=\"1282\">Mystra Scent<\/strong> <br \/>is a celebration of craftsmanship and authenticity. A premium-grade alcohol base used to carry the fragrance, Water\/Aqua\/Eau to balance and dilute the formula. 2-Phenylethanol: Adds a soft floral nuance. Geraniol: Contributes to the fresh, rosy scent profile. <\/p>\n<p data-start=\"556\" data-end=\"890\">\n<h3 style=\"text-align: center;\" data-start=\"556\" data-end=\"890\"><strong>Fragrance notes<\/strong><\/h3>\n<p data-start=\"556\" data-end=\"890\">\n<p style=\"text-align: center;\" data-start=\"556\" data-end=\"890\">Bergamot<\/p>\n<p style=\"text-align: center;\" data-start=\"556\" data-end=\"890\">Italian mandarins<\/p>\n<p style=\"text-align: center;\" data-start=\"556\" data-end=\"890\">Rose bouquet<\/p>\n<p style=\"text-align: center;\" data-start=\"556\" data-end=\"890\">Jasmine<\/p>\n<p style=\"text-align: center;\" data-start=\"556\" data-end=\"890\">Copal<\/p>\n<p style=\"text-align: center;\" data-start=\"556\" data-end=\"890\">Tobacco<\/p>\n<p style=\"text-align: center;\" data-start=\"556\" data-end=\"890\">Sandalwood<\/p>\n<p style=\"text-align: center;\" data-start=\"556\" data-end=\"890\">Benzoin resin<\/p>\n<p style=\"text-align: center;\" data-start=\"556\" data-end=\"890\">Amber<\/p>\n<p style=\"text-align: center;\" data-start=\"556\" data-end=\"890\">Madagascar Vanilla<\/p>\n<p style=\"text-align: center;\" data-start=\"556\" data-end=\"890\">Peach Skin<\/p>\n<p style=\"text-align: center;\" data-start=\"556\" data-end=\"890\">Musk<\/p>\n<p data-start=\"556\" data-end=\"890\">\n<p style=\"text-align: center;\" data-start=\"556\" data-end=\"890\"><strong>Ingredients<\/strong><\/p>\n<p style=\"text-align: center;\" data-start=\"403\" data-end=\"690\">A premium-grade alcohol base of cane alcohol, carefully selected to carry the fragrance seamlessly, ensuring optimal scent diffusion and longevity. Water\/Aqua\/Eau to balance and dilute the formula. <\/p>\n<p style=\"text-align: center;\" data-start=\"403\" data-end=\"690\">Fragrance essential oils: Bergamot, Italian Mandarin, Peach skin, Rose, Jasmine, Copal, Sandalwood, Benzoin Resin, Amber, Madagascar Vanilla, Tobacco, Musk.<\/p>\n<p data-start=\"556\" data-end=\"890\">\n","protected":false},"excerpt":{"rendered":"<p>Mystra Scent is sensuality in a bottle\u2014a floral, fruity, and woody premium fragrance crafted to become one with your skin. It opens with a fresh, citrus burst of Italian mandarins and bergamot, complemented by the juicy, velvety sweetness of peach skin. This luminous start evolves into a lush bouquet of opulent roses and jasmine, an ode to timeless elegance.   <\/p>\n<p>A Hungarian brand from Mexico that is both sensual and elegant, a meeting of two worlds.<\/p>\n","protected":false},"featured_media":33484,"comment_status":"closed","ping_status":"closed","template":"","meta":{"_et_pb_use_builder":"","_et_pb_old_content":"","_et_gb_content_width":""},"product_brand":[],"product_cat":[327,362,554,432],"product_tag":[586],"class_list":{"0":"post-33490","1":"product","2":"type-product","3":"status-publish","4":"has-post-thumbnail","6":"product_cat-bdsm-accessories","7":"product_cat-enhancers","8":"product_cat-lib-x-bliss-glass-toys-hand-crafted","9":"product_cat-lib-x-rebeka-racz-dildos-tapys","10":"product_tag-parfum-en","12":"first","13":"instock","14":"taxable","15":"shipping-taxable","16":"purchasable","17":"product-type-simple"},"yoast_head":"<!-- This site is optimized with the Yoast SEO Premium plugin v27.4 (Yoast SEO v27.4) - https:\/\/yoast.com\/product\/yoast-seo-premium-wordpress\/ -->\n<title>MYSTRA Scent Parfum - Lib Women&#039;s Store<\/title>\n<meta name=\"description\" content=\"Try Mystra Scent sensual perfume if you are looking for a long-lasting and seductive scent! A Hungarian brand from Mexico that combines elegance with sensuality\" \/>\n<meta name=\"robots\" content=\"index, follow, max-snippet:-1, max-image-preview:large, max-video-preview:-1\" \/>\n<link rel=\"canonical\" href=\"https:\/\/libwomenstore.com\/en\/product\/bdsm-accessories\/mystra-scent-parfum\/\" \/>\n<meta property=\"og:locale\" content=\"en_US\" \/>\n<meta property=\"og:type\" content=\"article\" \/>\n<meta property=\"og:title\" content=\"MYSTRA Scent Parfum\" \/>\n<meta property=\"og:description\" content=\"Try Mystra Scent sensual perfume if you are looking for a long-lasting and seductive scent! A Hungarian brand from Mexico that combines elegance with sensuality\" \/>\n<meta property=\"og:url\" content=\"https:\/\/libwomenstore.com\/en\/product\/bdsm-accessories\/mystra-scent-parfum\/\" \/>\n<meta property=\"og:site_name\" content=\"Lib Women&#039;s Store\" \/>\n<meta property=\"article:publisher\" content=\"https:\/\/www.facebook.com\/libwomenstore\" \/>\n<meta property=\"og:image\" content=\"https:\/\/libwomenstore.com\/wp-content\/uploads\/2025\/08\/Mystra-Scent-05-819x1024.jpg\" \/>\n\t<meta property=\"og:image:width\" content=\"819\" \/>\n\t<meta property=\"og:image:height\" content=\"1024\" \/>\n\t<meta property=\"og:image:type\" content=\"image\/jpeg\" \/>\n<meta name=\"twitter:card\" content=\"summary_large_image\" \/>\n<meta name=\"twitter:label1\" content=\"Price\" \/>\n\t<meta name=\"twitter:data1\" content=\"40.000&#070;&#116;\" \/>\n\t<meta name=\"twitter:label2\" content=\"Availability\" \/>\n\t<meta name=\"twitter:data2\" content=\"In stock\" \/>\n<script type=\"application\/ld+json\" class=\"yoast-schema-graph\">{\"@context\":\"https:\\\/\\\/schema.org\",\"@graph\":[{\"@type\":[\"WebPage\",\"ItemPage\"],\"@id\":\"https:\\\/\\\/libwomenstore.com\\\/en\\\/product\\\/bdsm-accessories\\\/mystra-scent-parfum\\\/\",\"url\":\"https:\\\/\\\/libwomenstore.com\\\/en\\\/product\\\/bdsm-accessories\\\/mystra-scent-parfum\\\/\",\"name\":\"MYSTRA Scent Parfum - Lib Women&#039;s Store\",\"isPartOf\":{\"@id\":\"https:\\\/\\\/libwomenstore.com\\\/en\\\/#website\"},\"primaryImageOfPage\":{\"@id\":\"https:\\\/\\\/libwomenstore.com\\\/en\\\/product\\\/bdsm-accessories\\\/mystra-scent-parfum\\\/#primaryimage\"},\"image\":{\"@id\":\"https:\\\/\\\/libwomenstore.com\\\/en\\\/product\\\/bdsm-accessories\\\/mystra-scent-parfum\\\/#primaryimage\"},\"thumbnailUrl\":\"https:\\\/\\\/libwomenstore.com\\\/wp-content\\\/uploads\\\/2025\\\/08\\\/Mystra-Scent-05.jpg\",\"datePublished\":\"2025-08-15T09:37:56+00:00\",\"description\":\"Try Mystra Scent sensual perfume if you are looking for a long-lasting and seductive scent! A Hungarian brand from Mexico that combines elegance with sensuality\",\"breadcrumb\":{\"@id\":\"https:\\\/\\\/libwomenstore.com\\\/en\\\/product\\\/bdsm-accessories\\\/mystra-scent-parfum\\\/#breadcrumb\"},\"inLanguage\":\"en-US\",\"potentialAction\":[{\"@type\":\"ReadAction\",\"target\":[\"https:\\\/\\\/libwomenstore.com\\\/en\\\/product\\\/bdsm-accessories\\\/mystra-scent-parfum\\\/\"]}]},{\"@type\":\"ImageObject\",\"inLanguage\":\"en-US\",\"@id\":\"https:\\\/\\\/libwomenstore.com\\\/en\\\/product\\\/bdsm-accessories\\\/mystra-scent-parfum\\\/#primaryimage\",\"url\":\"https:\\\/\\\/libwomenstore.com\\\/wp-content\\\/uploads\\\/2025\\\/08\\\/Mystra-Scent-05.jpg\",\"contentUrl\":\"https:\\\/\\\/libwomenstore.com\\\/wp-content\\\/uploads\\\/2025\\\/08\\\/Mystra-Scent-05.jpg\",\"width\":2132,\"height\":2665,\"caption\":\"Mystra Scent \u00e9rz\u00e9ki parf\u00fcm az \u00e9rz\u00e9kis\u00e9g illata\"},{\"@type\":\"BreadcrumbList\",\"@id\":\"https:\\\/\\\/libwomenstore.com\\\/en\\\/product\\\/bdsm-accessories\\\/mystra-scent-parfum\\\/#breadcrumb\",\"itemListElement\":[{\"@type\":\"ListItem\",\"position\":1,\"name\":\"Kezd\u0151lap\",\"item\":\"https:\\\/\\\/libwomenstore.com\\\/en\\\/\"},{\"@type\":\"ListItem\",\"position\":2,\"name\":\"Shop Home Page &#8211; Product categories\",\"item\":\"https:\\\/\\\/libwomenstore.com\\\/shop-kezdolap-termek-kategoriak\\\/?lang=en\"},{\"@type\":\"ListItem\",\"position\":3,\"name\":\"MYSTRA Scent Parfum\"}]},{\"@type\":\"WebSite\",\"@id\":\"https:\\\/\\\/libwomenstore.com\\\/en\\\/#website\",\"url\":\"https:\\\/\\\/libwomenstore.com\\\/en\\\/\",\"name\":\"Lib Women Store\",\"description\":\"Magyarorsz\u00e1g els\u0151 n\u0151kre f\u00f3kusz\u00e1l\u00f3 szexshopja, ahol az eg\u00e9szs\u00e9g ugyanolyan fontos, mint az \u00e9lvezetek.\",\"publisher\":{\"@id\":\"https:\\\/\\\/libwomenstore.com\\\/en\\\/#organization\"},\"alternateName\":\"Lib\",\"potentialAction\":[{\"@type\":\"SearchAction\",\"target\":{\"@type\":\"EntryPoint\",\"urlTemplate\":\"https:\\\/\\\/libwomenstore.com\\\/en\\\/?s={search_term_string}\"},\"query-input\":{\"@type\":\"PropertyValueSpecification\",\"valueRequired\":true,\"valueName\":\"search_term_string\"}}],\"inLanguage\":\"en-US\"},{\"@type\":\"Organization\",\"@id\":\"https:\\\/\\\/libwomenstore.com\\\/en\\\/#organization\",\"name\":\"Lib Women Store\",\"url\":\"https:\\\/\\\/libwomenstore.com\\\/en\\\/\",\"logo\":{\"@type\":\"ImageObject\",\"inLanguage\":\"en-US\",\"@id\":\"https:\\\/\\\/libwomenstore.com\\\/en\\\/#\\\/schema\\\/logo\\\/image\\\/\",\"url\":\"https:\\\/\\\/libwomenstore.com\\\/wp-content\\\/uploads\\\/2024\\\/05\\\/cropped-LIB-logo-A.png\",\"contentUrl\":\"https:\\\/\\\/libwomenstore.com\\\/wp-content\\\/uploads\\\/2024\\\/05\\\/cropped-LIB-logo-A.png\",\"width\":512,\"height\":512,\"caption\":\"Lib Women Store\"},\"image\":{\"@id\":\"https:\\\/\\\/libwomenstore.com\\\/en\\\/#\\\/schema\\\/logo\\\/image\\\/\"},\"sameAs\":[\"https:\\\/\\\/www.facebook.com\\\/libwomenstore\"]}]}<\/script>\n<meta property=\"product:price:amount\" content=\"40000\" \/>\n<meta property=\"product:price:currency\" content=\"HUF\" \/>\n<meta property=\"og:availability\" content=\"instock\" \/>\n<meta property=\"product:availability\" content=\"instock\" \/>\n<meta property=\"product:condition\" content=\"new\" \/>\n<!-- \/ Yoast SEO Premium plugin. -->","yoast_head_json":{"title":"MYSTRA Scent Parfum - Lib Women&#039;s Store","description":"Try Mystra Scent sensual perfume if you are looking for a long-lasting and seductive scent! A Hungarian brand from Mexico that combines elegance with sensuality","robots":{"index":"index","follow":"follow","max-snippet":"max-snippet:-1","max-image-preview":"max-image-preview:large","max-video-preview":"max-video-preview:-1"},"canonical":"https:\/\/libwomenstore.com\/en\/product\/bdsm-accessories\/mystra-scent-parfum\/","og_locale":"en_US","og_type":"article","og_title":"MYSTRA Scent Parfum","og_description":"Try Mystra Scent sensual perfume if you are looking for a long-lasting and seductive scent! A Hungarian brand from Mexico that combines elegance with sensuality","og_url":"https:\/\/libwomenstore.com\/en\/product\/bdsm-accessories\/mystra-scent-parfum\/","og_site_name":"Lib Women&#039;s Store","article_publisher":"https:\/\/www.facebook.com\/libwomenstore","og_image":[{"width":819,"height":1024,"url":"https:\/\/libwomenstore.com\/wp-content\/uploads\/2025\/08\/Mystra-Scent-05-819x1024.jpg","type":"image\/jpeg"}],"twitter_card":"summary_large_image","twitter_misc":{"Price":"40.000&#70;&#116;","Availability":"In stock"},"schema":{"@context":"https:\/\/schema.org","@graph":[{"@type":["WebPage","ItemPage"],"@id":"https:\/\/libwomenstore.com\/en\/product\/bdsm-accessories\/mystra-scent-parfum\/","url":"https:\/\/libwomenstore.com\/en\/product\/bdsm-accessories\/mystra-scent-parfum\/","name":"MYSTRA Scent Parfum - Lib Women&#039;s Store","isPartOf":{"@id":"https:\/\/libwomenstore.com\/en\/#website"},"primaryImageOfPage":{"@id":"https:\/\/libwomenstore.com\/en\/product\/bdsm-accessories\/mystra-scent-parfum\/#primaryimage"},"image":{"@id":"https:\/\/libwomenstore.com\/en\/product\/bdsm-accessories\/mystra-scent-parfum\/#primaryimage"},"thumbnailUrl":"https:\/\/libwomenstore.com\/wp-content\/uploads\/2025\/08\/Mystra-Scent-05.jpg","datePublished":"2025-08-15T09:37:56+00:00","description":"Try Mystra Scent sensual perfume if you are looking for a long-lasting and seductive scent! A Hungarian brand from Mexico that combines elegance with sensuality","breadcrumb":{"@id":"https:\/\/libwomenstore.com\/en\/product\/bdsm-accessories\/mystra-scent-parfum\/#breadcrumb"},"inLanguage":"en-US","potentialAction":[{"@type":"ReadAction","target":["https:\/\/libwomenstore.com\/en\/product\/bdsm-accessories\/mystra-scent-parfum\/"]}]},{"@type":"ImageObject","inLanguage":"en-US","@id":"https:\/\/libwomenstore.com\/en\/product\/bdsm-accessories\/mystra-scent-parfum\/#primaryimage","url":"https:\/\/libwomenstore.com\/wp-content\/uploads\/2025\/08\/Mystra-Scent-05.jpg","contentUrl":"https:\/\/libwomenstore.com\/wp-content\/uploads\/2025\/08\/Mystra-Scent-05.jpg","width":2132,"height":2665,"caption":"Mystra Scent \u00e9rz\u00e9ki parf\u00fcm az \u00e9rz\u00e9kis\u00e9g illata"},{"@type":"BreadcrumbList","@id":"https:\/\/libwomenstore.com\/en\/product\/bdsm-accessories\/mystra-scent-parfum\/#breadcrumb","itemListElement":[{"@type":"ListItem","position":1,"name":"Kezd\u0151lap","item":"https:\/\/libwomenstore.com\/en\/"},{"@type":"ListItem","position":2,"name":"Shop Home Page &#8211; Product categories","item":"https:\/\/libwomenstore.com\/shop-kezdolap-termek-kategoriak\/?lang=en"},{"@type":"ListItem","position":3,"name":"MYSTRA Scent Parfum"}]},{"@type":"WebSite","@id":"https:\/\/libwomenstore.com\/en\/#website","url":"https:\/\/libwomenstore.com\/en\/","name":"Lib Women Store","description":"Magyarorsz\u00e1g els\u0151 n\u0151kre f\u00f3kusz\u00e1l\u00f3 szexshopja, ahol az eg\u00e9szs\u00e9g ugyanolyan fontos, mint az \u00e9lvezetek.","publisher":{"@id":"https:\/\/libwomenstore.com\/en\/#organization"},"alternateName":"Lib","potentialAction":[{"@type":"SearchAction","target":{"@type":"EntryPoint","urlTemplate":"https:\/\/libwomenstore.com\/en\/?s={search_term_string}"},"query-input":{"@type":"PropertyValueSpecification","valueRequired":true,"valueName":"search_term_string"}}],"inLanguage":"en-US"},{"@type":"Organization","@id":"https:\/\/libwomenstore.com\/en\/#organization","name":"Lib Women Store","url":"https:\/\/libwomenstore.com\/en\/","logo":{"@type":"ImageObject","inLanguage":"en-US","@id":"https:\/\/libwomenstore.com\/en\/#\/schema\/logo\/image\/","url":"https:\/\/libwomenstore.com\/wp-content\/uploads\/2024\/05\/cropped-LIB-logo-A.png","contentUrl":"https:\/\/libwomenstore.com\/wp-content\/uploads\/2024\/05\/cropped-LIB-logo-A.png","width":512,"height":512,"caption":"Lib Women Store"},"image":{"@id":"https:\/\/libwomenstore.com\/en\/#\/schema\/logo\/image\/"},"sameAs":["https:\/\/www.facebook.com\/libwomenstore"]}]},"product_price_amount":"40000","product_price_currency":"HUF","og_availability":"instock","product_availability":"instock","product_condition":"new"},"_links":{"self":[{"href":"https:\/\/libwomenstore.com\/en\/wp-json\/wp\/v2\/product\/33490","targetHints":{"allow":["GET"]}}],"collection":[{"href":"https:\/\/libwomenstore.com\/en\/wp-json\/wp\/v2\/product"}],"about":[{"href":"https:\/\/libwomenstore.com\/en\/wp-json\/wp\/v2\/types\/product"}],"replies":[{"embeddable":true,"href":"https:\/\/libwomenstore.com\/en\/wp-json\/wp\/v2\/comments?post=33490"}],"wp:featuredmedia":[{"embeddable":true,"href":"https:\/\/libwomenstore.com\/en\/wp-json\/wp\/v2\/media\/33484"}],"wp:attachment":[{"href":"https:\/\/libwomenstore.com\/en\/wp-json\/wp\/v2\/media?parent=33490"}],"wp:term":[{"taxonomy":"product_brand","embeddable":true,"href":"https:\/\/libwomenstore.com\/en\/wp-json\/wp\/v2\/product_brand?post=33490"},{"taxonomy":"product_cat","embeddable":true,"href":"https:\/\/libwomenstore.com\/en\/wp-json\/wp\/v2\/product_cat?post=33490"},{"taxonomy":"product_tag","embeddable":true,"href":"https:\/\/libwomenstore.com\/en\/wp-json\/wp\/v2\/product_tag?post=33490"}],"curies":[{"name":"wp","href":"https:\/\/api.w.org\/{rel}","templated":true}]}}