{"id":33495,"date":"2025-08-13T18:35:25","date_gmt":"2025-08-13T16:35:25","guid":{"rendered":"https:\/\/libwomenstore.com\/termek\/uncategorized\/mv-health-legato\/"},"modified":"2025-08-13T18:35:25","modified_gmt":"2025-08-13T16:35:25","slug":"mv-health-legato","status":"publish","type":"product","link":"https:\/\/libwomenstore.com\/en\/product\/couple\/mv-health-legato\/","title":{"rendered":"MV HEALTH Legato"},"content":{"rendered":"<p style=\"text-align: center;\"><strong>Better intercourse, every time<\/strong><\/p>\n<p style=\"text-align: center;\">\nThe multi-award winning Legato is a significant benefit for couples who struggle with sexual difficulties due to arousal or lubrication.<\/p>\n<p style=\"text-align: center;\">The Legato&#8217;s 4 strategically placed motors stimulate all parts of the labia and vulva simultaneously, leading to arousal and lubrication.<\/p>\n<p style=\"text-align: center;\">The wide opening in the middle allows for penetrative sex, so it can be worn during intercourse for continuous stimulation.<\/p>\n<p style=\"text-align: center;\"><strong>Ideal for the first time<\/strong><\/p>\n<p style=\"text-align: center;\">\nThe Legato is a great first device for anyone looking for external stimulation, especially if you are unsure or experience discomfort when inserting devices.<\/p>\n<p style=\"text-align: center;\">Compact, lightweight and thoughtfully designed, its recessed parts make it easy to hold on the labia, while the large slit in the middle makes it easy to use during intercourse. Extremely flexible, the Legato will fit you, whatever your body shape.  <\/p>\n<p style=\"text-align: center;\"><strong>Medically designed, clinically tested<\/strong><\/p>\n<p style=\"text-align: center;\">\nLegato&#8217;s innovative technology features strong, flexible electronics that bend with the product, and is made with intricate circuitry and defense-grade components.<\/p>\n<p style=\"text-align: center;\">In a study, users reported that Legato helped them become more aroused and aided in natural lubrication. The results were published in the Journal of Sexual Medicine. <\/p>\n<h6 style=\"text-align: center;\">Features<\/h6>\n<p style=\"text-align: center;\">FDA registered Class II device, published in leading peer-reviewed journals. <\/p>\n<p style=\"text-align: center;\">Ultra-flexible, compact, ergonomic design. Fits all labia and vulva. <\/p>\n<p style=\"text-align: center;\">maximum excitement thanks to powerful vibrations, with 4 anatomically placed motors<\/p>\n<p style=\"text-align: center;\">can also be used during intercourse<\/p>\n<p style=\"text-align: center;\">Showerproof<\/p>\n<p style=\"text-align: center;\">USB charging<\/p>\n<p style=\"text-align: center;\">Smart app<\/p>\n<p style=\"text-align: center;\">16 intensities<\/p>\n<p style=\"text-align: center;\">FDA silicone<\/p>\n<p style=\"text-align: center;\">360\u00b0 stimulation<\/p>\n<p style=\"text-align: center;\">Adjustable to fit the body<\/p>\n<h6 style=\"text-align: center;\">Cleaning<\/h6>\n<p style=\"text-align: center;\">Clean the appliance thoroughly before first use and after each use. Wash thoroughly with mild soap and lukewarm water, then rinse and let dry. Recommended: Use a special cleaning agent.  <\/p>\n<p style=\"text-align: center;\">It can only be used with water-based lubricant, other oils may damage the material.<\/p>\n","protected":false},"excerpt":{"rendered":"<p>The Legato is a flexible, externally vibrating device that provides 360\u00b0 stimulation to the vulva. It adapts to different vulva shapes and sizes to provide properly distributed vibrations that enhance arousal and natural lubrication, which can be especially helpful when dryness makes penetration uncomfortable. <\/p>\n<p>The pre-order period is about 1 month, so we expect to deliver the products at the end of September or beginning of October. We will keep you informed about the status of your order! <\/p>\n","protected":false},"featured_media":33404,"comment_status":"closed","ping_status":"closed","template":"","meta":{"_et_pb_use_builder":"","_et_pb_old_content":"","_et_gb_content_width":""},"product_brand":[],"product_cat":[322,355,356,318],"product_tag":[495,793,791,792,790,492,794],"class_list":{"0":"post-33495","1":"product","2":"type-product","3":"status-publish","4":"has-post-thumbnail","6":"product_cat-clitoral-vibrators","7":"product_cat-couple","8":"product_cat-sexual-health","9":"product_cat-vibrators","10":"product_tag-couples","11":"product_tag-extrenal","12":"product_tag-lubrication","13":"product_tag-mv-health-en","14":"product_tag-mysteryvibe-en","15":"product_tag-vibrator-en","16":"product_tag-vulva","18":"first","19":"instock","20":"taxable","21":"shipping-taxable","22":"purchasable","23":"product-type-simple"},"yoast_head":"<!-- This site is optimized with the Yoast SEO Premium plugin v27.5 (Yoast SEO v27.5) - https:\/\/yoast.com\/product\/yoast-seo-premium-wordpress\/ -->\n<title>MV HEALTH Legato - Lib Women&#039;s Store<\/title>\n<meta name=\"description\" content=\"Legato is the world&#039;s first flexible 360\u00b0 labia and vulva vibrator for heightened arousal and natural lubrication.\" \/>\n<meta name=\"robots\" content=\"index, follow, max-snippet:-1, max-image-preview:large, max-video-preview:-1\" \/>\n<link rel=\"canonical\" href=\"https:\/\/libwomenstore.com\/en\/product\/couple\/mv-health-legato\/\" \/>\n<meta property=\"og:locale\" content=\"en_US\" \/>\n<meta property=\"og:type\" content=\"article\" \/>\n<meta property=\"og:title\" content=\"MV HEALTH Legato\" \/>\n<meta property=\"og:description\" content=\"Legato is the world&#039;s first flexible 360\u00b0 labia and vulva vibrator for heightened arousal and natural lubrication.\" \/>\n<meta property=\"og:url\" content=\"https:\/\/libwomenstore.com\/en\/product\/couple\/mv-health-legato\/\" \/>\n<meta property=\"og:site_name\" content=\"Lib Women&#039;s Store\" \/>\n<meta property=\"article:publisher\" content=\"https:\/\/www.facebook.com\/libwomenstore\" \/>\n<meta property=\"og:image\" content=\"https:\/\/libwomenstore.com\/wp-content\/uploads\/2025\/08\/1.png\" \/>\n\t<meta property=\"og:image:width\" content=\"1080\" \/>\n\t<meta property=\"og:image:height\" content=\"1080\" \/>\n\t<meta property=\"og:image:type\" content=\"image\/png\" \/>\n<meta name=\"twitter:card\" content=\"summary_large_image\" \/>\n<meta name=\"twitter:label1\" content=\"Price\" \/>\n\t<meta name=\"twitter:data1\" content=\"131.000&#070;&#116;\" \/>\n\t<meta name=\"twitter:label2\" content=\"Availability\" \/>\n\t<meta name=\"twitter:data2\" content=\"In stock\" \/>\n<script type=\"application\/ld+json\" class=\"yoast-schema-graph\">{\"@context\":\"https:\\\/\\\/schema.org\",\"@graph\":[{\"@type\":[\"WebPage\",\"ItemPage\"],\"@id\":\"https:\\\/\\\/libwomenstore.com\\\/en\\\/product\\\/couple\\\/mv-health-legato\\\/\",\"url\":\"https:\\\/\\\/libwomenstore.com\\\/en\\\/product\\\/couple\\\/mv-health-legato\\\/\",\"name\":\"MV HEALTH Legato - Lib Women&#039;s Store\",\"isPartOf\":{\"@id\":\"https:\\\/\\\/libwomenstore.com\\\/en\\\/#website\"},\"primaryImageOfPage\":{\"@id\":\"https:\\\/\\\/libwomenstore.com\\\/en\\\/product\\\/couple\\\/mv-health-legato\\\/#primaryimage\"},\"image\":{\"@id\":\"https:\\\/\\\/libwomenstore.com\\\/en\\\/product\\\/couple\\\/mv-health-legato\\\/#primaryimage\"},\"thumbnailUrl\":\"https:\\\/\\\/libwomenstore.com\\\/wp-content\\\/uploads\\\/2025\\\/08\\\/1.png\",\"datePublished\":\"2025-08-13T16:35:25+00:00\",\"description\":\"Legato is the world's first flexible 360\u00b0 labia and vulva vibrator for heightened arousal and natural lubrication.\",\"breadcrumb\":{\"@id\":\"https:\\\/\\\/libwomenstore.com\\\/en\\\/product\\\/couple\\\/mv-health-legato\\\/#breadcrumb\"},\"inLanguage\":\"en-US\",\"potentialAction\":[{\"@type\":\"ReadAction\",\"target\":[\"https:\\\/\\\/libwomenstore.com\\\/en\\\/product\\\/couple\\\/mv-health-legato\\\/\"]}]},{\"@type\":\"ImageObject\",\"inLanguage\":\"en-US\",\"@id\":\"https:\\\/\\\/libwomenstore.com\\\/en\\\/product\\\/couple\\\/mv-health-legato\\\/#primaryimage\",\"url\":\"https:\\\/\\\/libwomenstore.com\\\/wp-content\\\/uploads\\\/2025\\\/08\\\/1.png\",\"contentUrl\":\"https:\\\/\\\/libwomenstore.com\\\/wp-content\\\/uploads\\\/2025\\\/08\\\/1.png\",\"width\":1080,\"height\":1080},{\"@type\":\"BreadcrumbList\",\"@id\":\"https:\\\/\\\/libwomenstore.com\\\/en\\\/product\\\/couple\\\/mv-health-legato\\\/#breadcrumb\",\"itemListElement\":[{\"@type\":\"ListItem\",\"position\":1,\"name\":\"Kezd\u0151lap\",\"item\":\"https:\\\/\\\/libwomenstore.com\\\/en\\\/\"},{\"@type\":\"ListItem\",\"position\":2,\"name\":\"Shop Home Page &#8211; Product categories\",\"item\":\"https:\\\/\\\/libwomenstore.com\\\/shop-kezdolap-termek-kategoriak\\\/?lang=en\"},{\"@type\":\"ListItem\",\"position\":3,\"name\":\"MV HEALTH Legato\"}]},{\"@type\":\"WebSite\",\"@id\":\"https:\\\/\\\/libwomenstore.com\\\/en\\\/#website\",\"url\":\"https:\\\/\\\/libwomenstore.com\\\/en\\\/\",\"name\":\"Lib Women Store\",\"description\":\"Magyarorsz\u00e1g els\u0151 n\u0151kre f\u00f3kusz\u00e1l\u00f3 szexshopja, ahol az eg\u00e9szs\u00e9g ugyanolyan fontos, mint az \u00e9lvezetek.\",\"publisher\":{\"@id\":\"https:\\\/\\\/libwomenstore.com\\\/en\\\/#organization\"},\"alternateName\":\"Lib\",\"potentialAction\":[{\"@type\":\"SearchAction\",\"target\":{\"@type\":\"EntryPoint\",\"urlTemplate\":\"https:\\\/\\\/libwomenstore.com\\\/en\\\/?s={search_term_string}\"},\"query-input\":{\"@type\":\"PropertyValueSpecification\",\"valueRequired\":true,\"valueName\":\"search_term_string\"}}],\"inLanguage\":\"en-US\"},{\"@type\":\"Organization\",\"@id\":\"https:\\\/\\\/libwomenstore.com\\\/en\\\/#organization\",\"name\":\"Lib Women Store\",\"url\":\"https:\\\/\\\/libwomenstore.com\\\/en\\\/\",\"logo\":{\"@type\":\"ImageObject\",\"inLanguage\":\"en-US\",\"@id\":\"https:\\\/\\\/libwomenstore.com\\\/en\\\/#\\\/schema\\\/logo\\\/image\\\/\",\"url\":\"https:\\\/\\\/libwomenstore.com\\\/wp-content\\\/uploads\\\/2024\\\/05\\\/cropped-LIB-logo-A.png\",\"contentUrl\":\"https:\\\/\\\/libwomenstore.com\\\/wp-content\\\/uploads\\\/2024\\\/05\\\/cropped-LIB-logo-A.png\",\"width\":512,\"height\":512,\"caption\":\"Lib Women Store\"},\"image\":{\"@id\":\"https:\\\/\\\/libwomenstore.com\\\/en\\\/#\\\/schema\\\/logo\\\/image\\\/\"},\"sameAs\":[\"https:\\\/\\\/www.facebook.com\\\/libwomenstore\"]}]}<\/script>\n<meta property=\"product:price:amount\" content=\"131000\" \/>\n<meta property=\"product:price:currency\" content=\"HUF\" \/>\n<meta property=\"og:availability\" content=\"instock\" \/>\n<meta property=\"product:availability\" content=\"instock\" \/>\n<meta property=\"product:condition\" content=\"new\" \/>\n<!-- \/ Yoast SEO Premium plugin. -->","yoast_head_json":{"title":"MV HEALTH Legato - Lib Women&#039;s Store","description":"Legato is the world's first flexible 360\u00b0 labia and vulva vibrator for heightened arousal and natural lubrication.","robots":{"index":"index","follow":"follow","max-snippet":"max-snippet:-1","max-image-preview":"max-image-preview:large","max-video-preview":"max-video-preview:-1"},"canonical":"https:\/\/libwomenstore.com\/en\/product\/couple\/mv-health-legato\/","og_locale":"en_US","og_type":"article","og_title":"MV HEALTH Legato","og_description":"Legato is the world's first flexible 360\u00b0 labia and vulva vibrator for heightened arousal and natural lubrication.","og_url":"https:\/\/libwomenstore.com\/en\/product\/couple\/mv-health-legato\/","og_site_name":"Lib Women&#039;s Store","article_publisher":"https:\/\/www.facebook.com\/libwomenstore","og_image":[{"width":1080,"height":1080,"url":"https:\/\/libwomenstore.com\/wp-content\/uploads\/2025\/08\/1.png","type":"image\/png"}],"twitter_card":"summary_large_image","twitter_misc":{"Price":"131.000&#70;&#116;","Availability":"In stock"},"schema":{"@context":"https:\/\/schema.org","@graph":[{"@type":["WebPage","ItemPage"],"@id":"https:\/\/libwomenstore.com\/en\/product\/couple\/mv-health-legato\/","url":"https:\/\/libwomenstore.com\/en\/product\/couple\/mv-health-legato\/","name":"MV HEALTH Legato - Lib Women&#039;s Store","isPartOf":{"@id":"https:\/\/libwomenstore.com\/en\/#website"},"primaryImageOfPage":{"@id":"https:\/\/libwomenstore.com\/en\/product\/couple\/mv-health-legato\/#primaryimage"},"image":{"@id":"https:\/\/libwomenstore.com\/en\/product\/couple\/mv-health-legato\/#primaryimage"},"thumbnailUrl":"https:\/\/libwomenstore.com\/wp-content\/uploads\/2025\/08\/1.png","datePublished":"2025-08-13T16:35:25+00:00","description":"Legato is the world's first flexible 360\u00b0 labia and vulva vibrator for heightened arousal and natural lubrication.","breadcrumb":{"@id":"https:\/\/libwomenstore.com\/en\/product\/couple\/mv-health-legato\/#breadcrumb"},"inLanguage":"en-US","potentialAction":[{"@type":"ReadAction","target":["https:\/\/libwomenstore.com\/en\/product\/couple\/mv-health-legato\/"]}]},{"@type":"ImageObject","inLanguage":"en-US","@id":"https:\/\/libwomenstore.com\/en\/product\/couple\/mv-health-legato\/#primaryimage","url":"https:\/\/libwomenstore.com\/wp-content\/uploads\/2025\/08\/1.png","contentUrl":"https:\/\/libwomenstore.com\/wp-content\/uploads\/2025\/08\/1.png","width":1080,"height":1080},{"@type":"BreadcrumbList","@id":"https:\/\/libwomenstore.com\/en\/product\/couple\/mv-health-legato\/#breadcrumb","itemListElement":[{"@type":"ListItem","position":1,"name":"Kezd\u0151lap","item":"https:\/\/libwomenstore.com\/en\/"},{"@type":"ListItem","position":2,"name":"Shop Home Page &#8211; Product categories","item":"https:\/\/libwomenstore.com\/shop-kezdolap-termek-kategoriak\/?lang=en"},{"@type":"ListItem","position":3,"name":"MV HEALTH Legato"}]},{"@type":"WebSite","@id":"https:\/\/libwomenstore.com\/en\/#website","url":"https:\/\/libwomenstore.com\/en\/","name":"Lib Women Store","description":"Magyarorsz\u00e1g els\u0151 n\u0151kre f\u00f3kusz\u00e1l\u00f3 szexshopja, ahol az eg\u00e9szs\u00e9g ugyanolyan fontos, mint az \u00e9lvezetek.","publisher":{"@id":"https:\/\/libwomenstore.com\/en\/#organization"},"alternateName":"Lib","potentialAction":[{"@type":"SearchAction","target":{"@type":"EntryPoint","urlTemplate":"https:\/\/libwomenstore.com\/en\/?s={search_term_string}"},"query-input":{"@type":"PropertyValueSpecification","valueRequired":true,"valueName":"search_term_string"}}],"inLanguage":"en-US"},{"@type":"Organization","@id":"https:\/\/libwomenstore.com\/en\/#organization","name":"Lib Women Store","url":"https:\/\/libwomenstore.com\/en\/","logo":{"@type":"ImageObject","inLanguage":"en-US","@id":"https:\/\/libwomenstore.com\/en\/#\/schema\/logo\/image\/","url":"https:\/\/libwomenstore.com\/wp-content\/uploads\/2024\/05\/cropped-LIB-logo-A.png","contentUrl":"https:\/\/libwomenstore.com\/wp-content\/uploads\/2024\/05\/cropped-LIB-logo-A.png","width":512,"height":512,"caption":"Lib Women Store"},"image":{"@id":"https:\/\/libwomenstore.com\/en\/#\/schema\/logo\/image\/"},"sameAs":["https:\/\/www.facebook.com\/libwomenstore"]}]},"product_price_amount":"131000","product_price_currency":"HUF","og_availability":"instock","product_availability":"instock","product_condition":"new"},"_links":{"self":[{"href":"https:\/\/libwomenstore.com\/en\/wp-json\/wp\/v2\/product\/33495","targetHints":{"allow":["GET"]}}],"collection":[{"href":"https:\/\/libwomenstore.com\/en\/wp-json\/wp\/v2\/product"}],"about":[{"href":"https:\/\/libwomenstore.com\/en\/wp-json\/wp\/v2\/types\/product"}],"replies":[{"embeddable":true,"href":"https:\/\/libwomenstore.com\/en\/wp-json\/wp\/v2\/comments?post=33495"}],"wp:featuredmedia":[{"embeddable":true,"href":"https:\/\/libwomenstore.com\/en\/wp-json\/wp\/v2\/media\/33404"}],"wp:attachment":[{"href":"https:\/\/libwomenstore.com\/en\/wp-json\/wp\/v2\/media?parent=33495"}],"wp:term":[{"taxonomy":"product_brand","embeddable":true,"href":"https:\/\/libwomenstore.com\/en\/wp-json\/wp\/v2\/product_brand?post=33495"},{"taxonomy":"product_cat","embeddable":true,"href":"https:\/\/libwomenstore.com\/en\/wp-json\/wp\/v2\/product_cat?post=33495"},{"taxonomy":"product_tag","embeddable":true,"href":"https:\/\/libwomenstore.com\/en\/wp-json\/wp\/v2\/product_tag?post=33495"}],"curies":[{"name":"wp","href":"https:\/\/api.w.org\/{rel}","templated":true}]}}