{"id":33496,"date":"2025-08-13T18:31:13","date_gmt":"2025-08-13T16:31:13","guid":{"rendered":"https:\/\/libwomenstore.com\/termek\/uncategorized\/mv-health-poco\/"},"modified":"2025-08-13T18:31:13","modified_gmt":"2025-08-13T16:31:13","slug":"mv-health-poco","status":"publish","type":"product","link":"https:\/\/libwomenstore.com\/en\/product\/sexual-health\/mv-health-poco\/","title":{"rendered":"MV HEALTH Poco"},"content":{"rendered":"<p style=\"text-align: center;\"><strong>Better intimacy every time<\/strong><\/p>\n<p style=\"text-align: center;\">\nThe multi-award winning Poco is a useful choice for couples who struggle with intimacy due to discomfort during penetration or low arousal levels.<\/p>\n<p style=\"text-align: center;\">Poco&#8217;s two strategically placed motors emit vibrations with frequencies optimized to enhance external and internal arousal and relax the pelvic floor.<\/p>\n<p style=\"text-align: center;\"><strong>Medically designed, clinically tested<\/strong><\/p>\n<p style=\"text-align: center;\">\nPoco&#8217;s technology is backed by over 8 years of extensive medical research. It features robust, customizable electronics and intricate circuitry, all with high-quality protection. <\/p>\n<h6 style=\"text-align: center;\">Features<\/h6>\n<p style=\"text-align: center;\">Waterproof<\/p>\n<p style=\"text-align: center;\">2 motors<\/p>\n<p style=\"text-align: center;\">USB charging<\/p>\n<p style=\"text-align: center;\">Smart app<\/p>\n<p style=\"text-align: center;\">16 intensities<\/p>\n<p style=\"text-align: center;\">FDA silicone cover<\/p>\n<p style=\"text-align: center;\">Ultra-flexible<\/p>\n<p style=\"text-align: center;\">Suitable for both internal and external use<\/p>\n<p style=\"text-align: center;\">Also recommended for couples<\/p>\n<h6 style=\"text-align: center;\">Cleaning<\/h6>\n<p style=\"text-align: center;\">Clean before and after each use. It can be cleaned with warm soapy water and then allowed to air dry. You can also use an alcohol-free sanitizer specifically designed for cleaning sex toys. Use only with water-based lubricant.   <\/p>\n","protected":false},"excerpt":{"rendered":"<p>Poco is the world&#8217;s most compact, flexible vibrating device, designed to enhance intimacy and relieve discomfort. Its revolutionary, body-contouring design mimics human fingers and curves, so it fits all body shapes and sizes. This allows it to deliver precise vibrations to the labia, vulva, and vagina exactly where stimulation is needed, promoting healthy blood flow, relieving the discomfort of penetration, and heightening arousal.  <\/p>\n<p>The pre-order period is about 1 month, so we expect to deliver the products at the end of September or beginning of October. We will keep you informed about the status of your order! <\/p>\n","protected":false},"featured_media":33421,"comment_status":"closed","ping_status":"closed","template":"","meta":{"_et_pb_use_builder":"","_et_pb_old_content":"","_et_gb_content_width":""},"product_brand":[],"product_cat":[342,356,318],"product_tag":[796,795,791,797,792,790,771],"class_list":{"0":"post-33496","1":"product","2":"type-product","3":"status-publish","4":"has-post-thumbnail","6":"product_cat-g-spot","7":"product_cat-sexual-health","8":"product_cat-vibrators","9":"product_tag-award-winning-vibrator","10":"product_tag-finger","11":"product_tag-lubrication","12":"product_tag-medical-qualification","13":"product_tag-mv-health-en","14":"product_tag-mysteryvibe-en","15":"product_tag-sexual-health-en","17":"first","18":"onbackorder","19":"taxable","20":"shipping-taxable","21":"purchasable","22":"product-type-simple"},"yoast_head":"<!-- This site is optimized with the Yoast SEO Premium plugin v27.4 (Yoast SEO v27.4) - https:\/\/yoast.com\/product\/yoast-seo-premium-wordpress\/ -->\n<title>MV HEALTH Poco - Lib Women&#039;s Store<\/title>\n<meta name=\"description\" content=\"Mysteryvibe Poco is the ultra-compact, flexible vibrator designed to enhance comfort, excitement and natural lubrication\" \/>\n<meta name=\"robots\" content=\"index, follow, max-snippet:-1, max-image-preview:large, max-video-preview:-1\" \/>\n<link rel=\"canonical\" href=\"https:\/\/libwomenstore.com\/en\/product\/sexual-health\/mv-health-poco\/\" \/>\n<meta property=\"og:locale\" content=\"en_US\" \/>\n<meta property=\"og:type\" content=\"article\" \/>\n<meta property=\"og:title\" content=\"MV HEALTH Poco\" \/>\n<meta property=\"og:description\" content=\"Mysteryvibe Poco is the ultra-compact, flexible vibrator designed to enhance comfort, excitement and natural lubrication\" \/>\n<meta property=\"og:url\" content=\"https:\/\/libwomenstore.com\/en\/product\/sexual-health\/mv-health-poco\/\" \/>\n<meta property=\"og:site_name\" content=\"Lib Women&#039;s Store\" \/>\n<meta property=\"article:publisher\" content=\"https:\/\/www.facebook.com\/libwomenstore\" \/>\n<meta property=\"og:image\" content=\"https:\/\/libwomenstore.com\/wp-content\/uploads\/2025\/08\/1-1.png\" \/>\n\t<meta property=\"og:image:width\" content=\"1080\" \/>\n\t<meta property=\"og:image:height\" content=\"1080\" \/>\n\t<meta property=\"og:image:type\" content=\"image\/png\" \/>\n<meta name=\"twitter:card\" content=\"summary_large_image\" \/>\n<meta name=\"twitter:label1\" content=\"Price\" \/>\n\t<meta name=\"twitter:data1\" content=\"93.000&#070;&#116;\" \/>\n\t<meta name=\"twitter:label2\" content=\"Availability\" \/>\n\t<meta name=\"twitter:data2\" content=\"On backorder\" \/>\n<script type=\"application\/ld+json\" class=\"yoast-schema-graph\">{\"@context\":\"https:\\\/\\\/schema.org\",\"@graph\":[{\"@type\":[\"WebPage\",\"ItemPage\"],\"@id\":\"https:\\\/\\\/libwomenstore.com\\\/en\\\/product\\\/sexual-health\\\/mv-health-poco\\\/\",\"url\":\"https:\\\/\\\/libwomenstore.com\\\/en\\\/product\\\/sexual-health\\\/mv-health-poco\\\/\",\"name\":\"MV HEALTH Poco - Lib Women&#039;s Store\",\"isPartOf\":{\"@id\":\"https:\\\/\\\/libwomenstore.com\\\/en\\\/#website\"},\"primaryImageOfPage\":{\"@id\":\"https:\\\/\\\/libwomenstore.com\\\/en\\\/product\\\/sexual-health\\\/mv-health-poco\\\/#primaryimage\"},\"image\":{\"@id\":\"https:\\\/\\\/libwomenstore.com\\\/en\\\/product\\\/sexual-health\\\/mv-health-poco\\\/#primaryimage\"},\"thumbnailUrl\":\"https:\\\/\\\/libwomenstore.com\\\/wp-content\\\/uploads\\\/2025\\\/08\\\/1-1.png\",\"datePublished\":\"2025-08-13T16:31:13+00:00\",\"description\":\"Mysteryvibe Poco is the ultra-compact, flexible vibrator designed to enhance comfort, excitement and natural lubrication\",\"breadcrumb\":{\"@id\":\"https:\\\/\\\/libwomenstore.com\\\/en\\\/product\\\/sexual-health\\\/mv-health-poco\\\/#breadcrumb\"},\"inLanguage\":\"en-US\",\"potentialAction\":[{\"@type\":\"ReadAction\",\"target\":[\"https:\\\/\\\/libwomenstore.com\\\/en\\\/product\\\/sexual-health\\\/mv-health-poco\\\/\"]}]},{\"@type\":\"ImageObject\",\"inLanguage\":\"en-US\",\"@id\":\"https:\\\/\\\/libwomenstore.com\\\/en\\\/product\\\/sexual-health\\\/mv-health-poco\\\/#primaryimage\",\"url\":\"https:\\\/\\\/libwomenstore.com\\\/wp-content\\\/uploads\\\/2025\\\/08\\\/1-1.png\",\"contentUrl\":\"https:\\\/\\\/libwomenstore.com\\\/wp-content\\\/uploads\\\/2025\\\/08\\\/1-1.png\",\"width\":1080,\"height\":1080},{\"@type\":\"BreadcrumbList\",\"@id\":\"https:\\\/\\\/libwomenstore.com\\\/en\\\/product\\\/sexual-health\\\/mv-health-poco\\\/#breadcrumb\",\"itemListElement\":[{\"@type\":\"ListItem\",\"position\":1,\"name\":\"Kezd\u0151lap\",\"item\":\"https:\\\/\\\/libwomenstore.com\\\/en\\\/\"},{\"@type\":\"ListItem\",\"position\":2,\"name\":\"Shop Home Page &#8211; Product categories\",\"item\":\"https:\\\/\\\/libwomenstore.com\\\/shop-kezdolap-termek-kategoriak\\\/?lang=en\"},{\"@type\":\"ListItem\",\"position\":3,\"name\":\"MV HEALTH Poco\"}]},{\"@type\":\"WebSite\",\"@id\":\"https:\\\/\\\/libwomenstore.com\\\/en\\\/#website\",\"url\":\"https:\\\/\\\/libwomenstore.com\\\/en\\\/\",\"name\":\"Lib Women Store\",\"description\":\"Magyarorsz\u00e1g els\u0151 n\u0151kre f\u00f3kusz\u00e1l\u00f3 szexshopja, ahol az eg\u00e9szs\u00e9g ugyanolyan fontos, mint az \u00e9lvezetek.\",\"publisher\":{\"@id\":\"https:\\\/\\\/libwomenstore.com\\\/en\\\/#organization\"},\"alternateName\":\"Lib\",\"potentialAction\":[{\"@type\":\"SearchAction\",\"target\":{\"@type\":\"EntryPoint\",\"urlTemplate\":\"https:\\\/\\\/libwomenstore.com\\\/en\\\/?s={search_term_string}\"},\"query-input\":{\"@type\":\"PropertyValueSpecification\",\"valueRequired\":true,\"valueName\":\"search_term_string\"}}],\"inLanguage\":\"en-US\"},{\"@type\":\"Organization\",\"@id\":\"https:\\\/\\\/libwomenstore.com\\\/en\\\/#organization\",\"name\":\"Lib Women Store\",\"url\":\"https:\\\/\\\/libwomenstore.com\\\/en\\\/\",\"logo\":{\"@type\":\"ImageObject\",\"inLanguage\":\"en-US\",\"@id\":\"https:\\\/\\\/libwomenstore.com\\\/en\\\/#\\\/schema\\\/logo\\\/image\\\/\",\"url\":\"https:\\\/\\\/libwomenstore.com\\\/wp-content\\\/uploads\\\/2024\\\/05\\\/cropped-LIB-logo-A.png\",\"contentUrl\":\"https:\\\/\\\/libwomenstore.com\\\/wp-content\\\/uploads\\\/2024\\\/05\\\/cropped-LIB-logo-A.png\",\"width\":512,\"height\":512,\"caption\":\"Lib Women Store\"},\"image\":{\"@id\":\"https:\\\/\\\/libwomenstore.com\\\/en\\\/#\\\/schema\\\/logo\\\/image\\\/\"},\"sameAs\":[\"https:\\\/\\\/www.facebook.com\\\/libwomenstore\"]}]}<\/script>\n<meta property=\"product:price:amount\" content=\"93000\" \/>\n<meta property=\"product:price:currency\" content=\"HUF\" \/>\n<meta property=\"og:availability\" content=\"backorder\" \/>\n<meta property=\"product:availability\" content=\"available for order\" \/>\n<meta property=\"product:condition\" content=\"new\" \/>\n<!-- \/ Yoast SEO Premium plugin. -->","yoast_head_json":{"title":"MV HEALTH Poco - Lib Women&#039;s Store","description":"Mysteryvibe Poco is the ultra-compact, flexible vibrator designed to enhance comfort, excitement and natural lubrication","robots":{"index":"index","follow":"follow","max-snippet":"max-snippet:-1","max-image-preview":"max-image-preview:large","max-video-preview":"max-video-preview:-1"},"canonical":"https:\/\/libwomenstore.com\/en\/product\/sexual-health\/mv-health-poco\/","og_locale":"en_US","og_type":"article","og_title":"MV HEALTH Poco","og_description":"Mysteryvibe Poco is the ultra-compact, flexible vibrator designed to enhance comfort, excitement and natural lubrication","og_url":"https:\/\/libwomenstore.com\/en\/product\/sexual-health\/mv-health-poco\/","og_site_name":"Lib Women&#039;s Store","article_publisher":"https:\/\/www.facebook.com\/libwomenstore","og_image":[{"width":1080,"height":1080,"url":"https:\/\/libwomenstore.com\/wp-content\/uploads\/2025\/08\/1-1.png","type":"image\/png"}],"twitter_card":"summary_large_image","twitter_misc":{"Price":"93.000&#70;&#116;","Availability":"On backorder"},"schema":{"@context":"https:\/\/schema.org","@graph":[{"@type":["WebPage","ItemPage"],"@id":"https:\/\/libwomenstore.com\/en\/product\/sexual-health\/mv-health-poco\/","url":"https:\/\/libwomenstore.com\/en\/product\/sexual-health\/mv-health-poco\/","name":"MV HEALTH Poco - Lib Women&#039;s Store","isPartOf":{"@id":"https:\/\/libwomenstore.com\/en\/#website"},"primaryImageOfPage":{"@id":"https:\/\/libwomenstore.com\/en\/product\/sexual-health\/mv-health-poco\/#primaryimage"},"image":{"@id":"https:\/\/libwomenstore.com\/en\/product\/sexual-health\/mv-health-poco\/#primaryimage"},"thumbnailUrl":"https:\/\/libwomenstore.com\/wp-content\/uploads\/2025\/08\/1-1.png","datePublished":"2025-08-13T16:31:13+00:00","description":"Mysteryvibe Poco is the ultra-compact, flexible vibrator designed to enhance comfort, excitement and natural lubrication","breadcrumb":{"@id":"https:\/\/libwomenstore.com\/en\/product\/sexual-health\/mv-health-poco\/#breadcrumb"},"inLanguage":"en-US","potentialAction":[{"@type":"ReadAction","target":["https:\/\/libwomenstore.com\/en\/product\/sexual-health\/mv-health-poco\/"]}]},{"@type":"ImageObject","inLanguage":"en-US","@id":"https:\/\/libwomenstore.com\/en\/product\/sexual-health\/mv-health-poco\/#primaryimage","url":"https:\/\/libwomenstore.com\/wp-content\/uploads\/2025\/08\/1-1.png","contentUrl":"https:\/\/libwomenstore.com\/wp-content\/uploads\/2025\/08\/1-1.png","width":1080,"height":1080},{"@type":"BreadcrumbList","@id":"https:\/\/libwomenstore.com\/en\/product\/sexual-health\/mv-health-poco\/#breadcrumb","itemListElement":[{"@type":"ListItem","position":1,"name":"Kezd\u0151lap","item":"https:\/\/libwomenstore.com\/en\/"},{"@type":"ListItem","position":2,"name":"Shop Home Page &#8211; Product categories","item":"https:\/\/libwomenstore.com\/shop-kezdolap-termek-kategoriak\/?lang=en"},{"@type":"ListItem","position":3,"name":"MV HEALTH Poco"}]},{"@type":"WebSite","@id":"https:\/\/libwomenstore.com\/en\/#website","url":"https:\/\/libwomenstore.com\/en\/","name":"Lib Women Store","description":"Magyarorsz\u00e1g els\u0151 n\u0151kre f\u00f3kusz\u00e1l\u00f3 szexshopja, ahol az eg\u00e9szs\u00e9g ugyanolyan fontos, mint az \u00e9lvezetek.","publisher":{"@id":"https:\/\/libwomenstore.com\/en\/#organization"},"alternateName":"Lib","potentialAction":[{"@type":"SearchAction","target":{"@type":"EntryPoint","urlTemplate":"https:\/\/libwomenstore.com\/en\/?s={search_term_string}"},"query-input":{"@type":"PropertyValueSpecification","valueRequired":true,"valueName":"search_term_string"}}],"inLanguage":"en-US"},{"@type":"Organization","@id":"https:\/\/libwomenstore.com\/en\/#organization","name":"Lib Women Store","url":"https:\/\/libwomenstore.com\/en\/","logo":{"@type":"ImageObject","inLanguage":"en-US","@id":"https:\/\/libwomenstore.com\/en\/#\/schema\/logo\/image\/","url":"https:\/\/libwomenstore.com\/wp-content\/uploads\/2024\/05\/cropped-LIB-logo-A.png","contentUrl":"https:\/\/libwomenstore.com\/wp-content\/uploads\/2024\/05\/cropped-LIB-logo-A.png","width":512,"height":512,"caption":"Lib Women Store"},"image":{"@id":"https:\/\/libwomenstore.com\/en\/#\/schema\/logo\/image\/"},"sameAs":["https:\/\/www.facebook.com\/libwomenstore"]}]},"product_price_amount":"93000","product_price_currency":"HUF","og_availability":"backorder","product_availability":"available for order","product_condition":"new"},"_links":{"self":[{"href":"https:\/\/libwomenstore.com\/en\/wp-json\/wp\/v2\/product\/33496","targetHints":{"allow":["GET"]}}],"collection":[{"href":"https:\/\/libwomenstore.com\/en\/wp-json\/wp\/v2\/product"}],"about":[{"href":"https:\/\/libwomenstore.com\/en\/wp-json\/wp\/v2\/types\/product"}],"replies":[{"embeddable":true,"href":"https:\/\/libwomenstore.com\/en\/wp-json\/wp\/v2\/comments?post=33496"}],"wp:featuredmedia":[{"embeddable":true,"href":"https:\/\/libwomenstore.com\/en\/wp-json\/wp\/v2\/media\/33421"}],"wp:attachment":[{"href":"https:\/\/libwomenstore.com\/en\/wp-json\/wp\/v2\/media?parent=33496"}],"wp:term":[{"taxonomy":"product_brand","embeddable":true,"href":"https:\/\/libwomenstore.com\/en\/wp-json\/wp\/v2\/product_brand?post=33496"},{"taxonomy":"product_cat","embeddable":true,"href":"https:\/\/libwomenstore.com\/en\/wp-json\/wp\/v2\/product_cat?post=33496"},{"taxonomy":"product_tag","embeddable":true,"href":"https:\/\/libwomenstore.com\/en\/wp-json\/wp\/v2\/product_tag?post=33496"}],"curies":[{"name":"wp","href":"https:\/\/api.w.org\/{rel}","templated":true}]}}