{"id":33498,"date":"2025-01-17T18:30:44","date_gmt":"2025-01-17T17:30:44","guid":{"rendered":"https:\/\/libwomenstore.com\/termek\/uncategorized\/mv-health-tenuto-2\/"},"modified":"2025-01-17T18:30:44","modified_gmt":"2025-01-17T17:30:44","slug":"mv-health-tenuto-2","status":"publish","type":"product","link":"https:\/\/libwomenstore.com\/en\/product\/couple\/mv-health-tenuto-2\/","title":{"rendered":"MV HEALTH Tenuto 2"},"content":{"rendered":"<p style=\"text-align: center;\"><span style=\"font-weight: 400;\">Experience a revolutionary, flexible design that comfortably conforms to your penis. Regardless of size, it stimulates blood flow, maximizing erections and promoting longer performance.  <\/span><\/p>\n<p style=\"text-align: center;\"><span style=\"font-weight: 400;\">This innovative, wearable vibrator pulses from the penis to the perineum while also stimulating the clitoris and vulva. <\/span><\/p>\n<p style=\"text-align: center;\"><span style=\"font-weight: 400;\">You&#8217;ll both see stars thanks to the Tenuto 2&#8217;s 4 powerful motors, which start from the penis and tingle the labia and vagina.<\/span><\/p>\n<p style=\"text-align: center;\"><b>Health benefits:<\/b><\/p>\n<p style=\"text-align: center;\"><span style=\"font-weight: 400;\">Using Tenuto 2 helps if you have erectile dysfunction, and with proper, regular use, it can also reduce premature ejaculation. If ejaculation is delayed or inhibited due to spinal problems or multiple sclerosis, vibrator stimulation is a common solution. It can also have a beneficial effect in the case of hypoactive sexual desire disorder, as men who regularly use a vibrator have higher scores in terms of sexual desire. Tenuto 2 can also be an alternative to supplementing the drug treatment of erectile dysfunction.    <\/span><\/p>\n<p style=\"text-align: center;\">Medically engineered, clinically proven<br \/>\nTenuto 2&#8217;s patented technology is built with strong, malleable electronics that bend with the product without breaking.<\/p>\n<p style=\"text-align: center;\">A medical study has shown that Tenuto improves erectile dysfunction by more than twofold. The results were published in the world-renowned Journal of Sexual Medicine. <\/p>\n<p style=\"text-align: center;\"><b>Tip<\/b><\/p>\n<p style=\"text-align: center;\"><span style=\"font-weight: 400;\">Since it&#8217;s completely waterproof, jump in the shower or soak in the tub and use it during sex!<\/span><\/p>\n<p style=\"text-align: center;\"><b>Features<\/b><\/p>\n<p style=\"text-align: center;\"><span style=\"font-weight: 400;\">Thanks to the ergonomic design of the Tenuto 2, it is a vibrator compatible with all sizes. <\/span><\/p>\n<p style=\"text-align: center;\"><span style=\"font-weight: 400;\">Use them separately or together, you can always count on Tenuto 2. With 4 motors and 16 vibration intensities, and a smart app, it&#8217;s fully customizable. <\/span><\/p>\n<p style=\"text-align: center;\"><b>Size:<\/b><\/p>\n<p style=\"text-align: center;\"><span style=\"font-weight: 400;\">Length: 12.7 cm<\/span><\/p>\n<p style=\"text-align: center;\"><span style=\"font-weight: 400;\">The material is body-safe silicone.<\/span><\/p>\n<p style=\"text-align: center;\"><span style=\"font-weight: 400;\">Waterproof, use in the shower or bath.<\/span><\/p>\n<p style=\"text-align: center;\"><b>Cleaning<\/b><\/p>\n<p style=\"text-align: center;\"><span style=\"font-weight: 400;\">The product can be disinfected with lukewarm soapy water or cleaning agents designed for this purpose.<\/span><\/p>\n<p style=\"text-align: center;\"><span style=\"font-weight: 400;\">It is recommended to use only water-based lubricant, as other types can weaken the silicone, significantly shortening the life of the device.<\/span><\/p>\n","protected":false},"excerpt":{"rendered":"<p style=\"text-align: left;\"><span style=\"font-weight: 400;\">The world&#8217;s only award-winning, handmade, wearable vibrator that makes what gets up stay up.<\/span><\/p>\n<p style=\"text-align: left;\"><span style=\"font-weight: 400;\">The Tenuto 2 is the first vibrator designed to simultaneously stimulate your partner, give you an erection, and help you both reach climax.<\/span><\/p>\n<p>The pre-order period is about 1 month, so we expect to deliver the products at the end of September or beginning of October. We will keep you informed about the status of your order! <\/p>\n","protected":false},"featured_media":26753,"comment_status":"open","ping_status":"closed","template":"","meta":{"_et_pb_use_builder":"","_et_pb_old_content":"","_et_gb_content_width":""},"product_brand":[],"product_cat":[355,318,343],"product_tag":[495,792,790],"class_list":{"0":"post-33498","1":"product","2":"type-product","3":"status-publish","4":"has-post-thumbnail","6":"product_cat-couple","7":"product_cat-vibrators","8":"product_cat-wearable","9":"product_tag-couples","10":"product_tag-mv-health-en","11":"product_tag-mysteryvibe-en","13":"first","14":"onbackorder","15":"taxable","16":"shipping-taxable","17":"purchasable","18":"product-type-simple"},"yoast_head":"<!-- This site is optimized with the Yoast SEO Premium plugin v27.5 (Yoast SEO v27.5) - https:\/\/yoast.com\/product\/yoast-seo-premium-wordpress\/ -->\n<title>MV HEALTH Tenuto 2 - Lib Women&#039;s Store<\/title>\n<meta name=\"description\" content=\"This luxurious cock ring has everything you need. You can use it together for everyone&#039;s pleasure, or use it alone as a masturbator or to treat premature ejaculation.\" \/>\n<meta name=\"robots\" content=\"index, follow, max-snippet:-1, max-image-preview:large, max-video-preview:-1\" \/>\n<link rel=\"canonical\" href=\"https:\/\/libwomenstore.com\/en\/product\/couple\/mv-health-tenuto-2\/\" \/>\n<meta property=\"og:locale\" content=\"en_US\" \/>\n<meta property=\"og:type\" content=\"article\" \/>\n<meta property=\"og:title\" content=\"MV HEALTH Tenuto 2\" \/>\n<meta property=\"og:description\" content=\"This luxurious cock ring has everything you need. You can use it together for everyone&#039;s pleasure, or use it alone as a masturbator or to treat premature ejaculation.\" \/>\n<meta property=\"og:url\" content=\"https:\/\/libwomenstore.com\/en\/product\/couple\/mv-health-tenuto-2\/\" \/>\n<meta property=\"og:site_name\" content=\"Lib Women&#039;s Store\" \/>\n<meta property=\"article:publisher\" content=\"https:\/\/www.facebook.com\/libwomenstore\" \/>\n<meta property=\"og:image\" content=\"https:\/\/libwomenstore.com\/wp-content\/uploads\/2024\/04\/tenuto26.jpg\" \/>\n\t<meta property=\"og:image:width\" content=\"2000\" \/>\n\t<meta property=\"og:image:height\" content=\"2000\" \/>\n\t<meta property=\"og:image:type\" content=\"image\/jpeg\" \/>\n<meta name=\"twitter:card\" content=\"summary_large_image\" \/>\n<meta name=\"twitter:label1\" content=\"Price\" \/>\n\t<meta name=\"twitter:data1\" content=\"154.000&#070;&#116;\" \/>\n\t<meta name=\"twitter:label2\" content=\"Availability\" \/>\n\t<meta name=\"twitter:data2\" content=\"On backorder\" \/>\n<script type=\"application\/ld+json\" class=\"yoast-schema-graph\">{\"@context\":\"https:\\\/\\\/schema.org\",\"@graph\":[{\"@type\":[\"WebPage\",\"ItemPage\"],\"@id\":\"https:\\\/\\\/libwomenstore.com\\\/en\\\/product\\\/couple\\\/mv-health-tenuto-2\\\/\",\"url\":\"https:\\\/\\\/libwomenstore.com\\\/en\\\/product\\\/couple\\\/mv-health-tenuto-2\\\/\",\"name\":\"MV HEALTH Tenuto 2 - Lib Women&#039;s Store\",\"isPartOf\":{\"@id\":\"https:\\\/\\\/libwomenstore.com\\\/en\\\/#website\"},\"primaryImageOfPage\":{\"@id\":\"https:\\\/\\\/libwomenstore.com\\\/en\\\/product\\\/couple\\\/mv-health-tenuto-2\\\/#primaryimage\"},\"image\":{\"@id\":\"https:\\\/\\\/libwomenstore.com\\\/en\\\/product\\\/couple\\\/mv-health-tenuto-2\\\/#primaryimage\"},\"thumbnailUrl\":\"https:\\\/\\\/libwomenstore.com\\\/wp-content\\\/uploads\\\/2024\\\/04\\\/tenuto26.jpg\",\"datePublished\":\"2025-01-17T17:30:44+00:00\",\"description\":\"This luxurious cock ring has everything you need. You can use it together for everyone's pleasure, or use it alone as a masturbator or to treat premature ejaculation.\",\"breadcrumb\":{\"@id\":\"https:\\\/\\\/libwomenstore.com\\\/en\\\/product\\\/couple\\\/mv-health-tenuto-2\\\/#breadcrumb\"},\"inLanguage\":\"en-US\",\"potentialAction\":[{\"@type\":\"ReadAction\",\"target\":[\"https:\\\/\\\/libwomenstore.com\\\/en\\\/product\\\/couple\\\/mv-health-tenuto-2\\\/\"]}]},{\"@type\":\"ImageObject\",\"inLanguage\":\"en-US\",\"@id\":\"https:\\\/\\\/libwomenstore.com\\\/en\\\/product\\\/couple\\\/mv-health-tenuto-2\\\/#primaryimage\",\"url\":\"https:\\\/\\\/libwomenstore.com\\\/wp-content\\\/uploads\\\/2024\\\/04\\\/tenuto26.jpg\",\"contentUrl\":\"https:\\\/\\\/libwomenstore.com\\\/wp-content\\\/uploads\\\/2024\\\/04\\\/tenuto26.jpg\",\"width\":2000,\"height\":2000,\"caption\":\"Mysteryvibe Tenuto 2 p\u00e9niszgy\u0171r\u0171 p\u00e1roknak m\u00e9ly vibr\u00e1l\u00e1ssal\"},{\"@type\":\"BreadcrumbList\",\"@id\":\"https:\\\/\\\/libwomenstore.com\\\/en\\\/product\\\/couple\\\/mv-health-tenuto-2\\\/#breadcrumb\",\"itemListElement\":[{\"@type\":\"ListItem\",\"position\":1,\"name\":\"Kezd\u0151lap\",\"item\":\"https:\\\/\\\/libwomenstore.com\\\/en\\\/\"},{\"@type\":\"ListItem\",\"position\":2,\"name\":\"Shop Home Page &#8211; Product categories\",\"item\":\"https:\\\/\\\/libwomenstore.com\\\/shop-kezdolap-termek-kategoriak\\\/?lang=en\"},{\"@type\":\"ListItem\",\"position\":3,\"name\":\"MV HEALTH Tenuto 2\"}]},{\"@type\":\"WebSite\",\"@id\":\"https:\\\/\\\/libwomenstore.com\\\/en\\\/#website\",\"url\":\"https:\\\/\\\/libwomenstore.com\\\/en\\\/\",\"name\":\"Lib Women Store\",\"description\":\"Magyarorsz\u00e1g els\u0151 n\u0151kre f\u00f3kusz\u00e1l\u00f3 szexshopja, ahol az eg\u00e9szs\u00e9g ugyanolyan fontos, mint az \u00e9lvezetek.\",\"publisher\":{\"@id\":\"https:\\\/\\\/libwomenstore.com\\\/en\\\/#organization\"},\"alternateName\":\"Lib\",\"potentialAction\":[{\"@type\":\"SearchAction\",\"target\":{\"@type\":\"EntryPoint\",\"urlTemplate\":\"https:\\\/\\\/libwomenstore.com\\\/en\\\/?s={search_term_string}\"},\"query-input\":{\"@type\":\"PropertyValueSpecification\",\"valueRequired\":true,\"valueName\":\"search_term_string\"}}],\"inLanguage\":\"en-US\"},{\"@type\":\"Organization\",\"@id\":\"https:\\\/\\\/libwomenstore.com\\\/en\\\/#organization\",\"name\":\"Lib Women Store\",\"url\":\"https:\\\/\\\/libwomenstore.com\\\/en\\\/\",\"logo\":{\"@type\":\"ImageObject\",\"inLanguage\":\"en-US\",\"@id\":\"https:\\\/\\\/libwomenstore.com\\\/en\\\/#\\\/schema\\\/logo\\\/image\\\/\",\"url\":\"https:\\\/\\\/libwomenstore.com\\\/wp-content\\\/uploads\\\/2024\\\/05\\\/cropped-LIB-logo-A.png\",\"contentUrl\":\"https:\\\/\\\/libwomenstore.com\\\/wp-content\\\/uploads\\\/2024\\\/05\\\/cropped-LIB-logo-A.png\",\"width\":512,\"height\":512,\"caption\":\"Lib Women Store\"},\"image\":{\"@id\":\"https:\\\/\\\/libwomenstore.com\\\/en\\\/#\\\/schema\\\/logo\\\/image\\\/\"},\"sameAs\":[\"https:\\\/\\\/www.facebook.com\\\/libwomenstore\"]}]}<\/script>\n<meta property=\"product:price:amount\" content=\"154000\" \/>\n<meta property=\"product:price:currency\" content=\"HUF\" \/>\n<meta property=\"og:availability\" content=\"backorder\" \/>\n<meta property=\"product:availability\" content=\"available for order\" \/>\n<meta property=\"product:retailer_item_id\" content=\"LIB-MY001\" \/>\n<meta property=\"product:condition\" content=\"new\" \/>\n<!-- \/ Yoast SEO Premium plugin. -->","yoast_head_json":{"title":"MV HEALTH Tenuto 2 - Lib Women&#039;s Store","description":"This luxurious cock ring has everything you need. You can use it together for everyone's pleasure, or use it alone as a masturbator or to treat premature ejaculation.","robots":{"index":"index","follow":"follow","max-snippet":"max-snippet:-1","max-image-preview":"max-image-preview:large","max-video-preview":"max-video-preview:-1"},"canonical":"https:\/\/libwomenstore.com\/en\/product\/couple\/mv-health-tenuto-2\/","og_locale":"en_US","og_type":"article","og_title":"MV HEALTH Tenuto 2","og_description":"This luxurious cock ring has everything you need. You can use it together for everyone's pleasure, or use it alone as a masturbator or to treat premature ejaculation.","og_url":"https:\/\/libwomenstore.com\/en\/product\/couple\/mv-health-tenuto-2\/","og_site_name":"Lib Women&#039;s Store","article_publisher":"https:\/\/www.facebook.com\/libwomenstore","og_image":[{"width":2000,"height":2000,"url":"https:\/\/libwomenstore.com\/wp-content\/uploads\/2024\/04\/tenuto26.jpg","type":"image\/jpeg"}],"twitter_card":"summary_large_image","twitter_misc":{"Price":"154.000&#70;&#116;","Availability":"On backorder"},"schema":{"@context":"https:\/\/schema.org","@graph":[{"@type":["WebPage","ItemPage"],"@id":"https:\/\/libwomenstore.com\/en\/product\/couple\/mv-health-tenuto-2\/","url":"https:\/\/libwomenstore.com\/en\/product\/couple\/mv-health-tenuto-2\/","name":"MV HEALTH Tenuto 2 - Lib Women&#039;s Store","isPartOf":{"@id":"https:\/\/libwomenstore.com\/en\/#website"},"primaryImageOfPage":{"@id":"https:\/\/libwomenstore.com\/en\/product\/couple\/mv-health-tenuto-2\/#primaryimage"},"image":{"@id":"https:\/\/libwomenstore.com\/en\/product\/couple\/mv-health-tenuto-2\/#primaryimage"},"thumbnailUrl":"https:\/\/libwomenstore.com\/wp-content\/uploads\/2024\/04\/tenuto26.jpg","datePublished":"2025-01-17T17:30:44+00:00","description":"This luxurious cock ring has everything you need. You can use it together for everyone's pleasure, or use it alone as a masturbator or to treat premature ejaculation.","breadcrumb":{"@id":"https:\/\/libwomenstore.com\/en\/product\/couple\/mv-health-tenuto-2\/#breadcrumb"},"inLanguage":"en-US","potentialAction":[{"@type":"ReadAction","target":["https:\/\/libwomenstore.com\/en\/product\/couple\/mv-health-tenuto-2\/"]}]},{"@type":"ImageObject","inLanguage":"en-US","@id":"https:\/\/libwomenstore.com\/en\/product\/couple\/mv-health-tenuto-2\/#primaryimage","url":"https:\/\/libwomenstore.com\/wp-content\/uploads\/2024\/04\/tenuto26.jpg","contentUrl":"https:\/\/libwomenstore.com\/wp-content\/uploads\/2024\/04\/tenuto26.jpg","width":2000,"height":2000,"caption":"Mysteryvibe Tenuto 2 p\u00e9niszgy\u0171r\u0171 p\u00e1roknak m\u00e9ly vibr\u00e1l\u00e1ssal"},{"@type":"BreadcrumbList","@id":"https:\/\/libwomenstore.com\/en\/product\/couple\/mv-health-tenuto-2\/#breadcrumb","itemListElement":[{"@type":"ListItem","position":1,"name":"Kezd\u0151lap","item":"https:\/\/libwomenstore.com\/en\/"},{"@type":"ListItem","position":2,"name":"Shop Home Page &#8211; Product categories","item":"https:\/\/libwomenstore.com\/shop-kezdolap-termek-kategoriak\/?lang=en"},{"@type":"ListItem","position":3,"name":"MV HEALTH Tenuto 2"}]},{"@type":"WebSite","@id":"https:\/\/libwomenstore.com\/en\/#website","url":"https:\/\/libwomenstore.com\/en\/","name":"Lib Women Store","description":"Magyarorsz\u00e1g els\u0151 n\u0151kre f\u00f3kusz\u00e1l\u00f3 szexshopja, ahol az eg\u00e9szs\u00e9g ugyanolyan fontos, mint az \u00e9lvezetek.","publisher":{"@id":"https:\/\/libwomenstore.com\/en\/#organization"},"alternateName":"Lib","potentialAction":[{"@type":"SearchAction","target":{"@type":"EntryPoint","urlTemplate":"https:\/\/libwomenstore.com\/en\/?s={search_term_string}"},"query-input":{"@type":"PropertyValueSpecification","valueRequired":true,"valueName":"search_term_string"}}],"inLanguage":"en-US"},{"@type":"Organization","@id":"https:\/\/libwomenstore.com\/en\/#organization","name":"Lib Women Store","url":"https:\/\/libwomenstore.com\/en\/","logo":{"@type":"ImageObject","inLanguage":"en-US","@id":"https:\/\/libwomenstore.com\/en\/#\/schema\/logo\/image\/","url":"https:\/\/libwomenstore.com\/wp-content\/uploads\/2024\/05\/cropped-LIB-logo-A.png","contentUrl":"https:\/\/libwomenstore.com\/wp-content\/uploads\/2024\/05\/cropped-LIB-logo-A.png","width":512,"height":512,"caption":"Lib Women Store"},"image":{"@id":"https:\/\/libwomenstore.com\/en\/#\/schema\/logo\/image\/"},"sameAs":["https:\/\/www.facebook.com\/libwomenstore"]}]},"product_price_amount":"154000","product_price_currency":"HUF","og_availability":"backorder","product_availability":"available for order","product_retailer_item_id":"LIB-MY001","product_condition":"new"},"_links":{"self":[{"href":"https:\/\/libwomenstore.com\/en\/wp-json\/wp\/v2\/product\/33498","targetHints":{"allow":["GET"]}}],"collection":[{"href":"https:\/\/libwomenstore.com\/en\/wp-json\/wp\/v2\/product"}],"about":[{"href":"https:\/\/libwomenstore.com\/en\/wp-json\/wp\/v2\/types\/product"}],"replies":[{"embeddable":true,"href":"https:\/\/libwomenstore.com\/en\/wp-json\/wp\/v2\/comments?post=33498"}],"wp:featuredmedia":[{"embeddable":true,"href":"https:\/\/libwomenstore.com\/en\/wp-json\/wp\/v2\/media\/26753"}],"wp:attachment":[{"href":"https:\/\/libwomenstore.com\/en\/wp-json\/wp\/v2\/media?parent=33498"}],"wp:term":[{"taxonomy":"product_brand","embeddable":true,"href":"https:\/\/libwomenstore.com\/en\/wp-json\/wp\/v2\/product_brand?post=33498"},{"taxonomy":"product_cat","embeddable":true,"href":"https:\/\/libwomenstore.com\/en\/wp-json\/wp\/v2\/product_cat?post=33498"},{"taxonomy":"product_tag","embeddable":true,"href":"https:\/\/libwomenstore.com\/en\/wp-json\/wp\/v2\/product_tag?post=33498"}],"curies":[{"name":"wp","href":"https:\/\/api.w.org\/{rel}","templated":true}]}}