{"id":33535,"date":"2025-08-23T17:19:45","date_gmt":"2025-08-23T15:19:45","guid":{"rendered":"https:\/\/libwomenstore.com\/termek\/uncategorized\/dame-hug\/"},"modified":"2025-12-04T13:01:47","modified_gmt":"2025-12-04T12:01:47","slug":"dame-hug","status":"publish","type":"product","link":"https:\/\/libwomenstore.com\/en\/product\/couple\/dame-hug\/","title":{"rendered":"DAME Hug"},"content":{"rendered":"<p class=\"p1\" style=\"text-align: center;\">What\u2019s so great about cock rings? For one, they feel really good. They\u2019re also a non-pharmaceutical solution for ED. Rings help penis-havers keep erections stronger for longer   <b> <\/b>by squeezing to restrict blood outflow. Many hetero couples use them to provide clitoral stimulation. <\/p>\n<p class=\"p2\" style=\"text-align: center;\">Penis vibrators can heighten pleasure by stimulating not just the penis but also your partner during intercourse, enhancing sensation for both. They can also help with stamina, improve erection quality, and make orgasms more intense. <\/p>\n<p class=\"p2\" style=\"text-align: center;\">Dame\u2019s Hug vibrating cock ring is designed with flexibility in mind \u2014 it expands to fit comfortably and doesn\u2019t require a precise fit. This means it can be easily slipped on while still providing the necessary snugness for a firm erection that\u2019s <b>size-agnostic<\/b>. <\/p>\n<p class=\"p2\" style=\"text-align: center;\">Hug\u2019s design is extremely intuitive. Either you or your partner just need to stretch open the two wings and wrap them around the base of the penis shaft, in front or behind the testicles. It should fit snugly and allow for simultaneous couple\u2019s pleasure during penetrative sex.  <\/p>\n<p class=\"p2\" style=\"text-align: center;\"><b>Tip<\/b><b><\/b><\/p>\n<p class=\"p2\" style=\"text-align: center;\">A cock ring is always a good choice if you&#8217;re looking for your first couple&#8217;s toy. There are few products on the market that you can both enjoy at the same time, and the Hug is one of them. <\/p>\n<p class=\"p2\" style=\"text-align: center;\"><b>Features<\/b><b><\/b><\/p>\n<p class=\"p2\" style=\"text-align: center;\">Medical Grade Silicone<br \/>\nWaterproof<br \/>\n5 Intensity Levels<br \/>\n5 Pattern Modes<br \/>\n4\u201d x 1.8\u201d x 1.5\u201d<br \/>\nRun time: 1 hr at highest settings<br \/>\nCharge Time: 2 hrs<br \/>\n3 Year Warranty<br \/>\nUSB-C Rechargeable<br \/>\nRecyclable Packaging<\/p>\n<p class=\"p2\" style=\"text-align: center;\"><b>Usage &amp; Cleaning<\/b><b><\/b><\/p>\n<p class=\"p2\" style=\"text-align: center;\">We recommend using a special, body-friendly toy cleaner. These sprays are specifically designed to clean sex toys before and after use, ensuring your health and the durability of your toy, as they do not contain ingredients that can corrode or damage plastic or silicone. <\/p>\n<p class=\"p2\" style=\"text-align: center;\">If you don&#8217;t have it on hand, you can also clean the toy with fragrance-free and dye-free soap and lukewarm water before and after each use!<\/p>\n<p class=\"p2\" style=\"text-align: center;\">Use only with water-based lubricant, do not use oils or silicone-based lubricants!<\/p>\n<p class=\"p2\" style=\"text-align: center;\">Use it with a condom, Hug will not damage the condom!<\/p>\n","protected":false},"excerpt":{"rendered":"<p>Meet Hug: Dame&#8217;s first product for penis-havers.<\/p>\n<p>Hug is a vibrating ring for couples. With a gentle squeeze and an adjustable fit, Hug provides continuous stimulation where you want it most (read: clitoris or perineum). <\/p>\n","protected":false},"featured_media":34501,"comment_status":"closed","ping_status":"closed","template":"","meta":{"_et_pb_use_builder":"","_et_pb_old_content":"","_et_gb_content_width":""},"product_brand":[],"product_cat":[355,318,343],"product_tag":[495,581,805,763],"class_list":{"0":"post-33535","1":"product","2":"type-product","3":"status-publish","4":"has-post-thumbnail","6":"product_cat-couple","7":"product_cat-vibrators","8":"product_cat-wearable","9":"product_tag-couples","10":"product_tag-dame-en","11":"product_tag-penis-ring","12":"product_tag-wearable-en","14":"first","15":"outofstock","16":"taxable","17":"shipping-taxable","18":"purchasable","19":"product-type-simple"},"yoast_head":"<!-- This site is optimized with the Yoast SEO Premium plugin v27.4 (Yoast SEO v27.4) - https:\/\/yoast.com\/product\/yoast-seo-premium-wordpress\/ -->\n<title>DAME Hug - Lib Women&#039;s Store<\/title>\n<meta name=\"description\" content=\"The Dame Hug vibrating penis ring is an innovative sex toy that is compatible with all sizes and allows both halves of the couple to enjoy the vibrations.\" \/>\n<meta name=\"robots\" content=\"index, follow, max-snippet:-1, max-image-preview:large, max-video-preview:-1\" \/>\n<link rel=\"canonical\" href=\"https:\/\/libwomenstore.com\/en\/product\/couple\/dame-hug\/\" \/>\n<meta property=\"og:locale\" content=\"en_US\" \/>\n<meta property=\"og:type\" content=\"article\" \/>\n<meta property=\"og:title\" content=\"DAME Hug\" \/>\n<meta property=\"og:description\" content=\"The Dame Hug vibrating penis ring is an innovative sex toy that is compatible with all sizes and allows both halves of the couple to enjoy the vibrations.\" \/>\n<meta property=\"og:url\" content=\"https:\/\/libwomenstore.com\/en\/product\/couple\/dame-hug\/\" \/>\n<meta property=\"og:site_name\" content=\"Lib Women&#039;s Store\" \/>\n<meta property=\"article:publisher\" content=\"https:\/\/www.facebook.com\/libwomenstore\" \/>\n<meta property=\"article:modified_time\" content=\"2025-12-04T12:01:47+00:00\" \/>\n<meta property=\"og:image\" content=\"https:\/\/libwomenstore.com\/wp-content\/uploads\/2025\/08\/dame-hug-fir.jpg\" \/>\n\t<meta property=\"og:image:width\" content=\"1080\" \/>\n\t<meta property=\"og:image:height\" content=\"1080\" \/>\n\t<meta property=\"og:image:type\" content=\"image\/jpeg\" \/>\n<meta name=\"twitter:card\" content=\"summary_large_image\" \/>\n<meta name=\"twitter:label1\" content=\"Price\" \/>\n\t<meta name=\"twitter:data1\" content=\"33.000&#070;&#116;\" \/>\n\t<meta name=\"twitter:label2\" content=\"Availability\" \/>\n\t<meta name=\"twitter:data2\" content=\"Out of stock\" \/>\n<script type=\"application\/ld+json\" class=\"yoast-schema-graph\">{\"@context\":\"https:\\\/\\\/schema.org\",\"@graph\":[{\"@type\":[\"WebPage\",\"ItemPage\"],\"@id\":\"https:\\\/\\\/libwomenstore.com\\\/en\\\/product\\\/couple\\\/dame-hug\\\/\",\"url\":\"https:\\\/\\\/libwomenstore.com\\\/en\\\/product\\\/couple\\\/dame-hug\\\/\",\"name\":\"DAME Hug - Lib Women&#039;s Store\",\"isPartOf\":{\"@id\":\"https:\\\/\\\/libwomenstore.com\\\/en\\\/#website\"},\"primaryImageOfPage\":{\"@id\":\"https:\\\/\\\/libwomenstore.com\\\/en\\\/product\\\/couple\\\/dame-hug\\\/#primaryimage\"},\"image\":{\"@id\":\"https:\\\/\\\/libwomenstore.com\\\/en\\\/product\\\/couple\\\/dame-hug\\\/#primaryimage\"},\"thumbnailUrl\":\"https:\\\/\\\/libwomenstore.com\\\/wp-content\\\/uploads\\\/2025\\\/08\\\/dame-hug-fir.jpg\",\"datePublished\":\"2025-08-23T15:19:45+00:00\",\"dateModified\":\"2025-12-04T12:01:47+00:00\",\"description\":\"The Dame Hug vibrating penis ring is an innovative sex toy that is compatible with all sizes and allows both halves of the couple to enjoy the vibrations.\",\"breadcrumb\":{\"@id\":\"https:\\\/\\\/libwomenstore.com\\\/en\\\/product\\\/couple\\\/dame-hug\\\/#breadcrumb\"},\"inLanguage\":\"en-US\",\"potentialAction\":[{\"@type\":\"ReadAction\",\"target\":[\"https:\\\/\\\/libwomenstore.com\\\/en\\\/product\\\/couple\\\/dame-hug\\\/\"]}]},{\"@type\":\"ImageObject\",\"inLanguage\":\"en-US\",\"@id\":\"https:\\\/\\\/libwomenstore.com\\\/en\\\/product\\\/couple\\\/dame-hug\\\/#primaryimage\",\"url\":\"https:\\\/\\\/libwomenstore.com\\\/wp-content\\\/uploads\\\/2025\\\/08\\\/dame-hug-fir.jpg\",\"contentUrl\":\"https:\\\/\\\/libwomenstore.com\\\/wp-content\\\/uploads\\\/2025\\\/08\\\/dame-hug-fir.jpg\",\"width\":1080,\"height\":1080,\"caption\":\"Dame Hug cockringin Fir color\"},{\"@type\":\"BreadcrumbList\",\"@id\":\"https:\\\/\\\/libwomenstore.com\\\/en\\\/product\\\/couple\\\/dame-hug\\\/#breadcrumb\",\"itemListElement\":[{\"@type\":\"ListItem\",\"position\":1,\"name\":\"Kezd\u0151lap\",\"item\":\"https:\\\/\\\/libwomenstore.com\\\/en\\\/\"},{\"@type\":\"ListItem\",\"position\":2,\"name\":\"Shop Home Page &#8211; Product categories\",\"item\":\"https:\\\/\\\/libwomenstore.com\\\/shop-kezdolap-termek-kategoriak\\\/?lang=en\"},{\"@type\":\"ListItem\",\"position\":3,\"name\":\"DAME Hug\"}]},{\"@type\":\"WebSite\",\"@id\":\"https:\\\/\\\/libwomenstore.com\\\/en\\\/#website\",\"url\":\"https:\\\/\\\/libwomenstore.com\\\/en\\\/\",\"name\":\"Lib Women Store\",\"description\":\"Magyarorsz\u00e1g els\u0151 n\u0151kre f\u00f3kusz\u00e1l\u00f3 szexshopja, ahol az eg\u00e9szs\u00e9g ugyanolyan fontos, mint az \u00e9lvezetek.\",\"publisher\":{\"@id\":\"https:\\\/\\\/libwomenstore.com\\\/en\\\/#organization\"},\"alternateName\":\"Lib\",\"potentialAction\":[{\"@type\":\"SearchAction\",\"target\":{\"@type\":\"EntryPoint\",\"urlTemplate\":\"https:\\\/\\\/libwomenstore.com\\\/en\\\/?s={search_term_string}\"},\"query-input\":{\"@type\":\"PropertyValueSpecification\",\"valueRequired\":true,\"valueName\":\"search_term_string\"}}],\"inLanguage\":\"en-US\"},{\"@type\":\"Organization\",\"@id\":\"https:\\\/\\\/libwomenstore.com\\\/en\\\/#organization\",\"name\":\"Lib Women Store\",\"url\":\"https:\\\/\\\/libwomenstore.com\\\/en\\\/\",\"logo\":{\"@type\":\"ImageObject\",\"inLanguage\":\"en-US\",\"@id\":\"https:\\\/\\\/libwomenstore.com\\\/en\\\/#\\\/schema\\\/logo\\\/image\\\/\",\"url\":\"https:\\\/\\\/libwomenstore.com\\\/wp-content\\\/uploads\\\/2024\\\/05\\\/cropped-LIB-logo-A.png\",\"contentUrl\":\"https:\\\/\\\/libwomenstore.com\\\/wp-content\\\/uploads\\\/2024\\\/05\\\/cropped-LIB-logo-A.png\",\"width\":512,\"height\":512,\"caption\":\"Lib Women Store\"},\"image\":{\"@id\":\"https:\\\/\\\/libwomenstore.com\\\/en\\\/#\\\/schema\\\/logo\\\/image\\\/\"},\"sameAs\":[\"https:\\\/\\\/www.facebook.com\\\/libwomenstore\"]}]}<\/script>\n<meta property=\"product:price:amount\" content=\"33000\" \/>\n<meta property=\"product:price:currency\" content=\"HUF\" \/>\n<meta property=\"og:availability\" content=\"out of stock\" \/>\n<meta property=\"product:availability\" content=\"out of stock\" \/>\n<meta property=\"product:condition\" content=\"new\" \/>\n<!-- \/ Yoast SEO Premium plugin. -->","yoast_head_json":{"title":"DAME Hug - Lib Women&#039;s Store","description":"The Dame Hug vibrating penis ring is an innovative sex toy that is compatible with all sizes and allows both halves of the couple to enjoy the vibrations.","robots":{"index":"index","follow":"follow","max-snippet":"max-snippet:-1","max-image-preview":"max-image-preview:large","max-video-preview":"max-video-preview:-1"},"canonical":"https:\/\/libwomenstore.com\/en\/product\/couple\/dame-hug\/","og_locale":"en_US","og_type":"article","og_title":"DAME Hug","og_description":"The Dame Hug vibrating penis ring is an innovative sex toy that is compatible with all sizes and allows both halves of the couple to enjoy the vibrations.","og_url":"https:\/\/libwomenstore.com\/en\/product\/couple\/dame-hug\/","og_site_name":"Lib Women&#039;s Store","article_publisher":"https:\/\/www.facebook.com\/libwomenstore","article_modified_time":"2025-12-04T12:01:47+00:00","og_image":[{"width":1080,"height":1080,"url":"https:\/\/libwomenstore.com\/wp-content\/uploads\/2025\/08\/dame-hug-fir.jpg","type":"image\/jpeg"}],"twitter_card":"summary_large_image","twitter_misc":{"Price":"33.000&#70;&#116;","Availability":"Out of stock"},"schema":{"@context":"https:\/\/schema.org","@graph":[{"@type":["WebPage","ItemPage"],"@id":"https:\/\/libwomenstore.com\/en\/product\/couple\/dame-hug\/","url":"https:\/\/libwomenstore.com\/en\/product\/couple\/dame-hug\/","name":"DAME Hug - Lib Women&#039;s Store","isPartOf":{"@id":"https:\/\/libwomenstore.com\/en\/#website"},"primaryImageOfPage":{"@id":"https:\/\/libwomenstore.com\/en\/product\/couple\/dame-hug\/#primaryimage"},"image":{"@id":"https:\/\/libwomenstore.com\/en\/product\/couple\/dame-hug\/#primaryimage"},"thumbnailUrl":"https:\/\/libwomenstore.com\/wp-content\/uploads\/2025\/08\/dame-hug-fir.jpg","datePublished":"2025-08-23T15:19:45+00:00","dateModified":"2025-12-04T12:01:47+00:00","description":"The Dame Hug vibrating penis ring is an innovative sex toy that is compatible with all sizes and allows both halves of the couple to enjoy the vibrations.","breadcrumb":{"@id":"https:\/\/libwomenstore.com\/en\/product\/couple\/dame-hug\/#breadcrumb"},"inLanguage":"en-US","potentialAction":[{"@type":"ReadAction","target":["https:\/\/libwomenstore.com\/en\/product\/couple\/dame-hug\/"]}]},{"@type":"ImageObject","inLanguage":"en-US","@id":"https:\/\/libwomenstore.com\/en\/product\/couple\/dame-hug\/#primaryimage","url":"https:\/\/libwomenstore.com\/wp-content\/uploads\/2025\/08\/dame-hug-fir.jpg","contentUrl":"https:\/\/libwomenstore.com\/wp-content\/uploads\/2025\/08\/dame-hug-fir.jpg","width":1080,"height":1080,"caption":"Dame Hug cockringin Fir color"},{"@type":"BreadcrumbList","@id":"https:\/\/libwomenstore.com\/en\/product\/couple\/dame-hug\/#breadcrumb","itemListElement":[{"@type":"ListItem","position":1,"name":"Kezd\u0151lap","item":"https:\/\/libwomenstore.com\/en\/"},{"@type":"ListItem","position":2,"name":"Shop Home Page &#8211; Product categories","item":"https:\/\/libwomenstore.com\/shop-kezdolap-termek-kategoriak\/?lang=en"},{"@type":"ListItem","position":3,"name":"DAME Hug"}]},{"@type":"WebSite","@id":"https:\/\/libwomenstore.com\/en\/#website","url":"https:\/\/libwomenstore.com\/en\/","name":"Lib Women Store","description":"Magyarorsz\u00e1g els\u0151 n\u0151kre f\u00f3kusz\u00e1l\u00f3 szexshopja, ahol az eg\u00e9szs\u00e9g ugyanolyan fontos, mint az \u00e9lvezetek.","publisher":{"@id":"https:\/\/libwomenstore.com\/en\/#organization"},"alternateName":"Lib","potentialAction":[{"@type":"SearchAction","target":{"@type":"EntryPoint","urlTemplate":"https:\/\/libwomenstore.com\/en\/?s={search_term_string}"},"query-input":{"@type":"PropertyValueSpecification","valueRequired":true,"valueName":"search_term_string"}}],"inLanguage":"en-US"},{"@type":"Organization","@id":"https:\/\/libwomenstore.com\/en\/#organization","name":"Lib Women Store","url":"https:\/\/libwomenstore.com\/en\/","logo":{"@type":"ImageObject","inLanguage":"en-US","@id":"https:\/\/libwomenstore.com\/en\/#\/schema\/logo\/image\/","url":"https:\/\/libwomenstore.com\/wp-content\/uploads\/2024\/05\/cropped-LIB-logo-A.png","contentUrl":"https:\/\/libwomenstore.com\/wp-content\/uploads\/2024\/05\/cropped-LIB-logo-A.png","width":512,"height":512,"caption":"Lib Women Store"},"image":{"@id":"https:\/\/libwomenstore.com\/en\/#\/schema\/logo\/image\/"},"sameAs":["https:\/\/www.facebook.com\/libwomenstore"]}]},"product_price_amount":"33000","product_price_currency":"HUF","og_availability":"out of stock","product_availability":"out of stock","product_condition":"new"},"_links":{"self":[{"href":"https:\/\/libwomenstore.com\/en\/wp-json\/wp\/v2\/product\/33535","targetHints":{"allow":["GET"]}}],"collection":[{"href":"https:\/\/libwomenstore.com\/en\/wp-json\/wp\/v2\/product"}],"about":[{"href":"https:\/\/libwomenstore.com\/en\/wp-json\/wp\/v2\/types\/product"}],"replies":[{"embeddable":true,"href":"https:\/\/libwomenstore.com\/en\/wp-json\/wp\/v2\/comments?post=33535"}],"wp:featuredmedia":[{"embeddable":true,"href":"https:\/\/libwomenstore.com\/en\/wp-json\/wp\/v2\/media\/34501"}],"wp:attachment":[{"href":"https:\/\/libwomenstore.com\/en\/wp-json\/wp\/v2\/media?parent=33535"}],"wp:term":[{"taxonomy":"product_brand","embeddable":true,"href":"https:\/\/libwomenstore.com\/en\/wp-json\/wp\/v2\/product_brand?post=33535"},{"taxonomy":"product_cat","embeddable":true,"href":"https:\/\/libwomenstore.com\/en\/wp-json\/wp\/v2\/product_cat?post=33535"},{"taxonomy":"product_tag","embeddable":true,"href":"https:\/\/libwomenstore.com\/en\/wp-json\/wp\/v2\/product_tag?post=33535"}],"curies":[{"name":"wp","href":"https:\/\/api.w.org\/{rel}","templated":true}]}}