{"id":34121,"date":"2025-10-22T12:41:31","date_gmt":"2025-10-22T10:41:31","guid":{"rendered":"https:\/\/libwomenstore.com\/termek\/uncategorized\/puissante-mini-coco\/"},"modified":"2025-10-22T12:41:31","modified_gmt":"2025-10-22T10:41:31","slug":"puissante-mini-coco","status":"publish","type":"product","link":"https:\/\/libwomenstore.com\/en\/product\/vibrators\/puissante-mini-coco\/","title":{"rendered":"PUISSANTE Mini Coco"},"content":{"rendered":"<p style=\"text-align: center;\">The Mini Coco allows external stimulation of the clitoris, thanks to two separate buttons!<br \/>You can vary the pleasures thanks to its 10 intensity modes. <br \/>To increase or decrease the intensity, simply press the + or &#8211; buttons and you&#8217;re done!  <\/p>\n<p style=\"text-align: center;\">The Mini Coco is a perfect first vibrator for discovery! You will enter directly into the new wave of suction vibrators!<br \/>It&#8217;s quite a discovery and we can only recommend it to you. It&#8217;s a pretty amazing WHAOUH effect.   <\/p>\n<p style=\"text-align: center;\">The Mini Coco is intended for use by women, but it can be used as a couple!<br \/>Spooning, doggy style or simply missionary, it&#8217;s a stimulator that can adapt to each of your positions! <\/p>\n<p style=\"text-align: center;\">Men can also benefit from it by stimulating the glans and frenulum of the penis for example.<\/p>\n<p style=\"text-align: center;\"><strong>Is the suction done directly on the clitoris? <\/strong><\/p>\n<p style=\"text-align: center;\">Suction is a commonly used term, but your toy doesn&#8217;t really suck! The part of the membrane vibrates in such a way as to pulsate the air and create the effect of suction. <\/p>\n<p style=\"text-align: center;\"><strong>Tip<\/strong><\/p>\n<p style=\"text-align: center;\">Lift the hood of your clitoris to feel the stimulator more and discover this technology which is very impressive on this part.<\/p>\n<p style=\"text-align: center;\">Features<\/p>\n<p style=\"text-align: center;\">10 intensity variations for maximum pleasure.<br \/>\nTwo buttons, one plus, one minus to increase or decrease the vibration intensity.<br \/>\nPress 3 seconds on the + to turn it on, 3 seconds on the &#8211; to turn it off.<br \/>\nTo be used on all parts of the body extrenally!<br \/>\nIn medical silicone for extreme softness and thick for a super soft touch!<br \/>\n2 year warranty<\/p>\n<p style=\"text-align: center;\"><b>Usage &amp; Cleaning<\/b><\/p>\n<p style=\"text-align: center;\">The product can be disinfected with lukewarm soapy water or cleaning agents designed for this purpose. Clean only with a lint-free cloth.<\/p>\n<p style=\"text-align: center;\">Use only with water-based lubricant!<\/p>\n<p>&nbsp;<\/p>\n","protected":false},"excerpt":{"rendered":"<p>The little sister of the popular Coco, Mini Coco, has arrived!<\/p>\n<p>Mini Coco was created by customer demand, so we are sure it will enchant you too!<\/p>\n<p>Coco is an air wave clitoral stimulator that pampers not only the clitoris but also the nipples.<\/p>\n","protected":false},"featured_media":34114,"comment_status":"closed","ping_status":"closed","template":"","meta":{"_et_pb_use_builder":"","_et_pb_old_content":"","_et_gb_content_width":""},"product_brand":[782],"product_cat":[322,513,554,318],"product_tag":[842,742,752,841,844,492,703,843],"class_list":{"0":"post-34121","1":"product","2":"type-product","3":"status-publish","4":"has-post-thumbnail","6":"product_brand-puissante","7":"product_cat-clitoral-vibrators","8":"product_cat-collabs","9":"product_cat-lib-x-bliss-glass-toys-hand-crafted","10":"product_cat-vibrators","11":"product_tag-air-pulsation","12":"product_tag-beginner-en","13":"product_tag-clit-vibrator-en-2","14":"product_tag-externally","15":"product_tag-medical-grade-silicone","16":"product_tag-vibrator-en","17":"product_tag-waterproof","18":"product_tag-women-owned-business","20":"first","21":"outofstock","22":"taxable","23":"shipping-taxable","24":"purchasable","25":"product-type-simple"},"yoast_head":"<!-- This site is optimized with the Yoast SEO Premium plugin v27.4 (Yoast SEO v27.4) - https:\/\/yoast.com\/product\/yoast-seo-premium-wordpress\/ -->\n<title>PUISSANTE Mini Coco - Lib Women&#039;s Store<\/title>\n<meta name=\"description\" content=\"The Puissante Mini Coco was created due to customer demand. The unique suction technology will sweep you off your feet, just try it if you dare!\" \/>\n<meta name=\"robots\" content=\"index, follow, max-snippet:-1, max-image-preview:large, max-video-preview:-1\" \/>\n<link rel=\"canonical\" href=\"https:\/\/libwomenstore.com\/en\/product\/vibrators\/puissante-mini-coco\/\" \/>\n<meta property=\"og:locale\" content=\"en_US\" \/>\n<meta property=\"og:type\" content=\"article\" \/>\n<meta property=\"og:title\" content=\"PUISSANTE Mini Coco\" \/>\n<meta property=\"og:description\" content=\"The Puissante Mini Coco was created due to customer demand. The unique suction technology will sweep you off your feet, just try it if you dare!\" \/>\n<meta property=\"og:url\" content=\"https:\/\/libwomenstore.com\/en\/product\/vibrators\/puissante-mini-coco\/\" \/>\n<meta property=\"og:site_name\" content=\"Lib Women&#039;s Store\" \/>\n<meta property=\"article:publisher\" content=\"https:\/\/www.facebook.com\/libwomenstore\" \/>\n<meta property=\"og:image\" content=\"https:\/\/libwomenstore.com\/wp-content\/uploads\/2025\/10\/Puissante-Mini-Coco-clit-vibrator.jpg\" \/>\n\t<meta property=\"og:image:width\" content=\"1080\" \/>\n\t<meta property=\"og:image:height\" content=\"1080\" \/>\n\t<meta property=\"og:image:type\" content=\"image\/jpeg\" \/>\n<meta name=\"twitter:card\" content=\"summary_large_image\" \/>\n<meta name=\"twitter:label1\" content=\"Price\" \/>\n\t<meta name=\"twitter:data1\" content=\"35.000&#070;&#116;\" \/>\n\t<meta name=\"twitter:label2\" content=\"Availability\" \/>\n\t<meta name=\"twitter:data2\" content=\"Out of stock\" \/>\n<script type=\"application\/ld+json\" class=\"yoast-schema-graph\">{\"@context\":\"https:\\\/\\\/schema.org\",\"@graph\":[{\"@type\":[\"WebPage\",\"ItemPage\"],\"@id\":\"https:\\\/\\\/libwomenstore.com\\\/en\\\/product\\\/vibrators\\\/puissante-mini-coco\\\/\",\"url\":\"https:\\\/\\\/libwomenstore.com\\\/en\\\/product\\\/vibrators\\\/puissante-mini-coco\\\/\",\"name\":\"PUISSANTE Mini Coco - Lib Women&#039;s Store\",\"isPartOf\":{\"@id\":\"https:\\\/\\\/libwomenstore.com\\\/en\\\/#website\"},\"primaryImageOfPage\":{\"@id\":\"https:\\\/\\\/libwomenstore.com\\\/en\\\/product\\\/vibrators\\\/puissante-mini-coco\\\/#primaryimage\"},\"image\":{\"@id\":\"https:\\\/\\\/libwomenstore.com\\\/en\\\/product\\\/vibrators\\\/puissante-mini-coco\\\/#primaryimage\"},\"thumbnailUrl\":\"https:\\\/\\\/libwomenstore.com\\\/wp-content\\\/uploads\\\/2025\\\/10\\\/Puissante-Mini-Coco-clit-vibrator.jpg\",\"datePublished\":\"2025-10-22T10:41:31+00:00\",\"description\":\"The Puissante Mini Coco was created due to customer demand. The unique suction technology will sweep you off your feet, just try it if you dare!\",\"breadcrumb\":{\"@id\":\"https:\\\/\\\/libwomenstore.com\\\/en\\\/product\\\/vibrators\\\/puissante-mini-coco\\\/#breadcrumb\"},\"inLanguage\":\"en-US\",\"potentialAction\":[{\"@type\":\"ReadAction\",\"target\":[\"https:\\\/\\\/libwomenstore.com\\\/en\\\/product\\\/vibrators\\\/puissante-mini-coco\\\/\"]}]},{\"@type\":\"ImageObject\",\"inLanguage\":\"en-US\",\"@id\":\"https:\\\/\\\/libwomenstore.com\\\/en\\\/product\\\/vibrators\\\/puissante-mini-coco\\\/#primaryimage\",\"url\":\"https:\\\/\\\/libwomenstore.com\\\/wp-content\\\/uploads\\\/2025\\\/10\\\/Puissante-Mini-Coco-clit-vibrator.jpg\",\"contentUrl\":\"https:\\\/\\\/libwomenstore.com\\\/wp-content\\\/uploads\\\/2025\\\/10\\\/Puissante-Mini-Coco-clit-vibrator.jpg\",\"width\":1080,\"height\":1080,\"caption\":\"Puissante Mini Coco l\u00e9ghull\u00e1mos csikl\u00f3izgat\u00f3 vibr\u00e1tor n\u0151knek\"},{\"@type\":\"BreadcrumbList\",\"@id\":\"https:\\\/\\\/libwomenstore.com\\\/en\\\/product\\\/vibrators\\\/puissante-mini-coco\\\/#breadcrumb\",\"itemListElement\":[{\"@type\":\"ListItem\",\"position\":1,\"name\":\"Kezd\u0151lap\",\"item\":\"https:\\\/\\\/libwomenstore.com\\\/en\\\/\"},{\"@type\":\"ListItem\",\"position\":2,\"name\":\"Shop Home Page &#8211; Product categories\",\"item\":\"https:\\\/\\\/libwomenstore.com\\\/shop-kezdolap-termek-kategoriak\\\/?lang=en\"},{\"@type\":\"ListItem\",\"position\":3,\"name\":\"PUISSANTE Mini Coco\"}]},{\"@type\":\"WebSite\",\"@id\":\"https:\\\/\\\/libwomenstore.com\\\/en\\\/#website\",\"url\":\"https:\\\/\\\/libwomenstore.com\\\/en\\\/\",\"name\":\"Lib Women Store\",\"description\":\"Magyarorsz\u00e1g els\u0151 n\u0151kre f\u00f3kusz\u00e1l\u00f3 szexshopja, ahol az eg\u00e9szs\u00e9g ugyanolyan fontos, mint az \u00e9lvezetek.\",\"publisher\":{\"@id\":\"https:\\\/\\\/libwomenstore.com\\\/en\\\/#organization\"},\"alternateName\":\"Lib\",\"potentialAction\":[{\"@type\":\"SearchAction\",\"target\":{\"@type\":\"EntryPoint\",\"urlTemplate\":\"https:\\\/\\\/libwomenstore.com\\\/en\\\/?s={search_term_string}\"},\"query-input\":{\"@type\":\"PropertyValueSpecification\",\"valueRequired\":true,\"valueName\":\"search_term_string\"}}],\"inLanguage\":\"en-US\"},{\"@type\":\"Organization\",\"@id\":\"https:\\\/\\\/libwomenstore.com\\\/en\\\/#organization\",\"name\":\"Lib Women Store\",\"url\":\"https:\\\/\\\/libwomenstore.com\\\/en\\\/\",\"logo\":{\"@type\":\"ImageObject\",\"inLanguage\":\"en-US\",\"@id\":\"https:\\\/\\\/libwomenstore.com\\\/en\\\/#\\\/schema\\\/logo\\\/image\\\/\",\"url\":\"https:\\\/\\\/libwomenstore.com\\\/wp-content\\\/uploads\\\/2024\\\/05\\\/cropped-LIB-logo-A.png\",\"contentUrl\":\"https:\\\/\\\/libwomenstore.com\\\/wp-content\\\/uploads\\\/2024\\\/05\\\/cropped-LIB-logo-A.png\",\"width\":512,\"height\":512,\"caption\":\"Lib Women Store\"},\"image\":{\"@id\":\"https:\\\/\\\/libwomenstore.com\\\/en\\\/#\\\/schema\\\/logo\\\/image\\\/\"},\"sameAs\":[\"https:\\\/\\\/www.facebook.com\\\/libwomenstore\"]}]}<\/script>\n<meta property=\"product:price:amount\" content=\"35000\" \/>\n<meta property=\"product:price:currency\" content=\"HUF\" \/>\n<meta property=\"og:availability\" content=\"out of stock\" \/>\n<meta property=\"product:availability\" content=\"out of stock\" \/>\n<meta property=\"product:condition\" content=\"new\" \/>\n<!-- \/ Yoast SEO Premium plugin. -->","yoast_head_json":{"title":"PUISSANTE Mini Coco - Lib Women&#039;s Store","description":"The Puissante Mini Coco was created due to customer demand. The unique suction technology will sweep you off your feet, just try it if you dare!","robots":{"index":"index","follow":"follow","max-snippet":"max-snippet:-1","max-image-preview":"max-image-preview:large","max-video-preview":"max-video-preview:-1"},"canonical":"https:\/\/libwomenstore.com\/en\/product\/vibrators\/puissante-mini-coco\/","og_locale":"en_US","og_type":"article","og_title":"PUISSANTE Mini Coco","og_description":"The Puissante Mini Coco was created due to customer demand. The unique suction technology will sweep you off your feet, just try it if you dare!","og_url":"https:\/\/libwomenstore.com\/en\/product\/vibrators\/puissante-mini-coco\/","og_site_name":"Lib Women&#039;s Store","article_publisher":"https:\/\/www.facebook.com\/libwomenstore","og_image":[{"width":1080,"height":1080,"url":"https:\/\/libwomenstore.com\/wp-content\/uploads\/2025\/10\/Puissante-Mini-Coco-clit-vibrator.jpg","type":"image\/jpeg"}],"twitter_card":"summary_large_image","twitter_misc":{"Price":"35.000&#70;&#116;","Availability":"Out of stock"},"schema":{"@context":"https:\/\/schema.org","@graph":[{"@type":["WebPage","ItemPage"],"@id":"https:\/\/libwomenstore.com\/en\/product\/vibrators\/puissante-mini-coco\/","url":"https:\/\/libwomenstore.com\/en\/product\/vibrators\/puissante-mini-coco\/","name":"PUISSANTE Mini Coco - Lib Women&#039;s Store","isPartOf":{"@id":"https:\/\/libwomenstore.com\/en\/#website"},"primaryImageOfPage":{"@id":"https:\/\/libwomenstore.com\/en\/product\/vibrators\/puissante-mini-coco\/#primaryimage"},"image":{"@id":"https:\/\/libwomenstore.com\/en\/product\/vibrators\/puissante-mini-coco\/#primaryimage"},"thumbnailUrl":"https:\/\/libwomenstore.com\/wp-content\/uploads\/2025\/10\/Puissante-Mini-Coco-clit-vibrator.jpg","datePublished":"2025-10-22T10:41:31+00:00","description":"The Puissante Mini Coco was created due to customer demand. The unique suction technology will sweep you off your feet, just try it if you dare!","breadcrumb":{"@id":"https:\/\/libwomenstore.com\/en\/product\/vibrators\/puissante-mini-coco\/#breadcrumb"},"inLanguage":"en-US","potentialAction":[{"@type":"ReadAction","target":["https:\/\/libwomenstore.com\/en\/product\/vibrators\/puissante-mini-coco\/"]}]},{"@type":"ImageObject","inLanguage":"en-US","@id":"https:\/\/libwomenstore.com\/en\/product\/vibrators\/puissante-mini-coco\/#primaryimage","url":"https:\/\/libwomenstore.com\/wp-content\/uploads\/2025\/10\/Puissante-Mini-Coco-clit-vibrator.jpg","contentUrl":"https:\/\/libwomenstore.com\/wp-content\/uploads\/2025\/10\/Puissante-Mini-Coco-clit-vibrator.jpg","width":1080,"height":1080,"caption":"Puissante Mini Coco l\u00e9ghull\u00e1mos csikl\u00f3izgat\u00f3 vibr\u00e1tor n\u0151knek"},{"@type":"BreadcrumbList","@id":"https:\/\/libwomenstore.com\/en\/product\/vibrators\/puissante-mini-coco\/#breadcrumb","itemListElement":[{"@type":"ListItem","position":1,"name":"Kezd\u0151lap","item":"https:\/\/libwomenstore.com\/en\/"},{"@type":"ListItem","position":2,"name":"Shop Home Page &#8211; Product categories","item":"https:\/\/libwomenstore.com\/shop-kezdolap-termek-kategoriak\/?lang=en"},{"@type":"ListItem","position":3,"name":"PUISSANTE Mini Coco"}]},{"@type":"WebSite","@id":"https:\/\/libwomenstore.com\/en\/#website","url":"https:\/\/libwomenstore.com\/en\/","name":"Lib Women Store","description":"Magyarorsz\u00e1g els\u0151 n\u0151kre f\u00f3kusz\u00e1l\u00f3 szexshopja, ahol az eg\u00e9szs\u00e9g ugyanolyan fontos, mint az \u00e9lvezetek.","publisher":{"@id":"https:\/\/libwomenstore.com\/en\/#organization"},"alternateName":"Lib","potentialAction":[{"@type":"SearchAction","target":{"@type":"EntryPoint","urlTemplate":"https:\/\/libwomenstore.com\/en\/?s={search_term_string}"},"query-input":{"@type":"PropertyValueSpecification","valueRequired":true,"valueName":"search_term_string"}}],"inLanguage":"en-US"},{"@type":"Organization","@id":"https:\/\/libwomenstore.com\/en\/#organization","name":"Lib Women Store","url":"https:\/\/libwomenstore.com\/en\/","logo":{"@type":"ImageObject","inLanguage":"en-US","@id":"https:\/\/libwomenstore.com\/en\/#\/schema\/logo\/image\/","url":"https:\/\/libwomenstore.com\/wp-content\/uploads\/2024\/05\/cropped-LIB-logo-A.png","contentUrl":"https:\/\/libwomenstore.com\/wp-content\/uploads\/2024\/05\/cropped-LIB-logo-A.png","width":512,"height":512,"caption":"Lib Women Store"},"image":{"@id":"https:\/\/libwomenstore.com\/en\/#\/schema\/logo\/image\/"},"sameAs":["https:\/\/www.facebook.com\/libwomenstore"]}]},"product_price_amount":"35000","product_price_currency":"HUF","og_availability":"out of stock","product_availability":"out of stock","product_condition":"new"},"_links":{"self":[{"href":"https:\/\/libwomenstore.com\/en\/wp-json\/wp\/v2\/product\/34121","targetHints":{"allow":["GET"]}}],"collection":[{"href":"https:\/\/libwomenstore.com\/en\/wp-json\/wp\/v2\/product"}],"about":[{"href":"https:\/\/libwomenstore.com\/en\/wp-json\/wp\/v2\/types\/product"}],"replies":[{"embeddable":true,"href":"https:\/\/libwomenstore.com\/en\/wp-json\/wp\/v2\/comments?post=34121"}],"wp:featuredmedia":[{"embeddable":true,"href":"https:\/\/libwomenstore.com\/en\/wp-json\/wp\/v2\/media\/34114"}],"wp:attachment":[{"href":"https:\/\/libwomenstore.com\/en\/wp-json\/wp\/v2\/media?parent=34121"}],"wp:term":[{"taxonomy":"product_brand","embeddable":true,"href":"https:\/\/libwomenstore.com\/en\/wp-json\/wp\/v2\/product_brand?post=34121"},{"taxonomy":"product_cat","embeddable":true,"href":"https:\/\/libwomenstore.com\/en\/wp-json\/wp\/v2\/product_cat?post=34121"},{"taxonomy":"product_tag","embeddable":true,"href":"https:\/\/libwomenstore.com\/en\/wp-json\/wp\/v2\/product_tag?post=34121"}],"curies":[{"name":"wp","href":"https:\/\/api.w.org\/{rel}","templated":true}]}}