{"id":34175,"date":"2025-10-30T16:16:47","date_gmt":"2025-10-30T15:16:47","guid":{"rendered":"https:\/\/libwomenstore.com\/termek\/uncategorized\/puissante-after-calendar\/"},"modified":"2025-10-30T16:16:47","modified_gmt":"2025-10-30T15:16:47","slug":"puissante-after-calendar","status":"publish","type":"product","link":"https:\/\/libwomenstore.com\/en\/product\/couple\/puissante-after-calendar\/","title":{"rendered":"PUISSANTE After Calendar"},"content":{"rendered":"<p style=\"text-align: center;\">The elegant box contains 7 surprises, created in the spirit of feminine pleasure and well-being, and can be opened between December 25th and 31st:  <\/p>\n<p style=\"text-align: center;\">The best-selling Puissante Coco, reinterpreted in a new, collector&#8217;s shade<br \/>\nAccessories that are not available anywhere else, created especially for you<br \/>\nA completely new product: the latest Puissante vibrator, never before presented<\/p>\n<p style=\"text-align: center;\">All this in a pretty drawer box that you can reuse as you wish.<\/p>\n<p style=\"text-align: center;\"><strong>The actual value of the box is 99,000 HUF.<\/strong><\/p>\n<p>&nbsp;<\/p>\n<h6 style=\"text-align: center;\">What is hidden in the box?<\/h6>\n<p style=\"text-align: center;\"><strong>High quality products<\/strong><\/p>\n<p style=\"text-align: center;\">A selection of essential pampering and self-care items you can enjoy all year round.<\/p>\n<p style=\"text-align: center;\"><strong>Reusable box<\/strong><\/p>\n<p style=\"text-align: center;\">For your jewelry, vibrators and secrets, the box transforms into a stylish piece that adapts to your desires!<\/p>\n<p style=\"text-align: center;\"><strong>A gift you can give (or receive)<\/strong><\/p>\n<p style=\"text-align: center;\">Whether for your own desire or for the joy of giving as a gift, slip the After Calendar under the tree &#8211; it&#8217;s guaranteed to be a big hit!<\/p>\n<p>&nbsp;<\/p>\n<h6 style=\"text-align: center;\">SPOILER ALERT!<\/h6>\n<p style=\"text-align: center;\"><strong>What&#8217;s in the After Advent calendar? <\/strong><\/p>\n<p style=\"text-align: center;\">\nPuissante&#8217;s best-selling Coco vibrator, collector&#8217;s edition in burgundy<br \/>\nIntimate gel with lily extract, 99.6% natural ingredients<br \/>\nA truly powerful hair clip<br \/>\nOur libido enhancer to heat up the mood even in winter<br \/>\nOur intimate balm to keep your intimate areas hydrated and comfortable despite the cold<br \/>\nA lip balm that&#8217;s always at hand during winter kisses<br \/>\nPetit Bisou: a brand new vibrator that we&#8217;ve never shown before<\/p>\n","protected":false},"excerpt":{"rendered":"<p>The After Calendar 2025 is a limited edition, while supplies last!<\/p>\n<p>The After Calendar will reveal its magic after Advent, starting December 25th.<\/p>\n<p>The perfect gift under the tree to surprise yourself or a loved one!<\/p>\n","protected":false},"featured_media":34161,"comment_status":"closed","ping_status":"closed","template":"","meta":{"_et_pb_use_builder":"","_et_pb_old_content":"","_et_gb_content_width":""},"product_brand":[782],"product_cat":[352,322,513,355,362,554,358,318,364],"product_tag":[851,749,853,752,850,495,852,849,492],"class_list":{"0":"post-34175","1":"product","2":"type-product","3":"status-publish","4":"has-post-thumbnail","6":"product_brand-puissante","7":"product_cat-bunnies","8":"product_cat-clitoral-vibrators","9":"product_cat-collabs","10":"product_cat-couple","11":"product_cat-enhancers","12":"product_cat-lib-x-bliss-glass-toys-hand-crafted","13":"product_cat-lubes-and-massage-gels","14":"product_cat-vibrators","15":"product_cat-water-based-lubes","16":"product_tag-accessories","17":"product_tag-bunny-en-2","18":"product_tag-christmas","19":"product_tag-clit-vibrator-en-2","20":"product_tag-coco","21":"product_tag-couples","22":"product_tag-libido-enhancer","23":"product_tag-puissante","24":"product_tag-vibrator-en","26":"first","27":"outofstock","28":"sale","29":"taxable","30":"shipping-taxable","31":"purchasable","32":"product-type-simple"},"yoast_head":"<!-- This site is optimized with the Yoast SEO Premium plugin v27.5 (Yoast SEO v27.5) - https:\/\/yoast.com\/product\/yoast-seo-premium-wordpress\/ -->\n<title>PUISSANTE After Calendar - Lib Women&#039;s Store<\/title>\n<meta name=\"description\" content=\"Puissante After Calendar to surprise adults! A calendar that has something sensual in store for every day between December 25-31!\" \/>\n<meta name=\"robots\" content=\"index, follow, max-snippet:-1, max-image-preview:large, max-video-preview:-1\" \/>\n<link rel=\"canonical\" href=\"https:\/\/libwomenstore.com\/en\/product\/couple\/puissante-after-calendar\/\" \/>\n<meta property=\"og:locale\" content=\"en_US\" \/>\n<meta property=\"og:type\" content=\"article\" \/>\n<meta property=\"og:title\" content=\"PUISSANTE After Calendar\" \/>\n<meta property=\"og:description\" content=\"Puissante After Calendar to surprise adults! A calendar that has something sensual in store for every day between December 25-31!\" \/>\n<meta property=\"og:url\" content=\"https:\/\/libwomenstore.com\/en\/product\/couple\/puissante-after-calendar\/\" \/>\n<meta property=\"og:site_name\" content=\"Lib Women&#039;s Store\" \/>\n<meta property=\"article:publisher\" content=\"https:\/\/www.facebook.com\/libwomenstore\" \/>\n<meta property=\"og:image\" content=\"https:\/\/libwomenstore.com\/wp-content\/uploads\/2025\/10\/puissante-after-calendar-box-open.jpg\" \/>\n\t<meta property=\"og:image:width\" content=\"1080\" \/>\n\t<meta property=\"og:image:height\" content=\"1080\" \/>\n\t<meta property=\"og:image:type\" content=\"image\/jpeg\" \/>\n<meta name=\"twitter:card\" content=\"summary_large_image\" \/>\n<meta name=\"twitter:label1\" content=\"Price\" \/>\n\t<meta name=\"twitter:data1\" content=\"50.000&#070;&#116;\" \/>\n\t<meta name=\"twitter:label2\" content=\"Availability\" \/>\n\t<meta name=\"twitter:data2\" content=\"Out of stock\" \/>\n<script type=\"application\/ld+json\" class=\"yoast-schema-graph\">{\"@context\":\"https:\\\/\\\/schema.org\",\"@graph\":[{\"@type\":[\"WebPage\",\"ItemPage\"],\"@id\":\"https:\\\/\\\/libwomenstore.com\\\/en\\\/product\\\/couple\\\/puissante-after-calendar\\\/\",\"url\":\"https:\\\/\\\/libwomenstore.com\\\/en\\\/product\\\/couple\\\/puissante-after-calendar\\\/\",\"name\":\"PUISSANTE After Calendar - Lib Women&#039;s Store\",\"isPartOf\":{\"@id\":\"https:\\\/\\\/libwomenstore.com\\\/en\\\/#website\"},\"primaryImageOfPage\":{\"@id\":\"https:\\\/\\\/libwomenstore.com\\\/en\\\/product\\\/couple\\\/puissante-after-calendar\\\/#primaryimage\"},\"image\":{\"@id\":\"https:\\\/\\\/libwomenstore.com\\\/en\\\/product\\\/couple\\\/puissante-after-calendar\\\/#primaryimage\"},\"thumbnailUrl\":\"https:\\\/\\\/libwomenstore.com\\\/wp-content\\\/uploads\\\/2025\\\/10\\\/puissante-after-calendar-box-open.jpg\",\"datePublished\":\"2025-10-30T15:16:47+00:00\",\"description\":\"Puissante After Calendar to surprise adults! A calendar that has something sensual in store for every day between December 25-31!\",\"breadcrumb\":{\"@id\":\"https:\\\/\\\/libwomenstore.com\\\/en\\\/product\\\/couple\\\/puissante-after-calendar\\\/#breadcrumb\"},\"inLanguage\":\"en-US\",\"potentialAction\":[{\"@type\":\"ReadAction\",\"target\":[\"https:\\\/\\\/libwomenstore.com\\\/en\\\/product\\\/couple\\\/puissante-after-calendar\\\/\"]}]},{\"@type\":\"ImageObject\",\"inLanguage\":\"en-US\",\"@id\":\"https:\\\/\\\/libwomenstore.com\\\/en\\\/product\\\/couple\\\/puissante-after-calendar\\\/#primaryimage\",\"url\":\"https:\\\/\\\/libwomenstore.com\\\/wp-content\\\/uploads\\\/2025\\\/10\\\/puissante-after-calendar-box-open.jpg\",\"contentUrl\":\"https:\\\/\\\/libwomenstore.com\\\/wp-content\\\/uploads\\\/2025\\\/10\\\/puissante-after-calendar-box-open.jpg\",\"width\":1080,\"height\":1080,\"caption\":\"Puissante After Calendar doboz nyitva\"},{\"@type\":\"BreadcrumbList\",\"@id\":\"https:\\\/\\\/libwomenstore.com\\\/en\\\/product\\\/couple\\\/puissante-after-calendar\\\/#breadcrumb\",\"itemListElement\":[{\"@type\":\"ListItem\",\"position\":1,\"name\":\"Kezd\u0151lap\",\"item\":\"https:\\\/\\\/libwomenstore.com\\\/en\\\/\"},{\"@type\":\"ListItem\",\"position\":2,\"name\":\"Shop Home Page &#8211; Product categories\",\"item\":\"https:\\\/\\\/libwomenstore.com\\\/shop-kezdolap-termek-kategoriak\\\/?lang=en\"},{\"@type\":\"ListItem\",\"position\":3,\"name\":\"PUISSANTE After Calendar\"}]},{\"@type\":\"WebSite\",\"@id\":\"https:\\\/\\\/libwomenstore.com\\\/en\\\/#website\",\"url\":\"https:\\\/\\\/libwomenstore.com\\\/en\\\/\",\"name\":\"Lib Women Store\",\"description\":\"Magyarorsz\u00e1g els\u0151 n\u0151kre f\u00f3kusz\u00e1l\u00f3 szexshopja, ahol az eg\u00e9szs\u00e9g ugyanolyan fontos, mint az \u00e9lvezetek.\",\"publisher\":{\"@id\":\"https:\\\/\\\/libwomenstore.com\\\/en\\\/#organization\"},\"alternateName\":\"Lib\",\"potentialAction\":[{\"@type\":\"SearchAction\",\"target\":{\"@type\":\"EntryPoint\",\"urlTemplate\":\"https:\\\/\\\/libwomenstore.com\\\/en\\\/?s={search_term_string}\"},\"query-input\":{\"@type\":\"PropertyValueSpecification\",\"valueRequired\":true,\"valueName\":\"search_term_string\"}}],\"inLanguage\":\"en-US\"},{\"@type\":\"Organization\",\"@id\":\"https:\\\/\\\/libwomenstore.com\\\/en\\\/#organization\",\"name\":\"Lib Women Store\",\"url\":\"https:\\\/\\\/libwomenstore.com\\\/en\\\/\",\"logo\":{\"@type\":\"ImageObject\",\"inLanguage\":\"en-US\",\"@id\":\"https:\\\/\\\/libwomenstore.com\\\/en\\\/#\\\/schema\\\/logo\\\/image\\\/\",\"url\":\"https:\\\/\\\/libwomenstore.com\\\/wp-content\\\/uploads\\\/2024\\\/05\\\/cropped-LIB-logo-A.png\",\"contentUrl\":\"https:\\\/\\\/libwomenstore.com\\\/wp-content\\\/uploads\\\/2024\\\/05\\\/cropped-LIB-logo-A.png\",\"width\":512,\"height\":512,\"caption\":\"Lib Women Store\"},\"image\":{\"@id\":\"https:\\\/\\\/libwomenstore.com\\\/en\\\/#\\\/schema\\\/logo\\\/image\\\/\"},\"sameAs\":[\"https:\\\/\\\/www.facebook.com\\\/libwomenstore\"]}]}<\/script>\n<meta property=\"product:price:amount\" content=\"50000\" \/>\n<meta property=\"product:price:currency\" content=\"HUF\" \/>\n<meta property=\"og:availability\" content=\"out of stock\" \/>\n<meta property=\"product:availability\" content=\"out of stock\" \/>\n<meta property=\"product:condition\" content=\"new\" \/>\n<!-- \/ Yoast SEO Premium plugin. -->","yoast_head_json":{"title":"PUISSANTE After Calendar - Lib Women&#039;s Store","description":"Puissante After Calendar to surprise adults! A calendar that has something sensual in store for every day between December 25-31!","robots":{"index":"index","follow":"follow","max-snippet":"max-snippet:-1","max-image-preview":"max-image-preview:large","max-video-preview":"max-video-preview:-1"},"canonical":"https:\/\/libwomenstore.com\/en\/product\/couple\/puissante-after-calendar\/","og_locale":"en_US","og_type":"article","og_title":"PUISSANTE After Calendar","og_description":"Puissante After Calendar to surprise adults! A calendar that has something sensual in store for every day between December 25-31!","og_url":"https:\/\/libwomenstore.com\/en\/product\/couple\/puissante-after-calendar\/","og_site_name":"Lib Women&#039;s Store","article_publisher":"https:\/\/www.facebook.com\/libwomenstore","og_image":[{"width":1080,"height":1080,"url":"https:\/\/libwomenstore.com\/wp-content\/uploads\/2025\/10\/puissante-after-calendar-box-open.jpg","type":"image\/jpeg"}],"twitter_card":"summary_large_image","twitter_misc":{"Price":"50.000&#70;&#116;","Availability":"Out of stock"},"schema":{"@context":"https:\/\/schema.org","@graph":[{"@type":["WebPage","ItemPage"],"@id":"https:\/\/libwomenstore.com\/en\/product\/couple\/puissante-after-calendar\/","url":"https:\/\/libwomenstore.com\/en\/product\/couple\/puissante-after-calendar\/","name":"PUISSANTE After Calendar - Lib Women&#039;s Store","isPartOf":{"@id":"https:\/\/libwomenstore.com\/en\/#website"},"primaryImageOfPage":{"@id":"https:\/\/libwomenstore.com\/en\/product\/couple\/puissante-after-calendar\/#primaryimage"},"image":{"@id":"https:\/\/libwomenstore.com\/en\/product\/couple\/puissante-after-calendar\/#primaryimage"},"thumbnailUrl":"https:\/\/libwomenstore.com\/wp-content\/uploads\/2025\/10\/puissante-after-calendar-box-open.jpg","datePublished":"2025-10-30T15:16:47+00:00","description":"Puissante After Calendar to surprise adults! A calendar that has something sensual in store for every day between December 25-31!","breadcrumb":{"@id":"https:\/\/libwomenstore.com\/en\/product\/couple\/puissante-after-calendar\/#breadcrumb"},"inLanguage":"en-US","potentialAction":[{"@type":"ReadAction","target":["https:\/\/libwomenstore.com\/en\/product\/couple\/puissante-after-calendar\/"]}]},{"@type":"ImageObject","inLanguage":"en-US","@id":"https:\/\/libwomenstore.com\/en\/product\/couple\/puissante-after-calendar\/#primaryimage","url":"https:\/\/libwomenstore.com\/wp-content\/uploads\/2025\/10\/puissante-after-calendar-box-open.jpg","contentUrl":"https:\/\/libwomenstore.com\/wp-content\/uploads\/2025\/10\/puissante-after-calendar-box-open.jpg","width":1080,"height":1080,"caption":"Puissante After Calendar doboz nyitva"},{"@type":"BreadcrumbList","@id":"https:\/\/libwomenstore.com\/en\/product\/couple\/puissante-after-calendar\/#breadcrumb","itemListElement":[{"@type":"ListItem","position":1,"name":"Kezd\u0151lap","item":"https:\/\/libwomenstore.com\/en\/"},{"@type":"ListItem","position":2,"name":"Shop Home Page &#8211; Product categories","item":"https:\/\/libwomenstore.com\/shop-kezdolap-termek-kategoriak\/?lang=en"},{"@type":"ListItem","position":3,"name":"PUISSANTE After Calendar"}]},{"@type":"WebSite","@id":"https:\/\/libwomenstore.com\/en\/#website","url":"https:\/\/libwomenstore.com\/en\/","name":"Lib Women Store","description":"Magyarorsz\u00e1g els\u0151 n\u0151kre f\u00f3kusz\u00e1l\u00f3 szexshopja, ahol az eg\u00e9szs\u00e9g ugyanolyan fontos, mint az \u00e9lvezetek.","publisher":{"@id":"https:\/\/libwomenstore.com\/en\/#organization"},"alternateName":"Lib","potentialAction":[{"@type":"SearchAction","target":{"@type":"EntryPoint","urlTemplate":"https:\/\/libwomenstore.com\/en\/?s={search_term_string}"},"query-input":{"@type":"PropertyValueSpecification","valueRequired":true,"valueName":"search_term_string"}}],"inLanguage":"en-US"},{"@type":"Organization","@id":"https:\/\/libwomenstore.com\/en\/#organization","name":"Lib Women Store","url":"https:\/\/libwomenstore.com\/en\/","logo":{"@type":"ImageObject","inLanguage":"en-US","@id":"https:\/\/libwomenstore.com\/en\/#\/schema\/logo\/image\/","url":"https:\/\/libwomenstore.com\/wp-content\/uploads\/2024\/05\/cropped-LIB-logo-A.png","contentUrl":"https:\/\/libwomenstore.com\/wp-content\/uploads\/2024\/05\/cropped-LIB-logo-A.png","width":512,"height":512,"caption":"Lib Women Store"},"image":{"@id":"https:\/\/libwomenstore.com\/en\/#\/schema\/logo\/image\/"},"sameAs":["https:\/\/www.facebook.com\/libwomenstore"]}]},"product_price_amount":"50000","product_price_currency":"HUF","og_availability":"out of stock","product_availability":"out of stock","product_condition":"new"},"_links":{"self":[{"href":"https:\/\/libwomenstore.com\/en\/wp-json\/wp\/v2\/product\/34175","targetHints":{"allow":["GET"]}}],"collection":[{"href":"https:\/\/libwomenstore.com\/en\/wp-json\/wp\/v2\/product"}],"about":[{"href":"https:\/\/libwomenstore.com\/en\/wp-json\/wp\/v2\/types\/product"}],"replies":[{"embeddable":true,"href":"https:\/\/libwomenstore.com\/en\/wp-json\/wp\/v2\/comments?post=34175"}],"wp:featuredmedia":[{"embeddable":true,"href":"https:\/\/libwomenstore.com\/en\/wp-json\/wp\/v2\/media\/34161"}],"wp:attachment":[{"href":"https:\/\/libwomenstore.com\/en\/wp-json\/wp\/v2\/media?parent=34175"}],"wp:term":[{"taxonomy":"product_brand","embeddable":true,"href":"https:\/\/libwomenstore.com\/en\/wp-json\/wp\/v2\/product_brand?post=34175"},{"taxonomy":"product_cat","embeddable":true,"href":"https:\/\/libwomenstore.com\/en\/wp-json\/wp\/v2\/product_cat?post=34175"},{"taxonomy":"product_tag","embeddable":true,"href":"https:\/\/libwomenstore.com\/en\/wp-json\/wp\/v2\/product_tag?post=34175"}],"curies":[{"name":"wp","href":"https:\/\/api.w.org\/{rel}","templated":true}]}}