{"id":34262,"date":"2025-10-10T16:35:52","date_gmt":"2025-10-10T14:35:52","guid":{"rendered":"https:\/\/libwomenstore.com\/termek\/uncategorized\/unbound-squish\/"},"modified":"2026-02-12T15:26:51","modified_gmt":"2026-02-12T14:26:51","slug":"unbound-squish","status":"publish","type":"product","link":"https:\/\/libwomenstore.com\/en\/product\/vibrators\/unbound-squish\/","title":{"rendered":"UNBOUND Squish"},"content":{"rendered":"<p style=\"text-align: center;\">Squish features a delightfully soft, smooshy, body-safe silicone form and a firm, textured tip for targeted external stimulation. Enjoy four vibration intensities &amp; two patterns, or control the vibrations with the intensity of your grip while in Haptic mode. <\/p>\n<p style=\"text-align: center;\">The harder you squeeze, the stronger the vibrations!<\/p>\n<p style=\"text-align: center;\">Universal charging cord &amp; toy bag included. <\/p>\n<p>&nbsp;<\/p>\n<p style=\"text-align: center;\"><strong>Tip<\/strong><\/p>\n<p style=\"text-align: center;\">Throw it in your makeup bag to take it with you everywhere!<\/p>\n<p>&nbsp;<\/p>\n<p style=\"text-align: center;\"><strong>Features<\/strong><\/p>\n<p style=\"text-align: center;\">Speed \u200b\u200band Patterns<br \/>\nYou can choose from 2 modes: Haptic mode: offers intensity based on the strength of your grip. You can also lock in the desired intensity in Haptic mode. Preset mode: offers 4 intensities and 2 patterns, for a total of 6 settings.  <\/p>\n<p style=\"text-align: center;\">Surface material<br \/>\nSuper smooth, body-friendly silicone<\/p>\n<p style=\"text-align: center;\">Water Resistance<br \/>\nSquish is waterproof according to IPX7 testing (a standard test for waterproof products). Squish can be submerged in water up to 1 meter deep for up to 30 minutes. <\/p>\n<p style=\"text-align: center;\">Dimensions<br \/>\nOverall size: Squish is 7.24 cm tall and 5.7 cm in diameter, measured at the widest point of the product.<\/p>\n<p style=\"text-align: center;\">Textured tip: 1.27 cm high and 1.9 cm in diameter at the widest part of the tip.<\/p>\n<p style=\"text-align: center;\">Battery Time<\/p>\n<p style=\"text-align: center;\">Squish takes 2 hours to fully charge.<\/p>\n<p style=\"text-align: center;\">Once fully charged, Squish can be used for up to 2.5 hours on the lowest setting and 1 hour on the highest setting before needing to be recharged with the Unbound universal USB charger.<\/p>\n<p>&nbsp;<\/p>\n<p style=\"text-align: center;\"><strong>Usage &amp; Cleaning<\/strong><\/p>\n<p style=\"text-align: center;\"><strong>Instructions<\/strong><\/p>\n<p style=\"text-align: center;\">Squish is designed to provide deep and rumbly vibrations through haptic technology, as well as preset intensities and patterns. The product\u2019s internal mechanism uses air pressure sensors that allow you to control the vibration strength by squeezing the product. You can apply as much or as little pressure as you want- strong pressure produces powerful vibration, light pressure produces subtle vibration. Squish encourages intuitive play while also prioritizing ergonomics during longer sessions. To experience uninterrupted pleasure with ease, simply switch to the preset mode with just one click.    <\/p>\n<p style=\"text-align: center;\">There\u2019s no right or wrong way to hold the vibe, as long as you\u2019re comfortable and enjoying yourself. The curved-in grip design provides different hand-hold positions to help you navigate during longer sessions. <\/p>\n<p style=\"text-align: center;\">Simply turn the product on, and give it a light squeeze. Feel the subtle vibration on your anatomy to get yourself started, as you become more familiar with it, explore different levels of vibration by applying stronger or lighter pressure to the product. If you&#8217;re using Squish with a partner and feel good about it, let them play with the haptic variation and give them feedback on what feels good.  <\/p>\n<p style=\"text-align: center;\"><strong>How does Squish work?<\/strong><\/p>\n<p style=\"text-align: center;\">Squish is an external vibrator designed to provide deep and rumbly vibrations through haptic technology. The product\u2019s internal mechanism uses air pressure sensors that allow you to control the vibration strength by squeezing the product. You can apply as much or as little pressure as you want, strong pressure produces powerful vibration, and light pressure produces subtle vibration. Squish encourages intuitive play while also considering ergonomics during longer sessions. To experience uninterrupted pleasure with ease, simply lock in an intensity you like or switch to the preset intensities.    <\/p>\n<p style=\"text-align: center;\"><strong>Is Squish more rumbly or buzzy?<\/strong><\/p>\n<p style=\"text-align: center;\">Overall, Squish\u2019s vibrations are considered more rumbly than the average vibrator. When comparing it to other Unbound products, Squish is less rumbly than Ollie (i.e., a wand vibrator), but more rumbly than Pep (i.e., a compact external vibrator). <\/p>\n<p style=\"text-align: center;\"><strong>What does Squish feel like?<\/strong><\/p>\n<p style=\"text-align: center;\">Squish\u2019s motor mechanism is designed to maximize its resonant frequency, the vibration is the most rumbly at the top portion of the device. Squish also features a textured tip for targeted stimulation. For more gentle broad vibrations, you can use the side of the bottom portion of the product.  <\/p>\n<p style=\"text-align: center;\">\n<strong>How powerful is Squish?<\/strong><\/p>\n<p style=\"text-align: center;\">\nSquish is one of Unbound\u2019s most powerful external vibrators with a wide range of offerings. In haptic mode, squeezing the top air chamber gives you lighter vibration while the bottom air chamber provides more powerful vibration. You can also lock in an intensity you like while squeezing the product, all done instantly with just one click of the left button.  <\/p>\n<p style=\"text-align: center;\">\n<strong>Can you use Squish during missionary or during penetrative sex?<\/strong><\/p>\n<p style=\"text-align: center;\">\nAbsolutely! Squish is easy to hold against your body without getting in the way. You can use Squish with a partner or in conjunction with a penetrative toy. Remember, as long as you\u2019re being safe; there\u2019s no wrong way to use a vibe!  <\/p>\n<p>&nbsp;<\/p>\n<p style=\"text-align: center;\"><strong>Cleaning<\/strong><\/p>\n<p>We recommend washing your Squish with soap and warm water before and after use. Make sure to store your Squish in a cool, dry place. <\/p>\n<p style=\"text-align: center;\">\n","protected":false},"excerpt":{"rendered":"<p>Beauty blender or vibrator? Squish is as soft as a sponge and its vibrations satisfy all your desires. After Squish, you won&#8217;t need blush!  <\/p>\n","protected":false},"featured_media":33996,"comment_status":"closed","ping_status":"closed","template":"","meta":{"_et_pb_use_builder":"","_et_pb_old_content":"","_et_gb_content_width":""},"product_brand":[],"product_cat":[322,513,554,432,318,350],"product_tag":[752,841,855,856,761,492],"class_list":{"0":"post-34262","1":"product","2":"type-product","3":"status-publish","4":"has-post-thumbnail","6":"product_cat-clitoral-vibrators","7":"product_cat-collabs","8":"product_cat-lib-x-bliss-glass-toys-hand-crafted","9":"product_cat-lib-x-rebeka-racz-dildos-tapys","10":"product_cat-vibrators","11":"product_cat-wand-massagers","12":"product_tag-clit-vibrator-en-2","13":"product_tag-externally","14":"product_tag-haptic","15":"product_tag-soft","16":"product_tag-unbound-en","17":"product_tag-vibrator-en","19":"first","20":"instock","21":"taxable","22":"shipping-taxable","23":"purchasable","24":"product-type-variable"},"yoast_head":"<!-- This site is optimized with the Yoast SEO Premium plugin v27.5 (Yoast SEO v27.5) - https:\/\/yoast.com\/product\/yoast-seo-premium-wordpress\/ -->\n<title>UNBOUND Squish - Lib Women&#039;s Store<\/title>\n<meta name=\"description\" content=\"The Unbound Squish is an intuitive soft external vibrator. It responds not only to the buttons but also to your squeeze, try it out!\" \/>\n<meta name=\"robots\" content=\"index, follow, max-snippet:-1, max-image-preview:large, max-video-preview:-1\" \/>\n<link rel=\"canonical\" href=\"https:\/\/libwomenstore.com\/en\/product\/vibrators\/unbound-squish\/\" \/>\n<meta property=\"og:locale\" content=\"en_US\" \/>\n<meta property=\"og:type\" content=\"article\" \/>\n<meta property=\"og:title\" content=\"UNBOUND Squish\" \/>\n<meta property=\"og:description\" content=\"The Unbound Squish is an intuitive soft external vibrator. It responds not only to the buttons but also to your squeeze, try it out!\" \/>\n<meta property=\"og:url\" content=\"https:\/\/libwomenstore.com\/en\/product\/vibrators\/unbound-squish\/\" \/>\n<meta property=\"og:site_name\" content=\"Lib Women&#039;s Store\" \/>\n<meta property=\"article:publisher\" content=\"https:\/\/www.facebook.com\/libwomenstore\" \/>\n<meta property=\"article:modified_time\" content=\"2026-02-12T14:26:51+00:00\" \/>\n<meta property=\"og:image\" content=\"https:\/\/libwomenstore.com\/wp-content\/uploads\/2025\/10\/Squish_Both_1.jpg\" \/>\n\t<meta property=\"og:image:width\" content=\"1500\" \/>\n\t<meta property=\"og:image:height\" content=\"1500\" \/>\n\t<meta property=\"og:image:type\" content=\"image\/jpeg\" \/>\n<meta name=\"twitter:card\" content=\"summary_large_image\" \/>\n<meta name=\"twitter:label1\" content=\"Availability\" \/>\n\t<meta name=\"twitter:data1\" content=\"In stock\" \/>\n<script type=\"application\/ld+json\" class=\"yoast-schema-graph\">{\"@context\":\"https:\\\/\\\/schema.org\",\"@graph\":[{\"@type\":[\"WebPage\",\"ItemPage\"],\"@id\":\"https:\\\/\\\/libwomenstore.com\\\/en\\\/product\\\/vibrators\\\/unbound-squish\\\/\",\"url\":\"https:\\\/\\\/libwomenstore.com\\\/en\\\/product\\\/vibrators\\\/unbound-squish\\\/\",\"name\":\"UNBOUND Squish - Lib Women&#039;s Store\",\"isPartOf\":{\"@id\":\"https:\\\/\\\/libwomenstore.com\\\/en\\\/#website\"},\"primaryImageOfPage\":{\"@id\":\"https:\\\/\\\/libwomenstore.com\\\/en\\\/product\\\/vibrators\\\/unbound-squish\\\/#primaryimage\"},\"image\":{\"@id\":\"https:\\\/\\\/libwomenstore.com\\\/en\\\/product\\\/vibrators\\\/unbound-squish\\\/#primaryimage\"},\"thumbnailUrl\":\"https:\\\/\\\/libwomenstore.com\\\/wp-content\\\/uploads\\\/2025\\\/10\\\/Squish_Both_1.jpg\",\"datePublished\":\"2025-10-10T14:35:52+00:00\",\"dateModified\":\"2026-02-12T14:26:51+00:00\",\"description\":\"The Unbound Squish is an intuitive soft external vibrator. It responds not only to the buttons but also to your squeeze, try it out!\",\"breadcrumb\":{\"@id\":\"https:\\\/\\\/libwomenstore.com\\\/en\\\/product\\\/vibrators\\\/unbound-squish\\\/#breadcrumb\"},\"inLanguage\":\"en-US\",\"potentialAction\":[{\"@type\":\"ReadAction\",\"target\":[\"https:\\\/\\\/libwomenstore.com\\\/en\\\/product\\\/vibrators\\\/unbound-squish\\\/\"]}]},{\"@type\":\"ImageObject\",\"inLanguage\":\"en-US\",\"@id\":\"https:\\\/\\\/libwomenstore.com\\\/en\\\/product\\\/vibrators\\\/unbound-squish\\\/#primaryimage\",\"url\":\"https:\\\/\\\/libwomenstore.com\\\/wp-content\\\/uploads\\\/2025\\\/10\\\/Squish_Both_1.jpg\",\"contentUrl\":\"https:\\\/\\\/libwomenstore.com\\\/wp-content\\\/uploads\\\/2025\\\/10\\\/Squish_Both_1.jpg\",\"width\":1500,\"height\":1500,\"caption\":\"Unbound Squish in blue and pink model hands\"},{\"@type\":\"BreadcrumbList\",\"@id\":\"https:\\\/\\\/libwomenstore.com\\\/en\\\/product\\\/vibrators\\\/unbound-squish\\\/#breadcrumb\",\"itemListElement\":[{\"@type\":\"ListItem\",\"position\":1,\"name\":\"Kezd\u0151lap\",\"item\":\"https:\\\/\\\/libwomenstore.com\\\/en\\\/\"},{\"@type\":\"ListItem\",\"position\":2,\"name\":\"Shop Home Page &#8211; Product categories\",\"item\":\"https:\\\/\\\/libwomenstore.com\\\/shop-kezdolap-termek-kategoriak\\\/?lang=en\"},{\"@type\":\"ListItem\",\"position\":3,\"name\":\"UNBOUND Squish\"}]},{\"@type\":\"WebSite\",\"@id\":\"https:\\\/\\\/libwomenstore.com\\\/en\\\/#website\",\"url\":\"https:\\\/\\\/libwomenstore.com\\\/en\\\/\",\"name\":\"Lib Women Store\",\"description\":\"Magyarorsz\u00e1g els\u0151 n\u0151kre f\u00f3kusz\u00e1l\u00f3 szexshopja, ahol az eg\u00e9szs\u00e9g ugyanolyan fontos, mint az \u00e9lvezetek.\",\"publisher\":{\"@id\":\"https:\\\/\\\/libwomenstore.com\\\/en\\\/#organization\"},\"alternateName\":\"Lib\",\"potentialAction\":[{\"@type\":\"SearchAction\",\"target\":{\"@type\":\"EntryPoint\",\"urlTemplate\":\"https:\\\/\\\/libwomenstore.com\\\/en\\\/?s={search_term_string}\"},\"query-input\":{\"@type\":\"PropertyValueSpecification\",\"valueRequired\":true,\"valueName\":\"search_term_string\"}}],\"inLanguage\":\"en-US\"},{\"@type\":\"Organization\",\"@id\":\"https:\\\/\\\/libwomenstore.com\\\/en\\\/#organization\",\"name\":\"Lib Women Store\",\"url\":\"https:\\\/\\\/libwomenstore.com\\\/en\\\/\",\"logo\":{\"@type\":\"ImageObject\",\"inLanguage\":\"en-US\",\"@id\":\"https:\\\/\\\/libwomenstore.com\\\/en\\\/#\\\/schema\\\/logo\\\/image\\\/\",\"url\":\"https:\\\/\\\/libwomenstore.com\\\/wp-content\\\/uploads\\\/2024\\\/05\\\/cropped-LIB-logo-A.png\",\"contentUrl\":\"https:\\\/\\\/libwomenstore.com\\\/wp-content\\\/uploads\\\/2024\\\/05\\\/cropped-LIB-logo-A.png\",\"width\":512,\"height\":512,\"caption\":\"Lib Women Store\"},\"image\":{\"@id\":\"https:\\\/\\\/libwomenstore.com\\\/en\\\/#\\\/schema\\\/logo\\\/image\\\/\"},\"sameAs\":[\"https:\\\/\\\/www.facebook.com\\\/libwomenstore\"]}]}<\/script>\n<meta property=\"og:availability\" content=\"instock\" \/>\n<meta property=\"product:availability\" content=\"instock\" \/>\n<meta property=\"product:condition\" content=\"new\" \/>\n<!-- \/ Yoast SEO Premium plugin. -->","yoast_head_json":{"title":"UNBOUND Squish - Lib Women&#039;s Store","description":"The Unbound Squish is an intuitive soft external vibrator. It responds not only to the buttons but also to your squeeze, try it out!","robots":{"index":"index","follow":"follow","max-snippet":"max-snippet:-1","max-image-preview":"max-image-preview:large","max-video-preview":"max-video-preview:-1"},"canonical":"https:\/\/libwomenstore.com\/en\/product\/vibrators\/unbound-squish\/","og_locale":"en_US","og_type":"article","og_title":"UNBOUND Squish","og_description":"The Unbound Squish is an intuitive soft external vibrator. It responds not only to the buttons but also to your squeeze, try it out!","og_url":"https:\/\/libwomenstore.com\/en\/product\/vibrators\/unbound-squish\/","og_site_name":"Lib Women&#039;s Store","article_publisher":"https:\/\/www.facebook.com\/libwomenstore","article_modified_time":"2026-02-12T14:26:51+00:00","og_image":[{"width":1500,"height":1500,"url":"https:\/\/libwomenstore.com\/wp-content\/uploads\/2025\/10\/Squish_Both_1.jpg","type":"image\/jpeg"}],"twitter_card":"summary_large_image","twitter_misc":{"Availability":"In stock"},"schema":{"@context":"https:\/\/schema.org","@graph":[{"@type":["WebPage","ItemPage"],"@id":"https:\/\/libwomenstore.com\/en\/product\/vibrators\/unbound-squish\/","url":"https:\/\/libwomenstore.com\/en\/product\/vibrators\/unbound-squish\/","name":"UNBOUND Squish - Lib Women&#039;s Store","isPartOf":{"@id":"https:\/\/libwomenstore.com\/en\/#website"},"primaryImageOfPage":{"@id":"https:\/\/libwomenstore.com\/en\/product\/vibrators\/unbound-squish\/#primaryimage"},"image":{"@id":"https:\/\/libwomenstore.com\/en\/product\/vibrators\/unbound-squish\/#primaryimage"},"thumbnailUrl":"https:\/\/libwomenstore.com\/wp-content\/uploads\/2025\/10\/Squish_Both_1.jpg","datePublished":"2025-10-10T14:35:52+00:00","dateModified":"2026-02-12T14:26:51+00:00","description":"The Unbound Squish is an intuitive soft external vibrator. It responds not only to the buttons but also to your squeeze, try it out!","breadcrumb":{"@id":"https:\/\/libwomenstore.com\/en\/product\/vibrators\/unbound-squish\/#breadcrumb"},"inLanguage":"en-US","potentialAction":[{"@type":"ReadAction","target":["https:\/\/libwomenstore.com\/en\/product\/vibrators\/unbound-squish\/"]}]},{"@type":"ImageObject","inLanguage":"en-US","@id":"https:\/\/libwomenstore.com\/en\/product\/vibrators\/unbound-squish\/#primaryimage","url":"https:\/\/libwomenstore.com\/wp-content\/uploads\/2025\/10\/Squish_Both_1.jpg","contentUrl":"https:\/\/libwomenstore.com\/wp-content\/uploads\/2025\/10\/Squish_Both_1.jpg","width":1500,"height":1500,"caption":"Unbound Squish in blue and pink model hands"},{"@type":"BreadcrumbList","@id":"https:\/\/libwomenstore.com\/en\/product\/vibrators\/unbound-squish\/#breadcrumb","itemListElement":[{"@type":"ListItem","position":1,"name":"Kezd\u0151lap","item":"https:\/\/libwomenstore.com\/en\/"},{"@type":"ListItem","position":2,"name":"Shop Home Page &#8211; Product categories","item":"https:\/\/libwomenstore.com\/shop-kezdolap-termek-kategoriak\/?lang=en"},{"@type":"ListItem","position":3,"name":"UNBOUND Squish"}]},{"@type":"WebSite","@id":"https:\/\/libwomenstore.com\/en\/#website","url":"https:\/\/libwomenstore.com\/en\/","name":"Lib Women Store","description":"Magyarorsz\u00e1g els\u0151 n\u0151kre f\u00f3kusz\u00e1l\u00f3 szexshopja, ahol az eg\u00e9szs\u00e9g ugyanolyan fontos, mint az \u00e9lvezetek.","publisher":{"@id":"https:\/\/libwomenstore.com\/en\/#organization"},"alternateName":"Lib","potentialAction":[{"@type":"SearchAction","target":{"@type":"EntryPoint","urlTemplate":"https:\/\/libwomenstore.com\/en\/?s={search_term_string}"},"query-input":{"@type":"PropertyValueSpecification","valueRequired":true,"valueName":"search_term_string"}}],"inLanguage":"en-US"},{"@type":"Organization","@id":"https:\/\/libwomenstore.com\/en\/#organization","name":"Lib Women Store","url":"https:\/\/libwomenstore.com\/en\/","logo":{"@type":"ImageObject","inLanguage":"en-US","@id":"https:\/\/libwomenstore.com\/en\/#\/schema\/logo\/image\/","url":"https:\/\/libwomenstore.com\/wp-content\/uploads\/2024\/05\/cropped-LIB-logo-A.png","contentUrl":"https:\/\/libwomenstore.com\/wp-content\/uploads\/2024\/05\/cropped-LIB-logo-A.png","width":512,"height":512,"caption":"Lib Women Store"},"image":{"@id":"https:\/\/libwomenstore.com\/en\/#\/schema\/logo\/image\/"},"sameAs":["https:\/\/www.facebook.com\/libwomenstore"]}]},"og_availability":"instock","product_availability":"instock","product_condition":"new"},"_links":{"self":[{"href":"https:\/\/libwomenstore.com\/en\/wp-json\/wp\/v2\/product\/34262","targetHints":{"allow":["GET"]}}],"collection":[{"href":"https:\/\/libwomenstore.com\/en\/wp-json\/wp\/v2\/product"}],"about":[{"href":"https:\/\/libwomenstore.com\/en\/wp-json\/wp\/v2\/types\/product"}],"replies":[{"embeddable":true,"href":"https:\/\/libwomenstore.com\/en\/wp-json\/wp\/v2\/comments?post=34262"}],"wp:featuredmedia":[{"embeddable":true,"href":"https:\/\/libwomenstore.com\/en\/wp-json\/wp\/v2\/media\/33996"}],"wp:attachment":[{"href":"https:\/\/libwomenstore.com\/en\/wp-json\/wp\/v2\/media?parent=34262"}],"wp:term":[{"taxonomy":"product_brand","embeddable":true,"href":"https:\/\/libwomenstore.com\/en\/wp-json\/wp\/v2\/product_brand?post=34262"},{"taxonomy":"product_cat","embeddable":true,"href":"https:\/\/libwomenstore.com\/en\/wp-json\/wp\/v2\/product_cat?post=34262"},{"taxonomy":"product_tag","embeddable":true,"href":"https:\/\/libwomenstore.com\/en\/wp-json\/wp\/v2\/product_tag?post=34262"}],"curies":[{"name":"wp","href":"https:\/\/api.w.org\/{rel}","templated":true}]}}