{"id":34290,"date":"2025-11-14T15:22:10","date_gmt":"2025-11-14T14:22:10","guid":{"rendered":"https:\/\/libwomenstore.com\/termek\/uncategorized\/dame-arc\/"},"modified":"2025-11-23T08:26:42","modified_gmt":"2025-11-23T07:26:42","slug":"dame-arc","status":"publish","type":"product","link":"https:\/\/libwomenstore.com\/en\/product\/g-spot\/dame-arc\/","title":{"rendered":"DAME Arc"},"content":{"rendered":"<p style=\"text-align: center;\">Arc delivers comfort, control, and power in one sculpted design. The curved tip of this G-spot vibrator hits where it matters, the handle gives you leverage, and the vibrations speak your language.<br \/>\u201cSo easy to get the hang of \u2014 now I can\u2019t imagine not having it.\u201d  <\/p>\n<p style=\"text-align: center;\">Arc\u2019s bulb has a pleasant squish with a beaked ridge for targeted vibes on the vulva or clitoris. Warm up externally, then dive in! The handle has the perfect length and shape to give you just the right angles without straining your hand or wrist. Enjoy different motions, like rocking, rotating, steady nestling, and sliding in and out.  <\/p>\n<p style=\"text-align: center;\"><strong>Tip<\/strong><\/p>\n<p style=\"text-align: center;\">Warm it up with external pampering, then let it sink into you to experience a new kind of pleasure!<\/p>\n<p style=\"text-align: center;\"><strong>Specifics<\/strong><\/p>\n<p style=\"text-align: center;\">Medical Grade Silicone<br \/>\nWaterproof<br \/>\n5 Intensity Levels<br \/>\n5 Pattern Modes<br \/>\nLength: 7.5\u201d, Bulb: 1.4\u201d wide<br \/>\nRun time: 1.5 hrs at highest settings<br \/>\nCharge Time: 2 hrs<br \/>\nIce is Magnetic USB Rechargeable, Plum is USB-C Rechargeable<br \/>\n3 Year Warranty<br \/>\nRecyclable Packaging<br \/>\nIncludes: Arc vibrator, USB-C charging cable, storage bag, and user manual<\/p>\n<p style=\"text-align: center;\"><b>Usage &amp; Cleaning<\/b><\/p>\n<p style=\"text-align: center;\">The product can be disinfected with lukewarm soapy water or cleaning agents designed for this purpose. Clean only with a lint-free cloth.<\/p>\n<p style=\"text-align: center;\">Use only with water-based lubricants!<\/p>\n","protected":false},"excerpt":{"rendered":"<p>Oprah&#8217;s favorite g-spot vibrator during the Menopause (and After)!<\/p>\n<p>Your new favorite, even if you\u2019re not new to this.<\/p>\n","protected":false},"featured_media":34284,"comment_status":"closed","ping_status":"closed","template":"","meta":{"_et_pb_use_builder":"","_et_pb_old_content":"","_et_gb_content_width":""},"product_brand":[],"product_cat":[513,342,323,554,318],"product_tag":[581,751,516,860],"class_list":{"0":"post-34290","1":"product","2":"type-product","3":"status-publish","4":"has-post-thumbnail","6":"product_cat-collabs","7":"product_cat-g-spot","8":"product_cat-lib-offer","9":"product_cat-lib-x-bliss-glass-toys-hand-crafted","10":"product_cat-vibrators","11":"product_tag-dame-en","12":"product_tag-g-spot","13":"product_tag-menopause","14":"product_tag-oprah","16":"first","17":"instock","18":"taxable","19":"shipping-taxable","20":"purchasable","21":"product-type-variable"},"yoast_head":"<!-- This site is optimized with the Yoast SEO Premium plugin v27.4 (Yoast SEO v27.4) - https:\/\/yoast.com\/product\/yoast-seo-premium-wordpress\/ -->\n<title>DAME Arc - Lib Women&#039;s Store<\/title>\n<meta name=\"description\" content=\"Oprah&#039;s favorite G-spot vibrator, the Menopause Under (and After)! The curved tip hits where it really matters, the handle gives you power, and its vibrations are for you.\" \/>\n<meta name=\"robots\" content=\"index, follow, max-snippet:-1, max-image-preview:large, max-video-preview:-1\" \/>\n<link rel=\"canonical\" href=\"https:\/\/libwomenstore.com\/en\/product\/g-spot\/dame-arc\/\" \/>\n<meta property=\"og:locale\" content=\"en_US\" \/>\n<meta property=\"og:type\" content=\"article\" \/>\n<meta property=\"og:title\" content=\"DAME Arc\" \/>\n<meta property=\"og:description\" content=\"Oprah&#039;s favorite G-spot vibrator, the Menopause Under (and After)! The curved tip hits where it really matters, the handle gives you power, and its vibrations are for you.\" \/>\n<meta property=\"og:url\" content=\"https:\/\/libwomenstore.com\/en\/product\/g-spot\/dame-arc\/\" \/>\n<meta property=\"og:site_name\" content=\"Lib Women&#039;s Store\" \/>\n<meta property=\"article:publisher\" content=\"https:\/\/www.facebook.com\/libwomenstore\" \/>\n<meta property=\"article:modified_time\" content=\"2025-11-23T07:26:42+00:00\" \/>\n<meta property=\"og:image\" content=\"https:\/\/libwomenstore.com\/wp-content\/uploads\/2025\/11\/DameARC.webp\" \/>\n\t<meta property=\"og:image:width\" content=\"900\" \/>\n\t<meta property=\"og:image:height\" content=\"900\" \/>\n\t<meta property=\"og:image:type\" content=\"image\/webp\" \/>\n<meta name=\"twitter:card\" content=\"summary_large_image\" \/>\n<meta name=\"twitter:label1\" content=\"Availability\" \/>\n\t<meta name=\"twitter:data1\" content=\"In stock\" \/>\n<script type=\"application\/ld+json\" class=\"yoast-schema-graph\">{\"@context\":\"https:\\\/\\\/schema.org\",\"@graph\":[{\"@type\":[\"WebPage\",\"ItemPage\"],\"@id\":\"https:\\\/\\\/libwomenstore.com\\\/en\\\/product\\\/g-spot\\\/dame-arc\\\/\",\"url\":\"https:\\\/\\\/libwomenstore.com\\\/en\\\/product\\\/g-spot\\\/dame-arc\\\/\",\"name\":\"DAME Arc - Lib Women&#039;s Store\",\"isPartOf\":{\"@id\":\"https:\\\/\\\/libwomenstore.com\\\/en\\\/#website\"},\"primaryImageOfPage\":{\"@id\":\"https:\\\/\\\/libwomenstore.com\\\/en\\\/product\\\/g-spot\\\/dame-arc\\\/#primaryimage\"},\"image\":{\"@id\":\"https:\\\/\\\/libwomenstore.com\\\/en\\\/product\\\/g-spot\\\/dame-arc\\\/#primaryimage\"},\"thumbnailUrl\":\"https:\\\/\\\/libwomenstore.com\\\/wp-content\\\/uploads\\\/2025\\\/11\\\/DameARC.webp\",\"datePublished\":\"2025-11-14T14:22:10+00:00\",\"dateModified\":\"2025-11-23T07:26:42+00:00\",\"description\":\"Oprah's favorite G-spot vibrator, the Menopause Under (and After)! The curved tip hits where it really matters, the handle gives you power, and its vibrations are for you.\",\"breadcrumb\":{\"@id\":\"https:\\\/\\\/libwomenstore.com\\\/en\\\/product\\\/g-spot\\\/dame-arc\\\/#breadcrumb\"},\"inLanguage\":\"en-US\",\"potentialAction\":[{\"@type\":\"ReadAction\",\"target\":[\"https:\\\/\\\/libwomenstore.com\\\/en\\\/product\\\/g-spot\\\/dame-arc\\\/\"]}]},{\"@type\":\"ImageObject\",\"inLanguage\":\"en-US\",\"@id\":\"https:\\\/\\\/libwomenstore.com\\\/en\\\/product\\\/g-spot\\\/dame-arc\\\/#primaryimage\",\"url\":\"https:\\\/\\\/libwomenstore.com\\\/wp-content\\\/uploads\\\/2025\\\/11\\\/DameARC.webp\",\"contentUrl\":\"https:\\\/\\\/libwomenstore.com\\\/wp-content\\\/uploads\\\/2025\\\/11\\\/DameARC.webp\",\"width\":900,\"height\":900,\"caption\":\"Dame Arc G-pont vibr\u00e1tor\"},{\"@type\":\"BreadcrumbList\",\"@id\":\"https:\\\/\\\/libwomenstore.com\\\/en\\\/product\\\/g-spot\\\/dame-arc\\\/#breadcrumb\",\"itemListElement\":[{\"@type\":\"ListItem\",\"position\":1,\"name\":\"Kezd\u0151lap\",\"item\":\"https:\\\/\\\/libwomenstore.com\\\/en\\\/\"},{\"@type\":\"ListItem\",\"position\":2,\"name\":\"Shop Home Page &#8211; Product categories\",\"item\":\"https:\\\/\\\/libwomenstore.com\\\/shop-kezdolap-termek-kategoriak\\\/?lang=en\"},{\"@type\":\"ListItem\",\"position\":3,\"name\":\"DAME Arc\"}]},{\"@type\":\"WebSite\",\"@id\":\"https:\\\/\\\/libwomenstore.com\\\/en\\\/#website\",\"url\":\"https:\\\/\\\/libwomenstore.com\\\/en\\\/\",\"name\":\"Lib Women Store\",\"description\":\"Magyarorsz\u00e1g els\u0151 n\u0151kre f\u00f3kusz\u00e1l\u00f3 szexshopja, ahol az eg\u00e9szs\u00e9g ugyanolyan fontos, mint az \u00e9lvezetek.\",\"publisher\":{\"@id\":\"https:\\\/\\\/libwomenstore.com\\\/en\\\/#organization\"},\"alternateName\":\"Lib\",\"potentialAction\":[{\"@type\":\"SearchAction\",\"target\":{\"@type\":\"EntryPoint\",\"urlTemplate\":\"https:\\\/\\\/libwomenstore.com\\\/en\\\/?s={search_term_string}\"},\"query-input\":{\"@type\":\"PropertyValueSpecification\",\"valueRequired\":true,\"valueName\":\"search_term_string\"}}],\"inLanguage\":\"en-US\"},{\"@type\":\"Organization\",\"@id\":\"https:\\\/\\\/libwomenstore.com\\\/en\\\/#organization\",\"name\":\"Lib Women Store\",\"url\":\"https:\\\/\\\/libwomenstore.com\\\/en\\\/\",\"logo\":{\"@type\":\"ImageObject\",\"inLanguage\":\"en-US\",\"@id\":\"https:\\\/\\\/libwomenstore.com\\\/en\\\/#\\\/schema\\\/logo\\\/image\\\/\",\"url\":\"https:\\\/\\\/libwomenstore.com\\\/wp-content\\\/uploads\\\/2024\\\/05\\\/cropped-LIB-logo-A.png\",\"contentUrl\":\"https:\\\/\\\/libwomenstore.com\\\/wp-content\\\/uploads\\\/2024\\\/05\\\/cropped-LIB-logo-A.png\",\"width\":512,\"height\":512,\"caption\":\"Lib Women Store\"},\"image\":{\"@id\":\"https:\\\/\\\/libwomenstore.com\\\/en\\\/#\\\/schema\\\/logo\\\/image\\\/\"},\"sameAs\":[\"https:\\\/\\\/www.facebook.com\\\/libwomenstore\"]}]}<\/script>\n<meta property=\"og:availability\" content=\"instock\" \/>\n<meta property=\"product:availability\" content=\"instock\" \/>\n<meta property=\"product:retailer_item_id\" content=\"LIB-DAARC\" \/>\n<meta property=\"product:condition\" content=\"new\" \/>\n<!-- \/ Yoast SEO Premium plugin. -->","yoast_head_json":{"title":"DAME Arc - Lib Women&#039;s Store","description":"Oprah's favorite G-spot vibrator, the Menopause Under (and After)! The curved tip hits where it really matters, the handle gives you power, and its vibrations are for you.","robots":{"index":"index","follow":"follow","max-snippet":"max-snippet:-1","max-image-preview":"max-image-preview:large","max-video-preview":"max-video-preview:-1"},"canonical":"https:\/\/libwomenstore.com\/en\/product\/g-spot\/dame-arc\/","og_locale":"en_US","og_type":"article","og_title":"DAME Arc","og_description":"Oprah's favorite G-spot vibrator, the Menopause Under (and After)! The curved tip hits where it really matters, the handle gives you power, and its vibrations are for you.","og_url":"https:\/\/libwomenstore.com\/en\/product\/g-spot\/dame-arc\/","og_site_name":"Lib Women&#039;s Store","article_publisher":"https:\/\/www.facebook.com\/libwomenstore","article_modified_time":"2025-11-23T07:26:42+00:00","og_image":[{"width":900,"height":900,"url":"https:\/\/libwomenstore.com\/wp-content\/uploads\/2025\/11\/DameARC.webp","type":"image\/webp"}],"twitter_card":"summary_large_image","twitter_misc":{"Availability":"In stock"},"schema":{"@context":"https:\/\/schema.org","@graph":[{"@type":["WebPage","ItemPage"],"@id":"https:\/\/libwomenstore.com\/en\/product\/g-spot\/dame-arc\/","url":"https:\/\/libwomenstore.com\/en\/product\/g-spot\/dame-arc\/","name":"DAME Arc - Lib Women&#039;s Store","isPartOf":{"@id":"https:\/\/libwomenstore.com\/en\/#website"},"primaryImageOfPage":{"@id":"https:\/\/libwomenstore.com\/en\/product\/g-spot\/dame-arc\/#primaryimage"},"image":{"@id":"https:\/\/libwomenstore.com\/en\/product\/g-spot\/dame-arc\/#primaryimage"},"thumbnailUrl":"https:\/\/libwomenstore.com\/wp-content\/uploads\/2025\/11\/DameARC.webp","datePublished":"2025-11-14T14:22:10+00:00","dateModified":"2025-11-23T07:26:42+00:00","description":"Oprah's favorite G-spot vibrator, the Menopause Under (and After)! The curved tip hits where it really matters, the handle gives you power, and its vibrations are for you.","breadcrumb":{"@id":"https:\/\/libwomenstore.com\/en\/product\/g-spot\/dame-arc\/#breadcrumb"},"inLanguage":"en-US","potentialAction":[{"@type":"ReadAction","target":["https:\/\/libwomenstore.com\/en\/product\/g-spot\/dame-arc\/"]}]},{"@type":"ImageObject","inLanguage":"en-US","@id":"https:\/\/libwomenstore.com\/en\/product\/g-spot\/dame-arc\/#primaryimage","url":"https:\/\/libwomenstore.com\/wp-content\/uploads\/2025\/11\/DameARC.webp","contentUrl":"https:\/\/libwomenstore.com\/wp-content\/uploads\/2025\/11\/DameARC.webp","width":900,"height":900,"caption":"Dame Arc G-pont vibr\u00e1tor"},{"@type":"BreadcrumbList","@id":"https:\/\/libwomenstore.com\/en\/product\/g-spot\/dame-arc\/#breadcrumb","itemListElement":[{"@type":"ListItem","position":1,"name":"Kezd\u0151lap","item":"https:\/\/libwomenstore.com\/en\/"},{"@type":"ListItem","position":2,"name":"Shop Home Page &#8211; Product categories","item":"https:\/\/libwomenstore.com\/shop-kezdolap-termek-kategoriak\/?lang=en"},{"@type":"ListItem","position":3,"name":"DAME Arc"}]},{"@type":"WebSite","@id":"https:\/\/libwomenstore.com\/en\/#website","url":"https:\/\/libwomenstore.com\/en\/","name":"Lib Women Store","description":"Magyarorsz\u00e1g els\u0151 n\u0151kre f\u00f3kusz\u00e1l\u00f3 szexshopja, ahol az eg\u00e9szs\u00e9g ugyanolyan fontos, mint az \u00e9lvezetek.","publisher":{"@id":"https:\/\/libwomenstore.com\/en\/#organization"},"alternateName":"Lib","potentialAction":[{"@type":"SearchAction","target":{"@type":"EntryPoint","urlTemplate":"https:\/\/libwomenstore.com\/en\/?s={search_term_string}"},"query-input":{"@type":"PropertyValueSpecification","valueRequired":true,"valueName":"search_term_string"}}],"inLanguage":"en-US"},{"@type":"Organization","@id":"https:\/\/libwomenstore.com\/en\/#organization","name":"Lib Women Store","url":"https:\/\/libwomenstore.com\/en\/","logo":{"@type":"ImageObject","inLanguage":"en-US","@id":"https:\/\/libwomenstore.com\/en\/#\/schema\/logo\/image\/","url":"https:\/\/libwomenstore.com\/wp-content\/uploads\/2024\/05\/cropped-LIB-logo-A.png","contentUrl":"https:\/\/libwomenstore.com\/wp-content\/uploads\/2024\/05\/cropped-LIB-logo-A.png","width":512,"height":512,"caption":"Lib Women Store"},"image":{"@id":"https:\/\/libwomenstore.com\/en\/#\/schema\/logo\/image\/"},"sameAs":["https:\/\/www.facebook.com\/libwomenstore"]}]},"og_availability":"instock","product_availability":"instock","product_retailer_item_id":"LIB-DAARC","product_condition":"new"},"_links":{"self":[{"href":"https:\/\/libwomenstore.com\/en\/wp-json\/wp\/v2\/product\/34290","targetHints":{"allow":["GET"]}}],"collection":[{"href":"https:\/\/libwomenstore.com\/en\/wp-json\/wp\/v2\/product"}],"about":[{"href":"https:\/\/libwomenstore.com\/en\/wp-json\/wp\/v2\/types\/product"}],"replies":[{"embeddable":true,"href":"https:\/\/libwomenstore.com\/en\/wp-json\/wp\/v2\/comments?post=34290"}],"wp:featuredmedia":[{"embeddable":true,"href":"https:\/\/libwomenstore.com\/en\/wp-json\/wp\/v2\/media\/34284"}],"wp:attachment":[{"href":"https:\/\/libwomenstore.com\/en\/wp-json\/wp\/v2\/media?parent=34290"}],"wp:term":[{"taxonomy":"product_brand","embeddable":true,"href":"https:\/\/libwomenstore.com\/en\/wp-json\/wp\/v2\/product_brand?post=34290"},{"taxonomy":"product_cat","embeddable":true,"href":"https:\/\/libwomenstore.com\/en\/wp-json\/wp\/v2\/product_cat?post=34290"},{"taxonomy":"product_tag","embeddable":true,"href":"https:\/\/libwomenstore.com\/en\/wp-json\/wp\/v2\/product_tag?post=34290"}],"curies":[{"name":"wp","href":"https:\/\/api.w.org\/{rel}","templated":true}]}}