{"id":34824,"date":"2026-02-14T20:25:09","date_gmt":"2026-02-14T19:25:09","guid":{"rendered":"https:\/\/libwomenstore.com\/?post_type=product&#038;p=34824"},"modified":"2026-04-16T18:00:40","modified_gmt":"2026-04-16T16:00:40","slug":"bliss-uveg-anal-plug-kozepes","status":"publish","type":"product","link":"https:\/\/libwomenstore.com\/en\/product\/anal-toys\/bliss-uveg-anal-plug-kozepes\/","title":{"rendered":"BLISS \u00dcveg An\u00e1l Plug &#8211; K\u00f6zepes"},"content":{"rendered":"<p>&nbsp;<\/p>\n<p>&nbsp;<\/p>\n<p style=\"text-align: center;\">!!! NE tedd lobog\u00f3 v\u00edzbe, mikr\u00f3ba, s\u00fct\u0151be vagy fagyaszt\u00f3ba! A j\u00e1t\u00e9kot a csapban foly\u00f3 v\u00edz alatt h\u0171tsd vagy meleg\u00edtsd fel !!!<\/p>\n","protected":false},"excerpt":{"rendered":"<p>Klasszikus kialak\u00edt\u00e1s\u00fa, hipoallerg\u00e9n b\u00f3r-szilik\u00e1t \u00fcvegb\u0151l k\u00e9zzel k\u00e9sz\u00edtett, sima fel\u00fclet\u0171 fen\u00e9kdug\u00f3. Uniszex, f\u00e9rfiaknak \u00e9s n\u0151knek egyar\u00e1nt aj\u00e1nlott. A term\u00e9k nem por\u00f3zus, leh\u0171thet\u0151 \u00e9s meleg\u00edthet\u0151 is.<\/p>\n<p>Extra er\u0151s \u00e9s tart\u00f3s, antiallerg\u00e9n \u00e9s nagyon higi\u00e9nikus &#8211; nagyon k\u00f6nnyen tiszt\u00edthat\u00f3.<\/p>\n<p>M\u00e9ret: <span style=\"font-weight: 400;\">9 x 3,3 cm<\/span><\/p>\n","protected":false},"featured_media":34827,"comment_status":"closed","ping_status":"closed","template":"","meta":{"_et_pb_use_builder":"","_et_pb_old_content":"","_et_gb_content_width":""},"product_brand":[785],"product_cat":[181,831,414,546],"product_tag":[740,541,877,876,540],"class_list":{"0":"post-34824","1":"product","2":"type-product","3":"status-publish","4":"has-post-thumbnail","6":"product_brand-bliss","7":"product_cat-analis-jatekok-vibrator-plug","8":"product_cat-lib-x-bliss-uveg-szex-jatekok-dildo","9":"product_cat-magyar-markak","10":"product_cat-minden-marka","11":"product_tag-anal","12":"product_tag-bliss","13":"product_tag-dugo","14":"product_tag-plug","15":"product_tag-uveg","17":"first","18":"outofstock","19":"taxable","20":"shipping-taxable","21":"purchasable","22":"product-type-simple"},"yoast_head":"<!-- This site is optimized with the Yoast SEO Premium plugin v27.4 (Yoast SEO v27.4) - https:\/\/yoast.com\/product\/yoast-seo-premium-wordpress\/ -->\n<title>BLISS \u00dcveg An\u00e1l Plug - K\u00f6zepes - Lib Women&#039;s Store<\/title>\n<meta name=\"description\" content=\"Klasszikus kialak\u00edt\u00e1s\u00fa, hipoallerg\u00e9n b\u00f3r-szilik\u00e1t \u00fcvegb\u0151l k\u00e9zzel k\u00e9sz\u00edtett, egyedi, sima fel\u00fclet\u0171 extra er\u0151s, hipoallerg\u00e9n fen\u00e9kdug\u00f3.\" \/>\n<meta name=\"robots\" content=\"index, follow, max-snippet:-1, max-image-preview:large, max-video-preview:-1\" \/>\n<link rel=\"canonical\" href=\"https:\/\/libwomenstore.com\/en\/product\/anal-toys\/bliss-uveg-anal-plug-kozepes\/\" \/>\n<meta property=\"og:locale\" content=\"en_US\" \/>\n<meta property=\"og:type\" content=\"article\" \/>\n<meta property=\"og:title\" content=\"BLISS \u00dcveg An\u00e1l Plug - K\u00f6zepes\" \/>\n<meta property=\"og:description\" content=\"Klasszikus kialak\u00edt\u00e1s\u00fa, hipoallerg\u00e9n b\u00f3r-szilik\u00e1t \u00fcvegb\u0151l k\u00e9zzel k\u00e9sz\u00edtett, egyedi, sima fel\u00fclet\u0171 extra er\u0151s, hipoallerg\u00e9n fen\u00e9kdug\u00f3.\" \/>\n<meta property=\"og:url\" content=\"https:\/\/libwomenstore.com\/en\/product\/anal-toys\/bliss-uveg-anal-plug-kozepes\/\" \/>\n<meta property=\"og:site_name\" content=\"Lib Women&#039;s Store\" \/>\n<meta property=\"article:publisher\" content=\"https:\/\/www.facebook.com\/libwomenstore\" \/>\n<meta property=\"article:modified_time\" content=\"2026-04-16T16:00:40+00:00\" \/>\n<meta property=\"og:image\" content=\"https:\/\/libwomenstore.com\/wp-content\/uploads\/2026\/02\/plug05_m9_s3.3.jpg\" \/>\n\t<meta property=\"og:image:width\" content=\"2752\" \/>\n\t<meta property=\"og:image:height\" content=\"2753\" \/>\n\t<meta property=\"og:image:type\" content=\"image\/jpeg\" \/>\n<meta name=\"twitter:card\" content=\"summary_large_image\" \/>\n<meta name=\"twitter:label1\" content=\"Price\" \/>\n\t<meta name=\"twitter:data1\" content=\"20.000&#070;&#116;\" \/>\n\t<meta name=\"twitter:label2\" content=\"Availability\" \/>\n\t<meta name=\"twitter:data2\" content=\"Out of stock\" \/>\n<script type=\"application\/ld+json\" class=\"yoast-schema-graph\">{\"@context\":\"https:\\\/\\\/schema.org\",\"@graph\":[{\"@type\":[\"WebPage\",\"ItemPage\"],\"@id\":\"https:\\\/\\\/libwomenstore.com\\\/en\\\/product\\\/anal-toys\\\/bliss-uveg-anal-plug-kozepes\\\/\",\"url\":\"https:\\\/\\\/libwomenstore.com\\\/en\\\/product\\\/anal-toys\\\/bliss-uveg-anal-plug-kozepes\\\/\",\"name\":\"BLISS \u00dcveg An\u00e1l Plug - K\u00f6zepes - Lib Women&#039;s Store\",\"isPartOf\":{\"@id\":\"https:\\\/\\\/libwomenstore.com\\\/en\\\/#website\"},\"primaryImageOfPage\":{\"@id\":\"https:\\\/\\\/libwomenstore.com\\\/en\\\/product\\\/anal-toys\\\/bliss-uveg-anal-plug-kozepes\\\/#primaryimage\"},\"image\":{\"@id\":\"https:\\\/\\\/libwomenstore.com\\\/en\\\/product\\\/anal-toys\\\/bliss-uveg-anal-plug-kozepes\\\/#primaryimage\"},\"thumbnailUrl\":\"https:\\\/\\\/libwomenstore.com\\\/wp-content\\\/uploads\\\/2026\\\/02\\\/plug05_m9_s3.3.jpg\",\"datePublished\":\"2026-02-14T19:25:09+00:00\",\"dateModified\":\"2026-04-16T16:00:40+00:00\",\"description\":\"Klasszikus kialak\u00edt\u00e1s\u00fa, hipoallerg\u00e9n b\u00f3r-szilik\u00e1t \u00fcvegb\u0151l k\u00e9zzel k\u00e9sz\u00edtett, egyedi, sima fel\u00fclet\u0171 extra er\u0151s, hipoallerg\u00e9n fen\u00e9kdug\u00f3.\",\"breadcrumb\":{\"@id\":\"https:\\\/\\\/libwomenstore.com\\\/en\\\/product\\\/anal-toys\\\/bliss-uveg-anal-plug-kozepes\\\/#breadcrumb\"},\"inLanguage\":\"en-US\",\"potentialAction\":[{\"@type\":\"ReadAction\",\"target\":[\"https:\\\/\\\/libwomenstore.com\\\/en\\\/product\\\/anal-toys\\\/bliss-uveg-anal-plug-kozepes\\\/\"]}]},{\"@type\":\"ImageObject\",\"inLanguage\":\"en-US\",\"@id\":\"https:\\\/\\\/libwomenstore.com\\\/en\\\/product\\\/anal-toys\\\/bliss-uveg-anal-plug-kozepes\\\/#primaryimage\",\"url\":\"https:\\\/\\\/libwomenstore.com\\\/wp-content\\\/uploads\\\/2026\\\/02\\\/plug05_m9_s3.3.jpg\",\"contentUrl\":\"https:\\\/\\\/libwomenstore.com\\\/wp-content\\\/uploads\\\/2026\\\/02\\\/plug05_m9_s3.3.jpg\",\"width\":2752,\"height\":2753},{\"@type\":\"BreadcrumbList\",\"@id\":\"https:\\\/\\\/libwomenstore.com\\\/en\\\/product\\\/anal-toys\\\/bliss-uveg-anal-plug-kozepes\\\/#breadcrumb\",\"itemListElement\":[{\"@type\":\"ListItem\",\"position\":1,\"name\":\"Kezd\u0151lap\",\"item\":\"https:\\\/\\\/libwomenstore.com\\\/en\\\/\"},{\"@type\":\"ListItem\",\"position\":2,\"name\":\"Shop Home Page &#8211; Product categories\",\"item\":\"https:\\\/\\\/libwomenstore.com\\\/shop-kezdolap-termek-kategoriak\\\/?lang=en\"},{\"@type\":\"ListItem\",\"position\":3,\"name\":\"BLISS \u00dcveg An\u00e1l Plug &#8211; K\u00f6zepes\"}]},{\"@type\":\"WebSite\",\"@id\":\"https:\\\/\\\/libwomenstore.com\\\/en\\\/#website\",\"url\":\"https:\\\/\\\/libwomenstore.com\\\/en\\\/\",\"name\":\"Lib Women Store\",\"description\":\"Magyarorsz\u00e1g els\u0151 n\u0151kre f\u00f3kusz\u00e1l\u00f3 szexshopja, ahol az eg\u00e9szs\u00e9g ugyanolyan fontos, mint az \u00e9lvezetek.\",\"publisher\":{\"@id\":\"https:\\\/\\\/libwomenstore.com\\\/en\\\/#organization\"},\"alternateName\":\"Lib\",\"potentialAction\":[{\"@type\":\"SearchAction\",\"target\":{\"@type\":\"EntryPoint\",\"urlTemplate\":\"https:\\\/\\\/libwomenstore.com\\\/en\\\/?s={search_term_string}\"},\"query-input\":{\"@type\":\"PropertyValueSpecification\",\"valueRequired\":true,\"valueName\":\"search_term_string\"}}],\"inLanguage\":\"en-US\"},{\"@type\":\"Organization\",\"@id\":\"https:\\\/\\\/libwomenstore.com\\\/en\\\/#organization\",\"name\":\"Lib Women Store\",\"url\":\"https:\\\/\\\/libwomenstore.com\\\/en\\\/\",\"logo\":{\"@type\":\"ImageObject\",\"inLanguage\":\"en-US\",\"@id\":\"https:\\\/\\\/libwomenstore.com\\\/en\\\/#\\\/schema\\\/logo\\\/image\\\/\",\"url\":\"https:\\\/\\\/libwomenstore.com\\\/wp-content\\\/uploads\\\/2024\\\/05\\\/cropped-LIB-logo-A.png\",\"contentUrl\":\"https:\\\/\\\/libwomenstore.com\\\/wp-content\\\/uploads\\\/2024\\\/05\\\/cropped-LIB-logo-A.png\",\"width\":512,\"height\":512,\"caption\":\"Lib Women Store\"},\"image\":{\"@id\":\"https:\\\/\\\/libwomenstore.com\\\/en\\\/#\\\/schema\\\/logo\\\/image\\\/\"},\"sameAs\":[\"https:\\\/\\\/www.facebook.com\\\/libwomenstore\"]}]}<\/script>\n<meta property=\"product:price:amount\" content=\"20000\" \/>\n<meta property=\"product:price:currency\" content=\"HUF\" \/>\n<meta property=\"og:availability\" content=\"out of stock\" \/>\n<meta property=\"product:availability\" content=\"out of stock\" \/>\n<meta property=\"product:condition\" content=\"new\" \/>\n<!-- \/ Yoast SEO Premium plugin. -->","yoast_head_json":{"title":"BLISS \u00dcveg An\u00e1l Plug - K\u00f6zepes - Lib Women&#039;s Store","description":"Klasszikus kialak\u00edt\u00e1s\u00fa, hipoallerg\u00e9n b\u00f3r-szilik\u00e1t \u00fcvegb\u0151l k\u00e9zzel k\u00e9sz\u00edtett, egyedi, sima fel\u00fclet\u0171 extra er\u0151s, hipoallerg\u00e9n fen\u00e9kdug\u00f3.","robots":{"index":"index","follow":"follow","max-snippet":"max-snippet:-1","max-image-preview":"max-image-preview:large","max-video-preview":"max-video-preview:-1"},"canonical":"https:\/\/libwomenstore.com\/en\/product\/anal-toys\/bliss-uveg-anal-plug-kozepes\/","og_locale":"en_US","og_type":"article","og_title":"BLISS \u00dcveg An\u00e1l Plug - K\u00f6zepes","og_description":"Klasszikus kialak\u00edt\u00e1s\u00fa, hipoallerg\u00e9n b\u00f3r-szilik\u00e1t \u00fcvegb\u0151l k\u00e9zzel k\u00e9sz\u00edtett, egyedi, sima fel\u00fclet\u0171 extra er\u0151s, hipoallerg\u00e9n fen\u00e9kdug\u00f3.","og_url":"https:\/\/libwomenstore.com\/en\/product\/anal-toys\/bliss-uveg-anal-plug-kozepes\/","og_site_name":"Lib Women&#039;s Store","article_publisher":"https:\/\/www.facebook.com\/libwomenstore","article_modified_time":"2026-04-16T16:00:40+00:00","og_image":[{"width":2752,"height":2753,"url":"https:\/\/libwomenstore.com\/wp-content\/uploads\/2026\/02\/plug05_m9_s3.3.jpg","type":"image\/jpeg"}],"twitter_card":"summary_large_image","twitter_misc":{"Price":"20.000&#70;&#116;","Availability":"Out of stock"},"schema":{"@context":"https:\/\/schema.org","@graph":[{"@type":["WebPage","ItemPage"],"@id":"https:\/\/libwomenstore.com\/en\/product\/anal-toys\/bliss-uveg-anal-plug-kozepes\/","url":"https:\/\/libwomenstore.com\/en\/product\/anal-toys\/bliss-uveg-anal-plug-kozepes\/","name":"BLISS \u00dcveg An\u00e1l Plug - K\u00f6zepes - Lib Women&#039;s Store","isPartOf":{"@id":"https:\/\/libwomenstore.com\/en\/#website"},"primaryImageOfPage":{"@id":"https:\/\/libwomenstore.com\/en\/product\/anal-toys\/bliss-uveg-anal-plug-kozepes\/#primaryimage"},"image":{"@id":"https:\/\/libwomenstore.com\/en\/product\/anal-toys\/bliss-uveg-anal-plug-kozepes\/#primaryimage"},"thumbnailUrl":"https:\/\/libwomenstore.com\/wp-content\/uploads\/2026\/02\/plug05_m9_s3.3.jpg","datePublished":"2026-02-14T19:25:09+00:00","dateModified":"2026-04-16T16:00:40+00:00","description":"Klasszikus kialak\u00edt\u00e1s\u00fa, hipoallerg\u00e9n b\u00f3r-szilik\u00e1t \u00fcvegb\u0151l k\u00e9zzel k\u00e9sz\u00edtett, egyedi, sima fel\u00fclet\u0171 extra er\u0151s, hipoallerg\u00e9n fen\u00e9kdug\u00f3.","breadcrumb":{"@id":"https:\/\/libwomenstore.com\/en\/product\/anal-toys\/bliss-uveg-anal-plug-kozepes\/#breadcrumb"},"inLanguage":"en-US","potentialAction":[{"@type":"ReadAction","target":["https:\/\/libwomenstore.com\/en\/product\/anal-toys\/bliss-uveg-anal-plug-kozepes\/"]}]},{"@type":"ImageObject","inLanguage":"en-US","@id":"https:\/\/libwomenstore.com\/en\/product\/anal-toys\/bliss-uveg-anal-plug-kozepes\/#primaryimage","url":"https:\/\/libwomenstore.com\/wp-content\/uploads\/2026\/02\/plug05_m9_s3.3.jpg","contentUrl":"https:\/\/libwomenstore.com\/wp-content\/uploads\/2026\/02\/plug05_m9_s3.3.jpg","width":2752,"height":2753},{"@type":"BreadcrumbList","@id":"https:\/\/libwomenstore.com\/en\/product\/anal-toys\/bliss-uveg-anal-plug-kozepes\/#breadcrumb","itemListElement":[{"@type":"ListItem","position":1,"name":"Kezd\u0151lap","item":"https:\/\/libwomenstore.com\/en\/"},{"@type":"ListItem","position":2,"name":"Shop Home Page &#8211; Product categories","item":"https:\/\/libwomenstore.com\/shop-kezdolap-termek-kategoriak\/?lang=en"},{"@type":"ListItem","position":3,"name":"BLISS \u00dcveg An\u00e1l Plug &#8211; K\u00f6zepes"}]},{"@type":"WebSite","@id":"https:\/\/libwomenstore.com\/en\/#website","url":"https:\/\/libwomenstore.com\/en\/","name":"Lib Women Store","description":"Magyarorsz\u00e1g els\u0151 n\u0151kre f\u00f3kusz\u00e1l\u00f3 szexshopja, ahol az eg\u00e9szs\u00e9g ugyanolyan fontos, mint az \u00e9lvezetek.","publisher":{"@id":"https:\/\/libwomenstore.com\/en\/#organization"},"alternateName":"Lib","potentialAction":[{"@type":"SearchAction","target":{"@type":"EntryPoint","urlTemplate":"https:\/\/libwomenstore.com\/en\/?s={search_term_string}"},"query-input":{"@type":"PropertyValueSpecification","valueRequired":true,"valueName":"search_term_string"}}],"inLanguage":"en-US"},{"@type":"Organization","@id":"https:\/\/libwomenstore.com\/en\/#organization","name":"Lib Women Store","url":"https:\/\/libwomenstore.com\/en\/","logo":{"@type":"ImageObject","inLanguage":"en-US","@id":"https:\/\/libwomenstore.com\/en\/#\/schema\/logo\/image\/","url":"https:\/\/libwomenstore.com\/wp-content\/uploads\/2024\/05\/cropped-LIB-logo-A.png","contentUrl":"https:\/\/libwomenstore.com\/wp-content\/uploads\/2024\/05\/cropped-LIB-logo-A.png","width":512,"height":512,"caption":"Lib Women Store"},"image":{"@id":"https:\/\/libwomenstore.com\/en\/#\/schema\/logo\/image\/"},"sameAs":["https:\/\/www.facebook.com\/libwomenstore"]}]},"product_price_amount":"20000","product_price_currency":"HUF","og_availability":"out of stock","product_availability":"out of stock","product_condition":"new"},"_links":{"self":[{"href":"https:\/\/libwomenstore.com\/en\/wp-json\/wp\/v2\/product\/34824","targetHints":{"allow":["GET"]}}],"collection":[{"href":"https:\/\/libwomenstore.com\/en\/wp-json\/wp\/v2\/product"}],"about":[{"href":"https:\/\/libwomenstore.com\/en\/wp-json\/wp\/v2\/types\/product"}],"replies":[{"embeddable":true,"href":"https:\/\/libwomenstore.com\/en\/wp-json\/wp\/v2\/comments?post=34824"}],"wp:featuredmedia":[{"embeddable":true,"href":"https:\/\/libwomenstore.com\/en\/wp-json\/wp\/v2\/media\/34827"}],"wp:attachment":[{"href":"https:\/\/libwomenstore.com\/en\/wp-json\/wp\/v2\/media?parent=34824"}],"wp:term":[{"taxonomy":"product_brand","embeddable":true,"href":"https:\/\/libwomenstore.com\/en\/wp-json\/wp\/v2\/product_brand?post=34824"},{"taxonomy":"product_cat","embeddable":true,"href":"https:\/\/libwomenstore.com\/en\/wp-json\/wp\/v2\/product_cat?post=34824"},{"taxonomy":"product_tag","embeddable":true,"href":"https:\/\/libwomenstore.com\/en\/wp-json\/wp\/v2\/product_tag?post=34824"}],"curies":[{"name":"wp","href":"https:\/\/api.w.org\/{rel}","templated":true}]}}