{"id":34957,"date":"2026-03-30T13:04:59","date_gmt":"2026-03-30T11:04:59","guid":{"rendered":"https:\/\/libwomenstore.com\/?post_type=product&#038;p=34957"},"modified":"2026-03-30T13:56:50","modified_gmt":"2026-03-30T11:56:50","slug":"emojibator-pickle-masolat","status":"publish","type":"product","link":"https:\/\/libwomenstore.com\/en\/product\/classic\/emojibator-pickle-masolat\/","title":{"rendered":"EMOJIBATOR Pickle (m\u00e1solat)"},"content":{"rendered":"<p style=\"text-align: center;\">Calling all pickle fanatics! Our Pickle Emojibator will quickly become your new favorite &#8220;dill-do.&#8221; This adorable toy has 10 vibration patterns in a waterproof and textured design that is safe for bath and shower play. This frisky little pickle is sure to tickle you in all the right ways.  <\/p>\n<h6 style=\"text-align: center;\">Tip<\/h6>\n<p style=\"text-align: center;\">A Pickle a day keeps the doctor away!<\/p>\n<h6 style=\"text-align: center;\">Features<\/h6>\n<p style=\"text-align: center;\">10 vibration settings that always hit the spot<br \/>\nUSB rechargeable<br \/>\nWaterproof for bath &amp; shower play (IPX7)<br \/>\nSuper-soft material<br \/>\nEasy to clean<br \/>\nTravel friendly<br \/>\n3-year warranty<br \/>\nSilk storage bag included<br \/>A healthy serving of vitamin D<\/p>\n<p style=\"text-align: center;\">Material:<\/p>\n<p style=\"text-align: center;\">Medical-grade silicone<br \/>\nBody-safe<br \/>\nSuper-soft silky feel<\/p>\n<p style=\"text-align: center;\">Size:<\/p>\n<p style=\"text-align: center;\">4.80-inch length x 1.2-inch diameter<br \/>Bullet style<\/p>\n<h6 style=\"text-align: center;\">Usage &amp; Cleaning<\/h6>\n<p style=\"text-align: center;\">For personal use only. Do not use it with oil or silicone based lubes. Clean before of after use with soap and water or water-based sex toy cleaner. Not intended for anal insertion. Do not allow inside circuit to make direct contact with water.    <\/p>\n","protected":false},"excerpt":{"rendered":"<p>Pickle season is on!<\/p>\n<p>Get your favorite snack in vibrator form!!<\/p>\n","protected":false},"featured_media":34970,"comment_status":"closed","ping_status":"closed","template":"","meta":{"_et_pb_use_builder":"","_et_pb_old_content":"","_et_gb_content_width":""},"product_brand":[],"product_cat":[347,513,323,554,318],"product_tag":[742,872,493,873,874,875,492,703],"class_list":{"0":"post-34957","1":"product","2":"type-product","3":"status-publish","4":"has-post-thumbnail","6":"product_cat-classic","7":"product_cat-collabs","8":"product_cat-lib-offer","9":"product_cat-lib-x-bliss-glass-toys-hand-crafted","10":"product_cat-vibrators","11":"product_tag-beginner-en","12":"product_tag-bullet","13":"product_tag-classic","14":"product_tag-emojibator","15":"product_tag-pickle","16":"product_tag-rechargable","17":"product_tag-vibrator-en","18":"product_tag-waterproof","20":"first","21":"instock","22":"taxable","23":"shipping-taxable","24":"purchasable","25":"product-type-simple"},"yoast_head":"<!-- This site is optimized with the Yoast SEO Premium plugin v27.4 (Yoast SEO v27.4) - https:\/\/yoast.com\/product\/yoast-seo-premium-wordpress\/ -->\n<title>EMOJIBATOR Pickle (m\u00e1solat) - Lib Women&#039;s Store<\/title>\n<meta name=\"description\" content=\"Emojibator is a fun, colorful, affordable product range in the shape of vegetables and fruits for beginners and advanced users. Try Ubi yourself!\" \/>\n<meta name=\"robots\" content=\"index, follow, max-snippet:-1, max-image-preview:large, max-video-preview:-1\" \/>\n<link rel=\"canonical\" href=\"https:\/\/libwomenstore.com\/en\/product\/classic\/emojibator-pickle-masolat\/\" \/>\n<meta property=\"og:locale\" content=\"en_US\" \/>\n<meta property=\"og:type\" content=\"article\" \/>\n<meta property=\"og:title\" content=\"EMOJIBATOR Pickle (m\u00e1solat)\" \/>\n<meta property=\"og:description\" content=\"Emojibator is a fun, colorful, affordable product range in the shape of vegetables and fruits for beginners and advanced users. Try Ubi yourself!\" \/>\n<meta property=\"og:url\" content=\"https:\/\/libwomenstore.com\/en\/product\/classic\/emojibator-pickle-masolat\/\" \/>\n<meta property=\"og:site_name\" content=\"Lib Women&#039;s Store\" \/>\n<meta property=\"article:publisher\" content=\"https:\/\/www.facebook.com\/libwomenstore\" \/>\n<meta property=\"article:modified_time\" content=\"2026-03-30T11:56:50+00:00\" \/>\n<meta property=\"og:image\" content=\"https:\/\/libwomenstore.com\/wp-content\/uploads\/2024\/12\/bolt_1200x675.png\" \/>\n\t<meta property=\"og:image:width\" content=\"1200\" \/>\n\t<meta property=\"og:image:height\" content=\"675\" \/>\n\t<meta property=\"og:image:type\" content=\"image\/png\" \/>\n<meta name=\"twitter:card\" content=\"summary_large_image\" \/>\n<meta name=\"twitter:label1\" content=\"Price\" \/>\n\t<meta name=\"twitter:data1\" content=\"9.700&#070;&#116;\" \/>\n\t<meta name=\"twitter:label2\" content=\"Availability\" \/>\n\t<meta name=\"twitter:data2\" content=\"In stock\" \/>\n<script type=\"application\/ld+json\" class=\"yoast-schema-graph\">{\"@context\":\"https:\\\/\\\/schema.org\",\"@graph\":[{\"@type\":[\"WebPage\",\"ItemPage\"],\"@id\":\"https:\\\/\\\/libwomenstore.com\\\/en\\\/product\\\/classic\\\/emojibator-pickle-masolat\\\/\",\"url\":\"https:\\\/\\\/libwomenstore.com\\\/en\\\/product\\\/classic\\\/emojibator-pickle-masolat\\\/\",\"name\":\"EMOJIBATOR Pickle (m\u00e1solat) - Lib Women&#039;s Store\",\"isPartOf\":{\"@id\":\"https:\\\/\\\/libwomenstore.com\\\/en\\\/#website\"},\"primaryImageOfPage\":{\"@id\":\"https:\\\/\\\/libwomenstore.com\\\/en\\\/product\\\/classic\\\/emojibator-pickle-masolat\\\/#primaryimage\"},\"image\":{\"@id\":\"https:\\\/\\\/libwomenstore.com\\\/en\\\/product\\\/classic\\\/emojibator-pickle-masolat\\\/#primaryimage\"},\"thumbnailUrl\":\"https:\\\/\\\/libwomenstore.com\\\/wp-content\\\/uploads\\\/2026\\\/03\\\/emojibator-eggplant3.webp\",\"datePublished\":\"2026-03-30T11:04:59+00:00\",\"dateModified\":\"2026-03-30T11:56:50+00:00\",\"description\":\"Emojibator is a fun, colorful, affordable product range in the shape of vegetables and fruits for beginners and advanced users. Try Ubi yourself!\",\"breadcrumb\":{\"@id\":\"https:\\\/\\\/libwomenstore.com\\\/en\\\/product\\\/classic\\\/emojibator-pickle-masolat\\\/#breadcrumb\"},\"inLanguage\":\"en-US\",\"potentialAction\":[{\"@type\":\"ReadAction\",\"target\":[\"https:\\\/\\\/libwomenstore.com\\\/en\\\/product\\\/classic\\\/emojibator-pickle-masolat\\\/\"]}]},{\"@type\":\"ImageObject\",\"inLanguage\":\"en-US\",\"@id\":\"https:\\\/\\\/libwomenstore.com\\\/en\\\/product\\\/classic\\\/emojibator-pickle-masolat\\\/#primaryimage\",\"url\":\"https:\\\/\\\/libwomenstore.com\\\/wp-content\\\/uploads\\\/2026\\\/03\\\/emojibator-eggplant3.webp\",\"contentUrl\":\"https:\\\/\\\/libwomenstore.com\\\/wp-content\\\/uploads\\\/2026\\\/03\\\/emojibator-eggplant3.webp\",\"width\":1100,\"height\":1100},{\"@type\":\"BreadcrumbList\",\"@id\":\"https:\\\/\\\/libwomenstore.com\\\/en\\\/product\\\/classic\\\/emojibator-pickle-masolat\\\/#breadcrumb\",\"itemListElement\":[{\"@type\":\"ListItem\",\"position\":1,\"name\":\"Kezd\u0151lap\",\"item\":\"https:\\\/\\\/libwomenstore.com\\\/en\\\/\"},{\"@type\":\"ListItem\",\"position\":2,\"name\":\"Shop Home Page &#8211; Product categories\",\"item\":\"https:\\\/\\\/libwomenstore.com\\\/shop-kezdolap-termek-kategoriak\\\/?lang=en\"},{\"@type\":\"ListItem\",\"position\":3,\"name\":\"EMOJIBATOR Pickle (m\u00e1solat)\"}]},{\"@type\":\"WebSite\",\"@id\":\"https:\\\/\\\/libwomenstore.com\\\/en\\\/#website\",\"url\":\"https:\\\/\\\/libwomenstore.com\\\/en\\\/\",\"name\":\"Lib Women Store\",\"description\":\"Magyarorsz\u00e1g els\u0151 n\u0151kre f\u00f3kusz\u00e1l\u00f3 szexshopja, ahol az eg\u00e9szs\u00e9g ugyanolyan fontos, mint az \u00e9lvezetek.\",\"publisher\":{\"@id\":\"https:\\\/\\\/libwomenstore.com\\\/en\\\/#organization\"},\"alternateName\":\"Lib\",\"potentialAction\":[{\"@type\":\"SearchAction\",\"target\":{\"@type\":\"EntryPoint\",\"urlTemplate\":\"https:\\\/\\\/libwomenstore.com\\\/en\\\/?s={search_term_string}\"},\"query-input\":{\"@type\":\"PropertyValueSpecification\",\"valueRequired\":true,\"valueName\":\"search_term_string\"}}],\"inLanguage\":\"en-US\"},{\"@type\":\"Organization\",\"@id\":\"https:\\\/\\\/libwomenstore.com\\\/en\\\/#organization\",\"name\":\"Lib Women Store\",\"url\":\"https:\\\/\\\/libwomenstore.com\\\/en\\\/\",\"logo\":{\"@type\":\"ImageObject\",\"inLanguage\":\"en-US\",\"@id\":\"https:\\\/\\\/libwomenstore.com\\\/en\\\/#\\\/schema\\\/logo\\\/image\\\/\",\"url\":\"https:\\\/\\\/libwomenstore.com\\\/wp-content\\\/uploads\\\/2024\\\/05\\\/cropped-LIB-logo-A.png\",\"contentUrl\":\"https:\\\/\\\/libwomenstore.com\\\/wp-content\\\/uploads\\\/2024\\\/05\\\/cropped-LIB-logo-A.png\",\"width\":512,\"height\":512,\"caption\":\"Lib Women Store\"},\"image\":{\"@id\":\"https:\\\/\\\/libwomenstore.com\\\/en\\\/#\\\/schema\\\/logo\\\/image\\\/\"},\"sameAs\":[\"https:\\\/\\\/www.facebook.com\\\/libwomenstore\"]}]}<\/script>\n<meta property=\"product:price:amount\" content=\"9700\" \/>\n<meta property=\"product:price:currency\" content=\"HUF\" \/>\n<meta property=\"og:availability\" content=\"instock\" \/>\n<meta property=\"product:availability\" content=\"instock\" \/>\n<meta property=\"product:condition\" content=\"new\" \/>\n<!-- \/ Yoast SEO Premium plugin. -->","yoast_head_json":{"title":"EMOJIBATOR Pickle (m\u00e1solat) - Lib Women&#039;s Store","description":"Emojibator is a fun, colorful, affordable product range in the shape of vegetables and fruits for beginners and advanced users. Try Ubi yourself!","robots":{"index":"index","follow":"follow","max-snippet":"max-snippet:-1","max-image-preview":"max-image-preview:large","max-video-preview":"max-video-preview:-1"},"canonical":"https:\/\/libwomenstore.com\/en\/product\/classic\/emojibator-pickle-masolat\/","og_locale":"en_US","og_type":"article","og_title":"EMOJIBATOR Pickle (m\u00e1solat)","og_description":"Emojibator is a fun, colorful, affordable product range in the shape of vegetables and fruits for beginners and advanced users. Try Ubi yourself!","og_url":"https:\/\/libwomenstore.com\/en\/product\/classic\/emojibator-pickle-masolat\/","og_site_name":"Lib Women&#039;s Store","article_publisher":"https:\/\/www.facebook.com\/libwomenstore","article_modified_time":"2026-03-30T11:56:50+00:00","og_image":[{"width":1200,"height":675,"url":"https:\/\/libwomenstore.com\/wp-content\/uploads\/2024\/12\/bolt_1200x675.png","type":"image\/png"}],"twitter_card":"summary_large_image","twitter_misc":{"Price":"9.700&#70;&#116;","Availability":"In stock"},"schema":{"@context":"https:\/\/schema.org","@graph":[{"@type":["WebPage","ItemPage"],"@id":"https:\/\/libwomenstore.com\/en\/product\/classic\/emojibator-pickle-masolat\/","url":"https:\/\/libwomenstore.com\/en\/product\/classic\/emojibator-pickle-masolat\/","name":"EMOJIBATOR Pickle (m\u00e1solat) - Lib Women&#039;s Store","isPartOf":{"@id":"https:\/\/libwomenstore.com\/en\/#website"},"primaryImageOfPage":{"@id":"https:\/\/libwomenstore.com\/en\/product\/classic\/emojibator-pickle-masolat\/#primaryimage"},"image":{"@id":"https:\/\/libwomenstore.com\/en\/product\/classic\/emojibator-pickle-masolat\/#primaryimage"},"thumbnailUrl":"https:\/\/libwomenstore.com\/wp-content\/uploads\/2026\/03\/emojibator-eggplant3.webp","datePublished":"2026-03-30T11:04:59+00:00","dateModified":"2026-03-30T11:56:50+00:00","description":"Emojibator is a fun, colorful, affordable product range in the shape of vegetables and fruits for beginners and advanced users. Try Ubi yourself!","breadcrumb":{"@id":"https:\/\/libwomenstore.com\/en\/product\/classic\/emojibator-pickle-masolat\/#breadcrumb"},"inLanguage":"en-US","potentialAction":[{"@type":"ReadAction","target":["https:\/\/libwomenstore.com\/en\/product\/classic\/emojibator-pickle-masolat\/"]}]},{"@type":"ImageObject","inLanguage":"en-US","@id":"https:\/\/libwomenstore.com\/en\/product\/classic\/emojibator-pickle-masolat\/#primaryimage","url":"https:\/\/libwomenstore.com\/wp-content\/uploads\/2026\/03\/emojibator-eggplant3.webp","contentUrl":"https:\/\/libwomenstore.com\/wp-content\/uploads\/2026\/03\/emojibator-eggplant3.webp","width":1100,"height":1100},{"@type":"BreadcrumbList","@id":"https:\/\/libwomenstore.com\/en\/product\/classic\/emojibator-pickle-masolat\/#breadcrumb","itemListElement":[{"@type":"ListItem","position":1,"name":"Kezd\u0151lap","item":"https:\/\/libwomenstore.com\/en\/"},{"@type":"ListItem","position":2,"name":"Shop Home Page &#8211; Product categories","item":"https:\/\/libwomenstore.com\/shop-kezdolap-termek-kategoriak\/?lang=en"},{"@type":"ListItem","position":3,"name":"EMOJIBATOR Pickle (m\u00e1solat)"}]},{"@type":"WebSite","@id":"https:\/\/libwomenstore.com\/en\/#website","url":"https:\/\/libwomenstore.com\/en\/","name":"Lib Women Store","description":"Magyarorsz\u00e1g els\u0151 n\u0151kre f\u00f3kusz\u00e1l\u00f3 szexshopja, ahol az eg\u00e9szs\u00e9g ugyanolyan fontos, mint az \u00e9lvezetek.","publisher":{"@id":"https:\/\/libwomenstore.com\/en\/#organization"},"alternateName":"Lib","potentialAction":[{"@type":"SearchAction","target":{"@type":"EntryPoint","urlTemplate":"https:\/\/libwomenstore.com\/en\/?s={search_term_string}"},"query-input":{"@type":"PropertyValueSpecification","valueRequired":true,"valueName":"search_term_string"}}],"inLanguage":"en-US"},{"@type":"Organization","@id":"https:\/\/libwomenstore.com\/en\/#organization","name":"Lib Women Store","url":"https:\/\/libwomenstore.com\/en\/","logo":{"@type":"ImageObject","inLanguage":"en-US","@id":"https:\/\/libwomenstore.com\/en\/#\/schema\/logo\/image\/","url":"https:\/\/libwomenstore.com\/wp-content\/uploads\/2024\/05\/cropped-LIB-logo-A.png","contentUrl":"https:\/\/libwomenstore.com\/wp-content\/uploads\/2024\/05\/cropped-LIB-logo-A.png","width":512,"height":512,"caption":"Lib Women Store"},"image":{"@id":"https:\/\/libwomenstore.com\/en\/#\/schema\/logo\/image\/"},"sameAs":["https:\/\/www.facebook.com\/libwomenstore"]}]},"product_price_amount":"9700","product_price_currency":"HUF","og_availability":"instock","product_availability":"instock","product_condition":"new"},"_links":{"self":[{"href":"https:\/\/libwomenstore.com\/en\/wp-json\/wp\/v2\/product\/34957","targetHints":{"allow":["GET"]}}],"collection":[{"href":"https:\/\/libwomenstore.com\/en\/wp-json\/wp\/v2\/product"}],"about":[{"href":"https:\/\/libwomenstore.com\/en\/wp-json\/wp\/v2\/types\/product"}],"replies":[{"embeddable":true,"href":"https:\/\/libwomenstore.com\/en\/wp-json\/wp\/v2\/comments?post=34957"}],"wp:featuredmedia":[{"embeddable":true,"href":"https:\/\/libwomenstore.com\/en\/wp-json\/wp\/v2\/media\/34970"}],"wp:attachment":[{"href":"https:\/\/libwomenstore.com\/en\/wp-json\/wp\/v2\/media?parent=34957"}],"wp:term":[{"taxonomy":"product_brand","embeddable":true,"href":"https:\/\/libwomenstore.com\/en\/wp-json\/wp\/v2\/product_brand?post=34957"},{"taxonomy":"product_cat","embeddable":true,"href":"https:\/\/libwomenstore.com\/en\/wp-json\/wp\/v2\/product_cat?post=34957"},{"taxonomy":"product_tag","embeddable":true,"href":"https:\/\/libwomenstore.com\/en\/wp-json\/wp\/v2\/product_tag?post=34957"}],"curies":[{"name":"wp","href":"https:\/\/api.w.org\/{rel}","templated":true}]}}