{"id":35040,"date":"2026-04-16T14:00:11","date_gmt":"2026-04-16T12:00:11","guid":{"rendered":"https:\/\/libwomenstore.com\/?post_type=product&#038;p=35040"},"modified":"2026-04-16T14:00:13","modified_gmt":"2026-04-16T12:00:13","slug":"iroha-koharu-gspot-vibrator","status":"publish","type":"product","link":"https:\/\/libwomenstore.com\/en\/product\/g-spot\/iroha-koharu-gspot-vibrator\/","title":{"rendered":"IROHA Koharu"},"content":{"rendered":"<p style=\"text-align: center;\">A karcs\u00fa \u00e9s kompakt Iroha Koharu kialak\u00edt\u00e1sa sor\u00e1n a tervez\u0151k kiemelt figyelmet ford\u00edtottak arra, hogy megfeleljen a felhaszn\u00e1l\u00f3k sokf\u00e9le ig\u00e9ny\u00e9nek, \u00e9s egy k\u00e9nyelmesen haszn\u00e1lhat\u00f3, behelyezhet\u0151 eszk\u00f6zt alkottak. T\u00f6k\u00e9letes a kezd\u0151knek, mivel a teste egyetlen ujj v\u00e9konys\u00e1g\u00fa. A finom bord\u00e1kkal ell\u00e1tott vir\u00e1gr\u00fcgy alak\u00fa feje rugalmasan illeszkedik a testedhez.<\/p>\n<p style=\"text-align: center;\">\nT\u00f6bb rezg\u00e9si szint k\u00f6z\u00fcl v\u00e1laszthatsz, \u00edgy a hangulatodhoz \u00e9s a k\u00edv\u00e1ncsis\u00e1godhoz igaz\u00edthatod az er\u0151ss\u00e9gedet.<\/p>\n<p style=\"text-align: center;\">50 cm-ig v\u00edz\u00e1ll\u00f3, \u00edgy k\u00f6nnyen tiszt\u00edthat\u00f3 \u00e9s \u00e9lvezheted f\u00fcrd\u00e9s vagy zuhanyoz\u00e1s k\u00f6zben is.<\/p>\n<p style=\"text-align: center;\">A b\u00e1rsonyosan puha, Soft-Touch szilikon kellemes tapint\u00e1s\u00fa \u00e9s biztons\u00e1gos a test sz\u00e1m\u00e1ra, m\u00edg a por\u00e1ll\u00f3 r\u00e9teg mindig tiszt\u00e1n tartja a fel\u00fcletet.<\/p>\n<h4 style=\"text-align: center;\">Tulajdons\u00e1gok<\/h4>\n<p style=\"text-align: center;\"><strong>Sebess\u00e9g \u00e9s mint\u00e1k<\/strong><\/p>\n<p style=\"text-align: center;\">Sz\u00e1mos intenzit\u00e1si szint k\u00f6z\u00fcl v\u00e1laszthatod ki a megfelel\u0151t a hangulatodothoz igazodva.<\/p>\n<p style=\"text-align: center;\"><strong>Fel\u00fclet anyaga<\/strong><br \/>\nSzuper sima, testbar\u00e1t szilikon<\/p>\n<p style=\"text-align: center;\"><strong>V\u00edz\u00e1ll\u00f3s\u00e1g<\/strong><br \/>\nV\u00edz\u00e1ll\u00f3 IPX7 tesztel\u00e9ssel (azaz a v\u00edz\u00e1ll\u00f3 term\u00e9kek szabv\u00e1nyos tesztj\u00e9vel).<\/p>\n<p style=\"text-align: center;\"><strong>M\u00e9retek<\/strong><br \/>\n\u00c1tm\u00e9r\u0151: 2,2 cm<br \/>\nHossz: 16 cm<br \/>\nS\u00faly: 41g<\/p>\n<p style=\"text-align: center;\"><strong>Akkumul\u00e1tor \u00fczemideje<\/strong><\/p>\n<p style=\"text-align: center;\">1db AAA-s elemmel m\u0171k\u00f6dik, \u00e9s 240 percig is m\u0171k\u00f6dik vele.<\/p>\n<h4 style=\"text-align: center;\">Tiszt\u00edt\u00e1s<\/h4>\n<p style=\"text-align: center;\">Javasoljuk, hogy haszn\u00e1lat el\u0151tt \u00e9s ut\u00e1n szappannal \u00e9s meleg v\u00edzzel mosd el a Koharu-t. \u00dcgyelj arra, hogy sz\u00e1raz, h\u0171v\u00f6s helyen t\u00e1rold.<\/p>\n","protected":false},"excerpt":{"rendered":"<p>Az Iroha Koharu vibr\u00e1tort olyan n\u0151k sz\u00e1m\u00e1ra tervezt\u00e9k, akik gyeng\u00e9d, m\u00e9gis hat\u00e9kony stimul\u00e1ci\u00f3ra v\u00e1gynak eleg\u00e1ns \u00e9s diszkr\u00e9t kialak\u00edt\u00e1sban. Kiv\u00e1l\u00f3 kezd\u0151 j\u00e1t\u00e9knak a v\u00e9kony kialak\u00edt\u00e1sa \u00e9s sz\u00e1mos rezg\u00e9si szintje miatt.<\/p>\n","protected":false},"featured_media":35041,"comment_status":"closed","ping_status":"closed","template":"","meta":{"_et_pb_use_builder":"","_et_pb_old_content":"","_et_gb_content_width":""},"product_brand":[786],"product_cat":[168,171,180],"product_tag":[],"class_list":{"0":"post-35040","1":"product","2":"type-product","3":"status-publish","4":"has-post-thumbnail","6":"product_brand-iroha","7":"product_cat-g-pont-vibrator","8":"product_cat-klasszikus-vibrator-kezdo","9":"product_cat-vibratorok","11":"first","12":"instock","13":"taxable","14":"shipping-taxable","15":"purchasable","16":"product-type-simple"},"yoast_head":"<!-- This site is optimized with the Yoast SEO Premium plugin v27.4 (Yoast SEO v27.4) - https:\/\/yoast.com\/product\/yoast-seo-premium-wordpress\/ -->\n<title>IROHA Koharu - Lib Women&#039;s Store<\/title>\n<meta name=\"description\" content=\"Az Iroha Koharu vibr\u00e1tort olyan n\u0151k sz\u00e1m\u00e1ra tervezt\u00e9k, akik gyeng\u00e9d, m\u00e9gis hat\u00e9kony stimul\u00e1ci\u00f3ra v\u00e1gynak eleg\u00e1ns kialak\u00edt\u00e1sban. Kiv\u00e1l\u00f3 kezd\u0151 j\u00e1t\u00e9knak!\" \/>\n<meta name=\"robots\" content=\"index, follow, max-snippet:-1, max-image-preview:large, max-video-preview:-1\" \/>\n<link rel=\"canonical\" href=\"https:\/\/libwomenstore.com\/en\/product\/g-spot\/iroha-koharu-gspot-vibrator\/\" \/>\n<meta property=\"og:locale\" content=\"en_US\" \/>\n<meta property=\"og:type\" content=\"article\" \/>\n<meta property=\"og:title\" content=\"IROHA Koharu\" \/>\n<meta property=\"og:description\" content=\"Az Iroha Koharu vibr\u00e1tort olyan n\u0151k sz\u00e1m\u00e1ra tervezt\u00e9k, akik gyeng\u00e9d, m\u00e9gis hat\u00e9kony stimul\u00e1ci\u00f3ra v\u00e1gynak eleg\u00e1ns kialak\u00edt\u00e1sban. Kiv\u00e1l\u00f3 kezd\u0151 j\u00e1t\u00e9knak!\" \/>\n<meta property=\"og:url\" content=\"https:\/\/libwomenstore.com\/en\/product\/g-spot\/iroha-koharu-gspot-vibrator\/\" \/>\n<meta property=\"og:site_name\" content=\"Lib Women&#039;s Store\" \/>\n<meta property=\"article:publisher\" content=\"https:\/\/www.facebook.com\/libwomenstore\" \/>\n<meta property=\"article:modified_time\" content=\"2026-04-16T12:00:13+00:00\" \/>\n<meta property=\"og:image\" content=\"https:\/\/libwomenstore.com\/wp-content\/uploads\/2026\/04\/Iroha-koharu-gspot-vibrator.webp\" \/>\n\t<meta property=\"og:image:width\" content=\"700\" \/>\n\t<meta property=\"og:image:height\" content=\"700\" \/>\n\t<meta property=\"og:image:type\" content=\"image\/webp\" \/>\n<meta name=\"twitter:card\" content=\"summary_large_image\" \/>\n<meta name=\"twitter:label1\" content=\"Price\" \/>\n\t<meta name=\"twitter:data1\" content=\"15.000&#070;&#116;\" \/>\n\t<meta name=\"twitter:label2\" content=\"Availability\" \/>\n\t<meta name=\"twitter:data2\" content=\"In stock\" \/>\n<script type=\"application\/ld+json\" class=\"yoast-schema-graph\">{\"@context\":\"https:\\\/\\\/schema.org\",\"@graph\":[{\"@type\":[\"WebPage\",\"ItemPage\"],\"@id\":\"https:\\\/\\\/libwomenstore.com\\\/en\\\/product\\\/g-spot\\\/iroha-koharu-gspot-vibrator\\\/\",\"url\":\"https:\\\/\\\/libwomenstore.com\\\/en\\\/product\\\/g-spot\\\/iroha-koharu-gspot-vibrator\\\/\",\"name\":\"IROHA Koharu - Lib Women&#039;s Store\",\"isPartOf\":{\"@id\":\"https:\\\/\\\/libwomenstore.com\\\/en\\\/#website\"},\"primaryImageOfPage\":{\"@id\":\"https:\\\/\\\/libwomenstore.com\\\/en\\\/product\\\/g-spot\\\/iroha-koharu-gspot-vibrator\\\/#primaryimage\"},\"image\":{\"@id\":\"https:\\\/\\\/libwomenstore.com\\\/en\\\/product\\\/g-spot\\\/iroha-koharu-gspot-vibrator\\\/#primaryimage\"},\"thumbnailUrl\":\"https:\\\/\\\/libwomenstore.com\\\/wp-content\\\/uploads\\\/2026\\\/04\\\/Iroha-koharu-gspot-vibrator.webp\",\"datePublished\":\"2026-04-16T12:00:11+00:00\",\"dateModified\":\"2026-04-16T12:00:13+00:00\",\"description\":\"Az Iroha Koharu vibr\u00e1tort olyan n\u0151k sz\u00e1m\u00e1ra tervezt\u00e9k, akik gyeng\u00e9d, m\u00e9gis hat\u00e9kony stimul\u00e1ci\u00f3ra v\u00e1gynak eleg\u00e1ns kialak\u00edt\u00e1sban. Kiv\u00e1l\u00f3 kezd\u0151 j\u00e1t\u00e9knak!\",\"breadcrumb\":{\"@id\":\"https:\\\/\\\/libwomenstore.com\\\/en\\\/product\\\/g-spot\\\/iroha-koharu-gspot-vibrator\\\/#breadcrumb\"},\"inLanguage\":\"en-US\",\"potentialAction\":[{\"@type\":\"ReadAction\",\"target\":[\"https:\\\/\\\/libwomenstore.com\\\/en\\\/product\\\/g-spot\\\/iroha-koharu-gspot-vibrator\\\/\"]}]},{\"@type\":\"ImageObject\",\"inLanguage\":\"en-US\",\"@id\":\"https:\\\/\\\/libwomenstore.com\\\/en\\\/product\\\/g-spot\\\/iroha-koharu-gspot-vibrator\\\/#primaryimage\",\"url\":\"https:\\\/\\\/libwomenstore.com\\\/wp-content\\\/uploads\\\/2026\\\/04\\\/Iroha-koharu-gspot-vibrator.webp\",\"contentUrl\":\"https:\\\/\\\/libwomenstore.com\\\/wp-content\\\/uploads\\\/2026\\\/04\\\/Iroha-koharu-gspot-vibrator.webp\",\"width\":700,\"height\":700},{\"@type\":\"BreadcrumbList\",\"@id\":\"https:\\\/\\\/libwomenstore.com\\\/en\\\/product\\\/g-spot\\\/iroha-koharu-gspot-vibrator\\\/#breadcrumb\",\"itemListElement\":[{\"@type\":\"ListItem\",\"position\":1,\"name\":\"Kezd\u0151lap\",\"item\":\"https:\\\/\\\/libwomenstore.com\\\/en\\\/\"},{\"@type\":\"ListItem\",\"position\":2,\"name\":\"Shop Home Page &#8211; Product categories\",\"item\":\"https:\\\/\\\/libwomenstore.com\\\/shop-kezdolap-termek-kategoriak\\\/?lang=en\"},{\"@type\":\"ListItem\",\"position\":3,\"name\":\"IROHA Koharu\"}]},{\"@type\":\"WebSite\",\"@id\":\"https:\\\/\\\/libwomenstore.com\\\/en\\\/#website\",\"url\":\"https:\\\/\\\/libwomenstore.com\\\/en\\\/\",\"name\":\"Lib Women Store\",\"description\":\"Magyarorsz\u00e1g els\u0151 n\u0151kre f\u00f3kusz\u00e1l\u00f3 szexshopja, ahol az eg\u00e9szs\u00e9g ugyanolyan fontos, mint az \u00e9lvezetek.\",\"publisher\":{\"@id\":\"https:\\\/\\\/libwomenstore.com\\\/en\\\/#organization\"},\"alternateName\":\"Lib\",\"potentialAction\":[{\"@type\":\"SearchAction\",\"target\":{\"@type\":\"EntryPoint\",\"urlTemplate\":\"https:\\\/\\\/libwomenstore.com\\\/en\\\/?s={search_term_string}\"},\"query-input\":{\"@type\":\"PropertyValueSpecification\",\"valueRequired\":true,\"valueName\":\"search_term_string\"}}],\"inLanguage\":\"en-US\"},{\"@type\":\"Organization\",\"@id\":\"https:\\\/\\\/libwomenstore.com\\\/en\\\/#organization\",\"name\":\"Lib Women Store\",\"url\":\"https:\\\/\\\/libwomenstore.com\\\/en\\\/\",\"logo\":{\"@type\":\"ImageObject\",\"inLanguage\":\"en-US\",\"@id\":\"https:\\\/\\\/libwomenstore.com\\\/en\\\/#\\\/schema\\\/logo\\\/image\\\/\",\"url\":\"https:\\\/\\\/libwomenstore.com\\\/wp-content\\\/uploads\\\/2024\\\/05\\\/cropped-LIB-logo-A.png\",\"contentUrl\":\"https:\\\/\\\/libwomenstore.com\\\/wp-content\\\/uploads\\\/2024\\\/05\\\/cropped-LIB-logo-A.png\",\"width\":512,\"height\":512,\"caption\":\"Lib Women Store\"},\"image\":{\"@id\":\"https:\\\/\\\/libwomenstore.com\\\/en\\\/#\\\/schema\\\/logo\\\/image\\\/\"},\"sameAs\":[\"https:\\\/\\\/www.facebook.com\\\/libwomenstore\"]}]}<\/script>\n<meta property=\"product:price:amount\" content=\"15000\" \/>\n<meta property=\"product:price:currency\" content=\"HUF\" \/>\n<meta property=\"og:availability\" content=\"instock\" \/>\n<meta property=\"product:availability\" content=\"instock\" \/>\n<meta property=\"product:condition\" content=\"new\" \/>\n<!-- \/ Yoast SEO Premium plugin. -->","yoast_head_json":{"title":"IROHA Koharu - Lib Women&#039;s Store","description":"Az Iroha Koharu vibr\u00e1tort olyan n\u0151k sz\u00e1m\u00e1ra tervezt\u00e9k, akik gyeng\u00e9d, m\u00e9gis hat\u00e9kony stimul\u00e1ci\u00f3ra v\u00e1gynak eleg\u00e1ns kialak\u00edt\u00e1sban. Kiv\u00e1l\u00f3 kezd\u0151 j\u00e1t\u00e9knak!","robots":{"index":"index","follow":"follow","max-snippet":"max-snippet:-1","max-image-preview":"max-image-preview:large","max-video-preview":"max-video-preview:-1"},"canonical":"https:\/\/libwomenstore.com\/en\/product\/g-spot\/iroha-koharu-gspot-vibrator\/","og_locale":"en_US","og_type":"article","og_title":"IROHA Koharu","og_description":"Az Iroha Koharu vibr\u00e1tort olyan n\u0151k sz\u00e1m\u00e1ra tervezt\u00e9k, akik gyeng\u00e9d, m\u00e9gis hat\u00e9kony stimul\u00e1ci\u00f3ra v\u00e1gynak eleg\u00e1ns kialak\u00edt\u00e1sban. Kiv\u00e1l\u00f3 kezd\u0151 j\u00e1t\u00e9knak!","og_url":"https:\/\/libwomenstore.com\/en\/product\/g-spot\/iroha-koharu-gspot-vibrator\/","og_site_name":"Lib Women&#039;s Store","article_publisher":"https:\/\/www.facebook.com\/libwomenstore","article_modified_time":"2026-04-16T12:00:13+00:00","og_image":[{"width":700,"height":700,"url":"https:\/\/libwomenstore.com\/wp-content\/uploads\/2026\/04\/Iroha-koharu-gspot-vibrator.webp","type":"image\/webp"}],"twitter_card":"summary_large_image","twitter_misc":{"Price":"15.000&#70;&#116;","Availability":"In stock"},"schema":{"@context":"https:\/\/schema.org","@graph":[{"@type":["WebPage","ItemPage"],"@id":"https:\/\/libwomenstore.com\/en\/product\/g-spot\/iroha-koharu-gspot-vibrator\/","url":"https:\/\/libwomenstore.com\/en\/product\/g-spot\/iroha-koharu-gspot-vibrator\/","name":"IROHA Koharu - Lib Women&#039;s Store","isPartOf":{"@id":"https:\/\/libwomenstore.com\/en\/#website"},"primaryImageOfPage":{"@id":"https:\/\/libwomenstore.com\/en\/product\/g-spot\/iroha-koharu-gspot-vibrator\/#primaryimage"},"image":{"@id":"https:\/\/libwomenstore.com\/en\/product\/g-spot\/iroha-koharu-gspot-vibrator\/#primaryimage"},"thumbnailUrl":"https:\/\/libwomenstore.com\/wp-content\/uploads\/2026\/04\/Iroha-koharu-gspot-vibrator.webp","datePublished":"2026-04-16T12:00:11+00:00","dateModified":"2026-04-16T12:00:13+00:00","description":"Az Iroha Koharu vibr\u00e1tort olyan n\u0151k sz\u00e1m\u00e1ra tervezt\u00e9k, akik gyeng\u00e9d, m\u00e9gis hat\u00e9kony stimul\u00e1ci\u00f3ra v\u00e1gynak eleg\u00e1ns kialak\u00edt\u00e1sban. Kiv\u00e1l\u00f3 kezd\u0151 j\u00e1t\u00e9knak!","breadcrumb":{"@id":"https:\/\/libwomenstore.com\/en\/product\/g-spot\/iroha-koharu-gspot-vibrator\/#breadcrumb"},"inLanguage":"en-US","potentialAction":[{"@type":"ReadAction","target":["https:\/\/libwomenstore.com\/en\/product\/g-spot\/iroha-koharu-gspot-vibrator\/"]}]},{"@type":"ImageObject","inLanguage":"en-US","@id":"https:\/\/libwomenstore.com\/en\/product\/g-spot\/iroha-koharu-gspot-vibrator\/#primaryimage","url":"https:\/\/libwomenstore.com\/wp-content\/uploads\/2026\/04\/Iroha-koharu-gspot-vibrator.webp","contentUrl":"https:\/\/libwomenstore.com\/wp-content\/uploads\/2026\/04\/Iroha-koharu-gspot-vibrator.webp","width":700,"height":700},{"@type":"BreadcrumbList","@id":"https:\/\/libwomenstore.com\/en\/product\/g-spot\/iroha-koharu-gspot-vibrator\/#breadcrumb","itemListElement":[{"@type":"ListItem","position":1,"name":"Kezd\u0151lap","item":"https:\/\/libwomenstore.com\/en\/"},{"@type":"ListItem","position":2,"name":"Shop Home Page &#8211; Product categories","item":"https:\/\/libwomenstore.com\/shop-kezdolap-termek-kategoriak\/?lang=en"},{"@type":"ListItem","position":3,"name":"IROHA Koharu"}]},{"@type":"WebSite","@id":"https:\/\/libwomenstore.com\/en\/#website","url":"https:\/\/libwomenstore.com\/en\/","name":"Lib Women Store","description":"Magyarorsz\u00e1g els\u0151 n\u0151kre f\u00f3kusz\u00e1l\u00f3 szexshopja, ahol az eg\u00e9szs\u00e9g ugyanolyan fontos, mint az \u00e9lvezetek.","publisher":{"@id":"https:\/\/libwomenstore.com\/en\/#organization"},"alternateName":"Lib","potentialAction":[{"@type":"SearchAction","target":{"@type":"EntryPoint","urlTemplate":"https:\/\/libwomenstore.com\/en\/?s={search_term_string}"},"query-input":{"@type":"PropertyValueSpecification","valueRequired":true,"valueName":"search_term_string"}}],"inLanguage":"en-US"},{"@type":"Organization","@id":"https:\/\/libwomenstore.com\/en\/#organization","name":"Lib Women Store","url":"https:\/\/libwomenstore.com\/en\/","logo":{"@type":"ImageObject","inLanguage":"en-US","@id":"https:\/\/libwomenstore.com\/en\/#\/schema\/logo\/image\/","url":"https:\/\/libwomenstore.com\/wp-content\/uploads\/2024\/05\/cropped-LIB-logo-A.png","contentUrl":"https:\/\/libwomenstore.com\/wp-content\/uploads\/2024\/05\/cropped-LIB-logo-A.png","width":512,"height":512,"caption":"Lib Women Store"},"image":{"@id":"https:\/\/libwomenstore.com\/en\/#\/schema\/logo\/image\/"},"sameAs":["https:\/\/www.facebook.com\/libwomenstore"]}]},"product_price_amount":"15000","product_price_currency":"HUF","og_availability":"instock","product_availability":"instock","product_condition":"new"},"_links":{"self":[{"href":"https:\/\/libwomenstore.com\/en\/wp-json\/wp\/v2\/product\/35040","targetHints":{"allow":["GET"]}}],"collection":[{"href":"https:\/\/libwomenstore.com\/en\/wp-json\/wp\/v2\/product"}],"about":[{"href":"https:\/\/libwomenstore.com\/en\/wp-json\/wp\/v2\/types\/product"}],"replies":[{"embeddable":true,"href":"https:\/\/libwomenstore.com\/en\/wp-json\/wp\/v2\/comments?post=35040"}],"wp:featuredmedia":[{"embeddable":true,"href":"https:\/\/libwomenstore.com\/en\/wp-json\/wp\/v2\/media\/35041"}],"wp:attachment":[{"href":"https:\/\/libwomenstore.com\/en\/wp-json\/wp\/v2\/media?parent=35040"}],"wp:term":[{"taxonomy":"product_brand","embeddable":true,"href":"https:\/\/libwomenstore.com\/en\/wp-json\/wp\/v2\/product_brand?post=35040"},{"taxonomy":"product_cat","embeddable":true,"href":"https:\/\/libwomenstore.com\/en\/wp-json\/wp\/v2\/product_cat?post=35040"},{"taxonomy":"product_tag","embeddable":true,"href":"https:\/\/libwomenstore.com\/en\/wp-json\/wp\/v2\/product_tag?post=35040"}],"curies":[{"name":"wp","href":"https:\/\/api.w.org\/{rel}","templated":true}]}}