{"id":35068,"date":"2026-04-16T18:56:48","date_gmt":"2026-04-16T16:56:48","guid":{"rendered":"https:\/\/libwomenstore.com\/?post_type=product&#038;p=35068"},"modified":"2026-04-16T19:05:12","modified_gmt":"2026-04-16T17:05:12","slug":"pleasure-lab-workshop","status":"publish","type":"product","link":"https:\/\/libwomenstore.com\/en\/product\/events\/pleasure-lab-workshop\/","title":{"rendered":"Pleasure Lab"},"content":{"rendered":"<p>[et_pb_section fb_built=&#8221;1&#8243; _builder_version=&#8221;4.27.5&#8243; _module_preset=&#8221;default&#8221; global_colors_info=&#8221;{}&#8221;][\/et_pb_section]<\/p>\n","protected":false},"excerpt":{"rendered":"<p>Nem tudod mi a k\u00fcl\u00f6nbs\u00e9g egy nyuszi \u00e9s egy wand k\u00f6z\u00f6tt? El vagy veszve a hatalmas k\u00edn\u00e1latban? Bizonytalan vagy hogy mi is tetszene\/lenne j\u00f3 neked? Szeretn\u00e9d jobban megismerni a testedet vagy a p\u00e1roddal k\u00eds\u00e9rletezn\u00e9tek?<\/p>\n<p>Gyere el a Lib workshopj\u00e1ra, ahol felteheted az \u00f6sszes k\u00e9rd\u00e9sedet, amit eddig nem mert\u00e9l! N\u00e1lunk nincsenek tabuk sem ciki k\u00e9rd\u00e9sek!<\/p>\n<p>Az esem\u00e9ny \u00e1ra teljes m\u00e9rt\u00e9kben lev\u00e1s\u00e1rolhat\u00f3.<\/p>\n<p>2026.05.07. I 18:00<\/p>\n","protected":false},"featured_media":35070,"comment_status":"closed","ping_status":"closed","template":"","meta":{"_et_pb_use_builder":"on","_et_pb_old_content":"","_et_gb_content_width":""},"product_brand":[],"product_cat":[313],"product_tag":[854,106,123],"class_list":{"0":"post-35068","1":"product","2":"type-product","3":"status-publish","4":"has-post-thumbnail","6":"product_cat-esemenyek-lib-womenstore","7":"product_tag-lib","8":"product_tag-onismeret","9":"product_tag-workshop","11":"first","12":"instock","13":"taxable","14":"shipping-taxable","15":"purchasable","16":"product-type-simple"},"yoast_head":"<!-- This site is optimized with the Yoast SEO Premium plugin v27.4 (Yoast SEO v27.4) - https:\/\/yoast.com\/product\/yoast-seo-premium-wordpress\/ -->\n<title>Pleasure Lab - Lib Women&#039;s Store<\/title>\n<meta name=\"description\" content=\"Egy hi\u00e1nyp\u00f3tl\u00f3 workshopra, ahol seg\u00edt\u00fcnk megismerkedni a szexj\u00e1t\u00e9kok \u00e9s seg\u00e9deszk\u00f6z\u00f6k v\u00e1ltozatos vil\u00e1g\u00e1val! K\u00e9rdezz, n\u00e9zz sz\u00e9t \u00e9s ne sz\u00e9gyeld magad!\" \/>\n<meta name=\"robots\" content=\"index, follow, max-snippet:-1, max-image-preview:large, max-video-preview:-1\" \/>\n<link rel=\"canonical\" href=\"https:\/\/libwomenstore.com\/en\/product\/events\/pleasure-lab-workshop\/\" \/>\n<meta property=\"og:locale\" content=\"en_US\" \/>\n<meta property=\"og:type\" content=\"article\" \/>\n<meta property=\"og:title\" content=\"Pleasure Lab\" \/>\n<meta property=\"og:description\" content=\"Egy hi\u00e1nyp\u00f3tl\u00f3 workshopra, ahol seg\u00edt\u00fcnk megismerkedni a szexj\u00e1t\u00e9kok \u00e9s seg\u00e9deszk\u00f6z\u00f6k v\u00e1ltozatos vil\u00e1g\u00e1val! K\u00e9rdezz, n\u00e9zz sz\u00e9t \u00e9s ne sz\u00e9gyeld magad!\" \/>\n<meta property=\"og:url\" content=\"https:\/\/libwomenstore.com\/en\/product\/events\/pleasure-lab-workshop\/\" \/>\n<meta property=\"og:site_name\" content=\"Lib Women&#039;s Store\" \/>\n<meta property=\"article:publisher\" content=\"https:\/\/www.facebook.com\/libwomenstore\" \/>\n<meta property=\"article:modified_time\" content=\"2026-04-16T17:05:12+00:00\" \/>\n<meta property=\"og:image\" content=\"https:\/\/libwomenstore.com\/wp-content\/uploads\/2026\/04\/260416-Lib-post-copy.jpeg\" \/>\n\t<meta property=\"og:image:width\" content=\"1200\" \/>\n\t<meta property=\"og:image:height\" content=\"1200\" \/>\n\t<meta property=\"og:image:type\" content=\"image\/jpeg\" \/>\n<meta name=\"twitter:card\" content=\"summary_large_image\" \/>\n<meta name=\"twitter:label1\" content=\"Price\" \/>\n\t<meta name=\"twitter:data1\" content=\"5.000&#070;&#116;\" \/>\n\t<meta name=\"twitter:label2\" content=\"Availability\" \/>\n\t<meta name=\"twitter:data2\" content=\"In stock\" \/>\n<script type=\"application\/ld+json\" class=\"yoast-schema-graph\">{\"@context\":\"https:\\\/\\\/schema.org\",\"@graph\":[{\"@type\":[\"WebPage\",\"ItemPage\"],\"@id\":\"https:\\\/\\\/libwomenstore.com\\\/en\\\/product\\\/events\\\/pleasure-lab-workshop\\\/\",\"url\":\"https:\\\/\\\/libwomenstore.com\\\/en\\\/product\\\/events\\\/pleasure-lab-workshop\\\/\",\"name\":\"Pleasure Lab - Lib Women&#039;s Store\",\"isPartOf\":{\"@id\":\"https:\\\/\\\/libwomenstore.com\\\/en\\\/#website\"},\"primaryImageOfPage\":{\"@id\":\"https:\\\/\\\/libwomenstore.com\\\/en\\\/product\\\/events\\\/pleasure-lab-workshop\\\/#primaryimage\"},\"image\":{\"@id\":\"https:\\\/\\\/libwomenstore.com\\\/en\\\/product\\\/events\\\/pleasure-lab-workshop\\\/#primaryimage\"},\"thumbnailUrl\":\"https:\\\/\\\/libwomenstore.com\\\/wp-content\\\/uploads\\\/2026\\\/04\\\/260416-Lib-post-copy.jpeg\",\"datePublished\":\"2026-04-16T16:56:48+00:00\",\"dateModified\":\"2026-04-16T17:05:12+00:00\",\"description\":\"Egy hi\u00e1nyp\u00f3tl\u00f3 workshopra, ahol seg\u00edt\u00fcnk megismerkedni a szexj\u00e1t\u00e9kok \u00e9s seg\u00e9deszk\u00f6z\u00f6k v\u00e1ltozatos vil\u00e1g\u00e1val! K\u00e9rdezz, n\u00e9zz sz\u00e9t \u00e9s ne sz\u00e9gyeld magad!\",\"breadcrumb\":{\"@id\":\"https:\\\/\\\/libwomenstore.com\\\/en\\\/product\\\/events\\\/pleasure-lab-workshop\\\/#breadcrumb\"},\"inLanguage\":\"en-US\",\"potentialAction\":[{\"@type\":\"ReadAction\",\"target\":[\"https:\\\/\\\/libwomenstore.com\\\/en\\\/product\\\/events\\\/pleasure-lab-workshop\\\/\"]}]},{\"@type\":\"ImageObject\",\"inLanguage\":\"en-US\",\"@id\":\"https:\\\/\\\/libwomenstore.com\\\/en\\\/product\\\/events\\\/pleasure-lab-workshop\\\/#primaryimage\",\"url\":\"https:\\\/\\\/libwomenstore.com\\\/wp-content\\\/uploads\\\/2026\\\/04\\\/260416-Lib-post-copy.jpeg\",\"contentUrl\":\"https:\\\/\\\/libwomenstore.com\\\/wp-content\\\/uploads\\\/2026\\\/04\\\/260416-Lib-post-copy.jpeg\",\"width\":1200,\"height\":1200},{\"@type\":\"BreadcrumbList\",\"@id\":\"https:\\\/\\\/libwomenstore.com\\\/en\\\/product\\\/events\\\/pleasure-lab-workshop\\\/#breadcrumb\",\"itemListElement\":[{\"@type\":\"ListItem\",\"position\":1,\"name\":\"Kezd\u0151lap\",\"item\":\"https:\\\/\\\/libwomenstore.com\\\/en\\\/\"},{\"@type\":\"ListItem\",\"position\":2,\"name\":\"Shop Home Page &#8211; Product categories\",\"item\":\"https:\\\/\\\/libwomenstore.com\\\/shop-kezdolap-termek-kategoriak\\\/?lang=en\"},{\"@type\":\"ListItem\",\"position\":3,\"name\":\"Pleasure Lab\"}]},{\"@type\":\"WebSite\",\"@id\":\"https:\\\/\\\/libwomenstore.com\\\/en\\\/#website\",\"url\":\"https:\\\/\\\/libwomenstore.com\\\/en\\\/\",\"name\":\"Lib Women Store\",\"description\":\"Magyarorsz\u00e1g els\u0151 n\u0151kre f\u00f3kusz\u00e1l\u00f3 szexshopja, ahol az eg\u00e9szs\u00e9g ugyanolyan fontos, mint az \u00e9lvezetek.\",\"publisher\":{\"@id\":\"https:\\\/\\\/libwomenstore.com\\\/en\\\/#organization\"},\"alternateName\":\"Lib\",\"potentialAction\":[{\"@type\":\"SearchAction\",\"target\":{\"@type\":\"EntryPoint\",\"urlTemplate\":\"https:\\\/\\\/libwomenstore.com\\\/en\\\/?s={search_term_string}\"},\"query-input\":{\"@type\":\"PropertyValueSpecification\",\"valueRequired\":true,\"valueName\":\"search_term_string\"}}],\"inLanguage\":\"en-US\"},{\"@type\":\"Organization\",\"@id\":\"https:\\\/\\\/libwomenstore.com\\\/en\\\/#organization\",\"name\":\"Lib Women Store\",\"url\":\"https:\\\/\\\/libwomenstore.com\\\/en\\\/\",\"logo\":{\"@type\":\"ImageObject\",\"inLanguage\":\"en-US\",\"@id\":\"https:\\\/\\\/libwomenstore.com\\\/en\\\/#\\\/schema\\\/logo\\\/image\\\/\",\"url\":\"https:\\\/\\\/libwomenstore.com\\\/wp-content\\\/uploads\\\/2024\\\/05\\\/cropped-LIB-logo-A.png\",\"contentUrl\":\"https:\\\/\\\/libwomenstore.com\\\/wp-content\\\/uploads\\\/2024\\\/05\\\/cropped-LIB-logo-A.png\",\"width\":512,\"height\":512,\"caption\":\"Lib Women Store\"},\"image\":{\"@id\":\"https:\\\/\\\/libwomenstore.com\\\/en\\\/#\\\/schema\\\/logo\\\/image\\\/\"},\"sameAs\":[\"https:\\\/\\\/www.facebook.com\\\/libwomenstore\"]}]}<\/script>\n<meta property=\"product:price:amount\" content=\"5000\" \/>\n<meta property=\"product:price:currency\" content=\"HUF\" \/>\n<meta property=\"og:availability\" content=\"instock\" \/>\n<meta property=\"product:availability\" content=\"instock\" \/>\n<meta property=\"product:condition\" content=\"new\" \/>\n<!-- \/ Yoast SEO Premium plugin. -->","yoast_head_json":{"title":"Pleasure Lab - Lib Women&#039;s Store","description":"Egy hi\u00e1nyp\u00f3tl\u00f3 workshopra, ahol seg\u00edt\u00fcnk megismerkedni a szexj\u00e1t\u00e9kok \u00e9s seg\u00e9deszk\u00f6z\u00f6k v\u00e1ltozatos vil\u00e1g\u00e1val! K\u00e9rdezz, n\u00e9zz sz\u00e9t \u00e9s ne sz\u00e9gyeld magad!","robots":{"index":"index","follow":"follow","max-snippet":"max-snippet:-1","max-image-preview":"max-image-preview:large","max-video-preview":"max-video-preview:-1"},"canonical":"https:\/\/libwomenstore.com\/en\/product\/events\/pleasure-lab-workshop\/","og_locale":"en_US","og_type":"article","og_title":"Pleasure Lab","og_description":"Egy hi\u00e1nyp\u00f3tl\u00f3 workshopra, ahol seg\u00edt\u00fcnk megismerkedni a szexj\u00e1t\u00e9kok \u00e9s seg\u00e9deszk\u00f6z\u00f6k v\u00e1ltozatos vil\u00e1g\u00e1val! K\u00e9rdezz, n\u00e9zz sz\u00e9t \u00e9s ne sz\u00e9gyeld magad!","og_url":"https:\/\/libwomenstore.com\/en\/product\/events\/pleasure-lab-workshop\/","og_site_name":"Lib Women&#039;s Store","article_publisher":"https:\/\/www.facebook.com\/libwomenstore","article_modified_time":"2026-04-16T17:05:12+00:00","og_image":[{"width":1200,"height":1200,"url":"https:\/\/libwomenstore.com\/wp-content\/uploads\/2026\/04\/260416-Lib-post-copy.jpeg","type":"image\/jpeg"}],"twitter_card":"summary_large_image","twitter_misc":{"Price":"5.000&#70;&#116;","Availability":"In stock"},"schema":{"@context":"https:\/\/schema.org","@graph":[{"@type":["WebPage","ItemPage"],"@id":"https:\/\/libwomenstore.com\/en\/product\/events\/pleasure-lab-workshop\/","url":"https:\/\/libwomenstore.com\/en\/product\/events\/pleasure-lab-workshop\/","name":"Pleasure Lab - Lib Women&#039;s Store","isPartOf":{"@id":"https:\/\/libwomenstore.com\/en\/#website"},"primaryImageOfPage":{"@id":"https:\/\/libwomenstore.com\/en\/product\/events\/pleasure-lab-workshop\/#primaryimage"},"image":{"@id":"https:\/\/libwomenstore.com\/en\/product\/events\/pleasure-lab-workshop\/#primaryimage"},"thumbnailUrl":"https:\/\/libwomenstore.com\/wp-content\/uploads\/2026\/04\/260416-Lib-post-copy.jpeg","datePublished":"2026-04-16T16:56:48+00:00","dateModified":"2026-04-16T17:05:12+00:00","description":"Egy hi\u00e1nyp\u00f3tl\u00f3 workshopra, ahol seg\u00edt\u00fcnk megismerkedni a szexj\u00e1t\u00e9kok \u00e9s seg\u00e9deszk\u00f6z\u00f6k v\u00e1ltozatos vil\u00e1g\u00e1val! K\u00e9rdezz, n\u00e9zz sz\u00e9t \u00e9s ne sz\u00e9gyeld magad!","breadcrumb":{"@id":"https:\/\/libwomenstore.com\/en\/product\/events\/pleasure-lab-workshop\/#breadcrumb"},"inLanguage":"en-US","potentialAction":[{"@type":"ReadAction","target":["https:\/\/libwomenstore.com\/en\/product\/events\/pleasure-lab-workshop\/"]}]},{"@type":"ImageObject","inLanguage":"en-US","@id":"https:\/\/libwomenstore.com\/en\/product\/events\/pleasure-lab-workshop\/#primaryimage","url":"https:\/\/libwomenstore.com\/wp-content\/uploads\/2026\/04\/260416-Lib-post-copy.jpeg","contentUrl":"https:\/\/libwomenstore.com\/wp-content\/uploads\/2026\/04\/260416-Lib-post-copy.jpeg","width":1200,"height":1200},{"@type":"BreadcrumbList","@id":"https:\/\/libwomenstore.com\/en\/product\/events\/pleasure-lab-workshop\/#breadcrumb","itemListElement":[{"@type":"ListItem","position":1,"name":"Kezd\u0151lap","item":"https:\/\/libwomenstore.com\/en\/"},{"@type":"ListItem","position":2,"name":"Shop Home Page &#8211; Product categories","item":"https:\/\/libwomenstore.com\/shop-kezdolap-termek-kategoriak\/?lang=en"},{"@type":"ListItem","position":3,"name":"Pleasure Lab"}]},{"@type":"WebSite","@id":"https:\/\/libwomenstore.com\/en\/#website","url":"https:\/\/libwomenstore.com\/en\/","name":"Lib Women Store","description":"Magyarorsz\u00e1g els\u0151 n\u0151kre f\u00f3kusz\u00e1l\u00f3 szexshopja, ahol az eg\u00e9szs\u00e9g ugyanolyan fontos, mint az \u00e9lvezetek.","publisher":{"@id":"https:\/\/libwomenstore.com\/en\/#organization"},"alternateName":"Lib","potentialAction":[{"@type":"SearchAction","target":{"@type":"EntryPoint","urlTemplate":"https:\/\/libwomenstore.com\/en\/?s={search_term_string}"},"query-input":{"@type":"PropertyValueSpecification","valueRequired":true,"valueName":"search_term_string"}}],"inLanguage":"en-US"},{"@type":"Organization","@id":"https:\/\/libwomenstore.com\/en\/#organization","name":"Lib Women Store","url":"https:\/\/libwomenstore.com\/en\/","logo":{"@type":"ImageObject","inLanguage":"en-US","@id":"https:\/\/libwomenstore.com\/en\/#\/schema\/logo\/image\/","url":"https:\/\/libwomenstore.com\/wp-content\/uploads\/2024\/05\/cropped-LIB-logo-A.png","contentUrl":"https:\/\/libwomenstore.com\/wp-content\/uploads\/2024\/05\/cropped-LIB-logo-A.png","width":512,"height":512,"caption":"Lib Women Store"},"image":{"@id":"https:\/\/libwomenstore.com\/en\/#\/schema\/logo\/image\/"},"sameAs":["https:\/\/www.facebook.com\/libwomenstore"]}]},"product_price_amount":"5000","product_price_currency":"HUF","og_availability":"instock","product_availability":"instock","product_condition":"new"},"_links":{"self":[{"href":"https:\/\/libwomenstore.com\/en\/wp-json\/wp\/v2\/product\/35068","targetHints":{"allow":["GET"]}}],"collection":[{"href":"https:\/\/libwomenstore.com\/en\/wp-json\/wp\/v2\/product"}],"about":[{"href":"https:\/\/libwomenstore.com\/en\/wp-json\/wp\/v2\/types\/product"}],"replies":[{"embeddable":true,"href":"https:\/\/libwomenstore.com\/en\/wp-json\/wp\/v2\/comments?post=35068"}],"wp:featuredmedia":[{"embeddable":true,"href":"https:\/\/libwomenstore.com\/en\/wp-json\/wp\/v2\/media\/35070"}],"wp:attachment":[{"href":"https:\/\/libwomenstore.com\/en\/wp-json\/wp\/v2\/media?parent=35068"}],"wp:term":[{"taxonomy":"product_brand","embeddable":true,"href":"https:\/\/libwomenstore.com\/en\/wp-json\/wp\/v2\/product_brand?post=35068"},{"taxonomy":"product_cat","embeddable":true,"href":"https:\/\/libwomenstore.com\/en\/wp-json\/wp\/v2\/product_cat?post=35068"},{"taxonomy":"product_tag","embeddable":true,"href":"https:\/\/libwomenstore.com\/en\/wp-json\/wp\/v2\/product_tag?post=35068"}],"curies":[{"name":"wp","href":"https:\/\/api.w.org\/{rel}","templated":true}]}}