{"id":35132,"date":"2026-05-13T11:31:05","date_gmt":"2026-05-13T09:31:05","guid":{"rendered":"https:\/\/libwomenstore.com\/?post_type=product&#038;p=35132"},"modified":"2026-05-13T11:31:06","modified_gmt":"2026-05-13T09:31:06","slug":"melt-my-mood-masszazs-gyertya","status":"publish","type":"product","link":"https:\/\/libwomenstore.com\/en\/product\/accessories\/melt-my-mood-masszazs-gyertya\/","title":{"rendered":"MELT MY MOOD  Massz\u00e1zs gyertya"},"content":{"rendered":"<h5 style=\"text-align: center;\" data-start=\"1009\" data-end=\"1032\"><strong data-start=\"1013\" data-end=\"1032\">Illatok<\/strong><\/h5>\n<p style=\"text-align: center;\" data-start=\"2189\" data-end=\"2366\">A<strong> Mon Amour<\/strong> egy gyeng\u00e9d, szeretettel teli illat. A friss, tiszta jegyeket l\u00e1gy tejess\u00e9g \u00e9s m\u00e9zes melegs\u00e9g k\u00eds\u00e9ri, amelyet finom k\u00f3kuszos \u00e9s barackos \u00e1rnyalatok tesznek teljess\u00e9. Ez az illat a gondoskod\u00e1sr\u00f3l sz\u00f3l \u2013 megnyugtat, ellaz\u00edt \u00e9s otthonos \u00e9rz\u00e9st teremt. Ide\u00e1lis v\u00e1laszt\u00e1s esti levezet\u00e9shez, \u00f6nszeretet-ritu\u00e1l\u00e9khoz vagy aj\u00e1nd\u00e9knak.<\/p>\n<p style=\"text-align: center;\" data-start=\"1452\" data-end=\"1635\">Az <strong>Isla Blanche<\/strong> kr\u00e9mes, l\u00e1gy k\u00f3kuszillat\u00e1val azonnal nyugalmat teremt. Finom barackos \u00e9s van\u00edli\u00e1s jegyekkel eg\u00e9sz\u00fcl ki, amelyek tiszta, letisztult \u00e9rzetet hagynak a b\u0151r\u00f6n \u00e9s a t\u00e9rben. Ez az illat olyan, mint egy lass\u00fa reggel vagy egy csendes d\u00e9lut\u00e1n \u2013 amikor nincs siets\u00e9g, csak a jelen pillanat. K\u00f6nnyed, m\u00e9gis megnyugtat\u00f3 v\u00e1laszt\u00e1s testnek \u00e9s l\u00e9leknek.<\/p>\n<p style=\"text-align: center;\" data-start=\"598\" data-end=\"865\">A <strong>Rouge Saffran<\/strong> egy meleg, \u00e9rz\u00e9ki illatkompoz\u00edci\u00f3, amely az \u00e9des narancs frissess\u00e9g\u00e9vel nyit, majd lassan kibontakozik benne a s\u00e1fr\u00e1ny \u00e9s a kardamom f\u0171szeres m\u00e9lys\u00e9ge.<br data-start=\"765\" data-end=\"768\" \/>A fah\u00e9j l\u00e1gy melegs\u00e9ge hosszan megmarad a b\u0151r\u00f6n, bens\u0151s\u00e9ges, selymes lecseng\u00e9st hagyva maga ut\u00e1n. Ez az illat egyszerre mer\u00e9sz \u00e9s eleg\u00e1ns \u2013 t\u00f6k\u00e9letes v\u00e1laszt\u00e1s esti ritu\u00e1l\u00e9khoz, p\u00e1ros pillanatokhoz vagy amikor szeretn\u00e9l igaz\u00e1n lelassulni.<\/p>\n<h5 style=\"text-align: center;\" data-start=\"1009\" data-end=\"1032\"><strong data-start=\"1013\" data-end=\"1032\">Hogyan haszn\u00e1ld?<\/strong><\/h5>\n<p style=\"text-align: center;\" data-start=\"1033\" data-end=\"1258\">Gy\u00fajtsd meg a gyerty\u00e1t, \u00e9s hagyd \u00e9gni k\u00f6r\u00fclbel\u00fcl\u00a0<strong data-start=\"1082\" data-end=\"1098\">10\u201315 percig<\/strong>, am\u00edg az olaj felolvad.<br data-start=\"1122\" data-end=\"1125\" \/>F\u00fajd el a l\u00e1ngot, majd p\u00e1r m\u00e1sodperc v\u00e1rakoz\u00e1s ut\u00e1n \u00f6nts egy kis mennyis\u00e9get a tenyeredbe, \u00e9s finom mozdulatokkal massz\u00edrozd a b\u0151rbe.<\/p>\n<p style=\"text-align: center;\" data-start=\"1260\" data-end=\"1336\">Az alacsony olvad\u00e1spontnak k\u00f6sz\u00f6nhet\u0151en az olaj kellemesen meleg, nem forr\u00f3.<\/p>\n<div>\n<div class=\"summary__title\">\n<h5 class=\"h4 accordion__title inline-richtext\" style=\"text-align: center;\"><strong>\u00d6sszetev\u0151k<\/strong><\/h5>\n<\/div>\n<\/div>\n<div id=\"ProductAccordion-57762154-6da2-4e46-88f2-e70fa67dcdf2-template--29257306210652__main\" class=\"accordion__content rte\">\n<p style=\"text-align: center;\">Test\u00e1pol\u00f3 gyerty\u00e1k\u00a0meggy\u00fajt\u00e1s ut\u00e1n selymes, meleg olajj\u00e1 olvadnak, amelyek finoman \u00e1polj\u00e1k a b\u0151rt.<\/p>\n<p>Gazdag formul\u00e1jukban a\u00a0<strong>sheavaj \u00e9s az arg\u00e1nolaj<\/strong>\u00a0kapj\u00e1k a f\u0151szerepet \u2013 m\u00e9lyen t\u00e1pl\u00e1lnak, puh\u00edtanak \u00e9s seg\u00edtenek meg\u0151rizni a b\u0151r term\u00e9szetes rugalmass\u00e1g\u00e1t. A k\u00f6nnyed, nem ragad\u00f3s text\u00fara gyorsan felsz\u00edv\u00f3dik, \u00e9s b\u00e1rsonyos \u00e9rzetet hagy maga ut\u00e1n.<\/p>\n<p style=\"text-align: center;\">Az olaj kellemesen meleg, \u00edgy t\u00f6k\u00e9letes a mindennapi\u00a0test\u00e1pol\u00e1si ritu\u00e1l\u00e9hoz. Az E-vitamin t\u00e1mogatja a b\u0151r hidrat\u00e1lts\u00e1g\u00e1t, mik\u00f6zben az illat finoman k\u00f6rbe\u00f6leli az \u00e9rz\u00e9keket, \u00e9s nyugodt, lelassult pillanatokat teremt.<\/p>\n<p style=\"text-align: center;\"><strong>\u00d6sszetev\u0151k (INCI)<\/strong><\/p>\n<p style=\"text-align: center;\">Hydrogenated Soy Bean Oil, Butyrospermum Parkii Butter, Cocos Nucifera Oil, Parfum, Theobroma Cacao (Cocoa) Seed Butter, Argania Spinosa Oil, Tocopherol, Coumarin, Hexylcinnamaldehyde, Amylcinnamaldehyde, Citronellol, Geraniol<\/p>\n<\/div>\n<h5 style=\"text-align: center;\"><strong>M\u00e9retek<\/strong><\/h5>\n<p style=\"text-align: center;\">A Melt My Mood massz\u00e1zs \u00e9s test\u00e1pol\u00f3 gyerty\u00e1k\u00a0<strong>125 ml-es kiszerel\u00e9sben<\/strong>, sz\u00f3javiasz \u00e9s k\u00f3kuszviasz alapb\u00f3l k\u00e9sz\u00fclnek. Egy gyertya ak\u00e1r\u00a0<strong>45 \u00f3ra \u00e9g\u00e9si id\u0151t<\/strong>\u00a0biztos\u00edt, \u00e9s\u00a0<strong>5\u20137 teljes testes massz\u00e1zshoz<\/strong>\u00a0elegend\u0151, selymesen olvad\u00f3 olajat tartalmaz.<\/p>\n","protected":false},"excerpt":{"rendered":"<p>A massz\u00e1zs gyertya egy k\u00fcl\u00f6nleges, b\u0151r\u00e1pol\u00f3 gyertya, amely meggy\u00fajt\u00e1s ut\u00e1n nem forr\u00f3 viassz\u00e1, hanem\u00a0<strong>selymes, meleg olajj\u00e1 olvad<\/strong>. Az alacsony olvad\u00e1spontnak k\u00f6sz\u00f6nhet\u0151en biztons\u00e1gosan haszn\u00e1lhat\u00f3 a b\u0151r\u00f6n, kellemesen meleg \u00e9rzetet adva.<\/p>\n<p>A Melt My Mood massz\u00e1zs gyerty\u00e1k sz\u00f3javiasz \u00e9s k\u00f3kuszviasz alap\u00faak, t\u00e1pl\u00e1l\u00f3 n\u00f6v\u00e9nyi olajokkal \u00e9s vajakkal kieg\u00e9sz\u00edtve. Haszn\u00e1lhat\u00f3k relax\u00e1l\u00f3 vagy \u00e9rz\u00e9ki massz\u00e1zshoz, illetve meleg test\u00e1pol\u00f3k\u00e9nt is \u2013 mik\u00f6zben az illat seg\u00edt lelassulni \u00e9s a pillanatra figyelni.<\/p>\n","protected":false},"featured_media":35136,"comment_status":"closed","ping_status":"closed","template":"","meta":{"_et_pb_use_builder":"","_et_pb_old_content":"","_et_gb_content_width":""},"product_brand":[880],"product_cat":[164,165,182],"product_tag":[847,80,881,60],"class_list":{"0":"post-35132","1":"product","2":"type-product","3":"status-publish","4":"has-post-thumbnail","6":"product_brand-melt-my-mood","7":"product_cat-vagyfokozo-kiegeszitok-szexi-ekszerek","8":"product_cat-vagyfokozok-libido-novelo-stimulalo","9":"product_cat-vagyfokozok-kiegeszitok-lib-womens-store","10":"product_tag-libido-novelo","11":"product_tag-masszazs-gyertya","12":"product_tag-olaj","13":"product_tag-vagyfokozo","15":"first","16":"instock","17":"taxable","18":"shipping-taxable","19":"purchasable","20":"product-type-variable"},"yoast_head":"<!-- This site is optimized with the Yoast SEO Premium plugin v27.6 (Yoast SEO v27.6) - https:\/\/yoast.com\/product\/yoast-seo-premium-wordpress\/ -->\n<title>MELT MY MOOD Massz\u00e1zs gyertya - Lib Women&#039;s Store<\/title>\n<meta name=\"robots\" content=\"index, follow, max-snippet:-1, max-image-preview:large, max-video-preview:-1\" \/>\n<link rel=\"canonical\" href=\"https:\/\/libwomenstore.com\/en\/product\/accessories\/melt-my-mood-masszazs-gyertya\/\" \/>\n<meta property=\"og:locale\" content=\"en_US\" \/>\n<meta property=\"og:type\" content=\"article\" \/>\n<meta property=\"og:title\" content=\"MELT MY MOOD Massz\u00e1zs gyertya\" \/>\n<meta property=\"og:description\" content=\"A massz\u00e1zs gyertya egy k\u00fcl\u00f6nleges, b\u0151r\u00e1pol\u00f3 gyertya, amely meggy\u00fajt\u00e1s ut\u00e1n nem forr\u00f3 viassz\u00e1, hanem\u00a0selymes, meleg olajj\u00e1 olvad. Az alacsony olvad\u00e1spontnak k\u00f6sz\u00f6nhet\u0151en biztons\u00e1gosan haszn\u00e1lhat\u00f3 a b\u0151r\u00f6n, kellemesen meleg \u00e9rzetet adva.  A Melt My Mood massz\u00e1zs gyerty\u00e1k sz\u00f3javiasz \u00e9s k\u00f3kuszviasz alap\u00faak, t\u00e1pl\u00e1l\u00f3 n\u00f6v\u00e9nyi olajokkal \u00e9s vajakkal kieg\u00e9sz\u00edtve. Haszn\u00e1lhat\u00f3k relax\u00e1l\u00f3 vagy \u00e9rz\u00e9ki massz\u00e1zshoz, illetve meleg test\u00e1pol\u00f3k\u00e9nt is \u2013 mik\u00f6zben az illat seg\u00edt lelassulni \u00e9s a pillanatra figyelni.\" \/>\n<meta property=\"og:url\" content=\"https:\/\/libwomenstore.com\/en\/product\/accessories\/melt-my-mood-masszazs-gyertya\/\" \/>\n<meta property=\"og:site_name\" content=\"Lib Women&#039;s Store\" \/>\n<meta property=\"article:publisher\" content=\"https:\/\/www.facebook.com\/libwomenstore\" \/>\n<meta property=\"article:modified_time\" content=\"2026-05-13T09:31:06+00:00\" \/>\n<meta property=\"og:image\" content=\"https:\/\/libwomenstore.com\/wp-content\/uploads\/2026\/05\/3.png\" \/>\n\t<meta property=\"og:image:width\" content=\"800\" \/>\n\t<meta property=\"og:image:height\" content=\"800\" \/>\n\t<meta property=\"og:image:type\" content=\"image\/png\" \/>\n<meta name=\"twitter:card\" content=\"summary_large_image\" \/>\n<meta name=\"twitter:label1\" content=\"Availability\" \/>\n\t<meta name=\"twitter:data1\" content=\"In stock\" \/>\n<script type=\"application\/ld+json\" class=\"yoast-schema-graph\">{\"@context\":\"https:\\\/\\\/schema.org\",\"@graph\":[{\"@type\":[\"WebPage\",\"ItemPage\"],\"@id\":\"https:\\\/\\\/libwomenstore.com\\\/en\\\/product\\\/accessories\\\/melt-my-mood-masszazs-gyertya\\\/\",\"url\":\"https:\\\/\\\/libwomenstore.com\\\/en\\\/product\\\/accessories\\\/melt-my-mood-masszazs-gyertya\\\/\",\"name\":\"MELT MY MOOD Massz\u00e1zs gyertya - Lib Women&#039;s Store\",\"isPartOf\":{\"@id\":\"https:\\\/\\\/libwomenstore.com\\\/en\\\/#website\"},\"primaryImageOfPage\":{\"@id\":\"https:\\\/\\\/libwomenstore.com\\\/en\\\/product\\\/accessories\\\/melt-my-mood-masszazs-gyertya\\\/#primaryimage\"},\"image\":{\"@id\":\"https:\\\/\\\/libwomenstore.com\\\/en\\\/product\\\/accessories\\\/melt-my-mood-masszazs-gyertya\\\/#primaryimage\"},\"thumbnailUrl\":\"https:\\\/\\\/libwomenstore.com\\\/wp-content\\\/uploads\\\/2026\\\/05\\\/3.png\",\"datePublished\":\"2026-05-13T09:31:05+00:00\",\"dateModified\":\"2026-05-13T09:31:06+00:00\",\"breadcrumb\":{\"@id\":\"https:\\\/\\\/libwomenstore.com\\\/en\\\/product\\\/accessories\\\/melt-my-mood-masszazs-gyertya\\\/#breadcrumb\"},\"inLanguage\":\"en-US\",\"potentialAction\":[{\"@type\":\"ReadAction\",\"target\":[\"https:\\\/\\\/libwomenstore.com\\\/en\\\/product\\\/accessories\\\/melt-my-mood-masszazs-gyertya\\\/\"]}]},{\"@type\":\"ImageObject\",\"inLanguage\":\"en-US\",\"@id\":\"https:\\\/\\\/libwomenstore.com\\\/en\\\/product\\\/accessories\\\/melt-my-mood-masszazs-gyertya\\\/#primaryimage\",\"url\":\"https:\\\/\\\/libwomenstore.com\\\/wp-content\\\/uploads\\\/2026\\\/05\\\/3.png\",\"contentUrl\":\"https:\\\/\\\/libwomenstore.com\\\/wp-content\\\/uploads\\\/2026\\\/05\\\/3.png\",\"width\":800,\"height\":800},{\"@type\":\"BreadcrumbList\",\"@id\":\"https:\\\/\\\/libwomenstore.com\\\/en\\\/product\\\/accessories\\\/melt-my-mood-masszazs-gyertya\\\/#breadcrumb\",\"itemListElement\":[{\"@type\":\"ListItem\",\"position\":1,\"name\":\"Kezd\u0151lap\",\"item\":\"https:\\\/\\\/libwomenstore.com\\\/en\\\/\"},{\"@type\":\"ListItem\",\"position\":2,\"name\":\"Shop Home Page &#8211; Product categories\",\"item\":\"https:\\\/\\\/libwomenstore.com\\\/shop-kezdolap-termek-kategoriak\\\/?lang=en\"},{\"@type\":\"ListItem\",\"position\":3,\"name\":\"MELT MY MOOD Massz\u00e1zs gyertya\"}]},{\"@type\":\"WebSite\",\"@id\":\"https:\\\/\\\/libwomenstore.com\\\/en\\\/#website\",\"url\":\"https:\\\/\\\/libwomenstore.com\\\/en\\\/\",\"name\":\"Lib Women Store\",\"description\":\"Magyarorsz\u00e1g els\u0151 n\u0151kre f\u00f3kusz\u00e1l\u00f3 szexshopja, ahol az eg\u00e9szs\u00e9g ugyanolyan fontos, mint az \u00e9lvezetek.\",\"publisher\":{\"@id\":\"https:\\\/\\\/libwomenstore.com\\\/en\\\/#organization\"},\"alternateName\":\"Lib\",\"potentialAction\":[{\"@type\":\"SearchAction\",\"target\":{\"@type\":\"EntryPoint\",\"urlTemplate\":\"https:\\\/\\\/libwomenstore.com\\\/en\\\/?s={search_term_string}\"},\"query-input\":{\"@type\":\"PropertyValueSpecification\",\"valueRequired\":true,\"valueName\":\"search_term_string\"}}],\"inLanguage\":\"en-US\"},{\"@type\":\"Organization\",\"@id\":\"https:\\\/\\\/libwomenstore.com\\\/en\\\/#organization\",\"name\":\"Lib Women Store\",\"url\":\"https:\\\/\\\/libwomenstore.com\\\/en\\\/\",\"logo\":{\"@type\":\"ImageObject\",\"inLanguage\":\"en-US\",\"@id\":\"https:\\\/\\\/libwomenstore.com\\\/en\\\/#\\\/schema\\\/logo\\\/image\\\/\",\"url\":\"https:\\\/\\\/libwomenstore.com\\\/wp-content\\\/uploads\\\/2024\\\/05\\\/cropped-LIB-logo-A.png\",\"contentUrl\":\"https:\\\/\\\/libwomenstore.com\\\/wp-content\\\/uploads\\\/2024\\\/05\\\/cropped-LIB-logo-A.png\",\"width\":512,\"height\":512,\"caption\":\"Lib Women Store\"},\"image\":{\"@id\":\"https:\\\/\\\/libwomenstore.com\\\/en\\\/#\\\/schema\\\/logo\\\/image\\\/\"},\"sameAs\":[\"https:\\\/\\\/www.facebook.com\\\/libwomenstore\"]}]}<\/script>\n<meta property=\"og:availability\" content=\"instock\" \/>\n<meta property=\"product:availability\" content=\"instock\" \/>\n<meta property=\"product:condition\" content=\"new\" \/>\n<!-- \/ Yoast SEO Premium plugin. -->","yoast_head_json":{"title":"MELT MY MOOD Massz\u00e1zs gyertya - Lib Women&#039;s Store","robots":{"index":"index","follow":"follow","max-snippet":"max-snippet:-1","max-image-preview":"max-image-preview:large","max-video-preview":"max-video-preview:-1"},"canonical":"https:\/\/libwomenstore.com\/en\/product\/accessories\/melt-my-mood-masszazs-gyertya\/","og_locale":"en_US","og_type":"article","og_title":"MELT MY MOOD Massz\u00e1zs gyertya","og_description":"A massz\u00e1zs gyertya egy k\u00fcl\u00f6nleges, b\u0151r\u00e1pol\u00f3 gyertya, amely meggy\u00fajt\u00e1s ut\u00e1n nem forr\u00f3 viassz\u00e1, hanem\u00a0selymes, meleg olajj\u00e1 olvad. Az alacsony olvad\u00e1spontnak k\u00f6sz\u00f6nhet\u0151en biztons\u00e1gosan haszn\u00e1lhat\u00f3 a b\u0151r\u00f6n, kellemesen meleg \u00e9rzetet adva.  A Melt My Mood massz\u00e1zs gyerty\u00e1k sz\u00f3javiasz \u00e9s k\u00f3kuszviasz alap\u00faak, t\u00e1pl\u00e1l\u00f3 n\u00f6v\u00e9nyi olajokkal \u00e9s vajakkal kieg\u00e9sz\u00edtve. Haszn\u00e1lhat\u00f3k relax\u00e1l\u00f3 vagy \u00e9rz\u00e9ki massz\u00e1zshoz, illetve meleg test\u00e1pol\u00f3k\u00e9nt is \u2013 mik\u00f6zben az illat seg\u00edt lelassulni \u00e9s a pillanatra figyelni.","og_url":"https:\/\/libwomenstore.com\/en\/product\/accessories\/melt-my-mood-masszazs-gyertya\/","og_site_name":"Lib Women&#039;s Store","article_publisher":"https:\/\/www.facebook.com\/libwomenstore","article_modified_time":"2026-05-13T09:31:06+00:00","og_image":[{"width":800,"height":800,"url":"https:\/\/libwomenstore.com\/wp-content\/uploads\/2026\/05\/3.png","type":"image\/png"}],"twitter_card":"summary_large_image","twitter_misc":{"Availability":"In stock"},"schema":{"@context":"https:\/\/schema.org","@graph":[{"@type":["WebPage","ItemPage"],"@id":"https:\/\/libwomenstore.com\/en\/product\/accessories\/melt-my-mood-masszazs-gyertya\/","url":"https:\/\/libwomenstore.com\/en\/product\/accessories\/melt-my-mood-masszazs-gyertya\/","name":"MELT MY MOOD Massz\u00e1zs gyertya - Lib Women&#039;s Store","isPartOf":{"@id":"https:\/\/libwomenstore.com\/en\/#website"},"primaryImageOfPage":{"@id":"https:\/\/libwomenstore.com\/en\/product\/accessories\/melt-my-mood-masszazs-gyertya\/#primaryimage"},"image":{"@id":"https:\/\/libwomenstore.com\/en\/product\/accessories\/melt-my-mood-masszazs-gyertya\/#primaryimage"},"thumbnailUrl":"https:\/\/libwomenstore.com\/wp-content\/uploads\/2026\/05\/3.png","datePublished":"2026-05-13T09:31:05+00:00","dateModified":"2026-05-13T09:31:06+00:00","breadcrumb":{"@id":"https:\/\/libwomenstore.com\/en\/product\/accessories\/melt-my-mood-masszazs-gyertya\/#breadcrumb"},"inLanguage":"en-US","potentialAction":[{"@type":"ReadAction","target":["https:\/\/libwomenstore.com\/en\/product\/accessories\/melt-my-mood-masszazs-gyertya\/"]}]},{"@type":"ImageObject","inLanguage":"en-US","@id":"https:\/\/libwomenstore.com\/en\/product\/accessories\/melt-my-mood-masszazs-gyertya\/#primaryimage","url":"https:\/\/libwomenstore.com\/wp-content\/uploads\/2026\/05\/3.png","contentUrl":"https:\/\/libwomenstore.com\/wp-content\/uploads\/2026\/05\/3.png","width":800,"height":800},{"@type":"BreadcrumbList","@id":"https:\/\/libwomenstore.com\/en\/product\/accessories\/melt-my-mood-masszazs-gyertya\/#breadcrumb","itemListElement":[{"@type":"ListItem","position":1,"name":"Kezd\u0151lap","item":"https:\/\/libwomenstore.com\/en\/"},{"@type":"ListItem","position":2,"name":"Shop Home Page &#8211; Product categories","item":"https:\/\/libwomenstore.com\/shop-kezdolap-termek-kategoriak\/?lang=en"},{"@type":"ListItem","position":3,"name":"MELT MY MOOD Massz\u00e1zs gyertya"}]},{"@type":"WebSite","@id":"https:\/\/libwomenstore.com\/en\/#website","url":"https:\/\/libwomenstore.com\/en\/","name":"Lib Women Store","description":"Magyarorsz\u00e1g els\u0151 n\u0151kre f\u00f3kusz\u00e1l\u00f3 szexshopja, ahol az eg\u00e9szs\u00e9g ugyanolyan fontos, mint az \u00e9lvezetek.","publisher":{"@id":"https:\/\/libwomenstore.com\/en\/#organization"},"alternateName":"Lib","potentialAction":[{"@type":"SearchAction","target":{"@type":"EntryPoint","urlTemplate":"https:\/\/libwomenstore.com\/en\/?s={search_term_string}"},"query-input":{"@type":"PropertyValueSpecification","valueRequired":true,"valueName":"search_term_string"}}],"inLanguage":"en-US"},{"@type":"Organization","@id":"https:\/\/libwomenstore.com\/en\/#organization","name":"Lib Women Store","url":"https:\/\/libwomenstore.com\/en\/","logo":{"@type":"ImageObject","inLanguage":"en-US","@id":"https:\/\/libwomenstore.com\/en\/#\/schema\/logo\/image\/","url":"https:\/\/libwomenstore.com\/wp-content\/uploads\/2024\/05\/cropped-LIB-logo-A.png","contentUrl":"https:\/\/libwomenstore.com\/wp-content\/uploads\/2024\/05\/cropped-LIB-logo-A.png","width":512,"height":512,"caption":"Lib Women Store"},"image":{"@id":"https:\/\/libwomenstore.com\/en\/#\/schema\/logo\/image\/"},"sameAs":["https:\/\/www.facebook.com\/libwomenstore"]}]},"og_availability":"instock","product_availability":"instock","product_condition":"new"},"_links":{"self":[{"href":"https:\/\/libwomenstore.com\/en\/wp-json\/wp\/v2\/product\/35132","targetHints":{"allow":["GET"]}}],"collection":[{"href":"https:\/\/libwomenstore.com\/en\/wp-json\/wp\/v2\/product"}],"about":[{"href":"https:\/\/libwomenstore.com\/en\/wp-json\/wp\/v2\/types\/product"}],"replies":[{"embeddable":true,"href":"https:\/\/libwomenstore.com\/en\/wp-json\/wp\/v2\/comments?post=35132"}],"wp:featuredmedia":[{"embeddable":true,"href":"https:\/\/libwomenstore.com\/en\/wp-json\/wp\/v2\/media\/35136"}],"wp:attachment":[{"href":"https:\/\/libwomenstore.com\/en\/wp-json\/wp\/v2\/media?parent=35132"}],"wp:term":[{"taxonomy":"product_brand","embeddable":true,"href":"https:\/\/libwomenstore.com\/en\/wp-json\/wp\/v2\/product_brand?post=35132"},{"taxonomy":"product_cat","embeddable":true,"href":"https:\/\/libwomenstore.com\/en\/wp-json\/wp\/v2\/product_cat?post=35132"},{"taxonomy":"product_tag","embeddable":true,"href":"https:\/\/libwomenstore.com\/en\/wp-json\/wp\/v2\/product_tag?post=35132"}],"curies":[{"name":"wp","href":"https:\/\/api.w.org\/{rel}","templated":true}]}}